{"id":1100,"date":"2021-01-15T18:46:51","date_gmt":"2021-01-15T21:46:51","guid":{"rendered":"https:\/\/wp.ufpel.edu.br\/ppgz\/?page_id=1100"},"modified":"2021-01-15T18:46:51","modified_gmt":"2021-01-15T21:46:51","slug":"2011-2","status":"publish","type":"page","link":"https:\/\/wp.ufpel.edu.br\/ppgz\/2011-2","title":{"rendered":"2011"},"content":{"rendered":"<ol>\n<li><a href=\"https:\/\/wp.ufpel.edu.br\/ppgz\/files\/2021\/01\/Antioxidantes-na-dieta-de-frangos-de-corte.pdf\" target=\"_blank\" rel=\"noopener noreferrer\">Antioxidantes na dieta de frangos de corte<\/a><\/li>\n<li><a href=\"https:\/\/wp.ufpel.edu.br\/ppgz\/files\/2021\/01\/Avaliacao-da-producao-avaliacao-da-producao-composicao-fisico-quimica-qualidade-e-perfil-de-acidos-graxos-do-leite-de-cabras-Saanen-alimentadas-com-diferentes-niveis-de-oleo-de-arroz-na-dieta..pdf\" target=\"_blank\" rel=\"noopener noreferrer\">Avalia\u00e7\u00e3o da produ\u00e7\u00e3o avalia\u00e7\u00e3o da produ\u00e7\u00e3o, composi\u00e7\u00e3o f\u00edsico-qu\u00edmica, qualidade e perfil de \u00e1cidos graxos do leite de cabras Saanen alimentadas com diferentes n\u00edveis de \u00f3leo de arroz na dieta.<\/a><\/li>\n<li><a href=\"https:\/\/wp.ufpel.edu.br\/ppgz\/files\/2021\/01\/Efeitos-aditivos-nao-aditivos-diretos-e-maternos-em-pesos-corporais-ate-tres-anos-de-idade-em-animais-cruzados-Hereford-Angus-Salers-e-Nelore..pdf\" target=\"_blank\" rel=\"noopener noreferrer\">Efeitos aditivos, n\u00e3o aditivos, diretos e maternos em pesos corporais at\u00e9 tr\u00eas anos de idade em animais cruzados Hereford, Angus, Salers e Nelore.<\/a><\/li>\n<li><a href=\"https:\/\/wp.ufpel.edu.br\/ppgz\/files\/2021\/01\/Perfil-eletroforetico-das-proteinas-do-leite-e-estabilidade-no-teste-do-alcool..pdf\" target=\"_blank\" rel=\"noopener noreferrer\">Perfil eletrofor\u00e9tico das prote\u00ednas do leite e estabilidade no teste do \u00e1lcool.<\/a><\/li>\n<li><a href=\"https:\/\/wp.ufpel.edu.br\/ppgz\/files\/2021\/01\/Producao-de-leite-na-Regiao-Oeste-de-Santa-Catarina-em.pdf\" target=\"_blank\" rel=\"noopener noreferrer\">Produ\u00e7\u00e3o de leite na Regi\u00e3o Oeste de Santa Catarina em sistema org\u00e2nico convencional na agricultura familiar<\/a><\/li>\n<li><a href=\"https:\/\/wp.ufpel.edu.br\/ppgz\/files\/2021\/01\/Qualidade-da-carcaca-e-da-carne-de-caprinos-de-diferentes-idades-da-Regiao-das-Palmas-Alto-Camaqua..pdf\" target=\"_blank\" rel=\"noopener noreferrer\">Qualidade da carca\u00e7a e da carne de caprinos de diferentes idades da Regi\u00e3o das Palmas &#8211; Alto Camaqu\u00e3.<\/a><\/li>\n<li><a href=\"https:\/\/wp.ufpel.edu.br\/ppgz\/files\/2021\/01\/Suplementacao-estrategica-em-bovinos-de-corte.pdf\" target=\"_blank\" rel=\"noopener noreferrer\">Suplementa\u00e7\u00e3o estrat\u00e9gica em bovinos de corte<\/a><\/li>\n<li><a href=\"https:\/\/wp.ufpel.edu.br\/ppgz\/files\/2021\/01\/Tendencias-geneticas-e-selecao-para-eficiencia-a-desmama-em-bovinos-da-raca-Aberdeen-Angus.pdf\" target=\"_blank\" rel=\"noopener noreferrer\">Tend\u00eancias gen\u00e9ticas e sele\u00e7\u00e3o para efici\u00eancia \u00e0 desmama em bovinos da ra\u00e7a Aberdeen Angus<\/a><\/li>\n<\/ol>\n","protected":false},"excerpt":{"rendered":"<p>Antioxidantes na dieta de frangos de corte Avalia\u00e7\u00e3o da produ\u00e7\u00e3o avalia\u00e7\u00e3o da produ\u00e7\u00e3o, composi\u00e7\u00e3o f\u00edsico-qu\u00edmica, qualidade e perfil de \u00e1cidos graxos do leite de cabras Saanen alimentadas com diferentes n\u00edveis de \u00f3leo de arroz na dieta. Efeitos aditivos, n\u00e3o aditivos,&#8230; <a class=\"more-link\" href=\"https:\/\/wp.ufpel.edu.br\/ppgz\/2011-2\">Continue lendo &rarr;<\/a><\/p>\n","protected":false},"author":809,"featured_media":0,"parent":0,"menu_order":0,"comment_status":"closed","ping_status":"closed","template":"","meta":{"footnotes":""},"class_list":["post-1100","page","type-page","status-publish","hentry"],"_links":{"self":[{"href":"https:\/\/wp.ufpel.edu.br\/ppgz\/wp-json\/wp\/v2\/pages\/1100","targetHints":{"allow":["GET"]}}],"collection":[{"href":"https:\/\/wp.ufpel.edu.br\/ppgz\/wp-json\/wp\/v2\/pages"}],"about":[{"href":"https:\/\/wp.ufpel.edu.br\/ppgz\/wp-json\/wp\/v2\/types\/page"}],"author":[{"embeddable":true,"href":"https:\/\/wp.ufpel.edu.br\/ppgz\/wp-json\/wp\/v2\/users\/809"}],"replies":[{"embeddable":true,"href":"https:\/\/wp.ufpel.edu.br\/ppgz\/wp-json\/wp\/v2\/comments?post=1100"}],"version-history":[{"count":1,"href":"https:\/\/wp.ufpel.edu.br\/ppgz\/wp-json\/wp\/v2\/pages\/1100\/revisions"}],"predecessor-version":[{"id":1142,"href":"https:\/\/wp.ufpel.edu.br\/ppgz\/wp-json\/wp\/v2\/pages\/1100\/revisions\/1142"}],"wp:attachment":[{"href":"https:\/\/wp.ufpel.edu.br\/ppgz\/wp-json\/wp\/v2\/media?parent=1100"}],"curies":[{"name":"wp","href":"https:\/\/api.w.org\/{rel}","templated":true}]}}