{"id":1046,"date":"2021-01-15T13:24:45","date_gmt":"2021-01-15T16:24:45","guid":{"rendered":"https:\/\/wp.ufpel.edu.br\/ppgz\/?page_id=1046"},"modified":"2021-01-15T18:02:19","modified_gmt":"2021-01-15T21:02:19","slug":"2012-3","status":"publish","type":"page","link":"https:\/\/wp.ufpel.edu.br\/ppgz\/2012-3","title":{"rendered":"2012"},"content":{"rendered":"<ol>\n<li><a href=\"https:\/\/wp.ufpel.edu.br\/ppgz\/files\/2021\/01\/Apropriacao-das-areas-de-pesca-e-uso-dos-recursos-pesqueiros-da-Lagoa-Mangueira-por-pescadores-artesanais.pdf\" target=\"_blank\" rel=\"noopener noreferrer\">Apropria\u00e7\u00e3o das \u00e1reas de pesca e uso dos recursos pesqueiros da Lagoa Mangueira por pescadores artesanais<\/a><\/li>\n<li><a href=\"https:\/\/wp.ufpel.edu.br\/ppgz\/files\/2021\/01\/Arroz-integral-na-dieta-de-frangos-de-corte.pdf\" target=\"_blank\" rel=\"noopener noreferrer\">Arroz integral na dieta de frangos de corte<\/a><\/li>\n<li><a href=\"https:\/\/wp.ufpel.edu.br\/ppgz\/files\/2021\/01\/Avaliacao-da-habilidade-materna-e-eficiencia-reprodutiva-de-vacas-de-corte-de-diferentes-composicoes-raciais.pdf\" target=\"_blank\" rel=\"noopener noreferrer\">Avalia\u00e7\u00e3o da habilidade materna e efici\u00eancia reprodutiva de vacas de corte de diferentes composi\u00e7\u00f5es raciais<\/a><\/li>\n<li><a href=\"https:\/\/wp.ufpel.edu.br\/ppgz\/files\/2021\/01\/Avaliacao-de-substancias-com-propriedades-colagogas-durante-o-jejum-pre-abate-em-frangos-de-corte.pdf\" target=\"_blank\" rel=\"noopener noreferrer\">Avalia\u00e7\u00e3o de subst\u00e2ncias com propriedades colagogas durante o jejum pr\u00e9-abate em frangos de corte<\/a><\/li>\n<li><a href=\"https:\/\/wp.ufpel.edu.br\/ppgz\/files\/2021\/01\/Cromo-e-selenio-organicos-na-dieta-de-poedeiras-semipesadas-alojadas-em-ambiente-com-temperaturas-elevadas.pdf\" target=\"_blank\" rel=\"noopener noreferrer\">Cromo e sel\u00eanio org\u00e2nicos na dieta de poedeiras semipesadas alojadas em ambiente com temperaturas elevadas<\/a><\/li>\n<li><a href=\"https:\/\/wp.ufpel.edu.br\/ppgz\/files\/2021\/01\/Efeito-da-administracao-de-somatotropina-pre-parto-em-novilhas-da-raca-Holandes-com-elevada-condicao-corporal-sobre-parametros-metabolicos-reprodutivos-e-producao-leiteira.pdf\" target=\"_blank\" rel=\"noopener noreferrer\">Efeito da administra\u00e7\u00e3o de somatotropina pr\u00e9-parto em novilhas da ra\u00e7a Holand\u00eas com elevada condi\u00e7\u00e3o corporal sobre par\u00e2metros metab\u00f3licos, reprodutivos e produ\u00e7\u00e3o leiteira<\/a><\/li>\n<li><a href=\"https:\/\/wp.ufpel.edu.br\/ppgz\/files\/2021\/01\/Incidencia-da-mastite-ovina-em-criacao-extensiva-e-sua-relacao-a-dor-e-variaveis-comportamentais.pdf\" target=\"_blank\" rel=\"noopener noreferrer\">Incid\u00eancia da mastite ovina em cria\u00e7\u00e3o extensiva e sua rela\u00e7\u00e3o \u00e0 dor e vari\u00e1veis comportamentais<\/a><\/li>\n<li><a href=\"https:\/\/wp.ufpel.edu.br\/ppgz\/files\/2021\/01\/Nutrigenomica-Efeito-de-dietas-contendo-acido-linolenico-na-expresao-genica-de-receptores-nucleares-relacionados-ao-metabolismo-lipidico.pdf\" target=\"_blank\" rel=\"noopener noreferrer\">Nutrigen\u00f4mica Efeito de dietas contendo \u00e1cido linol\u00eanico na expres\u00e3o g\u00eanica de receptores nucleares relacionados ao metabolismo lip\u00eddico<\/a><\/li>\n<li><a href=\"https:\/\/wp.ufpel.edu.br\/ppgz\/files\/2021\/01\/Oleo-de-canola-e-selenio-organico-para-codornas-de-duplo-proposito.pdf\" target=\"_blank\" rel=\"noopener noreferrer\">\u00d3leo de canola e sel\u00eanio org\u00e2nico para codornas de duplo prop\u00f3sito<\/a><\/li>\n<li><a href=\"https:\/\/wp.ufpel.edu.br\/ppgz\/files\/2021\/01\/Producao-de-forragem-de-azevem-anual-de-ressemeadura-natural-na-sucessao-da-cultura-da-soja-submetido-a-adubacao-nitrogenada-em-integracao-lavoura-pecuaria.pdf\" target=\"_blank\" rel=\"noopener noreferrer\">Produ\u00e7\u00e3o de forragem de azev\u00e9m anual de ressemeadura natural na sucess\u00e3o da cultura da soja submetido \u00e0 aduba\u00e7\u00e3o nitrogenada em integra\u00e7\u00e3o lavoura-pecu\u00e1ria<\/a><\/li>\n<li><a href=\"https:\/\/wp.ufpel.edu.br\/ppgz\/files\/2021\/01\/Rendimento-corporal-e-composicao-quimica-da-viola-Loricariichthys-anus-em-duas-faixas-de-peso-capturadas-na-Lagoa-Mangueira-RS-Brasil.pdf\" target=\"_blank\" rel=\"noopener noreferrer\">Rendimento corporal e composi\u00e7\u00e3o qu\u00edmica da viola (Loricariichthys anus) em duas faixas de peso capturadas na Lagoa Mangueira, RS, Brasil<\/a><\/li>\n<li><a href=\"https:\/\/wp.ufpel.edu.br\/ppgz\/files\/2021\/01\/Resistencia-genetica-a-infestacao-natural-e-artificial-por-Rhipicephalus-Boophilus-microplus-em-bovinos-das-racas-Hereford-e-Braford.pdf\" target=\"_blank\" rel=\"noopener noreferrer\">Resist\u00eancia gen\u00e9tica \u00e0 infesta\u00e7\u00e3o natural e artificial por Rhipicephalus (Boophilus) microplus em bovinos das ra\u00e7as Hereford e Braford<\/a><\/li>\n<li><a href=\"https:\/\/wp.ufpel.edu.br\/ppgz\/files\/2021\/01\/Tratamento-de-residuos-organicos-de-pequenos-abatedouros-de-bovinos-atraves-da-compostagem.pdf\" target=\"_blank\" rel=\"noopener noreferrer\">Tratamento de res\u00edduos org\u00e2nicos de pequenos abatedouros de bovinos atrav\u00e9s da compostagem<\/a><\/li>\n<li><a href=\"https:\/\/wp.ufpel.edu.br\/ppgz\/files\/2021\/01\/Valorizacao-energetica-de-um-complexo-enzimatico-em-dietas-de-poedeiras-em-segundo-ciclo-de-producao-sobre-o-desempenho-produtivo-e-qualidade-dos-ovos.pdf\" target=\"_blank\" rel=\"noopener noreferrer\">Valoriza\u00e7\u00e3o energ\u00e9tica de um complexo enzim\u00e1tico em dietas de poedeiras em segundo ciclo de produ\u00e7\u00e3o sobre o desempenho produtivo e qualidade dos ovos<\/a><\/li>\n<\/ol>\n","protected":false},"excerpt":{"rendered":"<p>Apropria\u00e7\u00e3o das \u00e1reas de pesca e uso dos recursos pesqueiros da Lagoa Mangueira por pescadores artesanais Arroz integral na dieta de frangos de corte Avalia\u00e7\u00e3o da habilidade materna e efici\u00eancia reprodutiva de vacas de corte de diferentes composi\u00e7\u00f5es raciais Avalia\u00e7\u00e3o&#8230; <a class=\"more-link\" href=\"https:\/\/wp.ufpel.edu.br\/ppgz\/2012-3\">Continue lendo &rarr;<\/a><\/p>\n","protected":false},"author":809,"featured_media":0,"parent":0,"menu_order":0,"comment_status":"closed","ping_status":"closed","template":"","meta":{"footnotes":""},"class_list":["post-1046","page","type-page","status-publish","hentry"],"_links":{"self":[{"href":"https:\/\/wp.ufpel.edu.br\/ppgz\/wp-json\/wp\/v2\/pages\/1046","targetHints":{"allow":["GET"]}}],"collection":[{"href":"https:\/\/wp.ufpel.edu.br\/ppgz\/wp-json\/wp\/v2\/pages"}],"about":[{"href":"https:\/\/wp.ufpel.edu.br\/ppgz\/wp-json\/wp\/v2\/types\/page"}],"author":[{"embeddable":true,"href":"https:\/\/wp.ufpel.edu.br\/ppgz\/wp-json\/wp\/v2\/users\/809"}],"replies":[{"embeddable":true,"href":"https:\/\/wp.ufpel.edu.br\/ppgz\/wp-json\/wp\/v2\/comments?post=1046"}],"version-history":[{"count":3,"href":"https:\/\/wp.ufpel.edu.br\/ppgz\/wp-json\/wp\/v2\/pages\/1046\/revisions"}],"predecessor-version":[{"id":1099,"href":"https:\/\/wp.ufpel.edu.br\/ppgz\/wp-json\/wp\/v2\/pages\/1046\/revisions\/1099"}],"wp:attachment":[{"href":"https:\/\/wp.ufpel.edu.br\/ppgz\/wp-json\/wp\/v2\/media?parent=1046"}],"curies":[{"name":"wp","href":"https:\/\/api.w.org\/{rel}","templated":true}]}}