{"id":1033,"date":"2021-01-15T12:32:02","date_gmt":"2021-01-15T15:32:02","guid":{"rendered":"https:\/\/wp.ufpel.edu.br\/ppgz\/?page_id=1033"},"modified":"2021-01-15T12:32:02","modified_gmt":"2021-01-15T15:32:02","slug":"2012-2","status":"publish","type":"page","link":"https:\/\/wp.ufpel.edu.br\/ppgz\/2012-2","title":{"rendered":"2012"},"content":{"rendered":"<ol>\n<li><a href=\"https:\/\/wp.ufpel.edu.br\/ppgz\/files\/2021\/01\/Analise-multivariada-entre-medidas-in-vivo-na-carcaca-e-na-carne-de-cabritos-do-Alto-Camaqua.pdf\">An\u00e1lise multivariada entre medidas in vivo, na carca\u00e7a e na carne de cabritos do Alto Camaqu\u00e3<\/a><\/li>\n<li><a href=\"https:\/\/wp.ufpel.edu.br\/ppgz\/files\/2021\/01\/Avaliacao-da-mastite-e-seu-impacto-sobre-a-sensibilidade-a-dor-em-vacas-leiteiras.pdf\">Avalia\u00e7\u00e3o da mastite e seu impacto sobre a sensibilidade \u00e0 dor em vacas leiteiras<\/a><\/li>\n<li><a href=\"https:\/\/wp.ufpel.edu.br\/ppgz\/files\/2021\/01\/Avaliacoes-reprodutivas-em-tres-linhagens-de-tilapias-do-Nilo-Oreochromis-niloticus-cultivadas-no-Brasil.pdf\">Avalia\u00e7\u00f5es reprodutivas em tr\u00eas linhagens de til\u00e1pias do Nilo (Oreochromis niloticus) cultivadas no Brasil<\/a><\/li>\n<li><a href=\"https:\/\/wp.ufpel.edu.br\/ppgz\/files\/2021\/01\/Caracterizacao-bioquimica-da-carne-de-cabritos-criados-na-regiao-do-Alto-Camaqua..pdf\">Caracteriza\u00e7\u00e3o bioqu\u00edmica da carne de cabritos criados na regi\u00e3o do Alto Camaqu\u00e3.<\/a><\/li>\n<li><a href=\"https:\/\/wp.ufpel.edu.br\/ppgz\/files\/2021\/01\/Exigencias-alimentares-de-fosforo-em-duas-especies-nativas-peixe-rei-Odontesthes-bonariensis-e-jundia-Rhamdia-quelen.pdf\">Exig\u00eancias alimentares de f\u00f3sforo em duas esp\u00e9cies nativas peixe-rei (Odontesthes bonariensis) e jundi\u00e1 (Rhamdia quelen)<\/a><\/li>\n<li><a href=\"https:\/\/wp.ufpel.edu.br\/ppgz\/files\/2021\/01\/Oleo-de-linhaca-na-dieta-de-frangos-de-corte.pdf\">\u00d3leo de linha\u00e7a na dieta de frangos de corte<\/a><\/li>\n<li><a href=\"https:\/\/wp.ufpel.edu.br\/ppgz\/files\/2021\/01\/Producao-de-forragem-de-azevem-anual-de-ressemeadura-natural-na-sucessao-da-cultura-da-soja-submetido-a-adubacao-nitrogenada-em-integracao-lavoura-pecuaria..pdf\">Produ\u00e7\u00e3o de forragem de azev\u00e9m anual de ressemeadura natural na sucess\u00e3o da cultura da soja submetido \u00e0 aduba\u00e7\u00e3o nitrogenada em integra\u00e7\u00e3o lavoura-pecu\u00e1ria.<\/a><\/li>\n<li><a href=\"https:\/\/wp.ufpel.edu.br\/ppgz\/files\/2021\/01\/Prospeccao-de-marcadores-microssatelites-potenciais-para-o-melhoramento-genetico-de-bovinos.pdf\">Prospec\u00e7\u00e3o de marcadores microssat\u00e9lites potenciais para o melhoramento gen\u00e9tico de bovinos<\/a><\/li>\n<\/ol>\n","protected":false},"excerpt":{"rendered":"<p>An\u00e1lise multivariada entre medidas in vivo, na carca\u00e7a e na carne de cabritos do Alto Camaqu\u00e3 Avalia\u00e7\u00e3o da mastite e seu impacto sobre a sensibilidade \u00e0 dor em vacas leiteiras Avalia\u00e7\u00f5es reprodutivas em tr\u00eas linhagens de til\u00e1pias do Nilo (Oreochromis&#8230; <a class=\"more-link\" href=\"https:\/\/wp.ufpel.edu.br\/ppgz\/2012-2\">Continue lendo &rarr;<\/a><\/p>\n","protected":false},"author":809,"featured_media":0,"parent":0,"menu_order":0,"comment_status":"closed","ping_status":"closed","template":"","meta":{"footnotes":""},"class_list":["post-1033","page","type-page","status-publish","hentry"],"_links":{"self":[{"href":"https:\/\/wp.ufpel.edu.br\/ppgz\/wp-json\/wp\/v2\/pages\/1033","targetHints":{"allow":["GET"]}}],"collection":[{"href":"https:\/\/wp.ufpel.edu.br\/ppgz\/wp-json\/wp\/v2\/pages"}],"about":[{"href":"https:\/\/wp.ufpel.edu.br\/ppgz\/wp-json\/wp\/v2\/types\/page"}],"author":[{"embeddable":true,"href":"https:\/\/wp.ufpel.edu.br\/ppgz\/wp-json\/wp\/v2\/users\/809"}],"replies":[{"embeddable":true,"href":"https:\/\/wp.ufpel.edu.br\/ppgz\/wp-json\/wp\/v2\/comments?post=1033"}],"version-history":[{"count":1,"href":"https:\/\/wp.ufpel.edu.br\/ppgz\/wp-json\/wp\/v2\/pages\/1033\/revisions"}],"predecessor-version":[{"id":1044,"href":"https:\/\/wp.ufpel.edu.br\/ppgz\/wp-json\/wp\/v2\/pages\/1033\/revisions\/1044"}],"wp:attachment":[{"href":"https:\/\/wp.ufpel.edu.br\/ppgz\/wp-json\/wp\/v2\/media?parent=1033"}],"curies":[{"name":"wp","href":"https:\/\/api.w.org\/{rel}","templated":true}]}}