{"id":1002,"date":"2021-01-14T20:48:22","date_gmt":"2021-01-14T23:48:22","guid":{"rendered":"https:\/\/wp.ufpel.edu.br\/ppgz\/?page_id=1002"},"modified":"2021-01-15T17:59:14","modified_gmt":"2021-01-15T20:59:14","slug":"2013-2","status":"publish","type":"page","link":"https:\/\/wp.ufpel.edu.br\/ppgz\/2013-2","title":{"rendered":"2013"},"content":{"rendered":"<ol>\n<li><a href=\"https:\/\/wp.ufpel.edu.br\/ppgz\/files\/2021\/01\/Agentes-antioxidantes-na-reproducao-de-matrizes-pesadas.pdf\" target=\"_blank\" rel=\"noopener noreferrer\">Agentes antioxidantes na reprodu\u00e7\u00e3o de matrizes pesadas<\/a><\/li>\n<li><a href=\"https:\/\/wp.ufpel.edu.br\/ppgz\/files\/2021\/01\/Dinamica-do-crescimento-do-consorcio-trevo-persa-e-azevem-anual-sob-diferentes-intervalos-de-desfolhas.pdf\" target=\"_blank\" rel=\"noopener noreferrer\">Din\u00e2mica do crescimento do cons\u00f3rcio trevo-persa e azev\u00e9m anual sob diferentes intervalos de desfolhas<\/a><\/li>\n<li><a href=\"https:\/\/wp.ufpel.edu.br\/ppgz\/files\/2021\/01\/Mapeamento-dos-laboratorios-de-alevinos-do-estado-do-Rio-Grande-do-Sul-e-desenvolvimento-de-marcadores-moleculares-para-jundia-Rhamdia-quelen.pdf\" target=\"_blank\" rel=\"noopener noreferrer\">Mapeamento dos laborat\u00f3rios de alevinos do estado do Rio Grande do Sul e desenvolvimento de marcadores moleculares para jundi\u00e1 (Rhamdia quelen)<\/a><\/li>\n<li><a href=\"https:\/\/wp.ufpel.edu.br\/ppgz\/files\/2021\/01\/Tecnologias-aerobias-no-tratamento-de-residuos-da-producao-animal-compostagem-e-vermicompostagem.pdf\" target=\"_blank\" rel=\"noopener noreferrer\">Tecnologias aer\u00f3bias no tratamento de res\u00edduos da produ\u00e7\u00e3o animal compostagem e vermicompostagem<\/a><\/li>\n<\/ol>\n","protected":false},"excerpt":{"rendered":"<p>Agentes antioxidantes na reprodu\u00e7\u00e3o de matrizes pesadas Din\u00e2mica do crescimento do cons\u00f3rcio trevo-persa e azev\u00e9m anual sob diferentes intervalos de desfolhas Mapeamento dos laborat\u00f3rios de alevinos do estado do Rio Grande do Sul e desenvolvimento de marcadores moleculares para jundi\u00e1&#8230; <a class=\"more-link\" href=\"https:\/\/wp.ufpel.edu.br\/ppgz\/2013-2\">Continue lendo &rarr;<\/a><\/p>\n","protected":false},"author":809,"featured_media":0,"parent":0,"menu_order":0,"comment_status":"closed","ping_status":"closed","template":"","meta":{"footnotes":""},"class_list":["post-1002","page","type-page","status-publish","hentry"],"_links":{"self":[{"href":"https:\/\/wp.ufpel.edu.br\/ppgz\/wp-json\/wp\/v2\/pages\/1002","targetHints":{"allow":["GET"]}}],"collection":[{"href":"https:\/\/wp.ufpel.edu.br\/ppgz\/wp-json\/wp\/v2\/pages"}],"about":[{"href":"https:\/\/wp.ufpel.edu.br\/ppgz\/wp-json\/wp\/v2\/types\/page"}],"author":[{"embeddable":true,"href":"https:\/\/wp.ufpel.edu.br\/ppgz\/wp-json\/wp\/v2\/users\/809"}],"replies":[{"embeddable":true,"href":"https:\/\/wp.ufpel.edu.br\/ppgz\/wp-json\/wp\/v2\/comments?post=1002"}],"version-history":[{"count":2,"href":"https:\/\/wp.ufpel.edu.br\/ppgz\/wp-json\/wp\/v2\/pages\/1002\/revisions"}],"predecessor-version":[{"id":1097,"href":"https:\/\/wp.ufpel.edu.br\/ppgz\/wp-json\/wp\/v2\/pages\/1002\/revisions\/1097"}],"wp:attachment":[{"href":"https:\/\/wp.ufpel.edu.br\/ppgz\/wp-json\/wp\/v2\/media?parent=1002"}],"curies":[{"name":"wp","href":"https:\/\/api.w.org\/{rel}","templated":true}]}}