{"id":828,"date":"2015-03-31T12:03:06","date_gmt":"2015-03-31T15:03:06","guid":{"rendered":"https:\/\/wp.ufpel.edu.br\/ppgveterinaria\/?page_id=828"},"modified":"2025-09-10T10:07:47","modified_gmt":"2025-09-10T13:07:47","slug":"discentes-extrangeiros","status":"publish","type":"page","link":"https:\/\/wp.ufpel.edu.br\/ppgveterinaria\/internacionalizacao\/discentes-extrangeiros\/","title":{"rendered":"Discentes Estrangeiros"},"content":{"rendered":"<p>&nbsp;<\/p>\n<ul>\n<li><span style=\"color: #464646;\"><strong>Atuais Alunos<\/strong><\/span><\/li>\n<\/ul>\n<p>&nbsp;<\/p>\n<p><span style=\"color: #464646;\">_____________________________________________________________<\/span><\/p>\n<p><span style=\"color: #464646;\">Aluno: Cesar Augusto Pinzon Osorio<\/span><\/p>\n<p><span style=\"color: #464646;\">N\u00edvel: Doutorado<\/span><\/p>\n<p><span style=\"color: #464646;\">Pa\u00eds: Col\u00f4mbia<\/span><\/p>\n<p><span style=\"color: #464646;\">E-mail: capinzono@unal.edu.co<\/span><\/p>\n<p><span style=\"color: #464646;\">Ingresso: Mar\u00e7o de 2023<\/span><\/p>\n<p><span style=\"color: #464646;\">Previs\u00e3o de Conclus\u00e3o: Fevereiro de 2027<\/span><\/p>\n<p><span style=\"color: #464646;\">Orientador: Prof. Dr. Augusto Schneider<\/span><\/p>\n<p><span style=\"color: #464646;\">_____________________________________________________________<\/span><\/p>\n<p><span style=\"color: #464646;\">Aluno: Daniel Felipe Buitrago Linares<\/span><\/p>\n<p><span style=\"color: #464646;\">N\u00edvel: Doutorado<\/span><\/p>\n<p><span style=\"color: #464646;\">Pa\u00eds: Col\u00f4mbia<\/span><\/p>\n<p><span style=\"color: #464646;\">E-mail: daniel.buitrago.linares@unillanos.edu.co<\/span><\/p>\n<p><span style=\"color: #464646;\">Ingresso: Mar\u00e7o de 2023<\/span><\/p>\n<p><span style=\"color: #464646;\">Previs\u00e3o de Conclus\u00e3o: Fevereiro de 2027<\/span><\/p>\n<p><span style=\"color: #464646;\">Orientador: Prof. Dr. Rodrigo Casquero Cunha<\/span><\/p>\n<p><span style=\"color: #464646;\">_____________________________________________________________<\/span><\/p>\n<p><span style=\"color: #464646;\">Aluno: Cresc\u00eancio da Amargura Almeida Mucipo<\/span><\/p>\n<p><span style=\"color: #464646;\">N\u00edvel: Mestrado<\/span><\/p>\n<p><span style=\"color: #464646;\">Pa\u00eds: Mo\u00e7ambique<\/span><\/p>\n<p><span style=\"color: #464646;\">E-mail: kresmucipo@yahoo.com.br<\/span><\/p>\n<p><span style=\"color: #464646;\">Ingresso: Mar\u00e7o de 2024<\/span><\/p>\n<p><span style=\"color: #464646;\">Previs\u00e3o de Conclus\u00e3o: Fevereiro de 2026<\/span><\/p>\n<p><span style=\"color: #464646;\">Orientador: Prof. Dr. Rodrigo Casquero Cunha<\/span><\/p>\n<p><span style=\"color: #464646;\">_____________________________________________________________<\/span><\/p>\n<p><span style=\"color: #464646;\">Aluno: Maritza Medina Ramirez<\/span><\/p>\n<p><span style=\"color: #464646;\">N\u00edvel: Mestrado<\/span><\/p>\n<p><span style=\"color: #464646;\">Pa\u00eds: Col\u00f4mbia<\/span><\/p>\n<p><span style=\"color: #464646;\">E-mail: marimedina921@hotmail.com<\/span><\/p>\n<p><span style=\"color: #464646;\">Ingresso: Mar\u00e7o de 2024<\/span><\/p>\n<p><span style=\"color: #464646;\">Previs\u00e3o de Conclus\u00e3o: Fevereiro de 2026<\/span><\/p>\n<p><span style=\"color: #464646;\">Orientador: Prof\u00aa. Dra. Eliza Simone Vi\u00e9gas Sallis<\/span><\/p>\n<p><span style=\"color: #464646;\">_____________________________________________________________<\/span><\/p>\n<p><span style=\"color: #464646;\">Aluno: Oluwagbemiga Ademola Dada <\/span><\/p>\n<p><span style=\"color: #464646;\">N\u00edvel: Doutorado<\/span><\/p>\n<p><span style=\"color: #464646;\">Pa\u00eds: Nig\u00e9ria<\/span><\/p>\n<p><span style=\"color: #464646;\">E-mail: doluwagbemiga@yahoo.com<\/span><\/p>\n<p><span style=\"color: #464646;\">Ingresso: Mar\u00e7o de 2024<\/span><\/p>\n<p><span style=\"color: #464646;\">Previs\u00e3o de Conclus\u00e3o: Fevereiro de 2028<\/span><\/p>\n<p><span style=\"color: #464646;\">Orientador: Prof. Dr. Rodrigo Casquero Cunha<\/span><\/p>\n<p><span style=\"color: #464646;\">_____________________________________________________________<\/span><\/p>\n<p>&nbsp;<\/p>\n<p>&nbsp;<\/p>\n<ul>\n<li><span style=\"color: #464646;\"><strong>Egressos<\/strong><\/span><\/li>\n<\/ul>\n<p>&nbsp;<\/p>\n<p><span style=\"color: #464646;\">_____________________________________________________________<\/span><\/p>\n<p><span style=\"color: #464646;\">Aluno: Juliana Tasende Ferrando<\/span><\/p>\n<p><span style=\"color: #464646;\">N\u00edvel:\u00a0Mestrado<\/span><\/p>\n<p><span style=\"color: #464646;\">Pa\u00eds: Uruguai<\/span><\/p>\n<p><span style=\"color: #464646;\">E-mail: tasendejul@gmail.com<\/span><\/p>\n<p><span style=\"color: #464646;\">Ingresso: Mar\u00e7o de 2023<\/span><\/p>\n<p><span style=\"color: #464646;\">Conclus\u00e3o: Fevereiro de 2025<\/span><\/p>\n<p><span style=\"color: #464646;\">Orientador: Prof\u00aa. Dra. Renata Os\u00f3rio de Faria<\/span><\/p>\n<p><span style=\"color: #464646;\">_____________________________________________________________<\/span><\/p>\n<p><span style=\"color: #464646;\">Aluno: Mhanuel Carlos Arijama<\/span><\/p>\n<p><span style=\"color: #464646;\">N\u00edvel:\u00a0Mestrado<\/span><\/p>\n<p><span style=\"color: #464646;\">Pa\u00eds: Mo\u00e7ambique<\/span><\/p>\n<p><span style=\"color: #464646;\">E-mail: arijamamc@gmail.com<\/span><\/p>\n<p><span style=\"color: #464646;\">Ingresso: Mar\u00e7o de 2023<\/span><\/p>\n<p><span style=\"color: #464646;\">Conclus\u00e3o: Fevereiro de 2025<\/span><\/p>\n<p><span style=\"color: #464646;\">Orientador: Prof. Dr. Rodrigo Casquero Cunha<\/span><\/p>\n<p><span style=\"color: #464646;\">_____________________________________________________________<\/span><\/p>\n<p><span style=\"color: #464646;\">Aluno: Carlos Alexis Guardado Martinez<\/span><\/p>\n<p><span style=\"color: #464646;\">N\u00edvel:\u00a0Mestrado<\/span><\/p>\n<p><span style=\"color: #464646;\">Pa\u00eds: Honduras<\/span><\/p>\n<p><span style=\"color: #464646;\">E-mail: carlosajr1027@gmail.com<\/span><\/p>\n<p><span style=\"color: #464646;\">Ingresso: Agosto de 2021<\/span><\/p>\n<p><span style=\"color: #464646;\">Conclus\u00e3o: Julho de 2023<\/span><\/p>\n<p><span style=\"color: #464646;\">Orientador: Prof. Dr. Gilberto D&#8217;Avila Vargas<\/span><\/p>\n<p><span style=\"color: #464646;\">_____________________________________________________________<\/span><\/p>\n<p><span style=\"color: #464646;\">Aluno: Daniel Felipe Buitrago Linares<\/span><\/p>\n<p><span style=\"color: #464646;\">N\u00edvel:\u00a0Mestrado<\/span><\/p>\n<p><span style=\"color: #464646;\">Pa\u00eds: Col\u00f4mbia<\/span><\/p>\n<p><span style=\"color: #464646;\">E-mail: daniel.buitrago.linares@unillanos.edu.co<\/span><\/p>\n<p><span style=\"color: #464646;\">Ingresso: Agosto de 2021<\/span><\/p>\n<p><span style=\"color: #464646;\">Conclus\u00e3o: Fevereiro de 2023<\/span><\/p>\n<p><span style=\"color: #464646;\">Orientador: Prof. Dr. Rodrigo Casquero Cunha<\/span><\/p>\n<p><span style=\"color: #464646;\">_____________________________________________________________<\/span><\/p>\n<p><span style=\"color: #464646;\">Aluno: Jenny Paola Hidalgo Martinez<\/span><\/p>\n<p><span style=\"color: #464646;\">N\u00edvel:\u00a0Mestrado<\/span><\/p>\n<p><span style=\"color: #464646;\">Pa\u00eds: Col\u00f4mbia<\/span><\/p>\n<p><span style=\"color: #464646;\">E-mail: jhidalgo24@unisalle.edu.co<\/span><\/p>\n<p><span style=\"color: #464646;\">Ingresso: Mar\u00e7o de 2020<\/span><\/p>\n<p><span style=\"color: #464646;\">Conclus\u00e3o: Fevereiro de 2022<\/span><\/p>\n<p><span style=\"color: #464646;\">Orientador: Prof\u00aa. Dra. Raqueli Teresinha Fran\u00e7a<\/span><\/p>\n<p><span style=\"color: #464646;\">_____________________________________________________________<\/span><\/p>\n<p><span style=\"color: #464646;\">Aluno:\u00a0Joao\u00a0Alveiro Alvarado Rincon<\/span><\/p>\n<p><span style=\"color: #464646;\">N\u00edvel: P\u00f3s-Doutorado<\/span><\/p>\n<p><span style=\"color: #464646;\">Pa\u00eds: Col\u00f4mbia<\/span><\/p>\n<p><span style=\"color: #464646;\">E-mail:\u00a0<a style=\"color: #464646;\" href=\"mailto:joaoal13@hotmail.com\">joaoal13@hotmail.com<\/a><\/span><\/p>\n<p><span style=\"color: #464646;\">Ingresso: Abril de 2019<\/span><\/p>\n<p><span style=\"color: #464646;\">Conclus\u00e3o: Novembro de 2021<\/span><\/p>\n<p><span style=\"color: #464646;\">Orientador: Prof. Dr.\u00a0Augusto Schneider<\/span><\/p>\n<p><span style=\"color: #464646;\">_____________________________________________________________<\/span><\/p>\n<p><span style=\"color: #464646;\">Aluno: Ruth Dunford Patten<\/span><\/p>\n<p><span style=\"color: #464646;\">N\u00edvel: Mestrado<\/span><\/p>\n<p><span style=\"color: #464646;\">Pa\u00eds: Canad\u00e1<\/span><\/p>\n<p><span style=\"color: #464646;\">E-mail: ruthpatten@hotmail.com<\/span><\/p>\n<p><span style=\"color: #464646;\">Ingresso:\u00a0Mar\u00e7o de\u00a02018<\/span><\/p>\n<p><span style=\"color: #464646;\">Conclus\u00e3o: Fevereiro de 2020<\/span><\/p>\n<p><span style=\"color: #464646;\">Orientador: Prof\u00aa. Dra.\u00a0Bruna da Rosa Curcio<\/span><\/p>\n<p><span style=\"color: #464646;\">_____________________________________________________________<\/span><\/p>\n<p><span style=\"color: #464646;\">Aluno:\u00a0Joao\u00a0Alveiro Alvarado Rincon<\/span><\/p>\n<p><span style=\"color: #464646;\">N\u00edvel:\u00a0Doutorado<\/span><\/p>\n<p><span style=\"color: #464646;\">Pa\u00eds: Col\u00f4mbia<\/span><\/p>\n<p><span style=\"color: #464646;\">E-mail:\u00a0<a style=\"color: #464646;\" href=\"mailto:joaoal13@hotmail.com\">joaoal13@hotmail.com<\/a><\/span><\/p>\n<p><span style=\"color: #464646;\">Ingresso:\u00a0Mar\u00e7o de\u00a02015<\/span><\/p>\n<p><span style=\"color: #464646;\">Conclus\u00e3o: Fevereiro de 2019<\/span><\/p>\n<p><span style=\"color: #464646;\">Orientador: Prof. Dr. Marcio Nunes Corr\u00eaa<\/span><\/p>\n<p><span style=\"color: #464646;\">_____________________________________________________________<\/span><\/p>\n<p><span style=\"color: #464646;\">Aluno:\u00a0Diego\u00a0Andres Velasco Acosta<\/span><\/p>\n<p><span style=\"color: #464646;\">N\u00edvel:\u00a0Doutorado<\/span><\/p>\n<p><span style=\"color: #464646;\">Pa\u00eds: Col\u00f4mbia<\/span><\/p>\n<p><span style=\"color: #464646;\">E-mail:\u00a0<a style=\"color: #464646;\" href=\"mailto:medvet.diego@gmail.com\">medvet.diego@gmail.com<\/a><\/span><\/p>\n<p><span style=\"color: #464646;\">Ingresso: Mar\u00e7o de 2012<\/span><\/p>\n<p><span style=\"color: #464646;\">Conclus\u00e3o: Janeiro de 2016<\/span><\/p>\n<p><span style=\"color: #464646;\">Orientador: Prof. Dr. Marcio Nunes Corr\u00eaa<\/span><\/p>\n<p><span style=\"color: #464646;\">_____________________________________________________________<\/span><\/p>\n<p><span style=\"color: #464646;\">Aluno:\u00a0Joao\u00a0Alveiro Alvarado Rincon<\/span><\/p>\n<p><span style=\"color: #464646;\">N\u00edvel:\u00a0Mestrado<\/span><\/p>\n<p><span style=\"color: #464646;\">Pa\u00eds: Col\u00f4mbia<\/span><\/p>\n<p><span style=\"color: #464646;\">E-mail:\u00a0<a style=\"color: #464646;\" href=\"mailto:joaoal13@hotmail.com\">joaoal13@hotmail.com<\/a><\/span><\/p>\n<p><span style=\"color: #464646;\">Ingresso:\u00a0Mar\u00e7o de\u00a02013<\/span><\/p>\n<p><span style=\"color: #464646;\">Conclus\u00e3o: Fevereiro de\u00a02015<\/span><\/p>\n<p><span style=\"color: #464646;\">Orientador: Prof. Dr.\u00a0Augusto Schneider<\/span><\/p>\n<p><span style=\"color: #464646;\">_____________________________________________________________<\/span><\/p>\n<p><span style=\"color: #464646;\">Aluno: Mar\u00eda de Lourdes Adrien Delgado<\/span><\/p>\n<p><span style=\"color: #464646;\">N\u00edvel:\u00a0Doutorado<\/span><\/p>\n<p><span style=\"color: #464646;\">Pa\u00eds:\u00a0Uruguai<\/span><\/p>\n<p><span style=\"color: #464646;\">E-mail:\u00a0<a style=\"color: #464646;\" href=\"mailto:lourdesadrien@gmail.com\">lourdesadrien@gmail.com<\/a><\/span><\/p>\n<p><span style=\"color: #464646;\">Ingresso: Mar\u00e7o de 2010<\/span><\/p>\n<p><span style=\"color: #464646;\">Conclus\u00e3o: Abril\u00a0de 2013<\/span><\/p>\n<p><span style=\"color: #464646;\">Orientador: Dra. Ana Lucia Pereira Schild<\/span><\/p>\n<p><span style=\"color: #464646;\">_____________________________________________________________<\/span><\/p>\n<p>&nbsp;<\/p>\n","protected":false},"excerpt":{"rendered":"<p>&nbsp; Atuais Alunos &nbsp; _____________________________________________________________ Aluno: Cesar Augusto Pinzon Osorio N\u00edvel: Doutorado Pa\u00eds: Col\u00f4mbia E-mail: capinzono@unal.edu.co Ingresso: Mar\u00e7o de 2023 Previs\u00e3o de Conclus\u00e3o: Fevereiro de 2027 Orientador: Prof. Dr. Augusto Schneider _____________________________________________________________ Aluno: Daniel Felipe Buitrago Linares N\u00edvel: Doutorado Pa\u00eds: Col\u00f4mbia E-mail: daniel.buitrago.linares@unillanos.edu.co Ingresso: Mar\u00e7o de 2023 Previs\u00e3o de Conclus\u00e3o: Fevereiro de 2027 Orientador: Prof. [&hellip;]<\/p>\n","protected":false},"author":391,"featured_media":0,"parent":805,"menu_order":4,"comment_status":"closed","ping_status":"closed","template":"","meta":{"footnotes":""},"class_list":["post-828","page","type-page","status-publish","hentry"],"_links":{"self":[{"href":"https:\/\/wp.ufpel.edu.br\/ppgveterinaria\/wp-json\/wp\/v2\/pages\/828","targetHints":{"allow":["GET"]}}],"collection":[{"href":"https:\/\/wp.ufpel.edu.br\/ppgveterinaria\/wp-json\/wp\/v2\/pages"}],"about":[{"href":"https:\/\/wp.ufpel.edu.br\/ppgveterinaria\/wp-json\/wp\/v2\/types\/page"}],"author":[{"embeddable":true,"href":"https:\/\/wp.ufpel.edu.br\/ppgveterinaria\/wp-json\/wp\/v2\/users\/391"}],"replies":[{"embeddable":true,"href":"https:\/\/wp.ufpel.edu.br\/ppgveterinaria\/wp-json\/wp\/v2\/comments?post=828"}],"version-history":[{"count":3,"href":"https:\/\/wp.ufpel.edu.br\/ppgveterinaria\/wp-json\/wp\/v2\/pages\/828\/revisions"}],"predecessor-version":[{"id":7464,"href":"https:\/\/wp.ufpel.edu.br\/ppgveterinaria\/wp-json\/wp\/v2\/pages\/828\/revisions\/7464"}],"up":[{"embeddable":true,"href":"https:\/\/wp.ufpel.edu.br\/ppgveterinaria\/wp-json\/wp\/v2\/pages\/805"}],"wp:attachment":[{"href":"https:\/\/wp.ufpel.edu.br\/ppgveterinaria\/wp-json\/wp\/v2\/media?parent=828"}],"curies":[{"name":"wp","href":"https:\/\/api.w.org\/{rel}","templated":true}]}}