{"id":824,"date":"2015-03-31T12:01:33","date_gmt":"2015-03-31T15:01:33","guid":{"rendered":"https:\/\/wp.ufpel.edu.br\/ppgveterinaria\/?page_id=824"},"modified":"2026-02-04T18:04:55","modified_gmt":"2026-02-04T21:04:55","slug":"doutorado-sanduiche","status":"publish","type":"page","link":"https:\/\/wp.ufpel.edu.br\/ppgveterinaria\/internacionalizacao\/doutorado-sanduiche\/","title":{"rendered":"Doutorado Sandu\u00edche"},"content":{"rendered":"<p>&nbsp;<\/p>\n<ul>\n<li><span style=\"color: #464646;\"><strong>Em andamento<\/strong><\/span><\/li>\n<\/ul>\n<p>&nbsp;<\/p>\n<p><span style=\"color: #464646;\">_____________________________________________________________<\/span><\/p>\n<p><span style=\"color: #464646;\">Aluno: Marcos Eduardo Neto<\/span><\/p>\n<p><span style=\"color: #464646;\">Ingresso: Mar\u00e7o de 2024<\/span><\/p>\n<p><span style=\"color: #464646;\">Previs\u00e3o de defesa: Fevereiro de 2028<\/span><\/p>\n<p><span style=\"color: #464646;\">Orientador: Prof. Dr. Carlos Eduardo Wayne Nogueira<\/span><\/p>\n<p><span style=\"color: #464646;\">Coorientador no Exterior: Profa. Dra. Yatta Linhares Boakari<\/span><\/p>\n<p><span style=\"color: #464646;\">Institui\u00e7\u00e3o: Texas A&amp;M University<\/span><\/p>\n<p><span style=\"color: #464646;\">Pa\u00eds: Estados Unidos<\/span><\/p>\n<p><span style=\"color: #464646;\">Per\u00edodo: Outubro de 2025 &#8211; Junho de 2026<\/span><\/p>\n<p><span style=\"color: #464646;\">_____________________________________________________________<\/span><\/p>\n<p><span style=\"color: #464646;\">Aluno: Oluwagbemiga Ademola Dada <\/span><\/p>\n<p><span style=\"color: #464646;\">Ingresso: Mar\u00e7o de 2024<\/span><\/p>\n<p><span style=\"color: #464646;\">Previs\u00e3o de defesa: Fevereiro de 2028<\/span><\/p>\n<p><span style=\"color: #464646;\">Orientador: Prof. Dr. Odir Ant\u00f4nio Dellagostin<\/span><\/p>\n<p><span style=\"color: #464646;\">Coorientador no Exterior: Prof. Dr. Elsio A. Wunder Jr.<\/span><\/p>\n<p><span style=\"color: #464646;\">Institui\u00e7\u00e3o: University of Connecticut<\/span><\/p>\n<p><span style=\"color: #464646;\">Pa\u00eds: Estados Unidos<\/span><\/p>\n<p><span style=\"color: #464646;\">Per\u00edodo: Fevereiro de 2026 &#8211; Julho de 2026<\/span><\/p>\n<p><span style=\"color: #464646;\">_____________________________________________________________<\/span><\/p>\n<p><span style=\"color: #464646;\">Aluno: Samira Alves de Souza Silva<\/span><\/p>\n<p><span style=\"color: #464646;\">Ingresso: Mar\u00e7o de 2024<\/span><\/p>\n<p><span style=\"color: #464646;\">Previs\u00e3o de defesa: Fevereiro de 2028<\/span><\/p>\n<p><span style=\"color: #464646;\">Orientador: Prof. Dr. Rafael Gianella Mondadori<\/span><\/p>\n<p><span style=\"color: #464646;\">Coorientador no Exterior: Prof. Dr. Dinesh Dadarwal<\/span><\/p>\n<p><span style=\"color: #464646;\">Institui\u00e7\u00e3o: University of Saskatchewan<\/span><\/p>\n<p><span style=\"color: #464646;\">Pa\u00eds: Canad\u00e1<\/span><\/p>\n<p><span style=\"color: #464646;\">Per\u00edodo: Fevereiro de 2026 &#8211; Julho de 2026<\/span><\/p>\n<p><span style=\"color: #464646;\">_____________________________________________________________<\/span><\/p>\n<p>&nbsp;<\/p>\n<p>&nbsp;<\/p>\n<ul>\n<li><span style=\"color: #464646;\"><strong>Conclu\u00eddos<\/strong><\/span><\/li>\n<\/ul>\n<p>&nbsp;<\/p>\n<p><span style=\"color: #464646;\">_____________________________________________________________<\/span><\/p>\n<p><span style=\"color: #464646;\">Aluno: Cesar Augusto Pinzon Osorio<\/span><\/p>\n<p><span style=\"color: #464646;\">Ingresso:\u00a0Mar\u00e7o de 2023<\/span><\/p>\n<p><span style=\"color: #464646;\">Previs\u00e3o de defesa: Fevereiro de 2027<\/span><\/p>\n<p><span style=\"color: #464646;\">Orientador: Prof. Dr.\u00a0Augusto Schneider<\/span><\/p>\n<p><span style=\"color: #464646;\">Coorientador no Exterior: Prof. Dr. Miguel\u00a0Brie\u00f1o-Enr\u00edquez<\/span><\/p>\n<p><span style=\"color: #464646;\">Institui\u00e7\u00e3o: University of Pittsburgh<\/span><\/p>\n<p><span style=\"color: #464646;\">Pa\u00eds: Estados Unidos<\/span><\/p>\n<p><span style=\"color: #464646;\">Per\u00edodo: Novembro de 2024 &#8211; Abril de 2025<\/span><\/p>\n<p><span style=\"color: #464646;\">_____________________________________________________________<\/span><\/p>\n<p><span style=\"color: #464646;\">Aluno:\u00a0Laura Valad\u00e3o Vieira<\/span><\/p>\n<p><span style=\"color: #464646;\">Ingresso: Agosto de 2021<\/span><\/p>\n<p><span style=\"color: #464646;\">Previs\u00e3o de defesa: Julho de 2025<\/span><\/p>\n<p><span style=\"color: #464646;\">Orientador: Prof. Dr.\u00a0Marcio Nunes Corr\u00eaa<\/span><\/p>\n<p><span style=\"color: #464646;\">Coorientador no Exterior: Prof. Dr. Luiz Ferraretto<\/span><\/p>\n<p><span style=\"color: #464646;\">Institui\u00e7\u00e3o:\u00a0University of Wisconsin<\/span><\/p>\n<p><span style=\"color: #464646;\">Pa\u00eds: Estados Unidos<\/span><\/p>\n<p><span style=\"color: #464646;\">Per\u00edodo: Setembro de 2024 &#8211; Janeiro de 2025<\/span><\/p>\n<p><span style=\"color: #464646;\">_____________________________________________________________<\/span><\/p>\n<p><span style=\"color: #464646;\">Aluno: Renata Nobre da Fonseca<\/span><\/p>\n<p><span style=\"color: #464646;\">Ingresso: Agosto de 2021<\/span><\/p>\n<p><span style=\"color: #464646;\">Previs\u00e3o de defesa: Julho de 2025<\/span><\/p>\n<p><span style=\"color: #464646;\">Orientador: Profa. Dra. Silvia de Oliveira H\u00fcbner<\/span><\/p>\n<p><span style=\"color: #464646;\">Coorientador: Prof. Dr. Fernando Viscosa Bauermann<\/span><\/p>\n<p><span style=\"color: #464646;\">Institui\u00e7\u00e3o: Oklahoma State University<\/span><\/p>\n<p><span style=\"color: #464646;\">Pa\u00eds: Estados Unidos<\/span><\/p>\n<p><span style=\"color: #464646;\">Per\u00edodo: Setembro de 2023 \u2013 Dezembro de 2024<\/span><\/p>\n<p><span style=\"color: #464646;\">_____________________________________________________________<\/span><\/p>\n<p><span style=\"color: #464646;\">Aluno: Matheus Iuri Fruhauf<\/span><\/p>\n<p><span style=\"color: #464646;\">Ingresso: Mar\u00e7o de 2021<\/span><\/p>\n<p><span style=\"color: #464646;\">Previs\u00e3o de defesa: Fevereiro de 2025<\/span><\/p>\n<p><span style=\"color: #464646;\">Orientador: Prof. Dr. Geferson Fischer<\/span><\/p>\n<p><span style=\"color: #464646;\">Coorientador: Profa. Dra. Mayara Fernanda Maggioli<\/span><\/p>\n<p><span style=\"color: #464646;\">Institui\u00e7\u00e3o: Oklahoma State University<\/span><\/p>\n<p><span style=\"color: #464646;\">Pa\u00eds: Estados Unidos<\/span><\/p>\n<p><span style=\"color: #464646;\">Per\u00edodo: Maio de 2024 \u2013 Outubro de 2024<\/span><\/p>\n<p><span style=\"color: #464646;\">_____________________________________________________________<\/span><\/p>\n<p><span style=\"color: #464646;\">Aluno:\u00a0Bianka\u00a0Machado Zanini<\/span><\/p>\n<p><span style=\"color: #464646;\">Ingresso: Mar\u00e7o de 2020<\/span><\/p>\n<p><span style=\"color: #464646;\">Previs\u00e3o de defesa: Fevereiro de 2024<\/span><\/p>\n<p><span style=\"color: #464646;\">Orientador: Prof. Dr. Augusto Schneider<\/span><\/p>\n<p><span style=\"color: #464646;\">Coorientador: Prof. Dr. Michal M. Masternak<\/span><\/p>\n<p><span style=\"color: #464646;\">Institui\u00e7\u00e3o: University of Central\u00a0Florida<\/span><\/p>\n<p><span style=\"color: #464646;\">Pa\u00eds: Estados Unidos<\/span><\/p>\n<p><span style=\"color: #464646;\">Per\u00edodo: Mar\u00e7o de 2023 \u2013 Agosto de 2023<\/span><\/p>\n<p><span style=\"color: #464646;\">_____________________________________________________________<\/span><\/p>\n<p><span style=\"color: #464646;\">Aluno: Jos\u00e9 Victor Vieira Isola<\/span><\/p>\n<p><span style=\"color: #464646;\">Ingresso: Mar\u00e7o de 2019<\/span><\/p>\n<p><span style=\"color: #464646;\">Previs\u00e3o de defesa: Fevereiro de 2023<\/span><\/p>\n<p><span style=\"color: #464646;\">Orientador: Prof. Dr. Augusto Schneider<\/span><\/p>\n<p><span style=\"color: #464646;\">Coorientador: Prof. Dr. Michael B. Stout<\/span><\/p>\n<p><span style=\"color: #464646;\">Institui\u00e7\u00e3o:\u00a0Oklahoma\u00a0Medical\u00a0Research\u00a0Foundation<\/span><\/p>\n<p><span style=\"color: #464646;\">Pa\u00eds: Estados Unidos<\/span><\/p>\n<p><span style=\"color: #464646;\">Per\u00edodo: Setembro de 2021 \u2013 Fevereiro de 2022<\/span><\/p>\n<p><span style=\"color: #464646;\">_____________________________________________________________<\/span><\/p>\n<p><span style=\"color: #464646;\">Aluno:\u00a0Maria Eduarda Bicca Dode<\/span><\/p>\n<p><span style=\"color: #464646;\">Ingresso: Mar\u00e7o de 2018<\/span><\/p>\n<p><span style=\"color: #464646;\">Previs\u00e3o de defesa: Fevereiro de 2022<\/span><\/p>\n<p><span style=\"color: #464646;\">Orientador: Prof\u00aa. Dra. Carine Dahl Corcini<\/span><\/p>\n<p><span style=\"color: #464646;\">Coorientador: Dr. David Forrest<\/span><\/p>\n<p><span style=\"color: #464646;\">Institui\u00e7\u00e3o: Universidade Texas A&amp;M<\/span><\/p>\n<p><span style=\"color: #464646;\">Pa\u00eds: Estados Unidos<\/span><\/p>\n<p><span style=\"color: #464646;\">Per\u00edodo: Setembro de 2019 \u2013 Fevereiro de 2020<\/span><\/p>\n<p><span style=\"color: #464646;\">_____________________________________________________________<\/span><\/p>\n<p><span style=\"color: #464646;\">Aluno: Raulene Rodrigues Lobo<\/span><\/p>\n<p><span style=\"color: #464646;\">Ingresso: Mar\u00e7o de 2015<\/span><\/p>\n<p><span style=\"color: #464646;\">Previs\u00e3o de defesa: Fevereiro de 2019<\/span><\/p>\n<p><span style=\"color: #464646;\">Orientador: Prof. Dr. Gilberto D\u2019Avila Vargas<\/span><\/p>\n<p><span style=\"color: #464646;\">Coorientador: Paulo Ant\u00f3nio Russo Almeida<\/span><\/p>\n<p><span style=\"color: #464646;\">Institui\u00e7\u00e3o: Universidade de Tr\u00e1s-os-Montes e Alto Douro<\/span><\/p>\n<p><span style=\"color: #464646;\">Pa\u00eds: Portugal<\/span><\/p>\n<p><span style=\"color: #464646;\">Per\u00edodo: Novembro\u00a0de 2016 \u2013 Outubro de 2018<\/span><\/p>\n<p><span style=\"color: #464646;\">_____________________________________________________________<\/span><\/p>\n<p><span style=\"color: #464646;\">Aluno:\u00a0Fernando Caetano de Oliveira<\/span><\/p>\n<p><span style=\"color: #464646;\">Ingresso: Mar\u00e7o de 2014<\/span><\/p>\n<p><span style=\"color: #464646;\">Previs\u00e3o de defesa: Fevereiro de 2018<\/span><\/p>\n<p><span style=\"color: #464646;\">Orientador: Prof. Dr. Thomaz Lucia J\u00fanior<\/span><\/p>\n<p><span style=\"color: #464646;\">Coorientador:\u00a0Prof. Vilceu Bordignon<\/span><\/p>\n<p><span style=\"color: #464646;\">Institui\u00e7\u00e3o:\u00a0McGill University\u00a0<\/span><\/p>\n<p><span style=\"color: #464646;\">Pa\u00eds: Canad\u00e1<\/span><\/p>\n<p><span style=\"color: #464646;\">Per\u00edodo: Julho de 2017 \u2013 Dezembro de 2017<\/span><\/p>\n<p><span style=\"color: #464646;\">_____________________________________________________________<\/span><\/p>\n<p><span style=\"color: #464646;\">Aluno:\u00a0Nat\u00e1lia Avila de Castro<\/span><\/p>\n<p><span style=\"color: #464646;\">Ingresso: Mar\u00e7o de 2015<\/span><\/p>\n<p><span style=\"color: #464646;\">Previs\u00e3o de defesa: Fevereiro de 2019<\/span><\/p>\n<p><span style=\"color: #464646;\">Orientador: Prof. Dr. Augusto Schneider<\/span><\/p>\n<p><span style=\"color: #464646;\">Coorientador: Jaswant Singh<\/span><\/p>\n<p><span style=\"color: #464646;\">Institui\u00e7\u00e3o: University of Saskatchewan<\/span><\/p>\n<p><span style=\"color: #464646;\">Pa\u00eds: Canad\u00e1<\/span><\/p>\n<p><span style=\"color: #464646;\">Per\u00edodo: Abril de 2017 \u2013 Setembro de 2017<\/span><\/p>\n<p><span style=\"color: #464646;\">_____________________________________________________________<\/span><\/p>\n<p><span style=\"color: #464646;\">Aluno:\u00a0Pedro Augusto Silva Silveira<\/span><\/p>\n<p><span style=\"color: #464646;\">Ingresso: Mar\u00e7o de 2014<\/span><\/p>\n<p><span style=\"color: #464646;\">Previs\u00e3o de defesa: Fevereiro de 2018<\/span><\/p>\n<p><span style=\"color: #464646;\">Orientador: Prof. Dr. Augusto Schneider<\/span><\/p>\n<p><span style=\"color: #464646;\">Coorientador: Prof. Dr. Walter Ronald Butler<\/span><\/p>\n<p><span style=\"color: #464646;\">Institui\u00e7\u00e3o: Universidade de Cornell<\/span><\/p>\n<p><span style=\"color: #464646;\">Pa\u00eds: Estados Unidos<\/span><\/p>\n<p><span style=\"color: #464646;\">Per\u00edodo: Abril de 2017 \u2013 Setembro de 2017<\/span><\/p>\n<p><span style=\"color: #464646;\">_____________________________________________________________<\/span><\/p>\n<p><span style=\"color: #464646;\">Aluno:\u00a0Stela Mari Meneghello Gheller<\/span><\/p>\n<p><span style=\"color: #464646;\">Ingresso: Mar\u00e7o de 2015<\/span><\/p>\n<p><span style=\"color: #464646;\">Previs\u00e3o de defesa: Fevereiro de 2019<\/span><\/p>\n<p><span style=\"color: #464646;\">Orientador: Prof. Dr. Antonio Sergio Varela Junior<\/span><\/p>\n<p><span style=\"color: #464646;\">Coorientador: Dra. Elsa Alexandra Martins e Silva Cabrita<\/span><\/p>\n<p><span style=\"color: #464646;\">Institui\u00e7\u00e3o: Universidade de Algarve<\/span><\/p>\n<p><span style=\"color: #464646;\">Pa\u00eds: Portugal<\/span><\/p>\n<p><span style=\"color: #464646;\">Per\u00edodo: Mar\u00e7o\u00a0de 2016 \u2013 Mar\u00e7o\u00a0de 2017<\/span><\/p>\n<p><span style=\"color: #464646;\">_____________________________________________________________<\/span><\/p>\n<p><span style=\"color: #464646;\">Aluno:\u00a0Caroline Bohnen de Matos<\/span><\/p>\n<p><span style=\"color: #464646;\">Ingresso: Mar\u00e7o de 2014<\/span><\/p>\n<p><span style=\"color: #464646;\">Previs\u00e3o de defesa: Fevereiro de 2018<\/span><\/p>\n<p><span style=\"color: #464646;\">Orientador: Prof\u00aa. Dra. Marlete Brum Cleff<\/span><\/p>\n<p><span style=\"color: #464646;\">Coorientador:\u00a0Ph.D.\u00a0Isabelle P. Oswald<\/span><\/p>\n<p><span style=\"color: #464646;\">Institui\u00e7\u00e3o: Universit\u00e9 de Toulouse II \u2013 Research Centre in Food Toxicology<\/span><\/p>\n<p><span style=\"color: #464646;\">Institut National de la Recherche Agronomique<\/span><\/p>\n<p><span style=\"color: #464646;\">Pa\u00eds: Fran\u00e7a<\/span><\/p>\n<p><span style=\"color: #464646;\">Per\u00edodo: Mar\u00e7o\u00a0de 2016 \u2013 Julho de 2016<\/span><\/p>\n<p><span style=\"color: #464646;\">_____________________________________________________________<\/span><\/p>\n<p>&nbsp;<\/p>\n","protected":false},"excerpt":{"rendered":"<p>&nbsp; Em andamento &nbsp; _____________________________________________________________ Aluno: Marcos Eduardo Neto Ingresso: Mar\u00e7o de 2024 Previs\u00e3o de defesa: Fevereiro de 2028 Orientador: Prof. Dr. Carlos Eduardo Wayne Nogueira Coorientador no Exterior: Profa. Dra. Yatta Linhares Boakari Institui\u00e7\u00e3o: Texas A&amp;M University Pa\u00eds: Estados Unidos Per\u00edodo: Outubro de 2025 &#8211; Junho de 2026 _____________________________________________________________ Aluno: Oluwagbemiga Ademola Dada Ingresso: [&hellip;]<\/p>\n","protected":false},"author":391,"featured_media":0,"parent":805,"menu_order":2,"comment_status":"closed","ping_status":"closed","template":"","meta":{"footnotes":""},"class_list":["post-824","page","type-page","status-publish","hentry"],"_links":{"self":[{"href":"https:\/\/wp.ufpel.edu.br\/ppgveterinaria\/wp-json\/wp\/v2\/pages\/824","targetHints":{"allow":["GET"]}}],"collection":[{"href":"https:\/\/wp.ufpel.edu.br\/ppgveterinaria\/wp-json\/wp\/v2\/pages"}],"about":[{"href":"https:\/\/wp.ufpel.edu.br\/ppgveterinaria\/wp-json\/wp\/v2\/types\/page"}],"author":[{"embeddable":true,"href":"https:\/\/wp.ufpel.edu.br\/ppgveterinaria\/wp-json\/wp\/v2\/users\/391"}],"replies":[{"embeddable":true,"href":"https:\/\/wp.ufpel.edu.br\/ppgveterinaria\/wp-json\/wp\/v2\/comments?post=824"}],"version-history":[{"count":3,"href":"https:\/\/wp.ufpel.edu.br\/ppgveterinaria\/wp-json\/wp\/v2\/pages\/824\/revisions"}],"predecessor-version":[{"id":7644,"href":"https:\/\/wp.ufpel.edu.br\/ppgveterinaria\/wp-json\/wp\/v2\/pages\/824\/revisions\/7644"}],"up":[{"embeddable":true,"href":"https:\/\/wp.ufpel.edu.br\/ppgveterinaria\/wp-json\/wp\/v2\/pages\/805"}],"wp:attachment":[{"href":"https:\/\/wp.ufpel.edu.br\/ppgveterinaria\/wp-json\/wp\/v2\/media?parent=824"}],"curies":[{"name":"wp","href":"https:\/\/api.w.org\/{rel}","templated":true}]}}