{"id":820,"date":"2015-03-31T11:59:30","date_gmt":"2015-03-31T14:59:30","guid":{"rendered":"https:\/\/wp.ufpel.edu.br\/ppgveterinaria\/?page_id=820"},"modified":"2026-03-30T08:31:26","modified_gmt":"2026-03-30T11:31:26","slug":"cursos-e-palestras","status":"publish","type":"page","link":"https:\/\/wp.ufpel.edu.br\/ppgveterinaria\/internacionalizacao\/cursos-e-palestras\/","title":{"rendered":"Cursos e Palestras"},"content":{"rendered":"<p>&nbsp;<\/p>\n<ul>\n<li><span style=\"color: #464646;\"><a style=\"color: #464646;\" href=\"https:\/\/wp.ufpel.edu.br\/ppgveterinaria\/curso-reproducao-equina-udelar\/\" target=\"_blank\" rel=\"noopener\">Curso Reprodu\u00e7\u00e3o Equina \u2013 UDELAR<\/a><\/span><\/li>\n<\/ul>\n<p>&nbsp;<\/p>\n<ul>\n<li><span style=\"color: #464646;\"><a style=\"color: #464646;\" href=\"https:\/\/wp.ufpel.edu.br\/ppgveterinaria\/cooperacao-internacional-ufpel-e-siu\/\" target=\"_blank\" rel=\"noopener\">Coopera\u00e7\u00e3o Internacional UFPel e SIU<\/a><\/span><\/li>\n<\/ul>\n<p>&nbsp;<\/p>\n<ul>\n<li><span style=\"color: #464646;\"><a style=\"color: #464646;\" href=\"https:\/\/wp.ufpel.edu.br\/ppgveterinaria\/curso-de-reproducao-equina-aspectos-basicos-e-aplicados\/\" target=\"_blank\" rel=\"noopener\">Curso de Reprodu\u00e7\u00e3o Equina<\/a><\/span><\/li>\n<\/ul>\n<p>&nbsp;<\/p>\n<ul>\n<li><span style=\"color: #464646;\"><a style=\"color: #464646;\" href=\"https:\/\/wp.ufpel.edu.br\/ppgveterinaria\/1o-reproduction-day\/\" target=\"_blank\" rel=\"noopener noreferrer\">1\u00ba Reproduction Day<\/a><\/span><\/li>\n<\/ul>\n<p>&nbsp;<\/p>\n<ul>\n<li><span style=\"color: #464646;\"><a style=\"color: #464646;\" href=\"https:\/\/wp.ufpel.edu.br\/ppgveterinaria\/pt\/orientador-do-ppgv-realiza-visita-tecnica-na-uc-davis\/\" target=\"_blank\" rel=\"noopener noreferrer\">Orientador do PPGV realiza visita t\u00e9cnica na UC DAVIS<\/a><\/span><\/li>\n<\/ul>\n<p>&nbsp;<\/p>\n<ul>\n<li><span style=\"color: #464646;\"><a style=\"color: #464646;\" href=\"https:\/\/wp.ufpel.edu.br\/ppgveterinaria\/pt\/palestra-morfologia-placentaria-em-eguas\/\" target=\"_blank\" rel=\"noopener noreferrer\">Palestra morfologia placent\u00e1ria em \u00e9guas<\/a><\/span><\/li>\n<\/ul>\n<p>&nbsp;<\/p>\n<ul>\n<li class=\"entry-title\"><span style=\"color: #464646;\"><a style=\"color: #464646;\" href=\"https:\/\/wp.ufpel.edu.br\/ppgveterinaria\/pt\/convite-palestra\/\" target=\"_blank\" rel=\"noopener noreferrer\">Palestra com o Prof. Dr. Jes\u00fas Jaime Hernandez Escare\u00f1o<\/a><\/span><\/li>\n<\/ul>\n<p>&nbsp;<\/p>\n<ul>\n<li class=\"entry-title\"><span style=\"color: #464646;\"><a style=\"color: #464646;\" href=\"https:\/\/wp.ufpel.edu.br\/ppgveterinaria\/pt\/palestra-ciencias-agrarias\/\" target=\"_blank\" rel=\"noopener noreferrer\">Palestra Ci\u00eancias Agr\u00e1rias<\/a><\/span><\/li>\n<\/ul>\n<p>&nbsp;<\/p>\n<ul>\n<li class=\"entry-title\"><span style=\"color: #464646;\"><a style=\"color: #464646; text-decoration: underline;\" href=\"https:\/\/wp.ufpel.edu.br\/ppgveterinaria\/pt\/curso-clinica-de-grandes-animais-foco-em-obstetricia-equina-neonatologia-e-clinica-de-potros\/\" target=\"_blank\" rel=\"noopener noreferrer\">Curso Cl\u00ednica de Grandes Animais &#8211;\u00a0Foco em Obstetr\u00edcia equina, Neonatologia e Cl\u00ednica de Potros<\/a><\/span><\/li>\n<\/ul>\n<p><span style=\"color: #464646;\">\u00a0<\/span><\/p>\n<ul>\n<li class=\"entry-title\">\n<p class=\"entry-title\"><span style=\"color: #464646;\"><a style=\"color: #464646; text-decoration: underline;\" href=\"https:\/\/wp.ufpel.edu.br\/ppgveterinaria\/pt\/doutorandas-da-ufpel-sao-premiadas-no-programa-les-doctoriales\/\" target=\"_blank\" rel=\"noopener noreferrer\">Doutorandas da UFPel s\u00e3o premiadas no Programa Les Doctoriales<\/a><\/span><\/p>\n<\/li>\n<\/ul>\n<p><span style=\"color: #464646;\">\u00a0<\/span><\/p>\n<ul>\n<li class=\"entry-title\">\n<p class=\"entry-title\"><span style=\"color: #464646;\"><a style=\"color: #464646; text-decoration: underline;\" title=\"Permanent Link to Palestra cardiologia de pequenos animais\" href=\"https:\/\/wp.ufpel.edu.br\/ppgveterinaria\/pt\/palestra-cardiologia-de-pequenos-animais\/\" target=\"_blank\" rel=\"bookmark noopener noreferrer\">Palestra cardiologia de pequenos animais<\/a><\/span><\/p>\n<\/li>\n<\/ul>\n<p><span style=\"color: #464646;\">\u00a0<\/span><\/p>\n<ul>\n<li class=\"entry-title\"><span style=\"color: #464646;\"><a style=\"color: #464646; text-decoration: underline;\" href=\"https:\/\/wp.ufpel.edu.br\/ppgveterinaria\/pt\/informe-curso-teorico-pratico-tecnicas-em-biologia-reprodutiva-de-animais-aquaticos\/\" target=\"_blank\" rel=\"noopener noreferrer\">Curso Reprodu\u00e7\u00e3o Animal<\/a><\/span><\/li>\n<\/ul>\n<p>&nbsp;<\/p>\n<p>&nbsp;<\/p>\n","protected":false},"excerpt":{"rendered":"<p>&nbsp; Curso Reprodu\u00e7\u00e3o Equina \u2013 UDELAR &nbsp; Coopera\u00e7\u00e3o Internacional UFPel e SIU &nbsp; Curso de Reprodu\u00e7\u00e3o Equina &nbsp; 1\u00ba Reproduction Day &nbsp; Orientador do PPGV realiza visita t\u00e9cnica na UC DAVIS &nbsp; Palestra morfologia placent\u00e1ria em \u00e9guas &nbsp; Palestra com o Prof. Dr. Jes\u00fas Jaime Hernandez Escare\u00f1o &nbsp; Palestra Ci\u00eancias Agr\u00e1rias &nbsp; Curso Cl\u00ednica de [&hellip;]<\/p>\n","protected":false},"author":391,"featured_media":0,"parent":805,"menu_order":0,"comment_status":"closed","ping_status":"closed","template":"","meta":{"footnotes":""},"class_list":["post-820","page","type-page","status-publish","hentry"],"_links":{"self":[{"href":"https:\/\/wp.ufpel.edu.br\/ppgveterinaria\/wp-json\/wp\/v2\/pages\/820","targetHints":{"allow":["GET"]}}],"collection":[{"href":"https:\/\/wp.ufpel.edu.br\/ppgveterinaria\/wp-json\/wp\/v2\/pages"}],"about":[{"href":"https:\/\/wp.ufpel.edu.br\/ppgveterinaria\/wp-json\/wp\/v2\/types\/page"}],"author":[{"embeddable":true,"href":"https:\/\/wp.ufpel.edu.br\/ppgveterinaria\/wp-json\/wp\/v2\/users\/391"}],"replies":[{"embeddable":true,"href":"https:\/\/wp.ufpel.edu.br\/ppgveterinaria\/wp-json\/wp\/v2\/comments?post=820"}],"version-history":[{"count":4,"href":"https:\/\/wp.ufpel.edu.br\/ppgveterinaria\/wp-json\/wp\/v2\/pages\/820\/revisions"}],"predecessor-version":[{"id":7703,"href":"https:\/\/wp.ufpel.edu.br\/ppgveterinaria\/wp-json\/wp\/v2\/pages\/820\/revisions\/7703"}],"up":[{"embeddable":true,"href":"https:\/\/wp.ufpel.edu.br\/ppgveterinaria\/wp-json\/wp\/v2\/pages\/805"}],"wp:attachment":[{"href":"https:\/\/wp.ufpel.edu.br\/ppgveterinaria\/wp-json\/wp\/v2\/media?parent=820"}],"curies":[{"name":"wp","href":"https:\/\/api.w.org\/{rel}","templated":true}]}}