{"id":7533,"date":"2025-12-12T19:24:40","date_gmt":"2025-12-12T22:24:40","guid":{"rendered":"https:\/\/wp.ufpel.edu.br\/ppgveterinaria\/?page_id=7533"},"modified":"2025-12-12T19:24:40","modified_gmt":"2025-12-12T22:24:40","slug":"2026-2","status":"publish","type":"page","link":"https:\/\/wp.ufpel.edu.br\/ppgveterinaria\/editais\/alunos-especiais\/2026-2\/","title":{"rendered":"2026"},"content":{"rendered":"<p>&nbsp;<\/p>\n<ul>\n<li><span style=\"color: #464646;\"><a style=\"color: #464646;\" href=\"https:\/\/wp.ufpel.edu.br\/ppgveterinaria\/files\/2014\/07\/Formul%C3%A1rio-Inscri%C3%A7%C3%A3o-Aluno-Especial.doc\" target=\"_blank\" rel=\"noopener noreferrer\">Formul\u00e1rio de Inscri\u00e7\u00e3o &#8211; Aluno Especial<\/a><\/span><\/li>\n<\/ul>\n<p>&nbsp;<\/p>\n<ul>\n<li><span style=\"color: #464646;\">Edital Aluno Especial 2026-1<\/span><\/li>\n<li><span style=\"color: #464646;\">Alunos Especiais 2026-1<\/span><\/li>\n<\/ul>\n<p>&nbsp;<\/p>\n<ul>\n<li><span style=\"color: #464646;\">Edital Aluno Especial 2026-2<\/span><\/li>\n<li><span style=\"color: #464646;\">Alunos Especiais 2026-2<\/span><\/li>\n<\/ul>\n","protected":false},"excerpt":{"rendered":"<p>&nbsp; Formul\u00e1rio de Inscri\u00e7\u00e3o &#8211; Aluno Especial &nbsp; Edital Aluno Especial 2026-1 Alunos Especiais 2026-1 &nbsp; Edital Aluno Especial 2026-2 Alunos Especiais 2026-2<\/p>\n","protected":false},"author":391,"featured_media":0,"parent":3682,"menu_order":-7,"comment_status":"closed","ping_status":"closed","template":"","meta":{"footnotes":""},"class_list":["post-7533","page","type-page","status-publish","hentry"],"_links":{"self":[{"href":"https:\/\/wp.ufpel.edu.br\/ppgveterinaria\/wp-json\/wp\/v2\/pages\/7533","targetHints":{"allow":["GET"]}}],"collection":[{"href":"https:\/\/wp.ufpel.edu.br\/ppgveterinaria\/wp-json\/wp\/v2\/pages"}],"about":[{"href":"https:\/\/wp.ufpel.edu.br\/ppgveterinaria\/wp-json\/wp\/v2\/types\/page"}],"author":[{"embeddable":true,"href":"https:\/\/wp.ufpel.edu.br\/ppgveterinaria\/wp-json\/wp\/v2\/users\/391"}],"replies":[{"embeddable":true,"href":"https:\/\/wp.ufpel.edu.br\/ppgveterinaria\/wp-json\/wp\/v2\/comments?post=7533"}],"version-history":[{"count":1,"href":"https:\/\/wp.ufpel.edu.br\/ppgveterinaria\/wp-json\/wp\/v2\/pages\/7533\/revisions"}],"predecessor-version":[{"id":7535,"href":"https:\/\/wp.ufpel.edu.br\/ppgveterinaria\/wp-json\/wp\/v2\/pages\/7533\/revisions\/7535"}],"up":[{"embeddable":true,"href":"https:\/\/wp.ufpel.edu.br\/ppgveterinaria\/wp-json\/wp\/v2\/pages\/3682"}],"wp:attachment":[{"href":"https:\/\/wp.ufpel.edu.br\/ppgveterinaria\/wp-json\/wp\/v2\/media?parent=7533"}],"curies":[{"name":"wp","href":"https:\/\/api.w.org\/{rel}","templated":true}]}}