{"id":7483,"date":"2025-10-03T10:41:25","date_gmt":"2025-10-03T13:41:25","guid":{"rendered":"https:\/\/wp.ufpel.edu.br\/ppgveterinaria\/?page_id=7483"},"modified":"2026-03-09T08:20:40","modified_gmt":"2026-03-09T11:20:40","slug":"2026-2","status":"publish","type":"page","link":"https:\/\/wp.ufpel.edu.br\/ppgveterinaria\/editais\/mestrado-e-doutorado\/2026-2\/","title":{"rendered":"2026"},"content":{"rendered":"<p>&nbsp;<\/p>\n<ul>\n<li><a href=\"https:\/\/wp.ufpel.edu.br\/ppgveterinaria\/files\/2026\/03\/Edital-de-Selecao-PPGV-Papin.pdf\" target=\"_blank\" rel=\"noopener\">Edital Mestrado \u2013 Chamada Extra \u2013 PAPIN<\/a><\/li>\n<li><a href=\"https:\/\/wp.ufpel.edu.br\/ppgveterinaria\/files\/2025\/10\/Formulario-de-Inscricao.docx\" target=\"_blank\" rel=\"noopener\"><span style=\"color: #464646;\">Formul\u00e1rio \u2013 Inscri\u00e7\u00e3o<\/span><\/a><\/li>\n<li><a href=\"https:\/\/wp.ufpel.edu.br\/ppgveterinaria\/files\/2026\/03\/Checklist-Inscricao-Papin.docx\" target=\"_blank\" rel=\"noopener\">Checklist<\/a><\/li>\n<li><a href=\"https:\/\/wp.ufpel.edu.br\/ppgveterinaria\/files\/2025\/10\/Planilha-Selecao-2026-Site.xlsx\" target=\"_blank\" rel=\"noopener\"><span style=\"color: #464646;\">Planilha Avalia\u00e7\u00e3o do Curr\u00edculo \u2013 Mestrado<\/span><\/a><\/li>\n<li>Resultado<\/li>\n<\/ul>\n<p>&nbsp;<\/p>\n<ul>\n<li><span style=\"color: #464646;\"><a href=\"https:\/\/wp.ufpel.edu.br\/ppgveterinaria\/files\/2025\/10\/Edital-de-Selecao-PPGV-2026.pdf\" target=\"_blank\" rel=\"noopener\">Edital Mestrado e Doutorado \u2013 Ingresso em 2026<\/a><\/span><\/li>\n<li><a href=\"https:\/\/wp.ufpel.edu.br\/ppgveterinaria\/files\/2025\/10\/Formulario-de-Inscricao.docx\" target=\"_blank\" rel=\"noopener\"><span style=\"color: #464646;\">Formul\u00e1rio \u2013 Inscri\u00e7\u00e3o<\/span><\/a><\/li>\n<li><a href=\"https:\/\/wp.ufpel.edu.br\/ppgveterinaria\/files\/2025\/10\/Checklist-Inscricao-Selecao-2026.docx\" target=\"_blank\" rel=\"noopener\"><span style=\"color: #464646;\">Checklist<\/span><\/a><\/li>\n<li><a href=\"https:\/\/wp.ufpel.edu.br\/ppgveterinaria\/files\/2025\/10\/Planilha-Selecao-2026-Site.xlsx\" target=\"_blank\" rel=\"noopener\"><span style=\"color: #464646;\">Planilha Avalia\u00e7\u00e3o do Curr\u00edculo \u2013 Mestrado e Doutorado<\/span><\/a><\/li>\n<li><span style=\"color: #464646;\"><a style=\"color: #464646;\" href=\"https:\/\/wp.ufpel.edu.br\/ppgveterinaria\/files\/2014\/07\/Declara%C3%A7%C3%A3o-de-Etnia-edit%C3%A1vel.docx\">Declara\u00e7\u00e3o de Etnia<\/a><\/span><\/li>\n<li><span style=\"color: #464646;\"><a style=\"color: #464646;\" href=\"https:\/\/wp.ufpel.edu.br\/ppgveterinaria\/files\/2021\/05\/Autodeclaracao_de_Identidade_de_Genero.pdf\" target=\"_blank\" rel=\"noopener noreferrer\">Autodeclara\u00e7\u00e3o de Identidade de G\u00eanero<\/a><\/span><\/li>\n<li><span style=\"color: #464646;\"><a style=\"color: #464646;\" href=\"https:\/\/wp.ufpel.edu.br\/ppgveterinaria\/files\/2024\/09\/Autodeclaracao-Deficiencia.docx\" target=\"_blank\" rel=\"noopener\">Autodeclara\u00e7\u00e3o de Defici\u00eancia<\/a><\/span><\/li>\n<li><a href=\"https:\/\/wp.ufpel.edu.br\/ppgveterinaria\/selecao-2026-classificacao-final-e-matricula\/\" target=\"_blank\" rel=\"noopener\"><span style=\"color: #464646;\">Resultado<\/span><\/a><\/li>\n<\/ul>\n","protected":false},"excerpt":{"rendered":"<p>&nbsp; Edital Mestrado \u2013 Chamada Extra \u2013 PAPIN Formul\u00e1rio \u2013 Inscri\u00e7\u00e3o Checklist Planilha Avalia\u00e7\u00e3o do Curr\u00edculo \u2013 Mestrado Resultado &nbsp; Edital Mestrado e Doutorado \u2013 Ingresso em 2026 Formul\u00e1rio \u2013 Inscri\u00e7\u00e3o Checklist Planilha Avalia\u00e7\u00e3o do Curr\u00edculo \u2013 Mestrado e Doutorado Declara\u00e7\u00e3o de Etnia Autodeclara\u00e7\u00e3o de Identidade de G\u00eanero Autodeclara\u00e7\u00e3o de Defici\u00eancia Resultado<\/p>\n","protected":false},"author":391,"featured_media":0,"parent":3675,"menu_order":-7,"comment_status":"closed","ping_status":"closed","template":"","meta":{"footnotes":""},"class_list":["post-7483","page","type-page","status-publish","hentry"],"_links":{"self":[{"href":"https:\/\/wp.ufpel.edu.br\/ppgveterinaria\/wp-json\/wp\/v2\/pages\/7483","targetHints":{"allow":["GET"]}}],"collection":[{"href":"https:\/\/wp.ufpel.edu.br\/ppgveterinaria\/wp-json\/wp\/v2\/pages"}],"about":[{"href":"https:\/\/wp.ufpel.edu.br\/ppgveterinaria\/wp-json\/wp\/v2\/types\/page"}],"author":[{"embeddable":true,"href":"https:\/\/wp.ufpel.edu.br\/ppgveterinaria\/wp-json\/wp\/v2\/users\/391"}],"replies":[{"embeddable":true,"href":"https:\/\/wp.ufpel.edu.br\/ppgveterinaria\/wp-json\/wp\/v2\/comments?post=7483"}],"version-history":[{"count":3,"href":"https:\/\/wp.ufpel.edu.br\/ppgveterinaria\/wp-json\/wp\/v2\/pages\/7483\/revisions"}],"predecessor-version":[{"id":7680,"href":"https:\/\/wp.ufpel.edu.br\/ppgveterinaria\/wp-json\/wp\/v2\/pages\/7483\/revisions\/7680"}],"up":[{"embeddable":true,"href":"https:\/\/wp.ufpel.edu.br\/ppgveterinaria\/wp-json\/wp\/v2\/pages\/3675"}],"wp:attachment":[{"href":"https:\/\/wp.ufpel.edu.br\/ppgveterinaria\/wp-json\/wp\/v2\/media?parent=7483"}],"curies":[{"name":"wp","href":"https:\/\/api.w.org\/{rel}","templated":true}]}}