{"id":7253,"date":"2025-05-26T12:42:26","date_gmt":"2025-05-26T15:42:26","guid":{"rendered":"https:\/\/wp.ufpel.edu.br\/ppgveterinaria\/?page_id=7253"},"modified":"2026-01-07T16:25:49","modified_gmt":"2026-01-07T19:25:49","slug":"2025-2","status":"publish","type":"page","link":"https:\/\/wp.ufpel.edu.br\/ppgveterinaria\/dissertacoesteses\/dissertacoes\/2025-2\/","title":{"rendered":"2025"},"content":{"rendered":"<p>&nbsp;<\/p>\n<ul style=\"text-align: justify;\">\n<li><span style=\"color: #464646; font-family: georgia, palatino, serif; font-size: 12pt;\"><strong>Disserta\u00e7\u00f5es 2025<\/strong><\/span><\/li>\n<\/ul>\n<p>&nbsp;<\/p>\n<hr \/>\n<p><span style=\"font-family: georgia, palatino, serif; font-size: 12pt; color: #464646;\"><strong>Aline do Amaral<\/strong><\/span><\/p>\n<p><span style=\"font-family: georgia, palatino, serif; font-size: 12pt; color: #464646;\"><strong>T\u00edtulo:<\/strong> <a style=\"color: #464646;\" href=\"https:\/\/wp.ufpel.edu.br\/ppgveterinaria\/files\/2025\/09\/Aline-do-Amaral.pdf\" target=\"_blank\" rel=\"noopener\">Altera\u00e7\u00f5es histopatol\u00f3gicas renais diagnosticadas em c\u00e3es e gatos no Servi\u00e7o de Oncologia Veterin\u00e1ria (SOVET-UFPEL) entre 2022 e 2024<\/a><\/span><\/p>\n<p><span style=\"font-family: georgia, palatino, serif; font-size: 12pt; color: #464646;\"><strong>Orientador:<\/strong>\u00a0Fabiane Borelli Grecco<\/span><\/p>\n<p><span style=\"font-family: georgia, palatino, serif; font-size: 12pt; color: #464646;\"><strong>Data da Defesa:<\/strong>\u00a028\/02\/2025<\/span><\/p>\n<hr \/>\n<p><span style=\"font-family: georgia, palatino, serif; font-size: 12pt; color: #464646;\"><strong>Andr\u00e9 Machado da Silva J\u00fanior<\/strong><\/span><\/p>\n<p><span style=\"font-family: georgia, palatino, serif; font-size: 12pt; color: #464646;\"><strong>T\u00edtulo:<\/strong> Avalia\u00e7\u00e3o das biometrias testiculares e produ\u00e7\u00e3o esperm\u00e1tica de garanh\u00f5es da ra\u00e7a Crioula (em corre\u00e7\u00e3o)<\/span><\/p>\n<p><span style=\"font-family: georgia, palatino, serif; font-size: 12pt; color: #464646;\"><strong>Orientador:<\/strong>\u00a0Bruna da Rosa Curcio<\/span><\/p>\n<p><span style=\"font-family: georgia, palatino, serif; font-size: 12pt; color: #464646;\"><strong>Data da Defesa:<\/strong>\u00a025\/02\/2025<\/span><\/p>\n<hr \/>\n<p><span style=\"font-family: georgia, palatino, serif; font-size: 12pt; color: #464646;\"><strong>Athena Cristina de Azambuja Rodrigues<\/strong><\/span><\/p>\n<p><span style=\"font-family: georgia, palatino, serif; font-size: 12pt; color: #464646;\"><strong>T\u00edtulo:<\/strong> Avalia\u00e7\u00e3o da antigenicidade de isolados de Sporothrix brasiliensis provenientes de duas regi\u00f5es end\u00eamicas do Brasil (em corre\u00e7\u00e3o)<\/span><\/p>\n<p><span style=\"font-family: georgia, palatino, serif; font-size: 12pt; color: #464646;\"><strong>Orientador:<\/strong>\u00a0Patr\u00edcia da Silva Nascente<\/span><\/p>\n<p><span style=\"font-family: georgia, palatino, serif; font-size: 12pt; color: #464646;\"><strong>Data da Defesa:<\/strong>\u00a005\/03\/2025<\/span><\/p>\n<hr \/>\n<p><span style=\"font-family: georgia, palatino, serif; font-size: 12pt; color: #464646;\"><strong>Bruna Garofali Simone Draber<\/strong><\/span><\/p>\n<p><span style=\"font-family: georgia, palatino, serif; font-size: 12pt; color: #464646;\"><strong>T\u00edtulo:<\/strong> <a style=\"color: #464646;\" href=\"https:\/\/wp.ufpel.edu.br\/ppgveterinaria\/files\/2025\/07\/Bruna-Garofali-Simone-Draber.pdf\" target=\"_blank\" rel=\"noopener\">Caracteriza\u00e7\u00e3o de <em>Escherichia coli<\/em> e <em>Salmonella spp<\/em>. multirresistentes veiculadas por lingui\u00e7as coloniais dessecadas vendidas em feiras livres no munic\u00edpio de Pelotas, RS<\/a><\/span><\/p>\n<p><span style=\"font-family: georgia, palatino, serif; font-size: 12pt; color: #464646;\"><strong>Orientador:<\/strong>\u00a0Rodrigo Casquero Cunha<\/span><\/p>\n<p><span style=\"font-family: georgia, palatino, serif; font-size: 12pt; color: #464646;\"><strong>Data da Defesa:<\/strong>\u00a024\/02\/2025<\/span><\/p>\n<hr \/>\n<p><span style=\"font-family: georgia, palatino, serif; font-size: 12pt; color: #464646;\"><strong>Carolina Oliveira da Silva<\/strong><\/span><\/p>\n<p><span style=\"font-family: georgia, palatino, serif; font-size: 12pt; color: #464646;\"><strong>T\u00edtulo:<\/strong> Produ\u00e7\u00e3o e avalia\u00e7\u00e3o de uma vacina quim\u00e9rica para uso terap\u00eautico contra a esporotricose utilizando modelo murino (em corre\u00e7\u00e3o)<\/span><\/p>\n<p><span style=\"font-family: georgia, palatino, serif; font-size: 12pt; color: #464646;\"><strong>Orientador:<\/strong>\u00a0F\u00e1bio Pereira Leivas Leite<\/span><\/p>\n<p><span style=\"font-family: georgia, palatino, serif; font-size: 12pt; color: #464646;\"><strong>Data da Defesa:<\/strong>\u00a026\/02\/2025<\/span><\/p>\n<hr \/>\n<p><span style=\"font-family: georgia, palatino, serif; font-size: 12pt; color: #464646;\"><strong>Catiane Prestes dos Santos<\/strong><\/span><\/p>\n<p><span style=\"font-family: georgia, palatino, serif; font-size: 12pt; color: #464646;\"><strong>T\u00edtulo:<\/strong> Efeitos da exposi\u00e7\u00e3o aguda e cr\u00f4nica de sevoflurano em par\u00e2metros\u00a0reprodutivos de camundongos machos (em corre\u00e7\u00e3o)<\/span><\/p>\n<p><span style=\"font-family: georgia, palatino, serif; font-size: 12pt; color: #464646;\"><strong>Orientador:<\/strong>\u00a0Carine Dahl Corcini<\/span><\/p>\n<p><span style=\"font-family: georgia, palatino, serif; font-size: 12pt; color: #464646;\"><strong>Data da Defesa:<\/strong>\u00a024\/02\/2025<\/span><\/p>\n<hr \/>\n<p><span style=\"font-family: georgia, palatino, serif; font-size: 12pt; color: #464646;\"><strong>Emanuelle Maciel Pederzoli<\/strong><\/span><\/p>\n<p><span style=\"font-family: georgia, palatino, serif; font-size: 12pt; color: #464646;\"><strong>T\u00edtulo:<\/strong> Detec\u00e7\u00e3o de Coronav\u00edrus, Paramyxov\u00edrus e v\u00edrus da Influenza em aves de rapina no Sul do Rio Grande do Sul (em corre\u00e7\u00e3o)<\/span><\/p>\n<p><span style=\"font-family: georgia, palatino, serif; font-size: 12pt; color: #464646;\"><strong>Orientador:<\/strong>\u00a0Carine Dahl Corcini<\/span><\/p>\n<p><span style=\"font-family: georgia, palatino, serif; font-size: 12pt; color: #464646;\"><strong>Data da Defesa:<\/strong> 28\/04\/2025<\/span><\/p>\n<hr \/>\n<p><span style=\"font-family: georgia, palatino, serif; font-size: 12pt; color: #464646;\"><strong>Fabiane de Holleben Camozzato Fadrique<\/strong><\/span><\/p>\n<p><span style=\"font-family: georgia, palatino, serif; font-size: 12pt; color: #464646;\"><strong>T\u00edtulo:<\/strong> <a style=\"color: #464646;\" href=\"https:\/\/wp.ufpel.edu.br\/ppgveterinaria\/files\/2025\/07\/Fabiane-de-Holleben-Camozzato-Fadrique.pdf\" target=\"_blank\" rel=\"noopener\">Urin\u00e1lise em gamb\u00e1s-de-orelha-branca (Didelphis albiventris)<\/a><\/span><\/p>\n<p><span style=\"font-family: georgia, palatino, serif; font-size: 12pt; color: #464646;\"><strong>Orientador:<\/strong>\u00a0Raqueli Teresinha Fran\u00e7a<\/span><\/p>\n<p><span style=\"font-family: georgia, palatino, serif; font-size: 12pt; color: #464646;\"><strong>Data da Defesa:<\/strong>\u00a021\/02\/2025<\/span><\/p>\n<hr \/>\n<p><span style=\"font-family: georgia, palatino, serif; font-size: 12pt; color: #464646;\"><strong>Francesca Lopes Zibetti<\/strong><\/span><\/p>\n<p><span style=\"font-family: georgia, palatino, serif; font-size: 12pt; color: #464646;\"><strong>T\u00edtulo:<\/strong> <a style=\"color: #464646;\" href=\"https:\/\/wp.ufpel.edu.br\/ppgveterinaria\/files\/2025\/09\/Francesca-Lopes-Zibetti.pdf\" target=\"_blank\" rel=\"noopener\">Efeitos cardiorespirat\u00f3rios da rinoplastia e estafilectomia em Buldogues Franceses<\/a><\/span><\/p>\n<p><span style=\"font-family: georgia, palatino, serif; font-size: 12pt; color: #464646;\"><strong>Orientador:<\/strong>\u00a0Marlete Brum Cleff<\/span><\/p>\n<p><span style=\"font-family: georgia, palatino, serif; font-size: 12pt; color: #464646;\"><strong>Data da Defesa:<\/strong>\u00a026\/02\/2025<\/span><\/p>\n<hr \/>\n<p><span style=\"font-family: georgia, palatino, serif; font-size: 12pt; color: #464646;\"><strong>Gabriel da Silva Zani<\/strong><\/span><\/p>\n<p><span style=\"font-family: georgia, palatino, serif; font-size: 12pt; color: #464646;\"><strong>T\u00edtulo:<\/strong> Caracteriza\u00e7\u00e3o e patogenicidade de isolados brasileiros de Adenov\u00edrus avi\u00e1rios, sorotipos 1 e 11 (em corre\u00e7\u00e3o)<\/span><\/p>\n<p><span style=\"font-family: georgia, palatino, serif; font-size: 12pt; color: #464646;\"><strong>Orientador:<\/strong>\u00a0Marcelo de Lima<\/span><\/p>\n<p><span style=\"font-family: georgia, palatino, serif; font-size: 12pt; color: #464646;\"><strong>Data da Defesa:<\/strong>\u00a028\/02\/2025<\/span><\/p>\n<hr \/>\n<p><span style=\"font-family: georgia, palatino, serif; font-size: 12pt; color: #464646;\"><strong>Gabriel Longo Rodrigues<\/strong><\/span><\/p>\n<p><span style=\"font-family: georgia, palatino, serif; font-size: 12pt; color: #464646;\"><strong>T\u00edtulo:<\/strong> Dexametasona de longa a\u00e7\u00e3o como ferramenta na manuten\u00e7\u00e3o do corpo l\u00fateo de f\u00eameas bovinas (em corre\u00e7\u00e3o)<\/span><\/p>\n<p><span style=\"font-family: georgia, palatino, serif; font-size: 12pt; color: #464646;\"><strong>Orientador:<\/strong>\u00a0Rafael Gianella Mondadori<\/span><\/p>\n<p><span style=\"font-family: georgia, palatino, serif; font-size: 12pt; color: #464646;\"><strong>Data da Defesa:<\/strong>\u00a025\/03\/2025<\/span><\/p>\n<hr \/>\n<p><span style=\"font-family: georgia, palatino, serif; font-size: 12pt; color: #464646;\"><strong>Gabriele Santos Mocellin<\/strong><\/span><\/p>\n<p><span style=\"font-family: georgia, palatino, serif; font-size: 12pt; color: #464646;\"><strong>T\u00edtulo:<\/strong> <a style=\"color: #464646;\" href=\"https:\/\/wp.ufpel.edu.br\/ppgveterinaria\/files\/2025\/07\/Gabriele-Santos-Mocellin.pdf\" target=\"_blank\" rel=\"noopener\">Uso de suplementos alimentares no controle de doen\u00e7as respirat\u00f3rias em bovinos de corte<\/a><\/span><\/p>\n<p><span style=\"font-family: georgia, palatino, serif; font-size: 12pt; color: #464646;\"><strong>Orientador:<\/strong>\u00a0Viviane Rohrig Rabassa<\/span><\/p>\n<p><span style=\"font-family: georgia, palatino, serif; font-size: 12pt; color: #464646;\"><strong>Data da Defesa:<\/strong>\u00a025\/02\/2025<\/span><\/p>\n<hr \/>\n<p><span style=\"font-family: georgia, palatino, serif; font-size: 12pt; color: #464646;\"><strong>Isadora Paz Oliveira dos Santos<\/strong><\/span><\/p>\n<p><span style=\"font-family: georgia, palatino, serif; font-size: 12pt; color: #464646;\"><strong>T\u00edtulo:<\/strong> &#8211; (em corre\u00e7\u00e3o)<\/span><\/p>\n<p><span style=\"font-family: georgia, palatino, serif; font-size: 12pt; color: #464646;\"><strong>Orientador:<\/strong>\u00a0Carlos Eduardo Wayne Nogueira<\/span><\/p>\n<p><span style=\"font-family: georgia, palatino, serif; font-size: 12pt; color: #464646;\"><strong>Data da Defesa:<\/strong> 29\/08\/2025<\/span><\/p>\n<hr \/>\n<p><span style=\"font-family: georgia, palatino, serif; font-size: 12pt; color: #464646;\"><strong>Julia Nobre Blank Camozzato<\/strong><\/span><\/p>\n<p><span style=\"font-family: georgia, palatino, serif; font-size: 12pt; color: #464646;\"><strong>T\u00edtulo:<\/strong> <a style=\"color: #464646;\" href=\"https:\/\/wp.ufpel.edu.br\/ppgveterinaria\/files\/2025\/12\/Julia-Nobre-Blank-Camozzato-Resumo.pdf\" target=\"_blank\" rel=\"noopener\">Gonadotrofina cori\u00f4nica equina recombinante para indu\u00e7\u00e3o de estro e ovula\u00e7\u00e3o em ovelhas lanadas<\/a><\/span><\/p>\n<p><span style=\"font-family: georgia, palatino, serif; font-size: 12pt; color: #464646;\"><strong>Orientador:<\/strong>\u00a0Bernardo Garziera Gasperin<\/span><\/p>\n<p><span style=\"font-family: georgia, palatino, serif; font-size: 12pt; color: #464646;\"><strong>Data da Defesa:<\/strong>\u00a027\/02\/2025<\/span><\/p>\n<hr \/>\n<p><span style=\"font-family: georgia, palatino, serif; font-size: 12pt; color: #464646;\"><strong>Juliana Montiel Nu\u00f1ez<\/strong><\/span><\/p>\n<p><span style=\"font-family: georgia, palatino, serif; font-size: 12pt; color: #464646;\"><strong>T\u00edtulo:<\/strong> Efeito da mirtapazina na express\u00e3o g\u00eanica de TNF-alfa e IL-6 em c\u00e9lulas mononucleares de sangue perif\u00e9rico de gatos (em corre\u00e7\u00e3o)<\/span><\/p>\n<p><span style=\"font-family: georgia, palatino, serif; font-size: 12pt; color: #464646;\"><strong>Orientador:<\/strong>\u00a0Silvia de Oliveira H\u00fcbner<\/span><\/p>\n<p><span style=\"font-family: georgia, palatino, serif; font-size: 12pt; color: #464646;\"><strong>Data da Defesa:<\/strong>\u00a013\/02\/2025<\/span><\/p>\n<hr \/>\n<p><span style=\"font-family: georgia, palatino, serif; font-size: 12pt; color: #464646;\"><strong>Juliana Tasende Ferrando<\/strong><\/span><\/p>\n<p><span style=\"font-family: georgia, palatino, serif; font-size: 12pt; color: #464646;\"><strong>T\u00edtulo:<\/strong> Avalia\u00e7\u00e3o in vitro do efeito antif\u00fangico do albendazol e miltefosina e monitoramento do perfil de suscetibilidade ao itraconazol frente a Sporothrix brasiliensis (em corre\u00e7\u00e3o)<\/span><\/p>\n<p><span style=\"font-family: georgia, palatino, serif; font-size: 12pt; color: #464646;\"><strong>Orientador:<\/strong>\u00a0Renata Os\u00f3rio de Faria<\/span><\/p>\n<p><span style=\"font-family: georgia, palatino, serif; font-size: 12pt; color: #464646;\"><strong>Data da Defesa:<\/strong>\u00a026\/02\/2025<\/span><\/p>\n<hr \/>\n<p><span style=\"font-family: georgia, palatino, serif; font-size: 12pt; color: #464646;\"><strong>Karolina Silva Soares<\/strong><\/span><\/p>\n<p><span style=\"font-family: georgia, palatino, serif; font-size: 12pt; color: #464646;\"><strong>T\u00edtulo:<\/strong> <a style=\"color: #464646;\" href=\"https:\/\/wp.ufpel.edu.br\/ppgveterinaria\/files\/2025\/07\/Karolina-Silva-Soares.pdf\" target=\"_blank\" rel=\"noopener\">A leptospirose ovina e sua import\u00e2ncia no contexto da sa\u00fade \u00fanica<\/a><\/span><\/p>\n<p><span style=\"font-family: georgia, palatino, serif; font-size: 12pt; color: #464646;\"><strong>Orientador:<\/strong>\u00a0\u00c9verton Fagonde da Silva<\/span><\/p>\n<p><span style=\"font-family: georgia, palatino, serif; font-size: 12pt; color: #464646;\"><strong>Data da Defesa:<\/strong>\u00a018\/02\/2025<\/span><\/p>\n<hr \/>\n<p><span style=\"font-family: georgia, palatino, serif; font-size: 12pt; color: #464646;\"><strong>La\u00eds Formiga Silva<\/strong><\/span><\/p>\n<p><span style=\"font-family: georgia, palatino, serif; font-size: 12pt; color: #464646;\"><strong>T\u00edtulo:<\/strong> <a style=\"color: #464646;\" href=\"https:\/\/wp.ufpel.edu.br\/ppgveterinaria\/files\/2025\/12\/Lais-Formiga-Silva.pdf\" target=\"_blank\" rel=\"noopener\">Nefrotomia na Dioctofimatose em c\u00e3es: Aspectos cl\u00ednicos, diagn\u00f3sticos, cir\u00fargicos e anatomopatol\u00f3gicos<\/a><\/span><\/p>\n<p><span style=\"font-family: georgia, palatino, serif; font-size: 12pt; color: #464646;\"><strong>Orientador:<\/strong>\u00a0Fabiane Borelli Grecco<\/span><\/p>\n<p><span style=\"font-family: georgia, palatino, serif; font-size: 12pt; color: #464646;\"><strong>Data da Defesa:<\/strong>\u00a028\/02\/2025<\/span><\/p>\n<hr \/>\n<p><span style=\"font-family: georgia, palatino, serif; font-size: 12pt; color: #464646;\"><strong>Mhanuel Carlos Arijama<\/strong><\/span><\/p>\n<p><span style=\"font-family: georgia, palatino, serif; font-size: 12pt; color: #464646;\"><strong>T\u00edtulo:<\/strong> Desenvolvimento de m\u00e9todo alternativo para diagn\u00f3stico de resist\u00eancia e sensibilidade de Rhipicephalus microplus a acaricidas injet\u00e1veis (em corre\u00e7\u00e3o)<\/span><\/p>\n<p><span style=\"font-family: georgia, palatino, serif; font-size: 12pt; color: #464646;\"><strong>Orientador:<\/strong>\u00a0Rodrigo Casquero Cunha<\/span><\/p>\n<p><span style=\"font-family: georgia, palatino, serif; font-size: 12pt; color: #464646;\"><strong>Data da Defesa:<\/strong>\u00a026\/02\/2025<\/span><\/p>\n<hr \/>\n<p style=\"text-align: justify;\"><span style=\"color: #464646; font-family: georgia, palatino, serif; font-size: 12pt;\"><strong>Ricardo de Oliveira <\/strong><\/span><\/p>\n<p style=\"text-align: justify;\"><span style=\"color: #464646; font-family: georgia, palatino, serif; font-size: 12pt;\"><strong>T\u00edtulo: <\/strong>&#8211; (em corre\u00e7\u00e3o)<\/span><\/p>\n<p style=\"text-align: justify;\"><span style=\"color: #464646; font-family: georgia, palatino, serif; font-size: 12pt;\"><strong>Orientador:<\/strong>\u00a0S\u00e9rgio Jorge<\/span><\/p>\n<p><span style=\"font-family: georgia, palatino, serif; font-size: 12pt; color: #464646;\"><strong>Data da Defesa:<\/strong> 18\/12\/2025<\/span><\/p>\n<hr \/>\n<p><span style=\"font-family: georgia, palatino, serif; font-size: 12pt; color: #464646;\"><strong>Sabrina Kohls de Araujo<\/strong><\/span><\/p>\n<p><span style=\"font-family: georgia, palatino, serif; font-size: 12pt; color: #464646;\"><strong>T\u00edtulo:<\/strong> An\u00e1lise da viabilidade celular de camundongos submetidos \u00e0 exposi\u00e7\u00e3o aguda e cr\u00f4nica ao Sevoflurano (em corre\u00e7\u00e3o)<\/span><\/p>\n<p><span style=\"font-family: georgia, palatino, serif; font-size: 12pt; color: #464646;\"><strong>Orientador:<\/strong>\u00a0Antonio Sergio Varela Junior<\/span><\/p>\n<p><span style=\"font-family: georgia, palatino, serif; font-size: 12pt; color: #464646;\"><strong>Data da Defesa:<\/strong>\u00a018\/02\/2025<\/span><\/p>\n<hr \/>\n<p><span style=\"font-family: georgia, palatino, serif; font-size: 12pt; color: #464646;\"><strong>Sara Marin Aubel<\/strong><\/span><\/p>\n<p><span style=\"font-family: georgia, palatino, serif; font-size: 12pt; color: #464646;\"><strong>T\u00edtulo:<\/strong> <a style=\"color: #464646;\" href=\"https:\/\/wp.ufpel.edu.br\/ppgveterinaria\/files\/2025\/07\/Sara-Marin-Aubel.pdf\" target=\"_blank\" rel=\"noopener\">Doen\u00e7as diagnosticadas em ovinos no sul do Rio Grande do Sul no per\u00edodo de 1977 a 2024<\/a><\/span><\/p>\n<p><span style=\"font-family: georgia, palatino, serif; font-size: 12pt; color: #464646;\"><strong>Orientador:<\/strong>\u00a0Eliza Simone Vi\u00e9gas Sallis<\/span><\/p>\n<p><span style=\"font-family: georgia, palatino, serif; font-size: 12pt; color: #464646;\"><strong>Data da Defesa:<\/strong>\u00a027\/02\/2025<\/span><\/p>\n<hr \/>\n<p><span style=\"font-family: georgia, palatino, serif; font-size: 12pt; color: #464646;\"><strong>Vitor Campos Assump\u00e7\u00e3o de Amarante <\/strong><\/span><\/p>\n<p><span style=\"font-family: georgia, palatino, serif; font-size: 12pt; color: #464646;\"><strong>T\u00edtulo: <\/strong>&#8211; (em corre\u00e7\u00e3o)<\/span><\/p>\n<p><span style=\"font-family: georgia, palatino, serif; font-size: 12pt; color: #464646;\"><strong>Orientador:<\/strong>\u00a0F\u00e1bio Raphael Pascoti Bruhn<\/span><\/p>\n<p><span style=\"font-family: georgia, palatino, serif; font-size: 12pt; color: #464646;\"><strong>Data da Defesa:<\/strong> 03\/10\/2025<\/span><\/p>\n<hr \/>\n<p>&nbsp;<\/p>\n<p>&nbsp;<\/p>\n","protected":false},"excerpt":{"rendered":"<p>&nbsp; Disserta\u00e7\u00f5es 2025 &nbsp; Aline do Amaral T\u00edtulo: Altera\u00e7\u00f5es histopatol\u00f3gicas renais diagnosticadas em c\u00e3es e gatos no Servi\u00e7o de Oncologia Veterin\u00e1ria (SOVET-UFPEL) entre 2022 e 2024 Orientador:\u00a0Fabiane Borelli Grecco Data da Defesa:\u00a028\/02\/2025 Andr\u00e9 Machado da Silva J\u00fanior T\u00edtulo: Avalia\u00e7\u00e3o das biometrias testiculares e produ\u00e7\u00e3o esperm\u00e1tica de garanh\u00f5es da ra\u00e7a Crioula (em corre\u00e7\u00e3o) Orientador:\u00a0Bruna da Rosa [&hellip;]<\/p>\n","protected":false},"author":391,"featured_media":0,"parent":152,"menu_order":-11,"comment_status":"closed","ping_status":"closed","template":"","meta":{"footnotes":""},"class_list":["post-7253","page","type-page","status-publish","hentry"],"_links":{"self":[{"href":"https:\/\/wp.ufpel.edu.br\/ppgveterinaria\/wp-json\/wp\/v2\/pages\/7253","targetHints":{"allow":["GET"]}}],"collection":[{"href":"https:\/\/wp.ufpel.edu.br\/ppgveterinaria\/wp-json\/wp\/v2\/pages"}],"about":[{"href":"https:\/\/wp.ufpel.edu.br\/ppgveterinaria\/wp-json\/wp\/v2\/types\/page"}],"author":[{"embeddable":true,"href":"https:\/\/wp.ufpel.edu.br\/ppgveterinaria\/wp-json\/wp\/v2\/users\/391"}],"replies":[{"embeddable":true,"href":"https:\/\/wp.ufpel.edu.br\/ppgveterinaria\/wp-json\/wp\/v2\/comments?post=7253"}],"version-history":[{"count":4,"href":"https:\/\/wp.ufpel.edu.br\/ppgveterinaria\/wp-json\/wp\/v2\/pages\/7253\/revisions"}],"predecessor-version":[{"id":7632,"href":"https:\/\/wp.ufpel.edu.br\/ppgveterinaria\/wp-json\/wp\/v2\/pages\/7253\/revisions\/7632"}],"up":[{"embeddable":true,"href":"https:\/\/wp.ufpel.edu.br\/ppgveterinaria\/wp-json\/wp\/v2\/pages\/152"}],"wp:attachment":[{"href":"https:\/\/wp.ufpel.edu.br\/ppgveterinaria\/wp-json\/wp\/v2\/media?parent=7253"}],"curies":[{"name":"wp","href":"https:\/\/api.w.org\/{rel}","templated":true}]}}