{"id":71,"date":"2014-07-07T15:15:38","date_gmt":"2014-07-07T18:15:38","guid":{"rendered":"https:\/\/wp.ufpel.edu.br\/ppgveterinaria\/?page_id=71"},"modified":"2026-04-06T11:19:38","modified_gmt":"2026-04-06T14:19:38","slug":"downloads","status":"publish","type":"page","link":"https:\/\/wp.ufpel.edu.br\/ppgveterinaria\/downloads\/","title":{"rendered":"Downloads"},"content":{"rendered":"<div id=\"interno1\" style=\"font-weight: inherit; font-style: inherit; color: #006600; text-align: justify;\">\n<div id=\"interno1\">\n<div class=\"discertacoes\">\n<p>&nbsp;<\/p>\n<p><span style=\"text-decoration: underline; color: #464646; font-family: georgia, palatino, serif; font-size: 12pt;\"><strong>Documentos<\/strong><\/span><\/p>\n<ul>\n<li><a href=\"https:\/\/wp.ufpel.edu.br\/ppgveterinaria\/files\/2026\/04\/Calendario-PPGV-2026.pdf\" target=\"_blank\" rel=\"noopener\"><span style=\"font-family: georgia, palatino, serif; font-size: 12pt; color: #464646;\">Calend\u00e1rio PPGV &#8211; 2026<\/span><\/a><\/li>\n<\/ul>\n<\/div>\n<\/div>\n<p>&nbsp;<\/p>\n<div id=\"interno1\">\n<div class=\"discertacoes\">\n<p><span style=\"text-decoration: underline; color: #464646; font-family: georgia, palatino, serif; font-size: 12pt;\"><strong>Aproveitamento de Cr\u00e9ditos<\/strong><\/span><\/p>\n<ul>\n<li><span style=\"color: #464646; font-family: georgia, palatino, serif; font-size: 12pt;\"><a style=\"color: #464646;\" href=\"https:\/\/wp.ufpel.edu.br\/ppgveterinaria\/files\/2014\/07\/aprovcre.doc\" target=\"_blank\" rel=\"noopener noreferrer\">Formul\u00e1rio &#8211; Aproveitamento de Cr\u00e9ditos<\/a><\/span><\/li>\n<li><span style=\"color: #464646; font-family: georgia, palatino, serif; font-size: 12pt;\"><a style=\"color: #464646;\" href=\"https:\/\/wp.ufpel.edu.br\/ppgveterinaria\/files\/2014\/07\/encaminhamento_aproveitamento_creditos.doc\" target=\"_blank\" rel=\"noopener noreferrer\">Formul\u00e1rio &#8211; Justificativa\u00a0Aproveitamento de Cr\u00e9ditos<\/a><\/span><\/li>\n<\/ul>\n<\/div>\n<\/div>\n<p>&nbsp;<\/p>\n<p><span style=\"text-decoration: underline; color: #464646; font-family: georgia, palatino, serif; font-size: 12pt;\"><strong>Defesas e homologa\u00e7\u00f5es<\/strong><\/span><\/p>\n<ul>\n<li><span style=\"color: #464646; font-family: georgia, palatino, serif; font-size: 12pt;\"><a style=\"color: #464646;\" href=\"https:\/\/wp.ufpel.edu.br\/ppgveterinaria\/files\/2023\/11\/Encaminhamento-de-Defesa-Novo-1.docx\" target=\"_blank\" rel=\"noopener noreferrer\">Formul\u00e1rio &#8211; Encaminhamento de Banca de Defesa<\/a><\/span><\/li>\n<li><span style=\"color: #464646; font-family: georgia, palatino, serif; font-size: 12pt;\"><a style=\"color: #464646;\" href=\"https:\/\/wp.ufpel.edu.br\/ppgveterinaria\/files\/2026\/01\/Documentos-Homologacao-Alunos-2026.pdf\" target=\"_blank\" rel=\"noopener noreferrer\">Documentos para homologa\u00e7\u00e3o de Disserta\u00e7\u00f5es e Teses<\/a><\/span><\/li>\n<li><span style=\"color: #464646; font-family: georgia, palatino, serif; font-size: 12pt;\"><a style=\"color: #464646;\" href=\"https:\/\/wp.ufpel.edu.br\/ppgveterinaria\/files\/2025\/05\/Documento-Orientador-Raqueli.docx\" target=\"_blank\" rel=\"noopener noreferrer\">Encaminhamento do trabalho &#8211; Orientador<\/a><\/span><\/li>\n<li><span style=\"color: #464646; font-family: georgia, palatino, serif; font-size: 12pt;\"><a style=\"color: #464646;\" href=\"https:\/\/wp.ufpel.edu.br\/ppgveterinaria\/files\/2024\/03\/Termo-Dissertacoes-e-Teses-Novo-2024.pdf\" target=\"_blank\" rel=\"noopener noreferrer\">Autoriza\u00e7\u00e3o para publica\u00e7\u00e3o online<\/a><\/span><\/li>\n<li><span style=\"color: #464646; font-family: georgia, palatino, serif; font-size: 12pt;\"><a style=\"color: #464646;\" href=\"https:\/\/wp.ufpel.edu.br\/ppgveterinaria\/files\/2014\/07\/Modelo-Relat\u00f3rio-de-Qualifica\u00e7\u00e3o.docx\" target=\"_blank\" rel=\"noopener noreferrer\">Modelo de Relat\u00f3rio para Qualifica\u00e7\u00e3o<\/a><\/span><\/li>\n<li><span style=\"color: #464646; font-family: georgia, palatino, serif; font-size: 12pt;\"><a style=\"color: #464646;\" href=\"https:\/\/wp.ufpel.edu.br\/ppgveterinaria\/files\/2023\/12\/Modelo-Dissertacao-Tese-PPGV-Novo.docx\" target=\"_blank\" rel=\"noopener\">Modelo Simplificado de Formata\u00e7\u00e3o para Disserta\u00e7\u00f5es e Teses &#8211; PPGV<\/a><\/span><\/li>\n<li><span style=\"color: #464646; font-family: georgia, palatino, serif; font-size: 12pt;\"><a style=\"color: #464646;\" href=\"https:\/\/wp.ufpel.edu.br\/ppgveterinaria\/files\/2023\/12\/Manual_Versao_Final_2023.pdf\" target=\"_blank\" rel=\"noopener noreferrer\">Manual de Teses e Disserta\u00e7\u00f5es &#8211; SisBi\/UFPel<\/a><\/span><\/li>\n<\/ul>\n<p>&nbsp;<\/p>\n<div>\n<p><span style=\"text-decoration: underline; color: #464646; font-family: georgia, palatino, serif; font-size: 12pt;\"><strong>Matr\u00edculas<\/strong><\/span><\/p>\n<\/div>\n<\/div>\n<ul style=\"text-align: justify;\">\n<li><span style=\"color: #464646; font-family: georgia, palatino, serif; font-size: 12pt;\"><a style=\"color: #464646;\" href=\"https:\/\/wp.ufpel.edu.br\/ppgveterinaria\/files\/2014\/07\/cancdisc.doc\" target=\"_blank\" rel=\"noopener noreferrer\">Formul\u00e1rio &#8211; Cancelamento de Matr\u00edcula em Disciplina<\/a><\/span><\/li>\n<li><span style=\"color: #464646; font-family: georgia, palatino, serif; font-size: 12pt;\"><a style=\"color: #464646;\" href=\"https:\/\/wp.ufpel.edu.br\/ppgveterinaria\/files\/2026\/04\/Comite-e-Plano-de-Estudos-PPGV-Novo.docx\" target=\"_blank\" rel=\"noopener noreferrer\">Formul\u00e1rio &#8211; Comit\u00ea de Orienta\u00e7\u00e3o Acad\u00eamica e Plano de Estudos<\/a><\/span><\/li>\n<li><span style=\"font-family: georgia, palatino, serif; font-size: 12pt; color: #464646;\"><a style=\"color: #464646;\" href=\"https:\/\/wp.ufpel.edu.br\/ppgveterinaria\/files\/2025\/12\/Ficha-de-Dados-Novos-Alunos.docx\" target=\"_blank\" rel=\"noopener\">Ficha de Dados &#8211; Novos Alunos<\/a><\/span><\/li>\n<\/ul>\n<p>&nbsp;<\/p>\n<p style=\"text-align: justify;\"><span style=\"text-decoration: underline; color: #464646; font-family: georgia, palatino, serif; font-size: 12pt;\"><strong>Bolsas<\/strong><\/span><\/p>\n<ul style=\"text-align: justify;\">\n<li><span style=\"color: #464646; font-family: georgia, palatino, serif; font-size: 12pt;\"><a style=\"color: #464646;\" href=\"https:\/\/wp.ufpel.edu.br\/ppgveterinaria\/files\/2026\/03\/Nome-do-Bolsista-M.xlsx\" target=\"_blank\" rel=\"noopener\">Formul\u00e1rio de Cadastro &#8211; Mestrado<\/a><\/span><\/li>\n<li><span style=\"color: #464646; font-family: georgia, palatino, serif; font-size: 12pt;\"><a style=\"color: #464646;\" href=\"https:\/\/wp.ufpel.edu.br\/ppgveterinaria\/files\/2026\/03\/Nome-do-Bolsista-D.xlsx\" target=\"_blank\" rel=\"noopener\">Formul\u00e1rio de Cadastro &#8211; Doutorado<\/a><\/span><\/li>\n<li><span style=\"color: #464646; font-family: georgia, palatino, serif; font-size: 12pt;\"><a style=\"color: #464646;\" href=\"https:\/\/wp.ufpel.edu.br\/ppgveterinaria\/files\/2024\/02\/Termo-de-Compromisso-Proex-PPGV.docx\" target=\"_blank\" rel=\"noopener\">Termo de Compromisso<\/a><\/span><\/li>\n<li><span style=\"color: #464646; font-family: georgia, palatino, serif; font-size: 12pt;\"><a style=\"color: #464646;\" href=\"https:\/\/wp.ufpel.edu.br\/ppgveterinaria\/files\/2024\/02\/Declaracao-de-Acumulo-Proex-PPGV.docx\" target=\"_blank\" rel=\"noopener\">Declara\u00e7\u00e3o de Ac\u00famulo<\/a> (se necess\u00e1rio)<\/span><\/li>\n<\/ul>\n<p>&nbsp;<\/p>\n<p style=\"text-align: justify;\"><span style=\"text-decoration: underline; color: #464646; font-family: georgia, palatino, serif; font-size: 12pt;\"><strong>Ranqueamento Orientadores<\/strong><\/span><\/p>\n<ul style=\"text-align: justify;\">\n<li><a href=\"https:\/\/wp.ufpel.edu.br\/ppgveterinaria\/files\/2025\/08\/Ranqueamento-2025-Site.xlsx\" target=\"_blank\" rel=\"noopener\"><span style=\"color: #464646; font-family: georgia, palatino, serif; font-size: 12pt;\">Ranqueamento 2025 &#8211; Atuais Orientadores<\/span><\/a><\/li>\n<li><span style=\"color: #464646; font-family: georgia, palatino, serif; font-size: 12pt;\"><a href=\"https:\/\/wp.ufpel.edu.br\/ppgveterinaria\/files\/2025\/08\/Interessados-em-orientar-2025-Site.xlsx\" target=\"_blank\" rel=\"noopener\">Solicita\u00e7\u00e3o de Ingresso PPGV<\/a>\u00a0(ingresso de novos orientadores para o ano de 2026)<\/span><\/li>\n<li><span style=\"color: #464646; font-family: georgia, palatino, serif; font-size: 12pt;\"><a style=\"color: #464646;\" href=\"https:\/\/wp.ufpel.edu.br\/ppgveterinaria\/files\/2025\/08\/Anexo-I-Produtos-Tecnicos-e-Tecnologicos.pdf\" target=\"_blank\" rel=\"noopener\">Produtos T\u00e9cnicos e Tecnol\u00f3gicos<\/a><\/span><\/li>\n<li><span style=\"color: #464646; font-family: georgia, palatino, serif; font-size: 12pt;\"><a style=\"color: #464646;\" href=\"https:\/\/wp.ufpel.edu.br\/ppgveterinaria\/files\/2025\/08\/Tabela-de-Avaliacao-Capes.pdf\" target=\"_blank\" rel=\"noopener\">Tabela Capes 2025-2028<\/a><\/span><\/li>\n<\/ul>\n<p style=\"text-align: justify;\"><span style=\"font-style: inherit; font-weight: inherit; color: #464646; font-family: georgia, palatino, serif; font-size: 12pt;\">\u00a0<\/span><\/p>\n","protected":false},"excerpt":{"rendered":"<p>&nbsp; Documentos Calend\u00e1rio PPGV &#8211; 2026 &nbsp; Aproveitamento de Cr\u00e9ditos Formul\u00e1rio &#8211; Aproveitamento de Cr\u00e9ditos Formul\u00e1rio &#8211; Justificativa\u00a0Aproveitamento de Cr\u00e9ditos &nbsp; Defesas e homologa\u00e7\u00f5es Formul\u00e1rio &#8211; Encaminhamento de Banca de Defesa Documentos para homologa\u00e7\u00e3o de Disserta\u00e7\u00f5es e Teses Encaminhamento do trabalho &#8211; Orientador Autoriza\u00e7\u00e3o para publica\u00e7\u00e3o online Modelo de Relat\u00f3rio para Qualifica\u00e7\u00e3o Modelo Simplificado de [&hellip;]<\/p>\n","protected":false},"author":391,"featured_media":0,"parent":0,"menu_order":7,"comment_status":"closed","ping_status":"closed","template":"","meta":{"footnotes":""},"class_list":["post-71","page","type-page","status-publish","hentry"],"_links":{"self":[{"href":"https:\/\/wp.ufpel.edu.br\/ppgveterinaria\/wp-json\/wp\/v2\/pages\/71","targetHints":{"allow":["GET"]}}],"collection":[{"href":"https:\/\/wp.ufpel.edu.br\/ppgveterinaria\/wp-json\/wp\/v2\/pages"}],"about":[{"href":"https:\/\/wp.ufpel.edu.br\/ppgveterinaria\/wp-json\/wp\/v2\/types\/page"}],"author":[{"embeddable":true,"href":"https:\/\/wp.ufpel.edu.br\/ppgveterinaria\/wp-json\/wp\/v2\/users\/391"}],"replies":[{"embeddable":true,"href":"https:\/\/wp.ufpel.edu.br\/ppgveterinaria\/wp-json\/wp\/v2\/comments?post=71"}],"version-history":[{"count":4,"href":"https:\/\/wp.ufpel.edu.br\/ppgveterinaria\/wp-json\/wp\/v2\/pages\/71\/revisions"}],"predecessor-version":[{"id":7713,"href":"https:\/\/wp.ufpel.edu.br\/ppgveterinaria\/wp-json\/wp\/v2\/pages\/71\/revisions\/7713"}],"wp:attachment":[{"href":"https:\/\/wp.ufpel.edu.br\/ppgveterinaria\/wp-json\/wp\/v2\/media?parent=71"}],"curies":[{"name":"wp","href":"https:\/\/api.w.org\/{rel}","templated":true}]}}