{"id":7023,"date":"2024-08-30T15:01:07","date_gmt":"2024-08-30T18:01:07","guid":{"rendered":"https:\/\/wp.ufpel.edu.br\/ppgveterinaria\/?page_id=7023"},"modified":"2025-12-28T18:55:49","modified_gmt":"2025-12-28T21:55:49","slug":"2025-2","status":"publish","type":"page","link":"https:\/\/wp.ufpel.edu.br\/ppgveterinaria\/editais\/mestrado-e-doutorado\/2025-2\/","title":{"rendered":"2025"},"content":{"rendered":"<p>&nbsp;<\/p>\n<ul>\n<li><a href=\"https:\/\/wp.ufpel.edu.br\/ppgveterinaria\/files\/2025\/07\/Edital_de_selecao_Papin.pdf\" target=\"_blank\" rel=\"noopener\"><span style=\"color: #464646;\">Edital Mestrado e Doutorado &#8211;\u00a02\u00ba Semestre &#8211; Chamada Extra &#8211; PAPIN<\/span><\/a><\/li>\n<li><span style=\"color: #464646;\"><a style=\"color: #464646;\" href=\"https:\/\/wp.ufpel.edu.br\/ppgveterinaria\/files\/2023\/09\/Formulario-de-Inscricao.docx\" target=\"_blank\" rel=\"noopener\">Formul\u00e1rio \u2013 Inscri\u00e7\u00e3o<\/a><\/span><\/li>\n<li><a href=\"https:\/\/wp.ufpel.edu.br\/ppgveterinaria\/files\/2025\/07\/Checklist-Inscricao-Papin.docx\" target=\"_blank\" rel=\"noopener\"><span style=\"color: #464646;\">Checklist<\/span><\/a><\/li>\n<li><span style=\"color: #464646;\"><a style=\"color: #464646;\" href=\"https:\/\/wp.ufpel.edu.br\/ppgveterinaria\/files\/2024\/09\/Planilha-Selecao-2025-Site.xlsx\" target=\"_blank\" rel=\"noopener\">Planilha Avalia\u00e7\u00e3o do Curr\u00edculo \u2013 Mestrado e Doutorado<\/a><\/span><\/li>\n<li><a href=\"https:\/\/wp.ufpel.edu.br\/ppgveterinaria\/selecao-2025-chamada-extra-papin-resultado\/\" target=\"_blank\" rel=\"noopener\">Resultado<\/a><\/li>\n<\/ul>\n<p>&nbsp;<\/p>\n<ul>\n<li><span style=\"color: #464646;\"><a style=\"color: #464646;\" href=\"https:\/\/wp.ufpel.edu.br\/ppgveterinaria\/files\/2025\/07\/Edital-de-Selecao-PPGV-Mai.pdf\" target=\"_blank\" rel=\"noopener\">Edital Mestrado &#8211; 2\u00ba Semestre &#8211; Chamada Extra &#8211; MAI<\/a><\/span><\/li>\n<li><span style=\"color: #464646;\"><a style=\"color: #464646;\" href=\"https:\/\/wp.ufpel.edu.br\/ppgveterinaria\/files\/2023\/09\/Formulario-de-Inscricao.docx\" target=\"_blank\" rel=\"noopener\">Formul\u00e1rio \u2013 Inscri\u00e7\u00e3o<\/a><\/span><\/li>\n<li><span style=\"color: #464646;\"><a style=\"color: #464646;\" href=\"https:\/\/wp.ufpel.edu.br\/ppgveterinaria\/files\/2025\/07\/Checklist-Inscricao-Selecao-2025-Mai.docx\" target=\"_blank\" rel=\"noopener\">Checklist<\/a><\/span><\/li>\n<li><span style=\"color: #464646;\"><a style=\"color: #464646;\" href=\"https:\/\/wp.ufpel.edu.br\/ppgveterinaria\/files\/2024\/09\/Planilha-Selecao-2025-Site.xlsx\" target=\"_blank\" rel=\"noopener\">Planilha Avalia\u00e7\u00e3o do Curr\u00edculo \u2013 Mestrado<\/a><\/span><\/li>\n<li><a href=\"https:\/\/wp.ufpel.edu.br\/ppgveterinaria\/selecao-2025-chamada-extra-mai-resultado\/\" target=\"_blank\" rel=\"noopener\">Resultado<\/a><\/li>\n<\/ul>\n<p>&nbsp;<\/p>\n<ul>\n<li><span style=\"color: #464646;\"><a style=\"color: #464646;\" href=\"https:\/\/wp.ufpel.edu.br\/ppgveterinaria\/files\/2024\/09\/Edital-de-Selecao-2025-PPGV.pdf\" target=\"_blank\" rel=\"noopener\">Edital Mestrado e Doutorado \u2013 Ingresso em 2025<\/a><\/span><\/li>\n<li><span style=\"color: #464646;\"><a style=\"color: #464646;\" href=\"https:\/\/wp.ufpel.edu.br\/ppgveterinaria\/files\/2023\/09\/Formulario-de-Inscricao.docx\" target=\"_blank\" rel=\"noopener\">Formul\u00e1rio \u2013 Inscri\u00e7\u00e3o<\/a><\/span><\/li>\n<li><span style=\"color: #464646;\"><a style=\"color: #464646;\" href=\"https:\/\/wp.ufpel.edu.br\/ppgveterinaria\/files\/2024\/09\/Checklist-Inscricao-Selecao-2025.docx\" target=\"_blank\" rel=\"noopener\">Checklist<\/a><\/span><\/li>\n<li><span style=\"color: #464646;\"><a style=\"color: #464646;\" href=\"https:\/\/wp.ufpel.edu.br\/ppgveterinaria\/files\/2024\/09\/Planilha-Selecao-2025-Site.xlsx\" target=\"_blank\" rel=\"noopener\">Planilha Avalia\u00e7\u00e3o do Curr\u00edculo \u2013 Mestrado e Doutorado<\/a><\/span><\/li>\n<li><span style=\"color: #464646;\"><a style=\"color: #464646;\" href=\"https:\/\/wp.ufpel.edu.br\/ppgveterinaria\/files\/2014\/07\/Declara%C3%A7%C3%A3o-de-Etnia-edit%C3%A1vel.docx\">Declara\u00e7\u00e3o de Etnia<\/a><\/span><\/li>\n<li><span style=\"color: #464646;\"><a style=\"color: #464646;\" href=\"https:\/\/wp.ufpel.edu.br\/ppgveterinaria\/files\/2021\/05\/Autodeclaracao_de_Identidade_de_Genero.pdf\" target=\"_blank\" rel=\"noopener noreferrer\">Autodeclara\u00e7\u00e3o de Identidade de G\u00eanero<\/a><\/span><\/li>\n<li><span style=\"color: #464646;\"><a style=\"color: #464646;\" href=\"https:\/\/wp.ufpel.edu.br\/ppgveterinaria\/files\/2024\/09\/Autodeclaracao-Deficiencia.docx\" target=\"_blank\" rel=\"noopener\">Autodeclara\u00e7\u00e3o de Defici\u00eancia<\/a><\/span><\/li>\n<li><span style=\"color: #464646;\"><a style=\"color: #464646;\" href=\"https:\/\/wp.ufpel.edu.br\/ppgveterinaria\/pt\/selecao-2025-classificacao-final-e-matricula\/\" target=\"_blank\" rel=\"noopener\">Resultado<\/a><\/span><\/li>\n<\/ul>\n<p>&nbsp;<\/p>\n","protected":false},"excerpt":{"rendered":"<p>&nbsp; Edital Mestrado e Doutorado &#8211;\u00a02\u00ba Semestre &#8211; Chamada Extra &#8211; PAPIN Formul\u00e1rio \u2013 Inscri\u00e7\u00e3o Checklist Planilha Avalia\u00e7\u00e3o do Curr\u00edculo \u2013 Mestrado e Doutorado Resultado &nbsp; Edital Mestrado &#8211; 2\u00ba Semestre &#8211; Chamada Extra &#8211; MAI Formul\u00e1rio \u2013 Inscri\u00e7\u00e3o Checklist Planilha Avalia\u00e7\u00e3o do Curr\u00edculo \u2013 Mestrado Resultado &nbsp; Edital Mestrado e Doutorado \u2013 Ingresso em [&hellip;]<\/p>\n","protected":false},"author":391,"featured_media":0,"parent":3675,"menu_order":-6,"comment_status":"closed","ping_status":"closed","template":"","meta":{"footnotes":""},"class_list":["post-7023","page","type-page","status-publish","hentry"],"_links":{"self":[{"href":"https:\/\/wp.ufpel.edu.br\/ppgveterinaria\/wp-json\/wp\/v2\/pages\/7023","targetHints":{"allow":["GET"]}}],"collection":[{"href":"https:\/\/wp.ufpel.edu.br\/ppgveterinaria\/wp-json\/wp\/v2\/pages"}],"about":[{"href":"https:\/\/wp.ufpel.edu.br\/ppgveterinaria\/wp-json\/wp\/v2\/types\/page"}],"author":[{"embeddable":true,"href":"https:\/\/wp.ufpel.edu.br\/ppgveterinaria\/wp-json\/wp\/v2\/users\/391"}],"replies":[{"embeddable":true,"href":"https:\/\/wp.ufpel.edu.br\/ppgveterinaria\/wp-json\/wp\/v2\/comments?post=7023"}],"version-history":[{"count":4,"href":"https:\/\/wp.ufpel.edu.br\/ppgveterinaria\/wp-json\/wp\/v2\/pages\/7023\/revisions"}],"predecessor-version":[{"id":7588,"href":"https:\/\/wp.ufpel.edu.br\/ppgveterinaria\/wp-json\/wp\/v2\/pages\/7023\/revisions\/7588"}],"up":[{"embeddable":true,"href":"https:\/\/wp.ufpel.edu.br\/ppgveterinaria\/wp-json\/wp\/v2\/pages\/3675"}],"wp:attachment":[{"href":"https:\/\/wp.ufpel.edu.br\/ppgveterinaria\/wp-json\/wp\/v2\/media?parent=7023"}],"curies":[{"name":"wp","href":"https:\/\/api.w.org\/{rel}","templated":true}]}}