{"id":6873,"date":"2024-07-30T23:03:48","date_gmt":"2024-07-31T02:03:48","guid":{"rendered":"https:\/\/wp.ufpel.edu.br\/ppgveterinaria\/?page_id=6873"},"modified":"2026-01-05T09:21:18","modified_gmt":"2026-01-05T12:21:18","slug":"2024-2","status":"publish","type":"page","link":"https:\/\/wp.ufpel.edu.br\/ppgveterinaria\/dissertacoesteses\/teses\/2024-2\/","title":{"rendered":"2024"},"content":{"rendered":"<p>&nbsp;<\/p>\n<ul>\n<li style=\"text-align: justify;\"><span style=\"font-family: georgia, palatino, serif; font-size: 12pt; color: #464646;\"><strong>Teses 2024<\/strong><\/span><\/li>\n<\/ul>\n<p>&nbsp;<\/p>\n<hr \/>\n<p style=\"text-align: justify;\"><span style=\"font-family: georgia, palatino, serif; font-size: 12pt; color: #464646;\"><strong>Bianca Conrad Bohm<\/strong><\/span><\/p>\n<p style=\"text-align: justify;\"><span style=\"font-family: georgia, palatino, serif; font-size: 12pt; color: #464646;\"><strong>T\u00edtulo:<\/strong> <a href=\"https:\/\/wp.ufpel.edu.br\/ppgveterinaria\/files\/2024\/11\/Bianca-Conrad-Bohm.pdf\" target=\"_blank\" rel=\"noopener\">Avalia\u00e7\u00e3o de dados do sistema de sa\u00fade e elabora\u00e7\u00e3o de ferramentas de triagem<\/a><\/span><\/p>\n<p style=\"text-align: justify;\"><span style=\"font-family: georgia, palatino, serif; font-size: 12pt; color: #464646;\"><strong>Orientador:<\/strong>\u00a0F\u00e1bio Raphael Pascoti Bruhn<\/span><\/p>\n<p style=\"text-align: justify;\"><span style=\"font-family: georgia, palatino, serif; font-size: 12pt; color: #464646;\"><strong>Data da Defesa:<\/strong>\u00a020\/02\/2024<\/span><\/p>\n<hr \/>\n<p style=\"text-align: justify;\"><span style=\"font-family: georgia, palatino, serif; font-size: 12pt; color: #464646;\"><strong>Bianka Machado Zanini<\/strong><\/span><\/p>\n<p style=\"text-align: justify;\"><span style=\"font-family: georgia, palatino, serif; font-size: 12pt; color: #464646;\"><strong>T\u00edtulo:<\/strong> <a href=\"https:\/\/wp.ufpel.edu.br\/ppgveterinaria\/files\/2024\/11\/Bianka-Machado-Zanini.pdf\" target=\"_blank\" rel=\"noopener\">O papel dos microRNAs exossomais no metabolismo e envelhecimento ovariano usando camundongos como modelo de menopausa<\/a><\/span><\/p>\n<p style=\"text-align: justify;\"><span style=\"font-family: georgia, palatino, serif; font-size: 12pt; color: #464646;\"><strong>Orientador:<\/strong>\u00a0Augusto Schneider<\/span><\/p>\n<p style=\"text-align: justify;\"><span style=\"font-family: georgia, palatino, serif; font-size: 12pt; color: #464646;\"><strong>Data da Defesa:<\/strong>\u00a023\/02\/2024<\/span><\/p>\n<hr \/>\n<p style=\"text-align: justify;\"><span style=\"font-family: georgia, palatino, serif; font-size: 12pt; color: #464646;\"><strong>Camila Moura de Lima<\/strong><\/span><\/p>\n<p style=\"text-align: justify;\"><span style=\"font-family: georgia, palatino, serif; font-size: 12pt; color: #464646;\"><strong>T\u00edtulo:<\/strong> <a href=\"https:\/\/wp.ufpel.edu.br\/ppgveterinaria\/files\/2025\/07\/Camila-Moura-de-Lima.pdf\" target=\"_blank\" rel=\"noopener\">Avalia\u00e7\u00e3o cl\u00ednica e metab\u00f3lica de felinos acima do peso em tratamento com dieta hipocal\u00f3rica e enriquecimento ambiental<\/a><\/span><\/p>\n<p style=\"text-align: justify;\"><span style=\"font-family: georgia, palatino, serif; font-size: 12pt; color: #464646;\"><strong>Orientador:<\/strong> M\u00e1rcia de Oliveira Nobre<\/span><\/p>\n<p style=\"text-align: justify;\"><span style=\"font-family: georgia, palatino, serif; font-size: 12pt; color: #464646;\"><strong>Data da Defesa:<\/strong> 03\/12\/2024<\/span><\/p>\n<hr \/>\n<p style=\"text-align: justify;\"><span style=\"font-family: georgia, palatino, serif; font-size: 12pt; color: #464646;\"><strong>Cl\u00e1udia Beatriz de Mello Mendes<\/strong><\/span><\/p>\n<p style=\"text-align: justify;\"><span style=\"font-family: georgia, palatino, serif; font-size: 12pt; color: #464646;\"><strong>T\u00edtulo:<\/strong> Aspectos cl\u00ednicos, laboratoriais e histopatol\u00f3gicos em neoplasias cut\u00e2neas e mam\u00e1rias em pequenos animais (em corre\u00e7\u00e3o)\u00a0<\/span><\/p>\n<p style=\"text-align: justify;\"><span style=\"font-family: georgia, palatino, serif; font-size: 12pt; color: #464646;\"><strong>Orientador:<\/strong> M\u00e1rcia de Oliveira Nobre<\/span><\/p>\n<p style=\"text-align: justify;\"><span style=\"font-family: georgia, palatino, serif; font-size: 12pt; color: #464646;\"><strong>Data da Defesa:<\/strong> 20\/12\/2024<\/span><\/p>\n<hr \/>\n<p style=\"text-align: justify;\"><span style=\"font-family: georgia, palatino, serif; font-size: 12pt; color: #464646;\"><strong>Gabriela Castro da Silva<\/strong><\/span><\/p>\n<p style=\"text-align: justify;\"><span style=\"font-family: georgia, palatino, serif; font-size: 12pt; color: #464646;\"><strong>T\u00edtulo:<\/strong> <a href=\"https:\/\/wp.ufpel.edu.br\/ppgveterinaria\/files\/2025\/12\/Gabriela-Castro-da-Silva.pdf\" target=\"_blank\" rel=\"noopener\">Estudo da morfometria do alantoc\u00f3rion e cord\u00e3o umbilical de \u00e9guas Crioulas<\/a><\/span><\/p>\n<p style=\"text-align: justify;\"><span style=\"font-family: georgia, palatino, serif; font-size: 12pt; color: #464646;\"><strong>Orientador:<\/strong>\u00a0Bruna da Rosa Curcio<\/span><\/p>\n<p style=\"text-align: justify;\"><span style=\"font-family: georgia, palatino, serif; font-size: 12pt; color: #464646;\"><strong>Data da Defesa:<\/strong>\u00a001\/03\/2024<\/span><\/p>\n<hr \/>\n<p style=\"text-align: justify;\"><span style=\"font-family: georgia, palatino, serif; font-size: 12pt; color: #464646;\"><strong>Gustavo Ant\u00f4nio Boff<\/strong><\/span><\/p>\n<p style=\"text-align: justify;\"><span style=\"font-family: georgia, palatino, serif; font-size: 12pt; color: #464646;\"><strong>T\u00edtulo:<\/strong> <a href=\"https:\/\/wp.ufpel.edu.br\/ppgveterinaria\/files\/2026\/01\/Gustavo-Antonio-Boff-Resumo.pdf\" target=\"_blank\" rel=\"noopener\">Influ\u00eancia dos protocolos anest\u00e9sicos e m\u00e9todos de eutan\u00e1sia em animais de laborat\u00f3rio<\/a><\/span><\/p>\n<p style=\"text-align: justify;\"><span style=\"font-family: georgia, palatino, serif; font-size: 12pt; color: #464646;\"><strong>Orientador:<\/strong>\u00a0Fabiane Borelli Grecco<\/span><\/p>\n<p style=\"text-align: justify;\"><span style=\"font-family: georgia, palatino, serif; font-size: 12pt; color: #464646;\"><strong>Data da Defesa:<\/strong>\u00a020\/05\/2024<\/span><\/p>\n<hr \/>\n<p style=\"text-align: justify;\"><span style=\"font-family: georgia, palatino, serif; font-size: 12pt; color: #464646;\"><strong>Leonardo Clasen Ribeiro<\/strong><\/span><\/p>\n<p style=\"text-align: justify;\"><span style=\"font-family: georgia, palatino, serif; font-size: 12pt; color: #464646;\"><strong>T\u00edtulo:<\/strong> Caracteriza\u00e7\u00e3o da diversidade gen\u00e9tica e evolu\u00e7\u00e3o molecular do Senecavirus A em su\u00ednos no Brasil (em corre\u00e7\u00e3o)\u00a0<\/span><\/p>\n<p style=\"text-align: justify;\"><span style=\"font-family: georgia, palatino, serif; font-size: 12pt; color: #464646;\"><strong>Orientador:<\/strong>\u00a0Gilberto D\u2019Avila Vargas<\/span><\/p>\n<p style=\"text-align: justify;\"><span style=\"font-family: georgia, palatino, serif; font-size: 12pt; color: #464646;\"><strong>Data da Defesa:<\/strong>\u00a019\/07\/2024<\/span><\/p>\n<hr \/>\n<p style=\"text-align: justify;\"><span style=\"font-family: georgia, palatino, serif; font-size: 12pt; color: #464646;\"><strong>Lu\u00edsa Grecco Corr\u00eaa<\/strong><\/span><\/p>\n<p style=\"text-align: justify;\"><span style=\"font-family: georgia, palatino, serif; font-size: 12pt; color: #464646;\"><strong>T\u00edtulo:<\/strong> <a href=\"https:\/\/wp.ufpel.edu.br\/ppgveterinaria\/files\/2025\/02\/Luisa-Grecco-Correa.pdf\" target=\"_blank\" rel=\"noopener\">Avalia\u00e7\u00e3o da Sistem\u00e1tica de Classifica\u00e7\u00e3o e Gradua\u00e7\u00e3o de Neoplasmas Mesenquimais em c\u00e3es<\/a><\/span><\/p>\n<p style=\"text-align: justify;\"><span style=\"font-family: georgia, palatino, serif; font-size: 12pt; color: #464646;\"><strong>Orientador:<\/strong>\u00a0Cristina Gevehr Fernandes<\/span><\/p>\n<p style=\"text-align: justify;\"><span style=\"font-family: georgia, palatino, serif; font-size: 12pt; color: #464646;\"><strong>Data da Defesa:<\/strong>\u00a029\/02\/2024<\/span><\/p>\n<hr \/>\n<p style=\"text-align: justify;\"><span style=\"font-family: georgia, palatino, serif; font-size: 12pt; color: #464646;\"><strong>Martha Bravo Cruz Pi\u00f1eiro<\/strong><\/span><\/p>\n<p style=\"text-align: justify;\"><span style=\"font-family: georgia, palatino, serif; font-size: 12pt; color: #464646;\"><strong>T\u00edtulo:<\/strong> <a href=\"https:\/\/wp.ufpel.edu.br\/ppgveterinaria\/files\/2025\/12\/Martha-Bravo-Cruz-Pineiro.pdf\" target=\"_blank\" rel=\"noopener\">Avalia\u00e7\u00f5es de cremes cicatrizante com extratos vegetais de urucum e trigo associado \u00e0 imunomodula\u00e7\u00e3o junto ao tratamento convencional da esporotricose<\/a><\/span><\/p>\n<p style=\"text-align: justify;\"><span style=\"font-family: georgia, palatino, serif; font-size: 12pt; color: #464646;\"><strong>Orientador:<\/strong>\u00a0M\u00e1rcia de Oliveira Nobre<\/span><\/p>\n<p style=\"text-align: justify;\"><span style=\"font-family: georgia, palatino, serif; font-size: 12pt; color: #464646;\"><strong>Data da Defesa:<\/strong>\u00a028\/02\/2024<\/span><\/p>\n<hr \/>\n<p style=\"text-align: justify;\"><span style=\"font-family: georgia, palatino, serif; font-size: 12pt; color: #464646;\"><strong>Mayara Caetano Abreu<\/strong><\/span><\/p>\n<p style=\"text-align: justify;\"><span style=\"font-family: georgia, palatino, serif; font-size: 12pt; color: #464646;\"><strong>T\u00edtulo:<\/strong> <a href=\"https:\/\/wp.ufpel.edu.br\/ppgveterinaria\/files\/2025\/07\/Mayara-Caetano-Abreu.pdf\" target=\"_blank\" rel=\"noopener\">Efeito imunomodulador do Bacillus toyonensis em equinos imunizados com vacinas clostridiais recombinantes<\/a><\/span><\/p>\n<p style=\"text-align: justify;\"><span style=\"font-family: georgia, palatino, serif; font-size: 12pt; color: #464646;\"><strong>Orientador:<\/strong>\u00a0F\u00e1bio Pereira Leivas Leite<\/span><\/p>\n<p style=\"text-align: justify;\"><span style=\"font-family: georgia, palatino, serif; font-size: 12pt; color: #464646;\"><strong>Data da Defesa:<\/strong>\u00a003\/04\/2024<\/span><\/p>\n<hr \/>\n<p style=\"text-align: justify;\"><span style=\"font-family: georgia, palatino, serif; font-size: 12pt; color: #464646;\"><strong>Rafaela Pinto de Souza<\/strong><\/span><\/p>\n<p style=\"text-align: justify;\"><span style=\"font-family: georgia, palatino, serif; font-size: 12pt; color: #464646;\"><strong>T\u00edtulo:<\/strong> <a href=\"https:\/\/wp.ufpel.edu.br\/ppgveterinaria\/files\/2025\/07\/Rafaela-Pinto-de-Souza.pdf\" target=\"_blank\" rel=\"noopener\">Soropreval\u00eancia de Lawsonia intracellularis em equinos na regi\u00e3o sul do Rio Grande do Sul, Brasil<\/a>\u00a0<\/span><\/p>\n<p style=\"text-align: justify;\"><span style=\"font-family: georgia, palatino, serif; font-size: 12pt; color: #464646;\"><strong>Orientador:<\/strong>\u00a0Carlos Eduardo Wayne Nogueira<\/span><\/p>\n<p style=\"text-align: justify;\"><span style=\"font-family: georgia, palatino, serif; font-size: 12pt; color: #464646;\"><strong>Data da Defesa:<\/strong>\u00a022\/03\/2024<\/span><\/p>\n<hr \/>\n<p style=\"text-align: justify;\"><span style=\"font-family: georgia, palatino, serif; font-size: 12pt; color: #464646;\"><strong>Ritieli dos Santos Teixeira<\/strong><\/span><\/p>\n<p style=\"text-align: justify;\"><span style=\"font-family: georgia, palatino, serif; font-size: 12pt; color: #464646;\"><strong>T\u00edtulo:<\/strong> <a href=\"https:\/\/wp.ufpel.edu.br\/ppgveterinaria\/files\/2025\/07\/Ritieli-dos-Santos-Teixeira.pdf\" target=\"_blank\" rel=\"noopener\">Estrat\u00e9gias nutricionais e de cria\u00e7\u00e3o em diferentes fases de produ\u00e7\u00e3o de bovinos leiteiros<\/a>\u00a0<\/span><\/p>\n<p style=\"text-align: justify;\"><span style=\"font-family: georgia, palatino, serif; font-size: 12pt; color: #464646;\"><strong>Orientador:<\/strong>\u00a0Marcio Nunes Corr\u00eaa<\/span><\/p>\n<p style=\"text-align: justify;\"><span style=\"font-family: georgia, palatino, serif; font-size: 12pt; color: #464646;\"><strong>Data da Defesa:<\/strong>\u00a026\/02\/2024<\/span><\/p>\n<hr \/>\n<p style=\"text-align: justify;\"><span style=\"font-family: georgia, palatino, serif; font-size: 12pt; color: #464646;\"><strong>T\u00e1bata Pereira Dias<\/strong><\/span><\/p>\n<p style=\"text-align: justify;\"><span style=\"font-family: georgia, palatino, serif; font-size: 12pt; color: #464646;\"><strong>T\u00edtulo:<\/strong> <a href=\"https:\/\/wp.ufpel.edu.br\/ppgveterinaria\/files\/2025\/02\/Tabata-Pereira-Dias.pdf\" target=\"_blank\" rel=\"noopener\">Soroepidemiologia e conhecimento dos M\u00e9dicos veterin\u00e1rios para Leishmaniose Visceral Canina em munic\u00edpios indenes do sul do RS<\/a><br \/>\n<\/span><\/p>\n<p style=\"text-align: justify;\"><span style=\"font-family: georgia, palatino, serif; font-size: 12pt; color: #464646;\"><strong>Orientador:<\/strong>\u00a0Marlete Brum Cleff<\/span><\/p>\n<p style=\"text-align: justify;\"><span style=\"font-family: georgia, palatino, serif; font-size: 12pt; color: #464646;\"><strong>Data da Defesa:<\/strong>\u00a005\/04\/2024<\/span><\/p>\n<hr \/>\n<p style=\"text-align: justify;\">\n","protected":false},"excerpt":{"rendered":"<p>&nbsp; Teses 2024 &nbsp; Bianca Conrad Bohm T\u00edtulo: Avalia\u00e7\u00e3o de dados do sistema de sa\u00fade e elabora\u00e7\u00e3o de ferramentas de triagem Orientador:\u00a0F\u00e1bio Raphael Pascoti Bruhn Data da Defesa:\u00a020\/02\/2024 Bianka Machado Zanini T\u00edtulo: O papel dos microRNAs exossomais no metabolismo e envelhecimento ovariano usando camundongos como modelo de menopausa Orientador:\u00a0Augusto Schneider Data da Defesa:\u00a023\/02\/2024 Camila Moura [&hellip;]<\/p>\n","protected":false},"author":391,"featured_media":0,"parent":426,"menu_order":-10,"comment_status":"closed","ping_status":"closed","template":"","meta":{"footnotes":""},"class_list":["post-6873","page","type-page","status-publish","hentry"],"_links":{"self":[{"href":"https:\/\/wp.ufpel.edu.br\/ppgveterinaria\/wp-json\/wp\/v2\/pages\/6873","targetHints":{"allow":["GET"]}}],"collection":[{"href":"https:\/\/wp.ufpel.edu.br\/ppgveterinaria\/wp-json\/wp\/v2\/pages"}],"about":[{"href":"https:\/\/wp.ufpel.edu.br\/ppgveterinaria\/wp-json\/wp\/v2\/types\/page"}],"author":[{"embeddable":true,"href":"https:\/\/wp.ufpel.edu.br\/ppgveterinaria\/wp-json\/wp\/v2\/users\/391"}],"replies":[{"embeddable":true,"href":"https:\/\/wp.ufpel.edu.br\/ppgveterinaria\/wp-json\/wp\/v2\/comments?post=6873"}],"version-history":[{"count":3,"href":"https:\/\/wp.ufpel.edu.br\/ppgveterinaria\/wp-json\/wp\/v2\/pages\/6873\/revisions"}],"predecessor-version":[{"id":7611,"href":"https:\/\/wp.ufpel.edu.br\/ppgveterinaria\/wp-json\/wp\/v2\/pages\/6873\/revisions\/7611"}],"up":[{"embeddable":true,"href":"https:\/\/wp.ufpel.edu.br\/ppgveterinaria\/wp-json\/wp\/v2\/pages\/426"}],"wp:attachment":[{"href":"https:\/\/wp.ufpel.edu.br\/ppgveterinaria\/wp-json\/wp\/v2\/media?parent=6873"}],"curies":[{"name":"wp","href":"https:\/\/api.w.org\/{rel}","templated":true}]}}