{"id":6870,"date":"2024-07-30T23:02:32","date_gmt":"2024-07-31T02:02:32","guid":{"rendered":"https:\/\/wp.ufpel.edu.br\/ppgveterinaria\/?page_id=6870"},"modified":"2025-12-29T11:49:22","modified_gmt":"2025-12-29T14:49:22","slug":"2024-2","status":"publish","type":"page","link":"https:\/\/wp.ufpel.edu.br\/ppgveterinaria\/dissertacoesteses\/dissertacoes\/2024-2\/","title":{"rendered":"2024"},"content":{"rendered":"<p>&nbsp;<\/p>\n<ul style=\"text-align: justify;\">\n<li><span style=\"color: #464646; font-family: georgia, palatino, serif; font-size: 12pt;\"><strong>Disserta\u00e7\u00f5es 2024<\/strong><\/span><\/li>\n<\/ul>\n<p>&nbsp;<\/p>\n<hr \/>\n<p><span style=\"color: #464646; font-family: georgia, palatino, serif; font-size: 12pt;\"><strong>Amanda de Oliveira Barbosa<\/strong><\/span><\/p>\n<p><span style=\"font-family: georgia, palatino, serif; color: #464646; font-size: 12pt;\"><strong>T\u00edtulo:<\/strong> Imunogenicidade de uma vacina inativada contra o Senecavirus A (em corre\u00e7\u00e3o)<\/span><\/p>\n<p><span style=\"color: #464646; font-family: georgia, palatino, serif; font-size: 12pt;\"><strong>Orientador:<\/strong>\u00a0Marcelo de Lima<\/span><\/p>\n<p><span style=\"color: #464646; font-family: georgia, palatino, serif; font-size: 12pt;\"><strong>Data da Defesa:<\/strong> 29\/02\/2024<\/span><\/p>\n<hr \/>\n<p><span style=\"color: #464646; font-family: georgia, palatino, serif; font-size: 12pt;\"><strong>Denise Dieguez Fabres<\/strong><\/span><\/p>\n<p><span style=\"font-family: georgia, palatino, serif; color: #464646; font-size: 12pt;\"><strong>T\u00edtulo:<\/strong> <a href=\"https:\/\/wp.ufpel.edu.br\/ppgveterinaria\/files\/2025\/02\/Denise-Dieguez-Fabres.pdf\" target=\"_blank\" rel=\"noopener\">Preval\u00eancia de obesidade em c\u00e3es domiciliados no munic\u00edpio de Pelotas-RS<\/a><\/span><\/p>\n<p><span style=\"color: #464646; font-family: georgia, palatino, serif; font-size: 12pt;\"><strong>Orientador:<\/strong>\u00a0F\u00e1bio Raphael Pascoti Bruhn<\/span><\/p>\n<p><span style=\"color: #464646; font-family: georgia, palatino, serif; font-size: 12pt;\"><strong>Data da Defesa:<\/strong> 22\/07\/2024<\/span><\/p>\n<hr \/>\n<p><span style=\"color: #464646; font-family: georgia, palatino, serif; font-size: 12pt;\"><strong>\u200bEduarda Santos Bierhals<\/strong><\/span><\/p>\n<p><span style=\"font-family: georgia, palatino, serif; color: #464646; font-size: 12pt;\"><strong>T\u00edtulo:<\/strong> <a href=\"https:\/\/wp.ufpel.edu.br\/ppgveterinaria\/files\/2025\/02\/Eduarda-Santos-Bierhals.pdf\" target=\"_blank\" rel=\"noopener\">Covid-19 e o impacto psicocomportamental em c\u00e3es e gatos e efeito da aplica\u00e7\u00e3o de uma emuls\u00e3o de fitoesfingosina sobre a oleosidade da pele de c\u00e3es h\u00edgidos ou com dermatopatias controladas<\/a><\/span><\/p>\n<p><span style=\"color: #464646; font-family: georgia, palatino, serif; font-size: 12pt;\"><strong>Orientador:<\/strong>\u00a0M\u00e1rcia de Oliveira Nobre<\/span><\/p>\n<p><span style=\"color: #464646; font-family: georgia, palatino, serif; font-size: 12pt;\"><strong>Data da Defesa:<\/strong> 26\/02\/2024<\/span><\/p>\n<hr \/>\n<p><span style=\"font-family: georgia, palatino, serif; color: #464646; font-size: 12pt;\"><strong>Esther Mello Dias da Costa<\/strong><\/span><\/p>\n<p><span style=\"font-family: georgia, palatino, serif; color: #464646; font-size: 12pt;\"><strong>T\u00edtulo:<\/strong> Uso da gastroscopia como ferramenta para avalia\u00e7\u00e3o g\u00e1strica em potros (em corre\u00e7\u00e3o)<\/span><\/p>\n<p><span style=\"color: #464646; font-family: georgia, palatino, serif; font-size: 12pt;\"><strong>Orientador:<\/strong> Carlos Eduardo Wayne Nogueira<\/span><\/p>\n<p><span style=\"color: #464646; font-family: georgia, palatino, serif; font-size: 12pt;\"><strong>Data da Defesa:<\/strong> 21\/11\/2024<\/span><\/p>\n<hr \/>\n<p><span style=\"color: #464646; font-family: georgia, palatino, serif; font-size: 12pt;\"><strong>Fernanda Emanuele Barreto de Oliveira<\/strong><\/span><\/p>\n<p><span style=\"font-family: georgia, palatino, serif; color: #464646; font-size: 12pt;\"><strong>T\u00edtulo:<\/strong> Avalia\u00e7\u00e3o da Aceita\u00e7\u00e3o e Efic\u00e1cia de V\u00eddeos Did\u00e1ticos na Forma\u00e7\u00e3o de Estudantes de Medicina Veterin\u00e1ria em Contexto Pand\u00eamico (em corre\u00e7\u00e3o)<\/span><\/p>\n<p><span style=\"color: #464646; font-family: georgia, palatino, serif; font-size: 12pt;\"><strong>Orientador:<\/strong>\u00a0Antonio Sergio Varela Junior<\/span><\/p>\n<p><span style=\"color: #464646; font-family: georgia, palatino, serif; font-size: 12pt;\"><strong>Data da Defesa:<\/strong> xx\/08\/2024<\/span><\/p>\n<hr \/>\n<p><span style=\"color: #464646; font-family: georgia, palatino, serif; font-size: 12pt;\"><strong>Francieli Dell&#8217;Osbel<\/strong><\/span><\/p>\n<p><span style=\"font-family: georgia, palatino, serif; color: #464646; font-size: 12pt;\"><strong>T\u00edtulo:<\/strong> <a href=\"https:\/\/wp.ufpel.edu.br\/ppgveterinaria\/files\/2024\/10\/Francieli-DellOsbel.pdf\" target=\"_blank\" rel=\"noopener\">Pesquisa de anticorpos anti-Leptospira em c\u00e3es e gatos na cidade de Pelotas\/RS<\/a><\/span><\/p>\n<p><span style=\"color: #464646; font-family: georgia, palatino, serif; font-size: 12pt;\"><strong>Orientador:<\/strong>\u00a0\u00c9verton Fagonde da Silva<\/span><\/p>\n<p><span style=\"color: #464646; font-family: georgia, palatino, serif; font-size: 12pt;\"><strong>Data da Defesa:<\/strong> 26\/02\/2024<\/span><\/p>\n<hr \/>\n<p><span style=\"color: #464646; font-family: georgia, palatino, serif; font-size: 12pt;\"><strong>Gabriel Maggi<\/strong><\/span><\/p>\n<p><span style=\"font-family: georgia, palatino, serif; color: #464646; font-size: 12pt;\"><strong>T\u00edtulo:<\/strong> <a style=\"color: #464646;\" href=\"https:\/\/wp.ufpel.edu.br\/ppgveterinaria\/files\/2024\/11\/Gabriel-Maggi.pdf\" target=\"_blank\" rel=\"noopener\">Novas abordagens para o controle do ciclo estral e ovula\u00e7\u00e3o de f\u00eameas ovinas<\/a><\/span><\/p>\n<p><span style=\"color: #464646; font-family: georgia, palatino, serif; font-size: 12pt;\"><strong>Orientador:<\/strong>\u00a0Bernardo Garziera Gasperin<\/span><\/p>\n<p><span style=\"color: #464646; font-family: georgia, palatino, serif; font-size: 12pt;\"><strong>Data da Defesa:<\/strong> 22\/02\/2024<\/span><\/p>\n<hr \/>\n<p><span style=\"color: #464646; font-family: georgia, palatino, serif; font-size: 12pt;\"><strong>Gabriela Ladeira Sanzo<\/strong><\/span><\/p>\n<p><span style=\"font-family: georgia, palatino, serif; color: #464646; font-size: 12pt;\"><strong>T\u00edtulo:<\/strong> Diagn\u00f3stico molecular de esp\u00e9cies de Sporothrix spp. isoladas de c\u00e3es e gatos no Centro de Diagn\u00f3stico e Pesquisa em Micologia-UFPel (em corre\u00e7\u00e3o)<\/span><\/p>\n<p><span style=\"color: #464646; font-family: georgia, palatino, serif; font-size: 12pt;\"><strong>Orientador:<\/strong>\u00a0M\u00e1rio Carlos Ara\u00fajo Meireles<\/span><\/p>\n<p><span style=\"color: #464646; font-family: georgia, palatino, serif; font-size: 12pt;\"><strong>Data da Defesa:<\/strong> 29\/02\/2024<\/span><\/p>\n<hr \/>\n<p><span style=\"color: #464646; font-family: georgia, palatino, serif; font-size: 12pt;\"><strong>Lariane da Silva Barcelos<\/strong><\/span><\/p>\n<p><span style=\"font-family: georgia, palatino, serif; color: #464646; font-size: 12pt;\"><strong>T\u00edtulo:<\/strong> Infec\u00e7\u00e3o pelo Virus Respirat\u00f3rio Sincicial Bovino: identifica\u00e7\u00e3o da nucleolina como potencial receptor celular (em corre\u00e7\u00e3o)<\/span><\/p>\n<p><span style=\"color: #464646; font-family: georgia, palatino, serif; font-size: 12pt;\"><strong>Orientador:<\/strong>\u00a0Geferson Fischer<\/span><\/p>\n<p><span style=\"color: #464646; font-family: georgia, palatino, serif; font-size: 12pt;\"><strong>Data da Defesa:<\/strong> 26\/03\/2024<\/span><\/p>\n<hr \/>\n<p><span style=\"color: #464646; font-family: georgia, palatino, serif; font-size: 12pt;\"><strong>Luiza Gheno<\/strong><\/span><\/p>\n<p><span style=\"font-family: georgia, palatino, serif; color: #464646; font-size: 12pt;\"><strong>T\u00edtulo:<\/strong> Avalia\u00e7\u00e3o do corante Tricr\u00f4mico de G\u00f4mori para estudo de fol\u00edculos pr\u00e9-antrais inclusos em tecido ovariano na esp\u00e9cie equina (em corre\u00e7\u00e3o)<\/span><\/p>\n<p><span style=\"color: #464646; font-family: georgia, palatino, serif; font-size: 12pt;\"><strong>Orientador:<\/strong>\u00a0Bruna da Rosa Curcio<\/span><\/p>\n<p><span style=\"color: #464646; font-family: georgia, palatino, serif; font-size: 12pt;\"><strong>Data da Defesa:<\/strong> 27\/02\/2024<\/span><\/p>\n<hr \/>\n<p><span style=\"color: #464646; font-family: georgia, palatino, serif; font-size: 12pt;\"><strong>Marcos Eduardo Neto<\/strong><\/span><\/p>\n<p><span style=\"font-family: georgia, palatino, serif; color: #464646; font-size: 12pt;\"><strong>T\u00edtulo:<\/strong> <a href=\"https:\/\/wp.ufpel.edu.br\/ppgveterinaria\/files\/2025\/12\/Marcos-Eduardo-Neto.pdf\" target=\"_blank\" rel=\"noopener\">Efeito da obesidade e do processo inflamat\u00f3rio e sua rela\u00e7\u00e3o com altera\u00e7\u00f5es reprodutivas e ortop\u00e9dicas em \u00e9guas<\/a><\/span><\/p>\n<p><span style=\"color: #464646; font-family: georgia, palatino, serif; font-size: 12pt;\"><strong>Orientador:<\/strong>\u00a0Carlos Eduardo Wayne Nogueira<\/span><\/p>\n<p><span style=\"color: #464646; font-family: georgia, palatino, serif; font-size: 12pt;\"><strong>Data da Defesa:<\/strong> 20\/02\/2024<\/span><\/p>\n<hr \/>\n<p><span style=\"color: #464646; font-family: georgia, palatino, serif; font-size: 12pt;\"><strong>Marta Santos de Moraes<\/strong><\/span><\/p>\n<p><span style=\"font-family: georgia, palatino, serif; color: #464646; font-size: 12pt;\"><strong>T\u00edtulo:<\/strong> Estudo retrospectivo de neoplasias da gl\u00e2ndula mam\u00e1ria e do sistema reprodutor de caninos, felinos e pets n\u00e3o convencionais (roedores) diagnosticadas no Laborat\u00f3rio Regional de Diagn\u00f3stico no per\u00edodo de 2010 a 2022 (em corre\u00e7\u00e3o)<\/span><\/p>\n<p><span style=\"color: #464646; font-family: georgia, palatino, serif; font-size: 12pt;\"><strong>Orientador:<\/strong>\u00a0Eliza Simone Vi\u00e9gas Sallis<\/span><\/p>\n<p><span style=\"color: #464646; font-family: georgia, palatino, serif; font-size: 12pt;\"><strong>Data da Defesa:<\/strong> 29\/02\/2024<\/span><\/p>\n<hr \/>\n<p><span style=\"color: #464646; font-family: georgia, palatino, serif; font-size: 12pt;\"><strong>Mayana Lima S\u00e1<\/strong><\/span><\/p>\n<p><span style=\"font-family: georgia, palatino, serif; color: #464646; font-size: 12pt;\"><strong>T\u00edtulo:<\/strong> <a href=\"https:\/\/wp.ufpel.edu.br\/ppgveterinaria\/files\/2024\/10\/Mayana-Lima-Sa-Resumo.pdf\" target=\"_blank\" rel=\"noopener\">Par\u00e2metros gasom\u00e9tricos em tucano-de-bico-verde (Ramphastos dicolorus Linnaeus, 1766)<\/a><\/span><\/p>\n<p><span style=\"color: #464646; font-family: georgia, palatino, serif; font-size: 12pt;\"><strong>Orientador:<\/strong>\u00a0Raqueli Teresinha Fran\u00e7a<\/span><\/p>\n<p><span style=\"color: #464646; font-family: georgia, palatino, serif; font-size: 12pt;\"><strong>Data da Defesa:<\/strong> 05\/02\/2024<\/span><\/p>\n<hr \/>\n<p><span style=\"color: #464646; font-family: georgia, palatino, serif; font-size: 12pt;\"><strong>Paola Renata Joanol Dallmann<\/strong><\/span><\/p>\n<p><span style=\"font-family: georgia, palatino, serif; color: #464646; font-size: 12pt;\"><strong>T\u00edtulo:<\/strong> <a href=\"https:\/\/wp.ufpel.edu.br\/ppgveterinaria\/files\/2025\/02\/Paola-Renata-Joanol-Dallmann-Resumo.pdf\" target=\"_blank\" rel=\"noopener\">Identifica\u00e7\u00e3o molecular de micoplasmas hemotr\u00f3picos em felinos dom\u00e9sticos<\/a><\/span><\/p>\n<p><span style=\"color: #464646; font-family: georgia, palatino, serif; font-size: 12pt;\"><strong>Orientador:<\/strong>\u00a0Rodrigo Casquero Cunha<\/span><\/p>\n<p><span style=\"color: #464646; font-family: georgia, palatino, serif; font-size: 12pt;\"><strong>Data da Defesa:<\/strong> 27\/02\/2024<\/span><\/p>\n<hr \/>\n<p><span style=\"color: #464646; font-family: georgia, palatino, serif; font-size: 12pt;\"><strong>P\u00e9ter de Lima Wachholz<\/strong><\/span><\/p>\n<p><span style=\"font-family: georgia, palatino, serif; color: #464646; font-size: 12pt;\"><strong>T\u00edtulo:<\/strong> Uso de ezetimiba no tratamento da hiperlipidemia em c\u00e3es (em corre\u00e7\u00e3o)<\/span><\/p>\n<p><span style=\"color: #464646; font-family: georgia, palatino, serif; font-size: 12pt;\"><strong>Orientador:<\/strong>\u00a0M\u00e1rcia de Oliveira Nobre<\/span><\/p>\n<p><span style=\"color: #464646; font-family: georgia, palatino, serif; font-size: 12pt;\"><strong>Data da Defesa:<\/strong> 26\/02\/2024<\/span><\/p>\n<hr \/>\n<p><span style=\"color: #464646; font-family: georgia, palatino, serif; font-size: 12pt;\"><strong>Renata Paula Marcolan<\/strong><\/span><\/p>\n<p><span style=\"font-family: georgia, palatino, serif; color: #464646; font-size: 12pt;\"><strong>T\u00edtulo:<\/strong> An\u00e1lise de conte\u00fado e abordagem de orienta\u00e7\u00f5es veiculadas em m\u00eddias socias referente a esteriliza\u00e7\u00e3o cir\u00fargica de animais de companhia (em corre\u00e7\u00e3o)<\/span><\/p>\n<p><span style=\"color: #464646; font-family: georgia, palatino, serif; font-size: 12pt;\"><strong>Orientador:<\/strong>\u00a0Carine Dahl Corcini<\/span><\/p>\n<p><span style=\"color: #464646; font-family: georgia, palatino, serif; font-size: 12pt;\"><strong>Data da Defesa:<\/strong> 29\/02\/2024<\/span><\/p>\n<hr \/>\n<p><span style=\"color: #464646; font-family: georgia, palatino, serif; font-size: 12pt;\"><strong>Samira Alves de Souza Silva<\/strong><\/span><\/p>\n<p><span style=\"font-family: georgia, palatino, serif; color: #464646; font-size: 12pt;\"><strong>T\u00edtulo:<\/strong> <a style=\"color: #464646;\" href=\"https:\/\/wp.ufpel.edu.br\/ppgveterinaria\/files\/2024\/11\/Samira-Alves-de-Souza-Silva.pdf\" target=\"_blank\" rel=\"noopener\">GnRH34 com ou sem cipionato de estradiol na IATF de vacas <em>Bos indicus<\/em><\/a><\/span><\/p>\n<p><span style=\"color: #464646; font-family: georgia, palatino, serif; font-size: 12pt;\"><strong>Orientador:<\/strong>\u00a0Rafael Gianella Mondadori<\/span><\/p>\n<p><span style=\"color: #464646; font-family: georgia, palatino, serif; font-size: 12pt;\"><strong>Data da Defesa:<\/strong> 22\/02\/2024<\/span><\/p>\n<hr \/>\n<p><span style=\"color: #464646; font-family: georgia, palatino, serif; font-size: 12pt;\"><strong>Vagner Lucheze<\/strong><\/span><\/p>\n<p><span style=\"font-family: georgia, palatino, serif; color: #464646; font-size: 12pt;\"><strong>T\u00edtulo:<\/strong> <a href=\"https:\/\/wp.ufpel.edu.br\/ppgveterinaria\/files\/2025\/07\/Vagner-Lucheze.pdf\" target=\"_blank\" rel=\"noopener\">Influ\u00eancia da sa\u00fade de vacas leiteiras sobre o desempenho reprodutivo<\/a><\/span><\/p>\n<p><span style=\"color: #464646; font-family: georgia, palatino, serif; font-size: 12pt;\"><strong>Orientador:<\/strong>\u00a0Marcio Nunes Corr\u00eaa<\/span><\/p>\n<p><span style=\"color: #464646; font-family: georgia, palatino, serif; font-size: 12pt;\"><strong>Data da Defesa:<\/strong> 29\/02\/2024<\/span><\/p>\n<hr \/>\n<p><span style=\"color: #464646; font-family: georgia, palatino, serif; font-size: 12pt;\"><strong>Vit\u00f3ria Ramos de Freitas<\/strong><\/span><\/p>\n<p><span style=\"font-family: georgia, palatino, serif; color: #464646; font-size: 12pt;\"><strong>T\u00edtulo:<\/strong> Influ\u00eancia da gabapentina e pr\u00e1ticas integrativas sobre escores de seda\u00e7\u00e3o e dose de propofol na indu\u00e7\u00e3o em gatos (em corre\u00e7\u00e3o)<\/span><\/p>\n<p><span style=\"color: #464646; font-family: georgia, palatino, serif; font-size: 12pt;\"><strong>Orientador:<\/strong>\u00a0Marlete Brum Cleff<\/span><\/p>\n<p><span style=\"color: #464646; font-family: georgia, palatino, serif; font-size: 12pt;\"><strong>Data da Defesa:<\/strong> 23\/02\/2024<\/span><\/p>\n<hr \/>\n<p><span style=\"color: #464646; font-family: georgia, palatino, serif; font-size: 12pt;\"><strong>Vitt\u00f3ria Bassi das Neves<\/strong><\/span><\/p>\n<p><span style=\"font-family: georgia, palatino, serif; color: #464646; font-size: 12pt;\"><strong>T\u00edtulo:<\/strong> Ocorr\u00eancia dos V\u00edrus da Leucemia Felina (FeLV) e da Imunodefici\u00eancia Felina (FIV) em gatos assintom\u00e1ticos encaminhados para esteriliza\u00e7\u00e3o cir\u00fargica e sua influ\u00eancia na cicatriza\u00e7\u00e3o cut\u00e2nea (em corre\u00e7\u00e3o)<\/span><\/p>\n<p><span style=\"color: #464646; font-family: georgia, palatino, serif; font-size: 12pt;\"><strong>Orientador:<\/strong>\u00a0Marlete Brum Cleff<\/span><\/p>\n<p><span style=\"color: #464646; font-family: georgia, palatino, serif; font-size: 12pt;\"><strong>Data da Defesa:<\/strong> 06\/03\/2024<\/span><\/p>\n<hr \/>\n<p>&nbsp;<\/p>\n","protected":false},"excerpt":{"rendered":"<p>&nbsp; Disserta\u00e7\u00f5es 2024 &nbsp; Amanda de Oliveira Barbosa T\u00edtulo: Imunogenicidade de uma vacina inativada contra o Senecavirus A (em corre\u00e7\u00e3o) Orientador:\u00a0Marcelo de Lima Data da Defesa: 29\/02\/2024 Denise Dieguez Fabres T\u00edtulo: Preval\u00eancia de obesidade em c\u00e3es domiciliados no munic\u00edpio de Pelotas-RS Orientador:\u00a0F\u00e1bio Raphael Pascoti Bruhn Data da Defesa: 22\/07\/2024 \u200bEduarda Santos Bierhals T\u00edtulo: Covid-19 e [&hellip;]<\/p>\n","protected":false},"author":391,"featured_media":0,"parent":152,"menu_order":-10,"comment_status":"closed","ping_status":"closed","template":"","meta":{"footnotes":""},"class_list":["post-6870","page","type-page","status-publish","hentry"],"_links":{"self":[{"href":"https:\/\/wp.ufpel.edu.br\/ppgveterinaria\/wp-json\/wp\/v2\/pages\/6870","targetHints":{"allow":["GET"]}}],"collection":[{"href":"https:\/\/wp.ufpel.edu.br\/ppgveterinaria\/wp-json\/wp\/v2\/pages"}],"about":[{"href":"https:\/\/wp.ufpel.edu.br\/ppgveterinaria\/wp-json\/wp\/v2\/types\/page"}],"author":[{"embeddable":true,"href":"https:\/\/wp.ufpel.edu.br\/ppgveterinaria\/wp-json\/wp\/v2\/users\/391"}],"replies":[{"embeddable":true,"href":"https:\/\/wp.ufpel.edu.br\/ppgveterinaria\/wp-json\/wp\/v2\/comments?post=6870"}],"version-history":[{"count":4,"href":"https:\/\/wp.ufpel.edu.br\/ppgveterinaria\/wp-json\/wp\/v2\/pages\/6870\/revisions"}],"predecessor-version":[{"id":7597,"href":"https:\/\/wp.ufpel.edu.br\/ppgveterinaria\/wp-json\/wp\/v2\/pages\/6870\/revisions\/7597"}],"up":[{"embeddable":true,"href":"https:\/\/wp.ufpel.edu.br\/ppgveterinaria\/wp-json\/wp\/v2\/pages\/152"}],"wp:attachment":[{"href":"https:\/\/wp.ufpel.edu.br\/ppgveterinaria\/wp-json\/wp\/v2\/media?parent=6870"}],"curies":[{"name":"wp","href":"https:\/\/api.w.org\/{rel}","templated":true}]}}