{"id":6855,"date":"2024-07-30T20:22:00","date_gmt":"2024-07-30T23:22:00","guid":{"rendered":"https:\/\/wp.ufpel.edu.br\/ppgveterinaria\/?page_id=6855"},"modified":"2025-03-05T09:13:32","modified_gmt":"2025-03-05T12:13:32","slug":"regimento-equipamentos","status":"publish","type":"page","link":"https:\/\/wp.ufpel.edu.br\/ppgveterinaria\/docs\/regimento-equipamentos\/","title":{"rendered":"Regimento Equipamentos"},"content":{"rendered":"<p>&nbsp;<\/p>\n<p style=\"text-align: justify;\"><span style=\"color: #464646; font-family: georgia, palatino, serif; font-size: 12pt;\">O Regimento de Gest\u00e3o de Equipamentos Multiusu\u00e1rios disciplina os aspectos de organiza\u00e7\u00e3o e funcionamento dos equipamentos multiusu\u00e1rios vinculados ao PPGV, uma vez que o Programa possui em sua estrutura v\u00e1rios equipamentos multiusu\u00e1rios, alocados em laborat\u00f3rios devidamente cadastrados na Plataforma Nacional de Infraestrutura de Pesquisa (<a style=\"color: #464646;\" href=\"https:\/\/pnipe.mcti.gov.br\/search?term=ufpel\" target=\"_blank\" rel=\"noopener\">https:\/\/pnipe.mcti.gov.br\/search?term=ufpel<\/a>), e sua gest\u00e3o visa atender tanto a UFPel, como tamb\u00e9m outros \u00f3rg\u00e3os p\u00fablicos e privados.<\/span><\/p>\n<p>&nbsp;<\/p>\n<ul>\n<li style=\"text-align: justify;\"><span style=\"font-family: georgia, palatino, serif; font-size: 12pt; color: #464646;\"><a style=\"color: #464646;\" href=\"https:\/\/wp.ufpel.edu.br\/ppgveterinaria\/files\/2024\/08\/Regimento-Equipamentos-PPGV-1.pdf\" target=\"_blank\" rel=\"noopener\">Regimento Equipamentos Multiusu\u00e1rios &#8211; PPGV<\/a><\/span><\/li>\n<li><a href=\"https:\/\/wp.ufpel.edu.br\/ppgveterinaria\/files\/2025\/03\/Regimento-Multiusuario-UFPel.pdf\" target=\"_blank\" rel=\"noopener\"><span style=\"font-family: georgia, palatino, serif; font-size: 12pt; color: #464646;\">Regimento Geral &#8211; UFPel<\/span><\/a><\/li>\n<\/ul>\n<p>&nbsp;<\/p>\n","protected":false},"excerpt":{"rendered":"<p>&nbsp; O Regimento de Gest\u00e3o de Equipamentos Multiusu\u00e1rios disciplina os aspectos de organiza\u00e7\u00e3o e funcionamento dos equipamentos multiusu\u00e1rios vinculados ao PPGV, uma vez que o Programa possui em sua estrutura v\u00e1rios equipamentos multiusu\u00e1rios, alocados em laborat\u00f3rios devidamente cadastrados na Plataforma Nacional de Infraestrutura de Pesquisa (https:\/\/pnipe.mcti.gov.br\/search?term=ufpel), e sua gest\u00e3o visa atender tanto a UFPel, como [&hellip;]<\/p>\n","protected":false},"author":391,"featured_media":0,"parent":4143,"menu_order":4,"comment_status":"closed","ping_status":"closed","template":"","meta":{"footnotes":""},"class_list":["post-6855","page","type-page","status-publish","hentry"],"_links":{"self":[{"href":"https:\/\/wp.ufpel.edu.br\/ppgveterinaria\/wp-json\/wp\/v2\/pages\/6855","targetHints":{"allow":["GET"]}}],"collection":[{"href":"https:\/\/wp.ufpel.edu.br\/ppgveterinaria\/wp-json\/wp\/v2\/pages"}],"about":[{"href":"https:\/\/wp.ufpel.edu.br\/ppgveterinaria\/wp-json\/wp\/v2\/types\/page"}],"author":[{"embeddable":true,"href":"https:\/\/wp.ufpel.edu.br\/ppgveterinaria\/wp-json\/wp\/v2\/users\/391"}],"replies":[{"embeddable":true,"href":"https:\/\/wp.ufpel.edu.br\/ppgveterinaria\/wp-json\/wp\/v2\/comments?post=6855"}],"version-history":[{"count":12,"href":"https:\/\/wp.ufpel.edu.br\/ppgveterinaria\/wp-json\/wp\/v2\/pages\/6855\/revisions"}],"predecessor-version":[{"id":7216,"href":"https:\/\/wp.ufpel.edu.br\/ppgveterinaria\/wp-json\/wp\/v2\/pages\/6855\/revisions\/7216"}],"up":[{"embeddable":true,"href":"https:\/\/wp.ufpel.edu.br\/ppgveterinaria\/wp-json\/wp\/v2\/pages\/4143"}],"wp:attachment":[{"href":"https:\/\/wp.ufpel.edu.br\/ppgveterinaria\/wp-json\/wp\/v2\/media?parent=6855"}],"curies":[{"name":"wp","href":"https:\/\/api.w.org\/{rel}","templated":true}]}}