{"id":6735,"date":"2023-12-27T10:41:03","date_gmt":"2023-12-27T13:41:03","guid":{"rendered":"https:\/\/wp.ufpel.edu.br\/ppgveterinaria\/?page_id=6735"},"modified":"2024-08-30T18:10:39","modified_gmt":"2024-08-30T21:10:39","slug":"2024-2","status":"publish","type":"page","link":"https:\/\/wp.ufpel.edu.br\/ppgveterinaria\/editais\/alunos-especiais\/2024-2\/","title":{"rendered":"2024"},"content":{"rendered":"<p>&nbsp;<\/p>\n<ul>\n<li><span style=\"color: #464646;\"><a style=\"color: #464646;\" href=\"https:\/\/wp.ufpel.edu.br\/ppgveterinaria\/files\/2014\/07\/Formul%C3%A1rio-Inscri%C3%A7%C3%A3o-Aluno-Especial.doc\" target=\"_blank\" rel=\"noopener noreferrer\">Formul\u00e1rio de Inscri\u00e7\u00e3o \u2013 Aluno Especial<\/a><\/span><\/li>\n<\/ul>\n<p>&nbsp;<\/p>\n<ul>\n<li><a href=\"https:\/\/wp.ufpel.edu.br\/ppgveterinaria\/files\/2024\/01\/Edital-de-Selecao-Especiais-2024-1.pdf\" target=\"_blank\" rel=\"noopener\"><span style=\"color: #464646;\">Edital Aluno Especial 2024-1<\/span><\/a><\/li>\n<li><a href=\"https:\/\/wp.ufpel.edu.br\/ppgveterinaria\/files\/2024\/03\/Alunos-2024-1-Especiais.pdf\" target=\"_blank\" rel=\"noopener\"><span style=\"color: #464646;\">Alunos Especiais 2024-1<\/span><\/a><\/li>\n<\/ul>\n<p>&nbsp;<\/p>\n<ul>\n<li><a href=\"https:\/\/wp.ufpel.edu.br\/ppgveterinaria\/files\/2024\/08\/Edital-Especiais-2024-2.pdf\" target=\"_blank\" rel=\"noopener\"><span style=\"color: #464646;\">Edital Aluno Especial 2024-2<\/span><\/a><\/li>\n<li><a href=\"https:\/\/wp.ufpel.edu.br\/ppgveterinaria\/files\/2024\/08\/Alunos-2024-2-Especiais.pdf\" target=\"_blank\" rel=\"noopener\"><span style=\"color: #464646;\">Alunos Especiais 2024-2<\/span><\/a><\/li>\n<\/ul>\n","protected":false},"excerpt":{"rendered":"<p>&nbsp; Formul\u00e1rio de Inscri\u00e7\u00e3o \u2013 Aluno Especial &nbsp; Edital Aluno Especial 2024-1 Alunos Especiais 2024-1 &nbsp; Edital Aluno Especial 2024-2 Alunos Especiais 2024-2<\/p>\n","protected":false},"author":391,"featured_media":0,"parent":3682,"menu_order":-5,"comment_status":"closed","ping_status":"closed","template":"","meta":{"footnotes":""},"class_list":["post-6735","page","type-page","status-publish","hentry"],"_links":{"self":[{"href":"https:\/\/wp.ufpel.edu.br\/ppgveterinaria\/wp-json\/wp\/v2\/pages\/6735","targetHints":{"allow":["GET"]}}],"collection":[{"href":"https:\/\/wp.ufpel.edu.br\/ppgveterinaria\/wp-json\/wp\/v2\/pages"}],"about":[{"href":"https:\/\/wp.ufpel.edu.br\/ppgveterinaria\/wp-json\/wp\/v2\/types\/page"}],"author":[{"embeddable":true,"href":"https:\/\/wp.ufpel.edu.br\/ppgveterinaria\/wp-json\/wp\/v2\/users\/391"}],"replies":[{"embeddable":true,"href":"https:\/\/wp.ufpel.edu.br\/ppgveterinaria\/wp-json\/wp\/v2\/comments?post=6735"}],"version-history":[{"count":7,"href":"https:\/\/wp.ufpel.edu.br\/ppgveterinaria\/wp-json\/wp\/v2\/pages\/6735\/revisions"}],"predecessor-version":[{"id":7043,"href":"https:\/\/wp.ufpel.edu.br\/ppgveterinaria\/wp-json\/wp\/v2\/pages\/6735\/revisions\/7043"}],"up":[{"embeddable":true,"href":"https:\/\/wp.ufpel.edu.br\/ppgveterinaria\/wp-json\/wp\/v2\/pages\/3682"}],"wp:attachment":[{"href":"https:\/\/wp.ufpel.edu.br\/ppgveterinaria\/wp-json\/wp\/v2\/media?parent=6735"}],"curies":[{"name":"wp","href":"https:\/\/api.w.org\/{rel}","templated":true}]}}