{"id":6528,"date":"2023-08-22T11:13:11","date_gmt":"2023-08-22T14:13:11","guid":{"rendered":"https:\/\/wp.ufpel.edu.br\/ppgveterinaria\/?page_id=6528"},"modified":"2024-07-26T17:05:14","modified_gmt":"2024-07-26T20:05:14","slug":"2024-2","status":"publish","type":"page","link":"https:\/\/wp.ufpel.edu.br\/ppgveterinaria\/editais\/mestrado-e-doutorado\/2024-2\/","title":{"rendered":"2024"},"content":{"rendered":"<p>&nbsp;<\/p>\n<ul>\n<li><span style=\"color: #464646;\"><a style=\"color: #464646;\" href=\"https:\/\/wp.ufpel.edu.br\/ppgveterinaria\/files\/2024\/06\/Edital-de-selecao-PPGV-Papin.pdf\" target=\"_blank\" rel=\"noopener\">Edital Doutorado &#8211; Ingresso em 2024 &#8211; 2\u00ba Semestre &#8211; Chamada Extra<\/a><\/span><\/li>\n<li><span style=\"color: #464646;\"><a style=\"color: #464646;\" href=\"https:\/\/wp.ufpel.edu.br\/ppgveterinaria\/files\/2023\/09\/Formulario-de-Inscricao.docx\" target=\"_blank\" rel=\"noopener\">Formul\u00e1rio \u2013 Inscri\u00e7\u00e3o<\/a><\/span><\/li>\n<li><span style=\"color: #464646;\"><a style=\"color: #464646;\" href=\"https:\/\/wp.ufpel.edu.br\/ppgveterinaria\/files\/2023\/09\/Planilha-Selecao-2024-Site.xlsx\" target=\"_blank\" rel=\"noopener\">Planilha Avalia\u00e7\u00e3o do Curr\u00edculo \u2013 Doutorado<\/a><\/span><\/li>\n<li><span style=\"color: #464646;\"><a style=\"color: #464646;\" href=\"https:\/\/wp.ufpel.edu.br\/ppgveterinaria\/files\/2014\/07\/Declara%C3%A7%C3%A3o-de-Etnia-edit%C3%A1vel.docx\">Declara\u00e7\u00e3o de Etnia<\/a><\/span><\/li>\n<li><span style=\"color: #464646;\"><a style=\"color: #464646;\" href=\"https:\/\/wp.ufpel.edu.br\/ppgveterinaria\/files\/2021\/05\/Autodeclaracao_de_Identidade_de_Genero.pdf\" target=\"_blank\" rel=\"noopener noreferrer\">Autodeclara\u00e7\u00e3o de Identidade de G\u00eanero<\/a><\/span><\/li>\n<li><span style=\"color: #464646;\"><a style=\"color: #464646;\" href=\"https:\/\/wp.ufpel.edu.br\/ppgveterinaria\/files\/2023\/09\/Checklist-Inscricao-Selecao-2024.docx\" target=\"_blank\" rel=\"noopener\">Checklist<\/a><\/span><\/li>\n<li><a href=\"https:\/\/wp.ufpel.edu.br\/ppgveterinaria\/pt\/selecao-2024-chamada-extra-resultado\/\" target=\"_blank\" rel=\"noopener\"><span style=\"color: #464646;\">Resultado<\/span><\/a><\/li>\n<\/ul>\n<p>&nbsp;<\/p>\n<ul>\n<li><span style=\"color: #464646;\"><a style=\"color: #464646;\" href=\"https:\/\/wp.ufpel.edu.br\/ppgveterinaria\/files\/2023\/09\/Edital-de-selecao-2024.pdf\" target=\"_blank\" rel=\"noopener\">Edital Mestrado e Doutorado &#8211; Ingresso em 2024<\/a><\/span><\/li>\n<li><span style=\"color: #464646;\"><a style=\"color: #464646;\" href=\"https:\/\/wp.ufpel.edu.br\/ppgveterinaria\/files\/2023\/09\/Edital-de-Retificacao-PPGV.pdf\" target=\"_blank\" rel=\"noopener noreferrer\">Edital Mestrado e Doutorado \u2013 Ingresso em 2024 \u2013 Retifica\u00e7\u00e3o<\/a><\/span><\/li>\n<li><span style=\"color: #464646;\"><a style=\"color: #464646;\" href=\"https:\/\/wp.ufpel.edu.br\/ppgveterinaria\/files\/2023\/09\/Formulario-de-Inscricao.docx\" target=\"_blank\" rel=\"noopener\">Formul\u00e1rio \u2013 Inscri\u00e7\u00e3o<\/a><\/span><\/li>\n<li><span style=\"color: #464646;\"><a style=\"color: #464646;\" href=\"https:\/\/wp.ufpel.edu.br\/ppgveterinaria\/files\/2023\/09\/Planilha-Selecao-2024-Site.xlsx\" target=\"_blank\" rel=\"noopener\">Planilha Avalia\u00e7\u00e3o do Curr\u00edculo \u2013 Mestrado e Doutorado<\/a><\/span><\/li>\n<li><span style=\"color: #464646;\"><a style=\"color: #464646;\" href=\"https:\/\/wp.ufpel.edu.br\/ppgveterinaria\/files\/2014\/07\/Declara%C3%A7%C3%A3o-de-Etnia-edit%C3%A1vel.docx\">Declara\u00e7\u00e3o de Etnia<\/a><\/span><\/li>\n<li><span style=\"color: #464646;\"><a style=\"color: #464646;\" href=\"https:\/\/wp.ufpel.edu.br\/ppgveterinaria\/files\/2021\/05\/Autodeclaracao_de_Identidade_de_Genero.pdf\" target=\"_blank\" rel=\"noopener noreferrer\">Autodeclara\u00e7\u00e3o de Identidade de G\u00eanero<\/a><\/span><\/li>\n<li><span style=\"color: #464646;\"><a style=\"color: #464646;\" href=\"https:\/\/wp.ufpel.edu.br\/ppgveterinaria\/files\/2023\/09\/Checklist-Inscricao-Selecao-2024.docx\" target=\"_blank\" rel=\"noopener\">Checklist<\/a><\/span><\/li>\n<li><span style=\"color: #464646;\"><a style=\"color: #464646;\" href=\"https:\/\/wp.ufpel.edu.br\/ppgveterinaria\/pt\/selecao-2024-classificacao-final-e-matricula\/\" target=\"_blank\" rel=\"noopener\">Resultado<\/a><\/span><\/li>\n<\/ul>\n<p>&nbsp;<\/p>\n<ul>\n<li><span style=\"color: #464646;\"><a style=\"color: #464646;\" href=\"https:\/\/wp.ufpel.edu.br\/ppgveterinaria\/files\/2023\/12\/Ficha-de-Dados-Novos-Alunos.docx\" target=\"_blank\" rel=\"noopener\">Ficha de Dados \u2013 Novos Alunos<\/a><\/span><\/li>\n<\/ul>\n","protected":false},"excerpt":{"rendered":"<p>&nbsp; Edital Doutorado &#8211; Ingresso em 2024 &#8211; 2\u00ba Semestre &#8211; Chamada Extra Formul\u00e1rio \u2013 Inscri\u00e7\u00e3o Planilha Avalia\u00e7\u00e3o do Curr\u00edculo \u2013 Doutorado Declara\u00e7\u00e3o de Etnia Autodeclara\u00e7\u00e3o de Identidade de G\u00eanero Checklist Resultado &nbsp; Edital Mestrado e Doutorado &#8211; Ingresso em 2024 Edital Mestrado e Doutorado \u2013 Ingresso em 2024 \u2013 Retifica\u00e7\u00e3o Formul\u00e1rio \u2013 Inscri\u00e7\u00e3o Planilha [&hellip;]<\/p>\n","protected":false},"author":391,"featured_media":0,"parent":3675,"menu_order":-5,"comment_status":"closed","ping_status":"closed","template":"","meta":{"footnotes":""},"class_list":["post-6528","page","type-page","status-publish","hentry"],"_links":{"self":[{"href":"https:\/\/wp.ufpel.edu.br\/ppgveterinaria\/wp-json\/wp\/v2\/pages\/6528","targetHints":{"allow":["GET"]}}],"collection":[{"href":"https:\/\/wp.ufpel.edu.br\/ppgveterinaria\/wp-json\/wp\/v2\/pages"}],"about":[{"href":"https:\/\/wp.ufpel.edu.br\/ppgveterinaria\/wp-json\/wp\/v2\/types\/page"}],"author":[{"embeddable":true,"href":"https:\/\/wp.ufpel.edu.br\/ppgveterinaria\/wp-json\/wp\/v2\/users\/391"}],"replies":[{"embeddable":true,"href":"https:\/\/wp.ufpel.edu.br\/ppgveterinaria\/wp-json\/wp\/v2\/comments?post=6528"}],"version-history":[{"count":13,"href":"https:\/\/wp.ufpel.edu.br\/ppgveterinaria\/wp-json\/wp\/v2\/pages\/6528\/revisions"}],"predecessor-version":[{"id":6848,"href":"https:\/\/wp.ufpel.edu.br\/ppgveterinaria\/wp-json\/wp\/v2\/pages\/6528\/revisions\/6848"}],"up":[{"embeddable":true,"href":"https:\/\/wp.ufpel.edu.br\/ppgveterinaria\/wp-json\/wp\/v2\/pages\/3675"}],"wp:attachment":[{"href":"https:\/\/wp.ufpel.edu.br\/ppgveterinaria\/wp-json\/wp\/v2\/media?parent=6528"}],"curies":[{"name":"wp","href":"https:\/\/api.w.org\/{rel}","templated":true}]}}