{"id":6417,"date":"2023-05-08T14:40:12","date_gmt":"2023-05-08T17:40:12","guid":{"rendered":"https:\/\/wp.ufpel.edu.br\/ppgveterinaria\/?page_id=6417"},"modified":"2025-12-22T10:54:45","modified_gmt":"2025-12-22T13:54:45","slug":"2023-2","status":"publish","type":"page","link":"https:\/\/wp.ufpel.edu.br\/ppgveterinaria\/dissertacoesteses\/teses\/2023-2\/","title":{"rendered":"2023"},"content":{"rendered":"<p>&nbsp;<\/p>\n<ul style=\"text-align: justify;\">\n<li><span style=\"color: #464646; font-family: georgia, palatino, serif; font-size: 12pt;\"><strong>Teses 2023<\/strong><\/span><\/li>\n<\/ul>\n<p>&nbsp;<\/p>\n<hr \/>\n<p style=\"text-align: justify;\"><span style=\"color: #464646; font-family: georgia, palatino, serif; font-size: 12pt;\"><strong>Bruno Cabral Chagas<\/strong><\/span><\/p>\n<p style=\"text-align: justify;\"><span style=\"color: #464646; font-family: georgia, palatino, serif; font-size: 12pt;\"><strong>T\u00edtulo: <\/strong><a href=\"https:\/\/wp.ufpel.edu.br\/ppgveterinaria\/files\/2025\/12\/Bruno-Cabral-Chagas-Resumo.pdf\" target=\"_blank\" rel=\"noopener\">Pesquisa e desenvolvimento de um novo antiparasit\u00e1rio para administra\u00e7\u00e3o oral em c\u00e3es<\/a><\/span><\/p>\n<p style=\"text-align: justify;\"><span style=\"color: #464646; font-family: georgia, palatino, serif; font-size: 12pt;\"><strong>Orientador:<\/strong>\u00a0M\u00e1rcia de Oliveira Nobre<\/span><\/p>\n<p style=\"text-align: justify;\"><span style=\"color: #464646; font-family: georgia, palatino, serif; font-size: 12pt;\"><strong>Data da Defesa:\u00a0<\/strong>31\/08\/2023<\/span><\/p>\n<hr \/>\n<p style=\"text-align: justify;\"><span style=\"color: #464646; font-family: georgia, palatino, serif; font-size: 12pt;\"><strong>Camila Amaral D\u2019Avila\u00a0\u00a0\u00a0\u00a0\u00a0\u00a0<\/strong><\/span><\/p>\n<p style=\"text-align: justify;\"><span style=\"color: #464646; font-family: georgia, palatino, serif; font-size: 12pt;\"><strong>T\u00edtulo: <\/strong><a style=\"color: #464646;\" href=\"https:\/\/wp.ufpel.edu.br\/ppgveterinaria\/files\/2023\/06\/Camila-Amaral-DAvila.pdf\" target=\"_blank\" rel=\"noopener\">Progesterona injet\u00e1vel de longa a\u00e7\u00e3o na indu\u00e7\u00e3o da ciclicidade e sincroniza\u00e7\u00e3o do ciclo estral em ovelhas<\/a><\/span><\/p>\n<p style=\"text-align: justify;\"><span style=\"color: #464646; font-family: georgia, palatino, serif; font-size: 12pt;\"><strong>Orientador:<\/strong>\u00a0Bernardo Garziera Gasperin<\/span><\/p>\n<p style=\"text-align: justify;\"><span style=\"color: #464646; font-family: georgia, palatino, serif; font-size: 12pt;\"><strong>Data da Defesa:\u00a0<\/strong>16\/02\/2023<\/span><\/p>\n<hr \/>\n<p style=\"text-align: justify;\"><span style=\"color: #464646; font-family: georgia, palatino, serif; font-size: 12pt;\"><strong>Camila Ribeiro Carvalho de Brito\u00a0\u00a0\u00a0\u00a0\u00a0\u00a0\u00a0\u00a0\u00a0\u00a0\u00a0<\/strong><\/span><\/p>\n<p style=\"text-align: justify;\"><span style=\"color: #464646; font-family: georgia, palatino, serif; font-size: 12pt;\"><strong>T\u00edtulo: <\/strong><a href=\"https:\/\/wp.ufpel.edu.br\/ppgveterinaria\/files\/2025\/12\/Camila-Ribeiro-Carvalho-de-Brito.pdf\" target=\"_blank\" rel=\"noopener\">Efeito de tratamento com gonadotrofinas sobre o trato reprodutivo e o ciclo estral de leitoas<\/a><\/span><\/p>\n<p style=\"text-align: justify;\"><span style=\"color: #464646; font-family: georgia, palatino, serif; font-size: 12pt;\"><strong>Orientador:<\/strong>\u00a0Thomaz Lucia J\u00fanior<\/span><\/p>\n<p style=\"text-align: justify;\"><span style=\"color: #464646; font-family: georgia, palatino, serif; font-size: 12pt;\"><strong>Data da Defesa:\u00a0<\/strong>22\/02\/2023<\/span><\/p>\n<hr \/>\n<p style=\"text-align: justify;\"><span style=\"color: #464646; font-family: georgia, palatino, serif; font-size: 12pt;\"><strong>Carla Augusta Sassi da Costa Garcia<\/strong><\/span><\/p>\n<p style=\"text-align: justify;\"><span style=\"color: #464646; font-family: georgia, palatino, serif; font-size: 12pt;\"><strong>T\u00edtulo: <\/strong><a style=\"color: #464646;\" href=\"https:\/\/wp.ufpel.edu.br\/ppgveterinaria\/files\/2024\/06\/Carla-Augusta-Sassi-da-Costa-Garcia.pdf\" target=\"_blank\" rel=\"noopener\">Pers\u00f4metro\u00ae: Sistema de gest\u00e3o de pessoas e Planejamento Estrat\u00e9gico de Neg\u00f3cios<\/a><\/span><\/p>\n<p style=\"text-align: justify;\"><span style=\"color: #464646; font-family: georgia, palatino, serif; font-size: 12pt;\"><strong>Orientador:<\/strong>\u00a0Marcio Nunes Corr\u00eaa<\/span><\/p>\n<p style=\"text-align: justify;\"><span style=\"color: #464646; font-family: georgia, palatino, serif; font-size: 12pt;\"><strong>Data da Defesa: <\/strong>26\/07\/2023<\/span><\/p>\n<hr \/>\n<p style=\"text-align: justify;\"><span style=\"color: #464646; font-family: georgia, palatino, serif; font-size: 12pt;\"><strong>Clederson Id\u00eanio Schmitt<\/strong><\/span><\/p>\n<p style=\"text-align: justify;\"><span style=\"color: #464646; font-family: georgia, palatino, serif; font-size: 12pt;\"><strong>T\u00edtulo:<\/strong> <a style=\"color: #464646;\" href=\"https:\/\/wp.ufpel.edu.br\/ppgveterinaria\/files\/2023\/06\/Clederson-Idenio-Schmitt.pdf\" target=\"_blank\" rel=\"noopener\">Lipossomas na criopreserva\u00e7\u00e3o de s\u00eamen de su\u00ednos<\/a><\/span><\/p>\n<p style=\"text-align: justify;\"><span style=\"color: #464646; font-family: georgia, palatino, serif; font-size: 12pt;\"><strong>Orientador:<\/strong>\u00a0Carine Dahl Corcini<\/span><\/p>\n<p style=\"text-align: justify;\"><span style=\"color: #464646; font-family: georgia, palatino, serif; font-size: 12pt;\"><strong>Data da Defesa:\u00a0<\/strong>15\/02\/2023<\/span><\/p>\n<hr \/>\n<p style=\"text-align: justify;\"><span style=\"color: #464646; font-family: georgia, palatino, serif; font-size: 12pt;\"><strong>Edenara Anast\u00e1cio da Silva<\/strong><\/span><\/p>\n<p style=\"text-align: justify;\"><span style=\"color: #464646; font-family: georgia, palatino, serif; font-size: 12pt;\"><strong>T\u00edtulo: <\/strong><a href=\"https:\/\/wp.ufpel.edu.br\/ppgveterinaria\/files\/2025\/12\/Edenara-Anastacio-da-Silva.pdf\" target=\"_blank\" rel=\"noopener\">Lipossomas e betacaroteno encapsulado na refrigera\u00e7\u00e3o do s\u00eamen canino<\/a><\/span><\/p>\n<p style=\"text-align: justify;\"><span style=\"color: #464646; font-family: georgia, palatino, serif; font-size: 12pt;\"><strong>Orientador:<\/strong>\u00a0Antonio Sergio Varela Junior<\/span><\/p>\n<p style=\"text-align: justify;\"><span style=\"color: #464646; font-family: georgia, palatino, serif; font-size: 12pt;\"><strong>Data da Defesa:\u00a0<\/strong>25\/04\/2023<\/span><\/p>\n<hr \/>\n<p style=\"text-align: justify;\"><span style=\"color: #464646; font-family: georgia, palatino, serif; font-size: 12pt;\"><strong>Fabiane Pereira de Moraes<\/strong><\/span><\/p>\n<p style=\"text-align: justify;\"><span style=\"color: #464646; font-family: georgia, palatino, serif; font-size: 12pt;\"><strong>T\u00edtulo:<\/strong> <a style=\"color: #464646;\" href=\"https:\/\/wp.ufpel.edu.br\/ppgveterinaria\/files\/2023\/05\/Fabiane-Pereira-de-Moraes.pdf\" target=\"_blank\" rel=\"noopener\">Regula\u00e7\u00e3o da foliculog\u00eanese antral, ovula\u00e7\u00e3o e luteiniza\u00e7\u00e3o em f\u00eameas bovinas<\/a><\/span><\/p>\n<p style=\"text-align: justify;\"><span style=\"color: #464646; font-family: georgia, palatino, serif; font-size: 12pt;\"><strong>Orientador:<\/strong>\u00a0Bernardo Garziera Gasperin<\/span><\/p>\n<p style=\"text-align: justify;\"><span style=\"color: #464646; font-family: georgia, palatino, serif; font-size: 12pt;\"><strong>Data da Defesa:\u00a0<\/strong>17\/01\/2023<\/span><\/p>\n<hr \/>\n<p style=\"text-align: justify;\"><span style=\"color: #464646; font-family: georgia, palatino, serif; font-size: 12pt;\"><strong>Helena Pi\u00fama Gon\u00e7alves\u00a0\u00a0\u00a0\u00a0\u00a0\u00a0\u00a0\u00a0\u00a0\u00a0\u00a0<\/strong><\/span><\/p>\n<p style=\"text-align: justify;\"><span style=\"color: #464646; font-family: georgia, palatino, serif; font-size: 12pt;\"><strong>T\u00edtulo: <\/strong><a href=\"https:\/\/wp.ufpel.edu.br\/ppgveterinaria\/files\/2025\/07\/Helena-Piuma-Goncalves.pdf\" target=\"_blank\" rel=\"noopener\">Utiliza\u00e7\u00e3o de prote\u00ednas quim\u00e9ricas de Bartonella henselae para desenvolvimento de testes diagn\u00f3sticos em felinos<\/a><\/span><\/p>\n<p style=\"text-align: justify;\"><span style=\"color: #464646; font-family: georgia, palatino, serif; font-size: 12pt;\"><strong>Orientador:<\/strong>\u00a0Marlete Brum Cleff<\/span><\/p>\n<p style=\"text-align: justify;\"><span style=\"color: #464646; font-family: georgia, palatino, serif; font-size: 12pt;\"><strong>Data da Defesa: <\/strong>21\/07\/2023<\/span><\/p>\n<hr \/>\n<p style=\"text-align: justify;\"><span style=\"color: #464646; font-family: georgia, palatino, serif; font-size: 12pt;\"><strong>Jana\u00edna Fadrique da Silva\u00a0\u00a0\u00a0\u00a0\u00a0\u00a0<\/strong><\/span><\/p>\n<p style=\"text-align: justify;\"><span style=\"color: #464646; font-family: georgia, palatino, serif; font-size: 12pt;\"><strong>T\u00edtulo: <\/strong><a href=\"https:\/\/wp.ufpel.edu.br\/ppgveterinaria\/files\/2025\/07\/Janaina-Fadrique-da-Silva-Resumo.pdf\" target=\"_blank\" rel=\"noopener\">Aspectos epidemiol\u00f3gicos de diarreia viral bovina, rinotraque\u00edte infecciosa bovina, neosporose e leptospirose em rebanhos leiteiros no Rio Grande do Sul<\/a><\/span><\/p>\n<p style=\"text-align: justify;\"><span style=\"color: #464646; font-family: georgia, palatino, serif; font-size: 12pt;\"><strong>Orientador:<\/strong>\u00a0Odir Antonio Dellagostin<\/span><\/p>\n<p style=\"text-align: justify;\"><span style=\"color: #464646; font-family: georgia, palatino, serif; font-size: 12pt;\"><strong>Data da Defesa:\u00a0<\/strong>27\/02\/2023<\/span><\/p>\n<hr \/>\n<p style=\"text-align: justify;\"><span style=\"color: #464646; font-family: georgia, palatino, serif; font-size: 12pt;\"><strong>Juliana Garcia da Silva Teixeira<\/strong><\/span><\/p>\n<p style=\"text-align: justify;\"><span style=\"color: #464646; font-family: georgia, palatino, serif; font-size: 12pt;\"><strong>T\u00edtulo: <\/strong>Neorickettsia risticii no Sul do Brasil: Par\u00e2metros cl\u00ednicos, hematol\u00f3gicos e caracteriza\u00e7\u00e3o molecular\u00a0(em corre\u00e7\u00e3o)<\/span><\/p>\n<p style=\"text-align: justify;\"><span style=\"color: #464646; font-family: georgia, palatino, serif; font-size: 12pt;\"><strong>Orientador:<\/strong>\u00a0M\u00e1rio Carlos Ara\u00fajo Meireles<\/span><\/p>\n<p style=\"text-align: justify;\"><span style=\"color: #464646; font-family: georgia, palatino, serif; font-size: 12pt;\"><strong>Data da Defesa: <\/strong>21\/09\/2023<\/span><\/p>\n<hr \/>\n<p style=\"text-align: justify;\"><span style=\"color: #464646; font-family: georgia, palatino, serif; font-size: 12pt;\"><strong>Morgana Alves Borges<\/strong><\/span><\/p>\n<p style=\"text-align: justify;\"><span style=\"color: #464646; font-family: georgia, palatino, serif; font-size: 12pt;\"><strong>T\u00edtulo: <\/strong><a href=\"https:\/\/wp.ufpel.edu.br\/ppgveterinaria\/files\/2025\/09\/Morgana-Alves-Borges.pdf\" target=\"_blank\" rel=\"noopener\">Avalia\u00e7\u00e3o histol\u00f3gica de fol\u00edculos pr\u00e9-antrais inclusos em tecido ovariano equino e uso de metodologias ativas no ensino superior<\/a><\/span><\/p>\n<p style=\"text-align: justify;\"><span style=\"color: #464646; font-family: georgia, palatino, serif; font-size: 12pt;\"><strong>Orientador:<\/strong>\u00a0Bruna da Rosa Curcio<\/span><\/p>\n<p style=\"text-align: justify;\"><span style=\"color: #464646; font-family: georgia, palatino, serif; font-size: 12pt;\"><strong>Data da Defesa: <\/strong>29\/11\/2023<\/span><\/p>\n<hr \/>\n<p style=\"text-align: justify;\"><span style=\"color: #464646; font-family: georgia, palatino, serif; font-size: 12pt;\"><strong>Nat\u00e1lia Machado Rahal<\/strong><\/span><\/p>\n<p style=\"text-align: justify;\"><span style=\"color: #464646; font-family: georgia, palatino, serif; font-size: 12pt;\"><strong>T\u00edtulo: <\/strong><a style=\"color: #464646;\" href=\"https:\/\/wp.ufpel.edu.br\/ppgveterinaria\/files\/2023\/12\/Natalia-Machado-Rahal-Resumo.pdf\" target=\"_blank\" rel=\"noopener\">Tristeza parasit\u00e1ria bovina: diagn\u00f3stico molecular, efeito sobre a fertilidade e desenvolvimento de um produto para preven\u00e7\u00e3o<\/a><\/span><\/p>\n<p style=\"text-align: justify;\"><span style=\"color: #464646; font-family: georgia, palatino, serif; font-size: 12pt;\"><strong>Orientador:<\/strong>\u00a0Marcio Nunes Corr\u00eaa<\/span><\/p>\n<p style=\"text-align: justify;\"><span style=\"color: #464646; font-family: georgia, palatino, serif; font-size: 12pt;\"><strong>Data da Defesa:\u00a0<\/strong>27\/02\/2023<\/span><\/p>\n<hr \/>\n<p style=\"text-align: justify;\"><span style=\"color: #464646; font-family: georgia, palatino, serif; font-size: 12pt;\"><strong>Risciela Salardi Alves de Brito<\/strong><\/span><\/p>\n<p style=\"text-align: justify;\"><span style=\"color: #464646; font-family: georgia, palatino, serif; font-size: 12pt;\"><strong>T\u00edtulo: <\/strong><a style=\"color: #464646;\" href=\"https:\/\/wp.ufpel.edu.br\/ppgveterinaria\/files\/2023\/09\/Risciela-Salardi-Alves-de-Brito.pdf\" target=\"_blank\" rel=\"noopener\">Produ\u00e7\u00e3o e avalia\u00e7\u00e3o de compostos vegetais adsorvidos em adjuvantes para o desenvolvimento de novos insumos contra a otite externa canina<\/a><strong><br \/>\n<\/strong><\/span><\/p>\n<p style=\"text-align: justify;\"><span style=\"color: #464646; font-family: georgia, palatino, serif; font-size: 12pt;\"><strong>Orientador:<\/strong>\u00a0M\u00e1rcia de Oliveira Nobre<\/span><\/p>\n<p style=\"text-align: justify;\"><span style=\"color: #464646; font-family: georgia, palatino, serif; font-size: 12pt;\"><strong>Data da Defesa:\u00a0<\/strong>24\/02\/2023<\/span><\/p>\n<hr \/>\n<p style=\"text-align: justify;\"><span style=\"color: #464646; font-family: georgia, palatino, serif; font-size: 12pt;\"><strong>Tham\u00edris Pereira de Moraes<\/strong><\/span><\/p>\n<p style=\"text-align: justify;\"><span style=\"color: #464646; font-family: georgia, palatino, serif; font-size: 12pt;\"><strong>T\u00edtulo: <\/strong>Controle de microrganismos patog\u00eanicos em alimentos com uso de hidrolisados proteicos de pescado (em corre\u00e7\u00e3o)<\/span><\/p>\n<p style=\"text-align: justify;\"><span style=\"color: #464646; font-family: georgia, palatino, serif; font-size: 12pt;\"><strong>Orientador:<\/strong>\u00a0Cl\u00e1udio Dias Timm<\/span><\/p>\n<p style=\"text-align: justify;\"><span style=\"color: #464646; font-family: georgia, palatino, serif; font-size: 12pt;\"><strong>Data da Defesa:\u00a0<\/strong>28\/03\/2023<\/span><\/p>\n<hr \/>\n<p>&nbsp;<\/p>\n","protected":false},"excerpt":{"rendered":"<p>&nbsp; Teses 2023 &nbsp; Bruno Cabral Chagas T\u00edtulo: Pesquisa e desenvolvimento de um novo antiparasit\u00e1rio para administra\u00e7\u00e3o oral em c\u00e3es Orientador:\u00a0M\u00e1rcia de Oliveira Nobre Data da Defesa:\u00a031\/08\/2023 Camila Amaral D\u2019Avila\u00a0\u00a0\u00a0\u00a0\u00a0\u00a0 T\u00edtulo: Progesterona injet\u00e1vel de longa a\u00e7\u00e3o na indu\u00e7\u00e3o da ciclicidade e sincroniza\u00e7\u00e3o do ciclo estral em ovelhas Orientador:\u00a0Bernardo Garziera Gasperin Data da Defesa:\u00a016\/02\/2023 Camila Ribeiro [&hellip;]<\/p>\n","protected":false},"author":391,"featured_media":0,"parent":426,"menu_order":-9,"comment_status":"closed","ping_status":"closed","template":"","meta":{"footnotes":""},"class_list":["post-6417","page","type-page","status-publish","hentry"],"_links":{"self":[{"href":"https:\/\/wp.ufpel.edu.br\/ppgveterinaria\/wp-json\/wp\/v2\/pages\/6417","targetHints":{"allow":["GET"]}}],"collection":[{"href":"https:\/\/wp.ufpel.edu.br\/ppgveterinaria\/wp-json\/wp\/v2\/pages"}],"about":[{"href":"https:\/\/wp.ufpel.edu.br\/ppgveterinaria\/wp-json\/wp\/v2\/types\/page"}],"author":[{"embeddable":true,"href":"https:\/\/wp.ufpel.edu.br\/ppgveterinaria\/wp-json\/wp\/v2\/users\/391"}],"replies":[{"embeddable":true,"href":"https:\/\/wp.ufpel.edu.br\/ppgveterinaria\/wp-json\/wp\/v2\/comments?post=6417"}],"version-history":[{"count":3,"href":"https:\/\/wp.ufpel.edu.br\/ppgveterinaria\/wp-json\/wp\/v2\/pages\/6417\/revisions"}],"predecessor-version":[{"id":7574,"href":"https:\/\/wp.ufpel.edu.br\/ppgveterinaria\/wp-json\/wp\/v2\/pages\/6417\/revisions\/7574"}],"up":[{"embeddable":true,"href":"https:\/\/wp.ufpel.edu.br\/ppgveterinaria\/wp-json\/wp\/v2\/pages\/426"}],"wp:attachment":[{"href":"https:\/\/wp.ufpel.edu.br\/ppgveterinaria\/wp-json\/wp\/v2\/media?parent=6417"}],"curies":[{"name":"wp","href":"https:\/\/api.w.org\/{rel}","templated":true}]}}