{"id":6408,"date":"2023-05-08T14:14:19","date_gmt":"2023-05-08T17:14:19","guid":{"rendered":"https:\/\/wp.ufpel.edu.br\/ppgveterinaria\/?page_id=6408"},"modified":"2025-12-29T11:21:08","modified_gmt":"2025-12-29T14:21:08","slug":"2023-2","status":"publish","type":"page","link":"https:\/\/wp.ufpel.edu.br\/ppgveterinaria\/dissertacoesteses\/dissertacoes\/2023-2\/","title":{"rendered":"2023"},"content":{"rendered":"<p>&nbsp;<\/p>\n<ul style=\"text-align: justify;\">\n<li><span style=\"color: #464646; font-family: georgia, palatino, serif; font-size: 12pt;\"><strong>Disserta\u00e7\u00f5es 2023<\/strong><\/span><\/li>\n<\/ul>\n<p>&nbsp;<\/p>\n<hr \/>\n<p style=\"text-align: justify;\"><span style=\"color: #464646; font-family: georgia, palatino, serif; font-size: 12pt;\"><strong>Arthur Mar\u00e7al Almeida<\/strong><\/span><\/p>\n<p style=\"text-align: justify;\"><span style=\"color: #464646; font-family: georgia, palatino, serif; font-size: 12pt;\"><strong>T\u00edtulo:<\/strong> <a style=\"color: #464646;\" href=\"https:\/\/wp.ufpel.edu.br\/ppgveterinaria\/files\/2024\/07\/Arthur-Marcal-Almeida.pdf\" target=\"_blank\" rel=\"noopener\">Doses de progesterona e seus efeitos no protocolo de IATF de vacas de corte taurinas com elevado escore de condi\u00e7\u00e3o corporal<\/a><\/span><\/p>\n<p style=\"text-align: justify;\"><span style=\"color: #464646; font-family: georgia, palatino, serif; font-size: 12pt;\"><strong>Orientador:<\/strong>\u00a0Bernardo Garziera Gasperin<\/span><\/p>\n<p style=\"text-align: justify;\"><span style=\"color: #464646; font-family: georgia, palatino, serif; font-size: 12pt;\"><strong>Data da Defesa: <\/strong>31\/07\/2023<\/span><\/p>\n<hr \/>\n<p style=\"text-align: justify;\"><span style=\"color: #464646; font-family: georgia, palatino, serif; font-size: 12pt;\"><strong>Bibiana Rodrigues de Freitas<\/strong><\/span><\/p>\n<p style=\"text-align: justify;\"><span style=\"color: #464646; font-family: georgia, palatino, serif; font-size: 12pt;\"><strong>T\u00edtulo: <\/strong><a href=\"https:\/\/wp.ufpel.edu.br\/ppgveterinaria\/files\/2025\/02\/Bibiana-Rodrigues-de-Freitas.pdf\" target=\"_blank\" rel=\"noopener\">Detec\u00e7\u00e3o de DNA de <em>Trypanosoma<\/em> spp. e <em>Leishmania<\/em> spp. em \u00f3rg\u00e3os de Javali (<em>Sus scrofa<\/em>)<\/a><\/span><\/p>\n<p style=\"text-align: justify;\"><span style=\"color: #464646; font-family: georgia, palatino, serif; font-size: 12pt;\"><strong>Orientador:<\/strong>\u00a0Rodrigo Casquero Cunha<\/span><\/p>\n<p style=\"text-align: justify;\"><span style=\"color: #464646; font-family: georgia, palatino, serif; font-size: 12pt;\"><strong>Data da Defesa:\u00a0<\/strong>24\/02\/2023<\/span><\/p>\n<hr \/>\n<p style=\"text-align: justify;\"><span style=\"color: #464646; font-family: georgia, palatino, serif; font-size: 12pt;\"><strong>Carlos Alexis Guardado Martinez<\/strong><\/span><\/p>\n<p style=\"text-align: justify;\"><span style=\"color: #464646; font-family: georgia, palatino, serif; font-size: 12pt;\"><strong>T\u00edtulo:<\/strong> <a style=\"color: #464646;\" href=\"https:\/\/wp.ufpel.edu.br\/ppgveterinaria\/files\/2024\/06\/Carlos-Alexis-Guardado-Martinez.pdf\" target=\"_blank\" rel=\"noopener\">Detec\u00e7\u00e3o de adenov\u00edrus em aves silvestres oriundas de apreens\u00e3o na regi\u00e3o sul do Brasil<\/a><\/span><\/p>\n<p style=\"text-align: justify;\"><span style=\"color: #464646; font-family: georgia, palatino, serif; font-size: 12pt;\"><strong>Orientador:<\/strong>\u00a0Gilberto D\u2019Avila Vargas<\/span><\/p>\n<p style=\"text-align: justify;\"><span style=\"color: #464646; font-family: georgia, palatino, serif; font-size: 12pt;\"><strong>Data da Defesa: <\/strong>31\/07\/2023<\/span><\/p>\n<hr \/>\n<p style=\"text-align: justify;\"><span style=\"color: #464646; font-family: georgia, palatino, serif; font-size: 12pt;\"><strong>Caroline da Silveira Rockenbach<\/strong><\/span><\/p>\n<p style=\"text-align: justify;\"><span style=\"color: #464646; font-family: georgia, palatino, serif; font-size: 12pt;\"><strong>T\u00edtulo:<\/strong> <a style=\"color: #464646;\" href=\"https:\/\/wp.ufpel.edu.br\/ppgveterinaria\/files\/2024\/11\/Caroline-da-Silveira-Rockenbach.pdf\" target=\"_blank\" rel=\"noopener\">Preval\u00eancia e caracteriza\u00e7\u00e3o de obesidade em gatos domiciliados no munic\u00edpio de Pelotas &#8211; RS<\/a><\/span><\/p>\n<p style=\"text-align: justify;\"><span style=\"color: #464646; font-family: georgia, palatino, serif; font-size: 12pt;\"><strong>Orientador:<\/strong>\u00a0F\u00e1bio Raphael Pascoti Bruhn<\/span><\/p>\n<p style=\"text-align: justify;\"><span style=\"color: #464646; font-family: georgia, palatino, serif; font-size: 12pt;\"><strong>Data da Defesa: <\/strong>20\/12\/2023<\/span><\/p>\n<hr \/>\n<p style=\"text-align: justify;\"><span style=\"color: #464646; font-family: georgia, palatino, serif; font-size: 12pt;\"><strong>Caroline Farias Soares Falson<\/strong><\/span><\/p>\n<p style=\"text-align: justify;\"><span style=\"color: #464646; font-family: georgia, palatino, serif; font-size: 12pt;\"><strong>T\u00edtulo:<\/strong> <a href=\"https:\/\/wp.ufpel.edu.br\/ppgveterinaria\/files\/2025\/12\/Caroline-Farias-Soares-Falson.pdf\" target=\"_blank\" rel=\"noopener\">Termotoler\u00e2ncia na ra\u00e7a Angus<\/a><\/span><\/p>\n<p style=\"text-align: justify;\"><span style=\"color: #464646; font-family: georgia, palatino, serif; font-size: 12pt;\"><strong>Orientador:<\/strong>\u00a0Rafael Gianella Mondadori<\/span><\/p>\n<p style=\"text-align: justify;\"><span style=\"color: #464646; font-family: georgia, palatino, serif; font-size: 12pt;\"><strong>Data da Defesa:\u00a0<\/strong>23\/02\/2023<\/span><\/p>\n<hr \/>\n<p style=\"text-align: justify;\"><span style=\"color: #464646; font-family: georgia, palatino, serif; font-size: 12pt;\"><strong>Daniel Felipe Buitrago Linares<\/strong><\/span><\/p>\n<p style=\"text-align: justify;\"><span style=\"color: #464646; font-family: georgia, palatino, serif; font-size: 12pt;\"><strong>T\u00edtulo:<\/strong> <a style=\"color: #464646;\" href=\"https:\/\/wp.ufpel.edu.br\/ppgveterinaria\/files\/2023\/09\/Daniel-Felipe-Buitrago-Linares.pdf\" target=\"_blank\" rel=\"noopener\">Preval\u00eancia molecular de Ehrlichia canis em c\u00e3es atendidos no Hospital de Cl\u00ednicas Veterin\u00e1ria da UFPEL<\/a><\/span><\/p>\n<p style=\"text-align: justify;\"><span style=\"color: #464646; font-family: georgia, palatino, serif; font-size: 12pt;\"><strong>Orientador:<\/strong>\u00a0Rodrigo Casquero Cunha<\/span><\/p>\n<p style=\"text-align: justify;\"><span style=\"color: #464646; font-family: georgia, palatino, serif; font-size: 12pt;\"><strong>Data da Defesa:\u00a0<\/strong>28\/02\/2023<\/span><\/p>\n<hr \/>\n<p style=\"text-align: justify;\"><span style=\"color: #464646; font-family: georgia, palatino, serif; font-size: 12pt;\"><strong>Daniela Lehmen<\/strong><\/span><\/p>\n<p style=\"text-align: justify;\"><span style=\"color: #464646; font-family: georgia, palatino, serif; font-size: 12pt;\"><strong>T\u00edtulo:<\/strong> Express\u00e3o da prote\u00edna HSP90 em mastocitomas cut\u00e2neos de c\u00e3es (em corre\u00e7\u00e3o)<\/span><\/p>\n<p style=\"text-align: justify;\"><span style=\"color: #464646; font-family: georgia, palatino, serif; font-size: 12pt;\"><strong>Orientador:<\/strong>\u00a0Marlete Brum Cleff<\/span><\/p>\n<p style=\"text-align: justify;\"><span style=\"color: #464646; font-family: georgia, palatino, serif; font-size: 12pt;\"><strong>Data da Defesa: <\/strong>31\/07\/2023<\/span><\/p>\n<hr \/>\n<p style=\"text-align: justify;\"><span style=\"color: #464646; font-family: georgia, palatino, serif; font-size: 12pt;\"><strong>D\u00e9bora Matilde de Almeida<\/strong><\/span><\/p>\n<p style=\"text-align: justify;\"><span style=\"color: #464646; font-family: georgia, palatino, serif; font-size: 12pt;\"><strong>T\u00edtulo:<\/strong> <a href=\"https:\/\/wp.ufpel.edu.br\/ppgveterinaria\/files\/2025\/12\/Debora-Matilde-de-Almeida-Resumo.pdf\" target=\"_blank\" rel=\"noopener\">Ensaio de imunoadsor\u00e7\u00e3o enzim\u00e1tica como diagn\u00f3stico de esporotricose felina<\/a><\/span><\/p>\n<p style=\"text-align: justify;\"><span style=\"color: #464646; font-family: georgia, palatino, serif; font-size: 12pt;\"><strong>Orientador:<\/strong>\u00a0M\u00e1rcia de Oliveira Nobre<\/span><\/p>\n<p style=\"text-align: justify;\"><span style=\"color: #464646; font-family: georgia, palatino, serif; font-size: 12pt;\"><strong>Data da Defesa:\u00a0<\/strong>28\/02\/2023<\/span><\/p>\n<hr \/>\n<p style=\"text-align: justify;\"><span style=\"color: #464646; font-family: georgia, palatino, serif; font-size: 12pt;\"><strong>Fabr\u00edcio Dias Alves Gularte<\/strong><\/span><\/p>\n<p style=\"text-align: justify;\"><span style=\"color: #464646; font-family: georgia, palatino, serif; font-size: 12pt;\"><strong>T\u00edtulo:<\/strong> <a style=\"color: #464646;\" href=\"https:\/\/wp.ufpel.edu.br\/ppgveterinaria\/files\/2025\/02\/Fabricio-Dias-Alves-Gularte.pdf\" target=\"_blank\" rel=\"noopener\">Progesterona injet\u00e1vel previamente ao protocolo de insemina\u00e7\u00e3o artificial em tempo fixo em novilhas de corte de ra\u00e7as taurinas ou sint\u00e9ticas<\/a><\/span><\/p>\n<p style=\"text-align: justify;\"><span style=\"color: #464646; font-family: georgia, palatino, serif; font-size: 12pt;\"><strong>Orientador:<\/strong>\u00a0Bernardo Garziera Gasperin<\/span><\/p>\n<p style=\"text-align: justify;\"><span style=\"color: #464646; font-family: georgia, palatino, serif; font-size: 12pt;\"><strong>Data da Defesa:\u00a0<\/strong>24\/02\/2023<\/span><\/p>\n<hr \/>\n<p style=\"text-align: justify;\"><span style=\"color: #464646; font-family: georgia, palatino, serif; font-size: 12pt;\"><strong>Felipe Machado Lemos<\/strong><\/span><\/p>\n<p style=\"text-align: justify;\"><span style=\"color: #464646; font-family: georgia, palatino, serif; font-size: 12pt;\"><strong>T\u00edtulo:<\/strong> <a style=\"color: #464646;\" href=\"https:\/\/wp.ufpel.edu.br\/ppgveterinaria\/files\/2023\/12\/Felipe-Machado-Lemos.pdf\" target=\"_blank\" rel=\"noopener\">Avalia\u00e7\u00e3o da casu\u00edstica de les\u00f5es testiculares em c\u00e3es no munic\u00edpio de Bag\u00e9-RS<\/a><\/span><\/p>\n<p style=\"text-align: justify;\"><span style=\"color: #464646; font-family: georgia, palatino, serif; font-size: 12pt;\"><strong>Orientador:<\/strong>\u00a0Cristina Gevehr Fernandes<\/span><\/p>\n<p style=\"text-align: justify;\"><span style=\"color: #464646; font-family: georgia, palatino, serif; font-size: 12pt;\"><strong>Data da Defesa:\u00a0<\/strong>18\/04\/2023<\/span><\/p>\n<hr \/>\n<p style=\"text-align: justify;\"><span style=\"color: #464646; font-family: georgia, palatino, serif; font-size: 12pt;\"><strong>Giovana Mancilla Pivato<\/strong><\/span><\/p>\n<p style=\"text-align: justify;\"><span style=\"color: #464646; font-family: georgia, palatino, serif; font-size: 12pt;\"><strong>T\u00edtulo:<\/strong> <a style=\"color: #464646;\" href=\"https:\/\/wp.ufpel.edu.br\/ppgveterinaria\/files\/2023\/10\/Giovana-Mancilla-Pivato.pdf\" target=\"_blank\" rel=\"noopener\">Comportamentos sexuais e produ\u00e7\u00e3o esperm\u00e1tica em garanh\u00f5es da ra\u00e7a Crioula em regime de coleta de s\u00eamem<\/a><\/span><\/p>\n<p style=\"text-align: justify;\"><span style=\"color: #464646; font-family: georgia, palatino, serif; font-size: 12pt;\"><strong>Orientador:<\/strong>\u00a0Carlos Eduardo Wayne Nogueira<\/span><\/p>\n<p style=\"text-align: justify;\"><span style=\"color: #464646; font-family: georgia, palatino, serif; font-size: 12pt;\"><strong>Data da Defesa:\u00a0<\/strong>14\/02\/2023<\/span><\/p>\n<hr \/>\n<p style=\"text-align: justify;\"><span style=\"color: #464646; font-family: georgia, palatino, serif; font-size: 12pt;\"><strong>Gustavo Afra Mazza<\/strong><\/span><\/p>\n<p style=\"text-align: justify;\"><span style=\"color: #464646; font-family: georgia, palatino, serif; font-size: 12pt;\"><strong>T\u00edtulo:<\/strong> <a href=\"https:\/\/wp.ufpel.edu.br\/ppgveterinaria\/files\/2025\/09\/Gustavo-Afra-Mazza.pdf\" target=\"_blank\" rel=\"noopener\">Detec\u00e7\u00e3o de DNA leptospiral em amostras de urina de bovinos assintom\u00e1ticos abatidos em frigor\u00edfico de Pelotas(RS)<\/a><\/span><\/p>\n<p style=\"text-align: justify;\"><span style=\"color: #464646; font-family: georgia, palatino, serif; font-size: 12pt;\"><strong>Orientador:<\/strong>\u00a0\u00c9verton Fagonde da Silva<\/span><\/p>\n<p style=\"text-align: justify;\"><span style=\"color: #464646; font-family: georgia, palatino, serif; font-size: 12pt;\"><strong>Data da Defesa:\u00a0<\/strong>20\/03\/2023<\/span><\/p>\n<hr \/>\n<p style=\"text-align: justify;\"><span style=\"color: #464646; font-family: georgia, palatino, serif; font-size: 12pt;\"><strong>Isadora Losekann Marcon<\/strong><\/span><\/p>\n<p style=\"text-align: justify;\"><span style=\"color: #464646; font-family: georgia, palatino, serif; font-size: 12pt;\"><strong>T\u00edtulo:<\/strong> <a style=\"color: #464646;\" href=\"https:\/\/wp.ufpel.edu.br\/ppgveterinaria\/files\/2024\/11\/Isadora-Losekann-Marcon.pdf\" target=\"_blank\" rel=\"noopener\">Aspectos Epidemiol\u00f3gicos e Patol\u00f3gicos dos Osteossarcomas<\/a><\/span><\/p>\n<p style=\"text-align: justify;\"><span style=\"color: #464646; font-family: georgia, palatino, serif; font-size: 12pt;\"><strong>Orientador:<\/strong>\u00a0Cristina Gevehr Fernandes<\/span><\/p>\n<p style=\"text-align: justify;\"><span style=\"color: #464646; font-family: georgia, palatino, serif; font-size: 12pt;\"><strong>Data da Defesa:\u00a0<\/strong>20\/04\/2023<\/span><\/p>\n<hr \/>\n<p style=\"text-align: justify;\"><span style=\"color: #464646; font-family: georgia, palatino, serif; font-size: 12pt;\"><strong>J\u00e9ssica Lazzari<\/strong><\/span><\/p>\n<p style=\"text-align: justify;\"><span style=\"color: #464646; font-family: georgia, palatino, serif; font-size: 12pt;\"><strong>T\u00edtulo:<\/strong> <a style=\"color: #464646;\" href=\"https:\/\/wp.ufpel.edu.br\/ppgveterinaria\/files\/2023\/12\/Jessica-Lazzari.pdf\" target=\"_blank\" rel=\"noopener\">Avalia\u00e7\u00e3o de caracter\u00edsticas associadas a termotoler\u00e2ncia em vacas da ra\u00e7a Holand\u00eas de variedade preta ou vermelha<\/a><\/span><\/p>\n<p style=\"text-align: justify;\"><span style=\"color: #464646; font-family: georgia, palatino, serif; font-size: 12pt;\"><strong>Orientador:<\/strong>\u00a0Bernardo Garziera Gasperin<\/span><\/p>\n<p style=\"text-align: justify;\"><span style=\"color: #464646; font-family: georgia, palatino, serif; font-size: 12pt;\"><strong>Data da Defesa:\u00a0<\/strong>24\/02\/2023<\/span><\/p>\n<hr \/>\n<p style=\"text-align: justify;\"><span style=\"color: #464646; font-family: georgia, palatino, serif; font-size: 12pt;\"><strong>Lilian Karnopp<\/strong><\/span><\/p>\n<p style=\"text-align: justify;\"><span style=\"color: #464646; font-family: georgia, palatino, serif; font-size: 12pt;\"><strong>T\u00edtulo:<\/strong> <a style=\"color: #464646;\" href=\"https:\/\/wp.ufpel.edu.br\/ppgveterinaria\/files\/2023\/09\/Lilian-Karnopp.pdf\" target=\"_blank\" rel=\"noopener\">Estudo retrospectivo de animais silvestres recebidos no N\u00facleo de Reabilita\u00e7\u00e3o da Fauna Silvestre &#8211; UFPel<\/a><\/span><\/p>\n<p style=\"text-align: justify;\"><span style=\"color: #464646; font-family: georgia, palatino, serif; font-size: 12pt;\"><strong>Orientador:<\/strong>\u00a0Raqueli Teresinha Fran\u00e7a<\/span><\/p>\n<p style=\"text-align: justify;\"><span style=\"color: #464646; font-family: georgia, palatino, serif; font-size: 12pt;\"><strong>Data da Defesa:\u00a0<\/strong>17\/03\/2023<\/span><\/p>\n<hr \/>\n<p style=\"text-align: justify;\"><span style=\"color: #464646; font-family: georgia, palatino, serif; font-size: 12pt;\"><strong>Margarida Aires da Silva<\/strong><\/span><\/p>\n<p style=\"text-align: justify;\"><span style=\"color: #464646; font-family: georgia, palatino, serif; font-size: 12pt;\"><strong>T\u00edtulo:<\/strong> <a style=\"color: #464646;\" href=\"https:\/\/wp.ufpel.edu.br\/ppgveterinaria\/files\/2023\/12\/Margarida-Aires-da-Silva.pdf\" target=\"_blank\" rel=\"noopener\">Uso de protetor g\u00e1strico associado a anti-inflamat\u00f3rios n\u00e3o esteroidais em potros e equinos adultos<\/a><\/span><\/p>\n<p style=\"text-align: justify;\"><span style=\"color: #464646; font-family: georgia, palatino, serif; font-size: 12pt;\"><strong>Orientador:<\/strong>\u00a0Carlos Eduardo Wayne Nogueira<\/span><\/p>\n<p style=\"text-align: justify;\"><span style=\"color: #464646; font-family: georgia, palatino, serif; font-size: 12pt;\"><strong>Data da Defesa:\u00a0<\/strong>28\/02\/2023<\/span><\/p>\n<hr \/>\n<p style=\"text-align: justify;\"><span style=\"color: #464646; font-family: georgia, palatino, serif; font-size: 12pt;\"><strong>Mariana Accorsi Teles<\/strong><\/span><\/p>\n<p style=\"text-align: justify;\"><span style=\"color: #464646; font-family: georgia, palatino, serif; font-size: 12pt;\"><strong>T\u00edtulo:<\/strong> <a style=\"color: #464646;\" href=\"https:\/\/wp.ufpel.edu.br\/ppgveterinaria\/files\/2024\/06\/Mariana-Accorsi-Teles.pdf\" target=\"_blank\" rel=\"noopener\">Estudo retrospectivo das doen\u00e7as de aves silvestres e ex\u00f3ticas na regi\u00e3o sul do Rio Grande do Sul, no per\u00edodo de 2012 a 2022<\/a><\/span><\/p>\n<p style=\"text-align: justify;\"><span style=\"color: #464646; font-family: georgia, palatino, serif; font-size: 12pt;\"><strong>Orientador:<\/strong>\u00a0Eliza Simone Vi\u00e9gas Sallis<\/span><\/p>\n<p style=\"text-align: justify;\"><span style=\"color: #464646; font-family: georgia, palatino, serif; font-size: 12pt;\"><strong>Data da Defesa: <\/strong>11\/08\/2023<\/span><\/p>\n<hr \/>\n<p style=\"text-align: justify;\"><span style=\"color: #464646; font-family: georgia, palatino, serif; font-size: 12pt;\"><strong>Ot\u00e1vio Saraiva Pires<\/strong><\/span><\/p>\n<p style=\"text-align: justify;\"><span style=\"color: #464646; font-family: georgia, palatino, serif; font-size: 12pt;\"><strong>T\u00edtulo:<\/strong> <a style=\"color: #464646;\" href=\"https:\/\/wp.ufpel.edu.br\/ppgveterinaria\/files\/2023\/12\/Otavio-Saraiva-Pires.pdf\" target=\"_blank\" rel=\"noopener\">Buserelina em protocolos de insemina\u00e7\u00e3o artificial em tempo fixo em ovinos<\/a><\/span><\/p>\n<p style=\"text-align: justify;\"><span style=\"color: #464646; font-family: georgia, palatino, serif; font-size: 12pt;\"><strong>Orientador:<\/strong>\u00a0Rafael Gianella Mondadori<\/span><\/p>\n<p style=\"text-align: justify;\"><span style=\"color: #464646; font-family: georgia, palatino, serif; font-size: 12pt;\"><strong>Data da Defesa:\u00a0<\/strong>28\/02\/2023<\/span><\/p>\n<hr \/>\n<p style=\"text-align: justify;\"><span style=\"color: #464646; font-family: georgia, palatino, serif; font-size: 12pt;\"><strong>Ravena dos Santos Hage<\/strong><\/span><\/p>\n<p style=\"text-align: justify;\"><span style=\"color: #464646; font-family: georgia, palatino, serif; font-size: 12pt;\"><strong>T\u00edtulo:<\/strong> <a style=\"color: #464646;\" href=\"https:\/\/wp.ufpel.edu.br\/ppgveterinaria\/files\/2023\/06\/Ravena-dos-Santos-Hage.pdf\" target=\"_blank\" rel=\"noopener\">An\u00e1lise Epidemiol\u00f3gica da Dengue na Amaz\u00f4nia Legal Brasileira 2001-2021<\/a><\/span><\/p>\n<p style=\"text-align: justify;\"><span style=\"color: #464646; font-family: georgia, palatino, serif; font-size: 12pt;\"><strong>Orientador:<\/strong>\u00a0F\u00e1bio Raphael Pascoti Bruhn<\/span><\/p>\n<p style=\"text-align: justify;\"><span style=\"color: #464646; font-family: georgia, palatino, serif; font-size: 12pt;\"><strong>Data da Defesa:\u00a0<\/strong>28\/02\/2023<\/span><\/p>\n<hr \/>\n<p style=\"text-align: justify;\"><span style=\"color: #464646; font-family: georgia, palatino, serif; font-size: 12pt;\"><strong>R\u00f4mulo Teles Fran\u00e7a<\/strong><\/span><\/p>\n<p style=\"text-align: justify;\"><span style=\"color: #464646; font-family: georgia, palatino, serif; font-size: 12pt;\"><strong>T\u00edtulo:<\/strong> <a href=\"https:\/\/wp.ufpel.edu.br\/ppgveterinaria\/files\/2025\/12\/Romulo-Teles-Franca.pdf\" target=\"_blank\" rel=\"noopener\">Caracteriza\u00e7\u00e3o de propriedades leiteiras no noroeste do Rio Grande do Sul: Fatores de risco associado a ocorr\u00eancia de enfermidades em vacas<\/a><\/span><\/p>\n<p style=\"text-align: justify;\"><span style=\"color: #464646; font-family: georgia, palatino, serif; font-size: 12pt;\"><strong>Orientador:<\/strong>\u00a0Marcio Nunes Corr\u00eaa<\/span><\/p>\n<p style=\"text-align: justify;\"><span style=\"color: #464646; font-family: georgia, palatino, serif; font-size: 12pt;\"><strong>Data da Defesa:\u00a0<\/strong>27\/04\/2023<\/span><\/p>\n<hr \/>\n<p style=\"text-align: justify;\"><span style=\"color: #464646; font-family: georgia, palatino, serif; font-size: 12pt;\"><strong>Suellen Caroline Matos Silva<\/strong><\/span><\/p>\n<p style=\"text-align: justify;\"><span style=\"color: #464646; font-family: georgia, palatino, serif; font-size: 12pt;\"><strong>T\u00edtulo: <\/strong><a style=\"color: #464646;\" href=\"https:\/\/wp.ufpel.edu.br\/ppgveterinaria\/files\/2023\/10\/Suellen-Caroline-Matos-Silva.pdf\" target=\"_blank\" rel=\"noopener\">An\u00e1lise de detec\u00e7\u00e3o e controle da leptospirose no munic\u00edpio de Santa Vit\u00f3ria do Palmar, RS: um estudo qualitativo com trabalhadores da sa\u00fade<\/a><\/span><\/p>\n<p style=\"text-align: justify;\"><span style=\"color: #464646; font-family: georgia, palatino, serif; font-size: 12pt;\"><strong>Orientador:<\/strong>\u00a0F\u00e1bio Raphael Pascoti Bruhn<\/span><\/p>\n<p style=\"text-align: justify;\"><span style=\"color: #464646; font-family: georgia, palatino, serif; font-size: 12pt;\"><strong>Data da Defesa: <\/strong>05\/07\/2023<\/span><\/p>\n<hr \/>\n<p style=\"text-align: justify;\"><span style=\"color: #464646; font-family: georgia, palatino, serif; font-size: 12pt;\"><strong>Tatiane Leite Almeida<\/strong><\/span><\/p>\n<p style=\"text-align: justify;\"><span style=\"color: #464646; font-family: georgia, palatino, serif; font-size: 12pt;\"><strong>T\u00edtulo:<\/strong> <a href=\"https:\/\/wp.ufpel.edu.br\/ppgveterinaria\/files\/2025\/12\/Tatiane-Leite-Almeida.pdf\" target=\"_blank\" rel=\"noopener\">Caracter\u00edsticas seminais em garanh\u00f5es da Ra\u00e7a Crioula: influ\u00eancia da sazonalidade e idade<\/a><\/span><\/p>\n<p style=\"text-align: justify;\"><span style=\"color: #464646; font-family: georgia, palatino, serif; font-size: 12pt;\"><strong>Orientador:<\/strong>\u00a0Bruna da Rosa Curcio<\/span><\/p>\n<p style=\"text-align: justify;\"><span style=\"color: #464646; font-family: georgia, palatino, serif; font-size: 12pt;\"><strong>Data da Defesa:\u00a0<\/strong>01\/09\/2023<\/span><\/p>\n<hr \/>\n<p style=\"text-align: justify;\"><span style=\"color: #464646; font-family: georgia, palatino, serif; font-size: 12pt;\"><strong>Vandressa Masetto<\/strong><\/span><\/p>\n<p style=\"text-align: justify;\"><span style=\"color: #464646; font-family: georgia, palatino, serif; font-size: 12pt;\"><strong>T\u00edtulo:<\/strong> <a href=\"https:\/\/wp.ufpel.edu.br\/ppgveterinaria\/files\/2025\/12\/Vandressa-Masetto.pdf\" target=\"_blank\" rel=\"noopener\">Casu\u00edstica das altera\u00e7\u00f5es encef\u00e1licas diagnosticadas em servi\u00e7o de patologia veterin\u00e1ria na regi\u00e3o Sul do RS<\/a><\/span><\/p>\n<p style=\"text-align: justify;\"><span style=\"color: #464646; font-family: georgia, palatino, serif; font-size: 12pt;\"><strong>Orientador:<\/strong>\u00a0Fabiane Borelli Grecco<\/span><\/p>\n<p style=\"text-align: justify;\"><span style=\"color: #464646; font-family: georgia, palatino, serif; font-size: 12pt;\"><strong>Data da Defesa: <\/strong>30\/11\/2023<\/span><\/p>\n<hr \/>\n<p style=\"text-align: justify;\"><span style=\"color: #464646; font-family: georgia, palatino, serif; font-size: 12pt;\"><strong>Vit\u00f3ria Baierle Maggi<\/strong><\/span><\/p>\n<p style=\"text-align: justify;\"><span style=\"color: #464646; font-family: georgia, palatino, serif; font-size: 12pt;\"><strong>T\u00edtulo:<\/strong> <a style=\"color: #464646;\" href=\"https:\/\/wp.ufpel.edu.br\/ppgveterinaria\/files\/2023\/06\/Vitoria-Baierle-Maggi.pdf\" target=\"_blank\" rel=\"noopener\">Casu\u00edstica de altera\u00e7\u00f5es anatomopatol\u00f3gicas hep\u00e1ticas em c\u00e3es do SOVET\/PATOLOGIA\/UFPEL<\/a><\/span><\/p>\n<p style=\"text-align: justify;\"><span style=\"color: #464646; font-family: georgia, palatino, serif; font-size: 12pt;\"><strong>Orientador:<\/strong>\u00a0Fabiane Borelli Grecco<\/span><\/p>\n<p style=\"text-align: justify;\"><span style=\"color: #464646; font-family: georgia, palatino, serif; font-size: 12pt;\"><strong>Data da Defesa:\u00a0<\/strong>27\/02\/2023<\/span><\/p>\n<hr \/>\n<p>&nbsp;<\/p>\n","protected":false},"excerpt":{"rendered":"<p>&nbsp; Disserta\u00e7\u00f5es 2023 &nbsp; Arthur Mar\u00e7al Almeida T\u00edtulo: Doses de progesterona e seus efeitos no protocolo de IATF de vacas de corte taurinas com elevado escore de condi\u00e7\u00e3o corporal Orientador:\u00a0Bernardo Garziera Gasperin Data da Defesa: 31\/07\/2023 Bibiana Rodrigues de Freitas T\u00edtulo: Detec\u00e7\u00e3o de DNA de Trypanosoma spp. e Leishmania spp. em \u00f3rg\u00e3os de Javali (Sus [&hellip;]<\/p>\n","protected":false},"author":391,"featured_media":0,"parent":152,"menu_order":-9,"comment_status":"closed","ping_status":"closed","template":"","meta":{"footnotes":""},"class_list":["post-6408","page","type-page","status-publish","hentry"],"_links":{"self":[{"href":"https:\/\/wp.ufpel.edu.br\/ppgveterinaria\/wp-json\/wp\/v2\/pages\/6408","targetHints":{"allow":["GET"]}}],"collection":[{"href":"https:\/\/wp.ufpel.edu.br\/ppgveterinaria\/wp-json\/wp\/v2\/pages"}],"about":[{"href":"https:\/\/wp.ufpel.edu.br\/ppgveterinaria\/wp-json\/wp\/v2\/types\/page"}],"author":[{"embeddable":true,"href":"https:\/\/wp.ufpel.edu.br\/ppgveterinaria\/wp-json\/wp\/v2\/users\/391"}],"replies":[{"embeddable":true,"href":"https:\/\/wp.ufpel.edu.br\/ppgveterinaria\/wp-json\/wp\/v2\/comments?post=6408"}],"version-history":[{"count":3,"href":"https:\/\/wp.ufpel.edu.br\/ppgveterinaria\/wp-json\/wp\/v2\/pages\/6408\/revisions"}],"predecessor-version":[{"id":7595,"href":"https:\/\/wp.ufpel.edu.br\/ppgveterinaria\/wp-json\/wp\/v2\/pages\/6408\/revisions\/7595"}],"up":[{"embeddable":true,"href":"https:\/\/wp.ufpel.edu.br\/ppgveterinaria\/wp-json\/wp\/v2\/pages\/152"}],"wp:attachment":[{"href":"https:\/\/wp.ufpel.edu.br\/ppgveterinaria\/wp-json\/wp\/v2\/media?parent=6408"}],"curies":[{"name":"wp","href":"https:\/\/api.w.org\/{rel}","templated":true}]}}