{"id":6168,"date":"2022-12-12T11:37:59","date_gmt":"2022-12-12T14:37:59","guid":{"rendered":"https:\/\/wp.ufpel.edu.br\/ppgveterinaria\/?page_id=6168"},"modified":"2023-08-17T16:28:31","modified_gmt":"2023-08-17T19:28:31","slug":"2023-2","status":"publish","type":"page","link":"https:\/\/wp.ufpel.edu.br\/ppgveterinaria\/editais\/alunos-especiais\/2023-2\/","title":{"rendered":"2023"},"content":{"rendered":"<p>&nbsp;<\/p>\n<ul>\n<li><span style=\"color: #464646;\"><a style=\"color: #464646;\" href=\"https:\/\/wp.ufpel.edu.br\/ppgveterinaria\/files\/2014\/07\/Formul%C3%A1rio-Inscri%C3%A7%C3%A3o-Aluno-Especial.doc\" target=\"_blank\" rel=\"noopener noreferrer\">Formul\u00e1rio de Inscri\u00e7\u00e3o &#8211; Aluno Especial<\/a><\/span><\/li>\n<\/ul>\n<p>&nbsp;<\/p>\n<ul>\n<li><span style=\"color: #464646;\"><a style=\"color: #464646;\" href=\"https:\/\/wp.ufpel.edu.br\/ppgveterinaria\/files\/2023\/01\/Edital-de-selecao-PRPPG-Especiais-2023-1.pdf\" target=\"_blank\" rel=\"noopener\">Edital Aluno Especial 2023-1 <\/a><\/span><\/li>\n<li><span style=\"color: #464646;\"><a style=\"color: #464646;\" href=\"https:\/\/wp.ufpel.edu.br\/ppgveterinaria\/files\/2023\/03\/Alunos-2023-1-Especiais.pdf\" target=\"_blank\" rel=\"noopener\">Alunos Especiais 2023-1<\/a><\/span><\/li>\n<\/ul>\n<p>&nbsp;<\/p>\n<ul>\n<li><a href=\"https:\/\/wp.ufpel.edu.br\/ppgveterinaria\/files\/2023\/07\/Edital-de-selecao-Especiais-2023-2.pdf\" target=\"_blank\" rel=\"noopener\"><span style=\"color: #464646;\">Edital Aluno Especial 2023-2<\/span><\/a><\/li>\n<li><a href=\"https:\/\/wp.ufpel.edu.br\/ppgveterinaria\/files\/2023\/08\/Alunos-2023-2-Especiais.pdf\" target=\"_blank\" rel=\"noopener\"><span style=\"color: #464646;\">Alunos Especiais 2023-2<\/span><\/a><\/li>\n<\/ul>\n","protected":false},"excerpt":{"rendered":"<p>&nbsp; Formul\u00e1rio de Inscri\u00e7\u00e3o &#8211; Aluno Especial &nbsp; Edital Aluno Especial 2023-1 Alunos Especiais 2023-1 &nbsp; Edital Aluno Especial 2023-2 Alunos Especiais 2023-2<\/p>\n","protected":false},"author":391,"featured_media":0,"parent":3682,"menu_order":-4,"comment_status":"closed","ping_status":"closed","template":"","meta":{"footnotes":""},"class_list":["post-6168","page","type-page","status-publish","hentry"],"_links":{"self":[{"href":"https:\/\/wp.ufpel.edu.br\/ppgveterinaria\/wp-json\/wp\/v2\/pages\/6168","targetHints":{"allow":["GET"]}}],"collection":[{"href":"https:\/\/wp.ufpel.edu.br\/ppgveterinaria\/wp-json\/wp\/v2\/pages"}],"about":[{"href":"https:\/\/wp.ufpel.edu.br\/ppgveterinaria\/wp-json\/wp\/v2\/types\/page"}],"author":[{"embeddable":true,"href":"https:\/\/wp.ufpel.edu.br\/ppgveterinaria\/wp-json\/wp\/v2\/users\/391"}],"replies":[{"embeddable":true,"href":"https:\/\/wp.ufpel.edu.br\/ppgveterinaria\/wp-json\/wp\/v2\/comments?post=6168"}],"version-history":[{"count":8,"href":"https:\/\/wp.ufpel.edu.br\/ppgveterinaria\/wp-json\/wp\/v2\/pages\/6168\/revisions"}],"predecessor-version":[{"id":6521,"href":"https:\/\/wp.ufpel.edu.br\/ppgveterinaria\/wp-json\/wp\/v2\/pages\/6168\/revisions\/6521"}],"up":[{"embeddable":true,"href":"https:\/\/wp.ufpel.edu.br\/ppgveterinaria\/wp-json\/wp\/v2\/pages\/3682"}],"wp:attachment":[{"href":"https:\/\/wp.ufpel.edu.br\/ppgveterinaria\/wp-json\/wp\/v2\/media?parent=6168"}],"curies":[{"name":"wp","href":"https:\/\/api.w.org\/{rel}","templated":true}]}}