{"id":6038,"date":"2022-10-27T14:23:58","date_gmt":"2022-10-27T17:23:58","guid":{"rendered":"https:\/\/wp.ufpel.edu.br\/ppgveterinaria\/?page_id=6038"},"modified":"2022-11-11T10:54:46","modified_gmt":"2022-11-11T13:54:46","slug":"2022-2","status":"publish","type":"page","link":"https:\/\/wp.ufpel.edu.br\/ppgveterinaria\/editais\/pos-doutorado\/2022-2\/","title":{"rendered":"2022"},"content":{"rendered":"<p>&nbsp;<\/p>\n<ul>\n<li><span style=\"color: #464646;\"><a style=\"color: #464646;\" href=\"https:\/\/wp.ufpel.edu.br\/ppgveterinaria\/files\/2022\/10\/Edital-PDPG-Capes-2022.pdf\" target=\"_blank\" rel=\"noopener\">Edital PDPG &#8211; Ingresso em 2022<\/a><\/span><\/li>\n<li><span style=\"color: #464646;\"><a style=\"color: #464646;\" href=\"https:\/\/wp.ufpel.edu.br\/ppgveterinaria\/files\/2022\/10\/Planilha-Bolsistas-Site-1.xlsx\" target=\"_blank\" rel=\"noopener\">Planilha de Avalia\u00e7\u00e3o &#8211; Curr\u00edculo<\/a><\/span><\/li>\n<li><span style=\"color: #464646;\"><a style=\"color: #464646;\" href=\"https:\/\/wp.ufpel.edu.br\/ppgveterinaria\/pt\/edital-pdpg-ppgv-pos-doutorado-resultado\/\" target=\"_blank\" rel=\"noopener\">Resultado<\/a><\/span><\/li>\n<\/ul>\n","protected":false},"excerpt":{"rendered":"<p>&nbsp; Edital PDPG &#8211; Ingresso em 2022 Planilha de Avalia\u00e7\u00e3o &#8211; Curr\u00edculo Resultado<\/p>\n","protected":false},"author":391,"featured_media":0,"parent":3678,"menu_order":7,"comment_status":"closed","ping_status":"closed","template":"","meta":{"footnotes":""},"class_list":["post-6038","page","type-page","status-publish","hentry"],"_links":{"self":[{"href":"https:\/\/wp.ufpel.edu.br\/ppgveterinaria\/wp-json\/wp\/v2\/pages\/6038","targetHints":{"allow":["GET"]}}],"collection":[{"href":"https:\/\/wp.ufpel.edu.br\/ppgveterinaria\/wp-json\/wp\/v2\/pages"}],"about":[{"href":"https:\/\/wp.ufpel.edu.br\/ppgveterinaria\/wp-json\/wp\/v2\/types\/page"}],"author":[{"embeddable":true,"href":"https:\/\/wp.ufpel.edu.br\/ppgveterinaria\/wp-json\/wp\/v2\/users\/391"}],"replies":[{"embeddable":true,"href":"https:\/\/wp.ufpel.edu.br\/ppgveterinaria\/wp-json\/wp\/v2\/comments?post=6038"}],"version-history":[{"count":4,"href":"https:\/\/wp.ufpel.edu.br\/ppgveterinaria\/wp-json\/wp\/v2\/pages\/6038\/revisions"}],"predecessor-version":[{"id":6093,"href":"https:\/\/wp.ufpel.edu.br\/ppgveterinaria\/wp-json\/wp\/v2\/pages\/6038\/revisions\/6093"}],"up":[{"embeddable":true,"href":"https:\/\/wp.ufpel.edu.br\/ppgveterinaria\/wp-json\/wp\/v2\/pages\/3678"}],"wp:attachment":[{"href":"https:\/\/wp.ufpel.edu.br\/ppgveterinaria\/wp-json\/wp\/v2\/media?parent=6038"}],"curies":[{"name":"wp","href":"https:\/\/api.w.org\/{rel}","templated":true}]}}