{"id":6023,"date":"2022-09-29T12:34:12","date_gmt":"2022-09-29T15:34:12","guid":{"rendered":"https:\/\/wp.ufpel.edu.br\/ppgveterinaria\/?page_id=6023"},"modified":"2023-05-08T13:06:59","modified_gmt":"2023-05-08T16:06:59","slug":"2023-2","status":"publish","type":"page","link":"https:\/\/wp.ufpel.edu.br\/ppgveterinaria\/editais\/mestrado-e-doutorado\/2023-2\/","title":{"rendered":"2023"},"content":{"rendered":"<p>&nbsp;<\/p>\n<ul>\n<li><span style=\"color: #464646;\"><a style=\"color: #464646;\" href=\"https:\/\/wp.ufpel.edu.br\/ppgveterinaria\/files\/2023\/03\/Edital-2023-Chamada-Extra-Mestrado.pdf\" target=\"_blank\" rel=\"noopener\">Edital Mestrado &#8211; Ingresso em 2023 &#8211; Chamada Extra<\/a><\/span><\/li>\n<li><span style=\"color: #464646;\"><a style=\"color: #464646;\" href=\"https:\/\/wp.ufpel.edu.br\/ppgveterinaria\/files\/2022\/11\/Formulario-de-Inscricao-Novo.docx\" target=\"_blank\" rel=\"noopener\">Formul\u00e1rio &#8211; Inscri\u00e7\u00e3o<\/a><\/span><\/li>\n<li><span style=\"color: #464646;\"><a style=\"color: #464646;\" href=\"https:\/\/wp.ufpel.edu.br\/ppgveterinaria\/files\/2022\/11\/Planilha-Selecao-2023-Site.xlsx\" target=\"_blank\" rel=\"noopener\">Planilha Avalia\u00e7\u00e3o do Curr\u00edculo &#8211; Mestrado<\/a><\/span><\/li>\n<li><span style=\"color: #464646;\"><a style=\"color: #464646;\" href=\"https:\/\/wp.ufpel.edu.br\/ppgveterinaria\/files\/2014\/07\/Declara%C3%A7%C3%A3o-de-Etnia-edit%C3%A1vel.docx\">Declara\u00e7\u00e3o de Etnia<\/a><\/span><\/li>\n<li><span style=\"color: #464646;\"><a style=\"color: #464646;\" href=\"https:\/\/wp.ufpel.edu.br\/ppgveterinaria\/files\/2021\/05\/Autodeclaracao_de_Identidade_de_Genero.pdf\" target=\"_blank\" rel=\"noopener noreferrer\">Autodeclara\u00e7\u00e3o de Identidade de G\u00eanero<\/a><\/span><\/li>\n<li><span style=\"color: #464646;\"><a style=\"color: #464646;\" href=\"https:\/\/wp.ufpel.edu.br\/ppgveterinaria\/files\/2023\/03\/Checklist-Inscricao-Selecao-2023-Extra-1.docx\" target=\"_blank\" rel=\"noopener\">Checklist<\/a><\/span><\/li>\n<li><a href=\"https:\/\/wp.ufpel.edu.br\/ppgveterinaria\/pt\/selecao-2023-chamada-extra-resultado\/\" target=\"_blank\" rel=\"noopener\"><span style=\"color: #464646;\">Resultado<\/span><\/a><\/li>\n<\/ul>\n<p>&nbsp;<\/p>\n<ul>\n<li><span style=\"color: #464646;\"><a style=\"color: #464646;\" href=\"https:\/\/wp.ufpel.edu.br\/ppgveterinaria\/files\/2022\/12\/SEI_UFPel-1963568-Edital-de-selecao-PRPPG.pdf\" target=\"_blank\" rel=\"noopener\">Edital Mestrado e Doutorado &#8211; Ingresso em 2023<\/a><\/span><\/li>\n<li><span style=\"color: #464646;\"><a style=\"color: #464646;\" href=\"https:\/\/wp.ufpel.edu.br\/ppgveterinaria\/files\/2022\/11\/Formulario-de-Inscricao-Novo.docx\" target=\"_blank\" rel=\"noopener\">Formul\u00e1rio \u2013 Inscri\u00e7\u00e3o<\/a><\/span><\/li>\n<li><span style=\"color: #464646;\"><a style=\"color: #464646;\" href=\"https:\/\/wp.ufpel.edu.br\/ppgveterinaria\/files\/2022\/11\/Planilha-Selecao-2023-Site.xlsx\" target=\"_blank\" rel=\"noopener\">Planilha Avalia\u00e7\u00e3o do Curr\u00edculo \u2013 Mestrado e Doutorado<\/a><\/span><\/li>\n<li><span style=\"color: #464646;\"><a style=\"color: #464646;\" href=\"https:\/\/wp.ufpel.edu.br\/ppgveterinaria\/files\/2014\/07\/Declara%C3%A7%C3%A3o-de-Etnia-edit%C3%A1vel.docx\">Declara\u00e7\u00e3o de Etnia<\/a><\/span><\/li>\n<li><span style=\"color: #464646;\"><a style=\"color: #464646;\" href=\"https:\/\/wp.ufpel.edu.br\/ppgveterinaria\/files\/2021\/05\/Autodeclaracao_de_Identidade_de_Genero.pdf\" target=\"_blank\" rel=\"noopener noreferrer\">Autodeclara\u00e7\u00e3o de Identidade de G\u00eanero<\/a><\/span><\/li>\n<li><span style=\"color: #464646;\"><a style=\"color: #464646;\" href=\"https:\/\/wp.ufpel.edu.br\/ppgveterinaria\/files\/2022\/11\/Checklist-Inscricao-Selecao-2023.docx\" target=\"_blank\" rel=\"noopener\">Checklist<\/a><\/span><\/li>\n<li><span style=\"color: #464646;\"><a style=\"color: #464646;\" href=\"https:\/\/wp.ufpel.edu.br\/ppgveterinaria\/pt\/selecao-2023-classificacao-final-e-matricula\/\" target=\"_blank\" rel=\"noopener\">Resultado<\/a><\/span><\/li>\n<\/ul>\n<p>&nbsp;<\/p>\n<ul>\n<li><span style=\"color: #464646;\"><a style=\"color: #464646;\" href=\"https:\/\/wp.ufpel.edu.br\/ppgveterinaria\/files\/2022\/11\/Ficha-de-Dados-Novos-Alunos.docx\" target=\"_blank\" rel=\"noopener noreferrer\" data-saferedirecturl=\"https:\/\/www.google.com\/url?q=https:\/\/wp.ufpel.edu.br\/ppgveterinaria\/files\/2020\/03\/Ficha-de-Dados-Novos-Alunos.docx&amp;source=gmail&amp;ust=1614440959782000&amp;usg=AFQjCNF7_MFYQLpCaAwOtWdvB4GkcpROkA\">Ficha de Dados &#8211; Novos Alunos<\/a><\/span><\/li>\n<\/ul>\n","protected":false},"excerpt":{"rendered":"<p>&nbsp; Edital Mestrado &#8211; Ingresso em 2023 &#8211; Chamada Extra Formul\u00e1rio &#8211; Inscri\u00e7\u00e3o Planilha Avalia\u00e7\u00e3o do Curr\u00edculo &#8211; Mestrado Declara\u00e7\u00e3o de Etnia Autodeclara\u00e7\u00e3o de Identidade de G\u00eanero Checklist Resultado &nbsp; Edital Mestrado e Doutorado &#8211; Ingresso em 2023 Formul\u00e1rio \u2013 Inscri\u00e7\u00e3o Planilha Avalia\u00e7\u00e3o do Curr\u00edculo \u2013 Mestrado e Doutorado Declara\u00e7\u00e3o de Etnia Autodeclara\u00e7\u00e3o de Identidade [&hellip;]<\/p>\n","protected":false},"author":391,"featured_media":0,"parent":3675,"menu_order":-4,"comment_status":"closed","ping_status":"closed","template":"","meta":{"footnotes":""},"class_list":["post-6023","page","type-page","status-publish","hentry"],"_links":{"self":[{"href":"https:\/\/wp.ufpel.edu.br\/ppgveterinaria\/wp-json\/wp\/v2\/pages\/6023","targetHints":{"allow":["GET"]}}],"collection":[{"href":"https:\/\/wp.ufpel.edu.br\/ppgveterinaria\/wp-json\/wp\/v2\/pages"}],"about":[{"href":"https:\/\/wp.ufpel.edu.br\/ppgveterinaria\/wp-json\/wp\/v2\/types\/page"}],"author":[{"embeddable":true,"href":"https:\/\/wp.ufpel.edu.br\/ppgveterinaria\/wp-json\/wp\/v2\/users\/391"}],"replies":[{"embeddable":true,"href":"https:\/\/wp.ufpel.edu.br\/ppgveterinaria\/wp-json\/wp\/v2\/comments?post=6023"}],"version-history":[{"count":13,"href":"https:\/\/wp.ufpel.edu.br\/ppgveterinaria\/wp-json\/wp\/v2\/pages\/6023\/revisions"}],"predecessor-version":[{"id":6383,"href":"https:\/\/wp.ufpel.edu.br\/ppgveterinaria\/wp-json\/wp\/v2\/pages\/6023\/revisions\/6383"}],"up":[{"embeddable":true,"href":"https:\/\/wp.ufpel.edu.br\/ppgveterinaria\/wp-json\/wp\/v2\/pages\/3675"}],"wp:attachment":[{"href":"https:\/\/wp.ufpel.edu.br\/ppgveterinaria\/wp-json\/wp\/v2\/media?parent=6023"}],"curies":[{"name":"wp","href":"https:\/\/api.w.org\/{rel}","templated":true}]}}