{"id":5806,"date":"2022-04-07T17:58:09","date_gmt":"2022-04-07T20:58:09","guid":{"rendered":"https:\/\/wp.ufpel.edu.br\/ppgveterinaria\/?page_id=5806"},"modified":"2024-08-09T17:04:51","modified_gmt":"2024-08-09T20:04:51","slug":"2022-2","status":"publish","type":"page","link":"https:\/\/wp.ufpel.edu.br\/ppgveterinaria\/dissertacoesteses\/teses\/2022-2\/","title":{"rendered":"2022"},"content":{"rendered":"<p>&nbsp;<\/p>\n<ul style=\"text-align: justify;\">\n<li><span style=\"color: #464646; font-family: georgia, palatino, serif; font-size: 12pt;\"><strong>Teses 2022<\/strong><\/span><\/li>\n<\/ul>\n<p>&nbsp;<\/p>\n<p style=\"text-align: justify;\"><span style=\"color: #464646; font-family: georgia, palatino, serif; font-size: 12pt;\">_________________________________________________________________<\/span><\/p>\n<p style=\"text-align: justify;\"><span style=\"color: #464646; font-family: georgia, palatino, serif; font-size: 12pt;\"><strong>Andressa Dutra Piovesan Rossato<\/strong><\/span><\/p>\n<p style=\"text-align: justify;\"><span style=\"color: #464646; font-family: georgia, palatino, serif; font-size: 12pt;\"><strong>T\u00edtulo:<\/strong> <a style=\"color: #464646;\" href=\"https:\/\/wp.ufpel.edu.br\/ppgveterinaria\/files\/2023\/05\/Andressa-Dutra-Piovesan-Rossato.pdf\" target=\"_blank\" rel=\"noopener\">Impacto do tamanho tumoral na malignidade dos neoplasmas mam\u00e1rios em cadelas<\/a><\/span><\/p>\n<p style=\"text-align: justify;\"><span style=\"color: #464646; font-family: georgia, palatino, serif; font-size: 12pt;\"><strong>Orientador:<\/strong>\u00a0Cristina Gevehr Fernandes<\/span><\/p>\n<p style=\"text-align: justify;\"><span style=\"color: #464646; font-family: georgia, palatino, serif; font-size: 12pt;\"><strong>Data da Defesa: <\/strong>09\/12\/2022<\/span><\/p>\n<p style=\"text-align: justify;\"><span style=\"color: #464646; font-family: georgia, palatino, serif; font-size: 12pt;\">_________________________________________________________________<\/span><\/p>\n<p style=\"text-align: justify;\"><span style=\"color: #464646; font-family: georgia, palatino, serif; font-size: 12pt;\"><strong>Haide Valeska Scheid\u00a0\u00a0\u00a0\u00a0\u00a0<\/strong><\/span><\/p>\n<p style=\"text-align: justify;\"><span style=\"color: #464646; font-family: georgia, palatino, serif; font-size: 12pt;\"><strong>T\u00edtulo:<\/strong> <a style=\"color: #464646;\" href=\"https:\/\/wp.ufpel.edu.br\/ppgveterinaria\/files\/2022\/09\/Haide-Valeska-Scheid.pdf\" target=\"_blank\" rel=\"noopener\">Evolu\u00e7\u00e3o das enfermidades t\u00f3xicas em bovinos na Regi\u00e3o Sul do Rio Grande do Sul: revis\u00e3o, distribui\u00e7\u00e3o espacial e tend\u00eancia em 42 anos<\/a><\/span><\/p>\n<p style=\"text-align: justify;\"><span style=\"color: #464646; font-family: georgia, palatino, serif; font-size: 12pt;\"><strong>Orientador:<\/strong>\u00a0Ana Lucia Pereira Schild<\/span><\/p>\n<p style=\"text-align: justify;\"><span style=\"color: #464646; font-family: georgia, palatino, serif; font-size: 12pt;\"><strong>Data da Defesa: <\/strong>24\/02\/2022<\/span><\/p>\n<p style=\"text-align: justify;\"><span style=\"color: #464646; font-family: georgia, palatino, serif; font-size: 12pt;\">_________________________________________________________________<\/span><\/p>\n<p style=\"text-align: justify;\"><span style=\"color: #464646; font-family: georgia, palatino, serif; font-size: 12pt;\"><strong>Jaqueline Freitas Motta<\/strong><\/span><\/p>\n<p style=\"text-align: justify;\"><span style=\"color: #464646; font-family: georgia, palatino, serif; font-size: 12pt;\"><strong>T\u00edtulo: <\/strong><a style=\"color: #464646;\" href=\"https:\/\/wp.ufpel.edu.br\/ppgveterinaria\/files\/2023\/12\/Jaqueline-Freitas-Motta-Resumo.pdf\" target=\"_blank\" rel=\"noopener\">Avalia\u00e7\u00e3o de vacinas recombinantes pentavalentes contra <em>Clostridium perfringens<\/em> e <em>Clostridium botulinum<\/em> em ovinos<\/a>\u00a0<\/span><\/p>\n<p style=\"text-align: justify;\"><span style=\"color: #464646; font-family: georgia, palatino, serif; font-size: 12pt;\"><strong>Orientador:<\/strong>\u00a0Fabricio Rochedo Concei\u00e7\u00e3o<\/span><\/p>\n<p style=\"text-align: justify;\"><span style=\"color: #464646; font-family: georgia, palatino, serif; font-size: 12pt;\"><strong>Data da Defesa: <\/strong>30\/09\/2022<\/span><\/p>\n<p style=\"text-align: justify;\"><span style=\"color: #464646; font-family: georgia, palatino, serif; font-size: 12pt;\">_________________________________________________________________<\/span><\/p>\n<p style=\"text-align: justify;\"><span style=\"color: #464646; font-family: georgia, palatino, serif; font-size: 12pt;\"><strong>Jos\u00e9 Victor Vieira Isola<\/strong><\/span><\/p>\n<p style=\"text-align: justify;\"><span style=\"color: #464646; font-family: georgia, palatino, serif; font-size: 12pt;\"><strong>T\u00edtulo: <\/strong><a style=\"color: #464646;\" href=\"https:\/\/wp.ufpel.edu.br\/ppgveterinaria\/files\/2022\/07\/Jose-Victor-Vieira-Isola.pdf\" target=\"_blank\" rel=\"noopener\">17 alfa-estradiol e restri\u00e7\u00e3o cal\u00f3rica no envelhecimento reprodutivo de machos e f\u00eameas<\/a><\/span><\/p>\n<p style=\"text-align: justify;\"><span style=\"color: #464646; font-family: georgia, palatino, serif; font-size: 12pt;\"><strong>Orientador:<\/strong>\u00a0Augusto Schneider<\/span><\/p>\n<p style=\"text-align: justify;\"><span style=\"color: #464646; font-family: georgia, palatino, serif; font-size: 12pt;\"><strong>Data de Defesa:<\/strong> 05\/05\/2022<\/span><\/p>\n<p style=\"text-align: justify;\"><span style=\"color: #464646; font-family: georgia, palatino, serif; font-size: 12pt;\">_________________________________________________________________<\/span><\/p>\n<p style=\"text-align: justify;\"><span style=\"color: #464646; font-family: georgia, palatino, serif; font-size: 12pt;\"><strong>Luciana Aquini Fernandes Gil<\/strong><\/span><\/p>\n<p style=\"text-align: justify;\"><span style=\"color: #464646; font-family: georgia, palatino, serif; font-size: 12pt;\"><strong>T\u00edtulo: <\/strong><a style=\"color: #464646;\" href=\"https:\/\/wp.ufpel.edu.br\/ppgveterinaria\/files\/2022\/05\/Luciana-Aquini-Fernandes-Gil.pdf\" target=\"_blank\" rel=\"noopener\">Perfil hematol\u00f3gico associado a neoplasias e a terap\u00eautica institu\u00edda em felinos atendidos no HCV &#8211; UFPel entre 2015 e 2019<\/a><\/span><\/p>\n<p style=\"text-align: justify;\"><span style=\"color: #464646; font-family: georgia, palatino, serif; font-size: 12pt;\"><strong>Orientador:<\/strong>\u00a0Marlete Brum Cleff<\/span><\/p>\n<p style=\"text-align: justify;\"><span style=\"color: #464646; font-family: georgia, palatino, serif; font-size: 12pt;\"><strong>Data da Defesa: <\/strong>18\/03\/2022<\/span><\/p>\n<p style=\"text-align: justify;\"><span style=\"color: #464646; font-family: georgia, palatino, serif; font-size: 12pt;\">_________________________________________________________________<\/span><\/p>\n<p style=\"text-align: justify;\"><span style=\"color: #464646; font-family: georgia, palatino, serif; font-size: 12pt;\"><strong>Maria Eduarda Bicca Dode<\/strong><\/span><\/p>\n<p style=\"text-align: justify;\"><span style=\"color: #464646; font-family: georgia, palatino, serif; font-size: 12pt;\"><strong>T\u00edtulo:<\/strong> <a style=\"color: #464646;\" href=\"https:\/\/wp.ufpel.edu.br\/ppgveterinaria\/files\/2022\/12\/Maria-Eduarda-Bicca-Dode.pdf\" target=\"_blank\" rel=\"noopener\">Crescimento e Desenvolvimento de Filhotes de C\u00e3es da Ra\u00e7a Australian Cattle Dog<\/a><\/span><\/p>\n<p style=\"text-align: justify;\"><span style=\"color: #464646; font-family: georgia, palatino, serif; font-size: 12pt;\"><strong>Orientador:<\/strong>\u00a0Carine Dahl Corcini<\/span><\/p>\n<p style=\"text-align: justify;\"><span style=\"color: #464646; font-family: georgia, palatino, serif; font-size: 12pt;\"><strong>Data da Defesa:\u00a0<\/strong>30\/08\/2022<\/span><\/p>\n<p style=\"text-align: justify;\"><span style=\"color: #464646; font-family: georgia, palatino, serif; font-size: 12pt;\">_________________________________________________________________<\/span><\/p>\n<p style=\"text-align: justify;\"><span style=\"font-family: georgia, palatino, serif; font-size: 12pt; color: #464646;\"><strong>Mariana Andrade Mousquer<\/strong><\/span><\/p>\n<p style=\"text-align: justify;\"><span style=\"font-family: georgia, palatino, serif; font-size: 12pt; color: #464646;\"><strong>T\u00edtulo: <\/strong><a style=\"color: #464646;\" href=\"https:\/\/wp.ufpel.edu.br\/ppgveterinaria\/files\/2023\/12\/Mariana-Andrade-Mousquer.pdf\" target=\"_blank\" rel=\"noopener\">Obesidade em equinos da ra\u00e7a Crioula<\/a><\/span><\/p>\n<p style=\"text-align: justify;\"><span style=\"font-family: georgia, palatino, serif; font-size: 12pt; color: #464646;\"><strong>Orientador:<\/strong>\u00a0Carlos Eduardo Wayne Nogueira<\/span><\/p>\n<p style=\"text-align: justify;\"><span style=\"font-family: georgia, palatino, serif; font-size: 12pt; color: #464646;\"><strong>Data da Defesa:\u00a0<\/strong>20\/12\/2022<\/span><\/p>\n<p style=\"text-align: justify;\"><span style=\"color: #464646; font-family: georgia, palatino, serif; font-size: 12pt;\"><strong>_________________________________________________________________<\/strong><\/span><\/p>\n<p style=\"text-align: justify;\"><span style=\"color: #464646; font-family: georgia, palatino, serif; font-size: 12pt;\"><strong>Norton Luis Souza Gatti<\/strong><\/span><\/p>\n<p style=\"text-align: justify;\"><span style=\"color: #464646; font-family: georgia, palatino, serif; font-size: 12pt;\"><strong>T\u00edtulo: <\/strong><a style=\"color: #464646;\" href=\"https:\/\/wp.ufpel.edu.br\/ppgveterinaria\/files\/2023\/12\/Norton-Luis-Souza-Gatti.pdf\" target=\"_blank\" rel=\"noopener\">Uso de amidas na criopreserva\u00e7\u00e3o seminal de galos<\/a><\/span><\/p>\n<p style=\"text-align: justify;\"><span style=\"color: #464646; font-family: georgia, palatino, serif; font-size: 12pt;\"><strong>Orientador:<\/strong>\u00a0Antonio Sergio Varela Junior<\/span><\/p>\n<p style=\"text-align: justify;\"><span style=\"color: #464646; font-family: georgia, palatino, serif; font-size: 12pt;\"><strong>Data da Defesa: <\/strong>24\/10\/2022<\/span><\/p>\n<p style=\"text-align: justify;\"><span style=\"color: #464646; font-family: georgia, palatino, serif; font-size: 12pt;\">_________________________________________________________________<\/span><\/p>\n<p style=\"text-align: justify;\"><span style=\"color: #464646; font-family: georgia, palatino, serif; font-size: 12pt;\"><strong>Ot\u00e1via de Almeida Martins<\/strong><\/span><\/p>\n<p style=\"text-align: justify;\"><span style=\"color: #464646; font-family: georgia, palatino, serif; font-size: 12pt;\"><strong>T\u00edtulo: <\/strong><a style=\"color: #464646;\" href=\"https:\/\/wp.ufpel.edu.br\/ppgveterinaria\/files\/2022\/12\/Otavia-de-Almeida-Martins.pdf\" target=\"_blank\" rel=\"noopener\">Atividade antif\u00fangica in vitro de diferentes extratos de Olea Europaea L., variedades Arbequina e Picual, frente a fungos de import\u00e2ncia em medicina veterin\u00e1ria<\/a><\/span><\/p>\n<p style=\"text-align: justify;\"><span style=\"color: #464646; font-family: georgia, palatino, serif; font-size: 12pt;\"><strong>Orientador:<\/strong>\u00a0M\u00e1rio Carlos Ara\u00fajo Meireles<\/span><\/p>\n<p style=\"text-align: justify;\"><span style=\"color: #464646; font-family: georgia, palatino, serif; font-size: 12pt;\"><strong>Data da Defesa: <\/strong>07\/04\/2022<\/span><\/p>\n<p style=\"text-align: justify;\"><span style=\"color: #464646; font-family: georgia, palatino, serif; font-size: 12pt;\">_________________________________________________________________<\/span><\/p>\n<p style=\"text-align: justify;\"><span style=\"color: #464646; font-family: georgia, palatino, serif; font-size: 12pt;\"><strong>Taina dos Santos Alberti<\/strong><\/span><\/p>\n<p style=\"text-align: justify;\"><span style=\"color: #464646; font-family: georgia, palatino, serif; font-size: 12pt;\"><strong>T\u00edtulo: <\/strong><a style=\"color: #464646;\" href=\"https:\/\/wp.ufpel.edu.br\/ppgveterinaria\/files\/2022\/05\/Taina-dos-Santos-Alberti.pdf\" target=\"_blank\" rel=\"noopener\">Neoplasias do sistema nervoso central de caninos e felinos<\/a><\/span><\/p>\n<p style=\"text-align: justify;\"><span style=\"color: #464646; font-family: georgia, palatino, serif; font-size: 12pt;\"><strong>Orientador:<\/strong>\u00a0Eliza Simone Vi\u00e9gas Sallis<\/span><\/p>\n<p style=\"text-align: justify;\"><span style=\"color: #464646; font-family: georgia, palatino, serif; font-size: 12pt;\"><strong>Data da Defesa: <\/strong>21\/02\/2022<\/span><\/p>\n<p style=\"text-align: justify;\"><span style=\"color: #464646; font-family: georgia, palatino, serif; font-size: 12pt;\">_________________________________________________________________<\/span><\/p>\n<p style=\"text-align: justify;\"><span style=\"color: #464646; font-family: georgia, palatino, serif; font-size: 12pt;\"><strong>Thais Casarin da Silva<\/strong><\/span><\/p>\n<p style=\"text-align: justify;\"><span style=\"color: #464646; font-family: georgia, palatino, serif; font-size: 12pt;\"><strong>T\u00edtulo: <\/strong><a style=\"color: #464646;\" href=\"https:\/\/wp.ufpel.edu.br\/ppgveterinaria\/files\/2022\/11\/Thais-Casarin-da-Silva-Resumo.pdf\" target=\"_blank\" rel=\"noopener\">Avalia\u00e7\u00e3o do perfil hormonal de vacas leiterias no p\u00f3s-parto e desenvolvimento de uma plataforma farmac\u00eautica de libera\u00e7\u00e3o prolongada para horm\u00f4nios<\/a><\/span><\/p>\n<p style=\"text-align: justify;\"><span style=\"color: #464646; font-family: georgia, palatino, serif; font-size: 12pt;\"><strong>Orientador:<\/strong>\u00a0Marcio Nunes Corr\u00eaa<\/span><\/p>\n<p style=\"text-align: justify;\"><span style=\"color: #464646; font-family: georgia, palatino, serif; font-size: 12pt;\"><strong>Data da Defesa: <\/strong>16\/03\/2022<\/span><\/p>\n<p style=\"text-align: justify;\"><span style=\"color: #464646; font-family: georgia, palatino, serif; font-size: 12pt;\">_________________________________________________________________<\/span><\/p>\n<p style=\"text-align: justify;\"><span style=\"color: #464646; font-family: georgia, palatino, serif; font-size: 12pt;\"><strong>Wagner Marques de Lima<\/strong><\/span><\/p>\n<p style=\"text-align: justify;\"><span style=\"color: #464646; font-family: georgia, palatino, serif; font-size: 12pt;\"><strong>T\u00edtulo: <\/strong><a style=\"color: #464646;\" href=\"https:\/\/wp.ufpel.edu.br\/ppgveterinaria\/files\/2023\/05\/Wagner-Marques-de-Lima.pdf\" target=\"_blank\" rel=\"noopener\">Tratamentos hormonais e seus efeitos em vacas doadoras e receptoras de embri\u00f5es de ra\u00e7as taurinas e sint\u00e9ticas<\/a><\/span><\/p>\n<p style=\"text-align: justify;\"><span style=\"color: #464646; font-family: georgia, palatino, serif; font-size: 12pt;\"><strong>Orientador:<\/strong>\u00a0Bernardo Garziera Gasperin<\/span><\/p>\n<p style=\"text-align: justify;\"><span style=\"color: #464646; font-family: georgia, palatino, serif; font-size: 12pt;\"><strong>Data da Defesa: <\/strong>18\/03\/2022<\/span><\/p>\n<p style=\"text-align: justify;\"><span style=\"color: #464646; font-family: georgia, palatino, serif; font-size: 12pt;\">_________________________________________________________________<\/span><\/p>\n","protected":false},"excerpt":{"rendered":"<p>&nbsp; Teses 2022 &nbsp; _________________________________________________________________ Andressa Dutra Piovesan Rossato T\u00edtulo: Impacto do tamanho tumoral na malignidade dos neoplasmas mam\u00e1rios em cadelas Orientador:\u00a0Cristina Gevehr Fernandes Data da Defesa: 09\/12\/2022 _________________________________________________________________ Haide Valeska Scheid\u00a0\u00a0\u00a0\u00a0\u00a0 T\u00edtulo: Evolu\u00e7\u00e3o das enfermidades t\u00f3xicas em bovinos na Regi\u00e3o Sul do Rio Grande do Sul: revis\u00e3o, distribui\u00e7\u00e3o espacial e tend\u00eancia em 42 anos [&hellip;]<\/p>\n","protected":false},"author":391,"featured_media":0,"parent":426,"menu_order":-8,"comment_status":"closed","ping_status":"closed","template":"","meta":{"footnotes":""},"class_list":["post-5806","page","type-page","status-publish","hentry"],"_links":{"self":[{"href":"https:\/\/wp.ufpel.edu.br\/ppgveterinaria\/wp-json\/wp\/v2\/pages\/5806","targetHints":{"allow":["GET"]}}],"collection":[{"href":"https:\/\/wp.ufpel.edu.br\/ppgveterinaria\/wp-json\/wp\/v2\/pages"}],"about":[{"href":"https:\/\/wp.ufpel.edu.br\/ppgveterinaria\/wp-json\/wp\/v2\/types\/page"}],"author":[{"embeddable":true,"href":"https:\/\/wp.ufpel.edu.br\/ppgveterinaria\/wp-json\/wp\/v2\/users\/391"}],"replies":[{"embeddable":true,"href":"https:\/\/wp.ufpel.edu.br\/ppgveterinaria\/wp-json\/wp\/v2\/comments?post=5806"}],"version-history":[{"count":19,"href":"https:\/\/wp.ufpel.edu.br\/ppgveterinaria\/wp-json\/wp\/v2\/pages\/5806\/revisions"}],"predecessor-version":[{"id":6982,"href":"https:\/\/wp.ufpel.edu.br\/ppgveterinaria\/wp-json\/wp\/v2\/pages\/5806\/revisions\/6982"}],"up":[{"embeddable":true,"href":"https:\/\/wp.ufpel.edu.br\/ppgveterinaria\/wp-json\/wp\/v2\/pages\/426"}],"wp:attachment":[{"href":"https:\/\/wp.ufpel.edu.br\/ppgveterinaria\/wp-json\/wp\/v2\/media?parent=5806"}],"curies":[{"name":"wp","href":"https:\/\/api.w.org\/{rel}","templated":true}]}}