{"id":5575,"date":"2021-10-07T21:22:03","date_gmt":"2021-10-08T00:22:03","guid":{"rendered":"https:\/\/wp.ufpel.edu.br\/ppgveterinaria\/?page_id=5575"},"modified":"2022-12-02T09:33:25","modified_gmt":"2022-12-02T12:33:25","slug":"2022-2","status":"publish","type":"page","link":"https:\/\/wp.ufpel.edu.br\/ppgveterinaria\/editais\/mestrado-e-doutorado\/2022-2\/","title":{"rendered":"2022"},"content":{"rendered":"<p>&nbsp;<\/p>\n<ul>\n<li><span style=\"color: #464646;\"><a style=\"color: #464646;\" href=\"https:\/\/wp.ufpel.edu.br\/ppgveterinaria\/files\/2022\/11\/SEI_UFPel-1924022-Edital-de-selecao-PRPPG-PDPG-DAI.pdf\" target=\"_blank\" rel=\"noopener\">Edital Mestrado e Doutorado &#8211; Ingresso em 2022<\/a>\u00a0(Chamada Especial &#8211; PDPG\/CAPES e DAI\/CNPq)<\/span><\/li>\n<li><span style=\"color: #464646;\"><a style=\"color: #464646;\" href=\"https:\/\/wp.ufpel.edu.br\/ppgveterinaria\/files\/2022\/10\/Formulario-de-Inscricao-Novo-1.docx\" target=\"_blank\" rel=\"noopener\">Formul\u00e1rio &#8211; Inscri\u00e7\u00e3o<\/a><\/span><\/li>\n<li><span style=\"color: #464646;\"><a style=\"color: #464646;\" href=\"https:\/\/wp.ufpel.edu.br\/ppgveterinaria\/files\/2022\/10\/Planilha-Selecao-PDPG-DAI-Site.xlsx\" target=\"_blank\" rel=\"noopener\">Planilha Avalia\u00e7\u00e3o do Curr\u00edculo &#8211; Mestrado e Doutorado<\/a><\/span><\/li>\n<li><span style=\"color: #464646;\"><a style=\"color: #464646;\" href=\"https:\/\/wp.ufpel.edu.br\/ppgveterinaria\/files\/2022\/10\/Checklist-PDPG-DAI.docx\" target=\"_blank\" rel=\"noopener\">Checklist<\/a><\/span><\/li>\n<li><a href=\"https:\/\/wp.ufpel.edu.br\/ppgveterinaria\/pt\/selecao-2022-2-chamada-especial-resultado-e-matricula\/\" target=\"_blank\" rel=\"noopener\"><span style=\"color: #464646;\">Resultado<\/span><\/a><\/li>\n<\/ul>\n<p>&nbsp;<\/p>\n<ul>\n<li><span style=\"color: #464646;\"><a style=\"color: #464646;\" href=\"https:\/\/wp.ufpel.edu.br\/ppgveterinaria\/files\/2021\/11\/SEI_UFPel-1492215-Edital-de-selecao-PRPPGI.pdf\" target=\"_blank\" rel=\"noopener\">Edital Mestrado e Doutorado &#8211; Ingresso em 2022<\/a><\/span><\/li>\n<li><span style=\"color: #464646;\"><a style=\"color: #464646;\" href=\"https:\/\/wp.ufpel.edu.br\/ppgveterinaria\/files\/2019\/11\/Formul%C3%A1rio-de-Inscri%C3%A7%C3%A3o.docx\" target=\"_blank\" rel=\"noopener noreferrer\">Formul\u00e1rio &#8211; Inscri\u00e7\u00e3o<\/a><\/span><\/li>\n<li><span style=\"color: #464646;\"><a style=\"color: #464646;\" href=\"https:\/\/wp.ufpel.edu.br\/ppgveterinaria\/files\/2021\/10\/Planilha-Selecao-2022-Site.xlsx\" target=\"_blank\" rel=\"noopener noreferrer\">Planilha Avalia\u00e7\u00e3o do Curr\u00edculo &#8211; Mestrado e Doutorado<\/a><\/span><\/li>\n<li><span style=\"color: #464646;\"><a style=\"color: #464646;\" href=\"https:\/\/wp.ufpel.edu.br\/ppgveterinaria\/files\/2014\/07\/Declara%C3%A7%C3%A3o-de-Etnia-edit%C3%A1vel.docx\">Declara\u00e7\u00e3o de Etnia<\/a><\/span><\/li>\n<li><span style=\"color: #464646;\"><a style=\"color: #464646;\" href=\"https:\/\/wp.ufpel.edu.br\/ppgveterinaria\/files\/2021\/05\/Autodeclaracao_de_Identidade_de_Genero.pdf\" target=\"_blank\" rel=\"noopener noreferrer\">Autodeclara\u00e7\u00e3o de Identidade de G\u00eanero<\/a><\/span><\/li>\n<li><span style=\"color: #464646;\"><a style=\"color: #464646;\" href=\"https:\/\/wp.ufpel.edu.br\/ppgveterinaria\/files\/2021\/10\/Checklist-Inscricao-Selecao-2022-1.docx\" target=\"_blank\" rel=\"noopener noreferrer\">Checklist<\/a><\/span><\/li>\n<li><span style=\"color: #464646;\"><a style=\"color: #464646;\" href=\"https:\/\/wp.ufpel.edu.br\/ppgveterinaria\/pt\/selecao-2022-1-resultado-final-e-matricula\/\" target=\"_blank\" rel=\"noopener noreferrer\">Resultado<\/a><\/span><\/li>\n<\/ul>\n<p>&nbsp;<\/p>\n<p>&nbsp;<\/p>\n","protected":false},"excerpt":{"rendered":"<p>&nbsp; Edital Mestrado e Doutorado &#8211; Ingresso em 2022\u00a0(Chamada Especial &#8211; PDPG\/CAPES e DAI\/CNPq) Formul\u00e1rio &#8211; Inscri\u00e7\u00e3o Planilha Avalia\u00e7\u00e3o do Curr\u00edculo &#8211; Mestrado e Doutorado Checklist Resultado &nbsp; Edital Mestrado e Doutorado &#8211; Ingresso em 2022 Formul\u00e1rio &#8211; Inscri\u00e7\u00e3o Planilha Avalia\u00e7\u00e3o do Curr\u00edculo &#8211; Mestrado e Doutorado Declara\u00e7\u00e3o de Etnia Autodeclara\u00e7\u00e3o de Identidade de G\u00eanero [&hellip;]<\/p>\n","protected":false},"author":391,"featured_media":0,"parent":3675,"menu_order":-3,"comment_status":"closed","ping_status":"closed","template":"","meta":{"footnotes":""},"class_list":["post-5575","page","type-page","status-publish","hentry"],"_links":{"self":[{"href":"https:\/\/wp.ufpel.edu.br\/ppgveterinaria\/wp-json\/wp\/v2\/pages\/5575","targetHints":{"allow":["GET"]}}],"collection":[{"href":"https:\/\/wp.ufpel.edu.br\/ppgveterinaria\/wp-json\/wp\/v2\/pages"}],"about":[{"href":"https:\/\/wp.ufpel.edu.br\/ppgveterinaria\/wp-json\/wp\/v2\/types\/page"}],"author":[{"embeddable":true,"href":"https:\/\/wp.ufpel.edu.br\/ppgveterinaria\/wp-json\/wp\/v2\/users\/391"}],"replies":[{"embeddable":true,"href":"https:\/\/wp.ufpel.edu.br\/ppgveterinaria\/wp-json\/wp\/v2\/comments?post=5575"}],"version-history":[{"count":12,"href":"https:\/\/wp.ufpel.edu.br\/ppgveterinaria\/wp-json\/wp\/v2\/pages\/5575\/revisions"}],"predecessor-version":[{"id":6149,"href":"https:\/\/wp.ufpel.edu.br\/ppgveterinaria\/wp-json\/wp\/v2\/pages\/5575\/revisions\/6149"}],"up":[{"embeddable":true,"href":"https:\/\/wp.ufpel.edu.br\/ppgveterinaria\/wp-json\/wp\/v2\/pages\/3675"}],"wp:attachment":[{"href":"https:\/\/wp.ufpel.edu.br\/ppgveterinaria\/wp-json\/wp\/v2\/media?parent=5575"}],"curies":[{"name":"wp","href":"https:\/\/api.w.org\/{rel}","templated":true}]}}