{"id":5335,"date":"2021-03-16T02:05:41","date_gmt":"2021-03-16T05:05:41","guid":{"rendered":"https:\/\/wp.ufpel.edu.br\/ppgveterinaria\/?page_id=5335"},"modified":"2024-08-09T17:04:10","modified_gmt":"2024-08-09T20:04:10","slug":"2021-2","status":"publish","type":"page","link":"https:\/\/wp.ufpel.edu.br\/ppgveterinaria\/dissertacoesteses\/teses\/2021-2\/","title":{"rendered":"2021"},"content":{"rendered":"<p>&nbsp;<\/p>\n<ul>\n<li style=\"text-align: justify;\"><span style=\"color: #464646; font-family: georgia, palatino, serif; font-size: 12pt;\"><strong>Teses 2021<\/strong><\/span><\/li>\n<\/ul>\n<p>&nbsp;<\/p>\n<p style=\"text-align: justify;\"><span style=\"color: #464646; font-family: georgia, palatino, serif; font-size: 12pt;\">_________________________________________________________________<\/span><\/p>\n<p style=\"text-align: justify;\"><span style=\"color: #464646; font-family: georgia, palatino, serif; font-size: 12pt;\"><strong>Alessandra Jacomelli Teles<\/strong><\/span><\/p>\n<p style=\"text-align: justify;\"><span style=\"color: #464646; font-family: georgia, palatino, serif; font-size: 12pt;\"><strong>T\u00edtulo: <\/strong><a style=\"color: #464646;\" href=\"https:\/\/wp.ufpel.edu.br\/ppgveterinaria\/files\/2023\/10\/Alessandra-Jacomelli-Teles.pdf\" target=\"_blank\" rel=\"noopener\">Leptospirose no Rio Grande do Sul: Determinantes, distribui\u00e7\u00e3o espacial e temporal entre 2010 e 2019<\/a><\/span><\/p>\n<p style=\"text-align: justify;\"><span style=\"color: #464646; font-family: georgia, palatino, serif; font-size: 12pt;\"><strong>Orientador:<\/strong> F\u00e1bio Raphael Pascoti Bruhn<\/span><\/p>\n<p style=\"text-align: justify;\"><span style=\"color: #464646; font-family: georgia, palatino, serif; font-size: 12pt;\"><strong>Data da Defesa: <\/strong>31\/08\/2021<\/span><\/p>\n<p style=\"text-align: justify;\"><span style=\"color: #464646; font-family: georgia, palatino, serif; font-size: 12pt;\">_________________________________________________________________<\/span><\/p>\n<p style=\"text-align: justify;\"><span style=\"color: #464646; font-family: georgia, palatino, serif; font-size: 12pt;\"><strong>Alexsander Ferraz<\/strong><\/span><\/p>\n<p style=\"text-align: justify;\"><span style=\"color: #464646; font-family: georgia, palatino, serif; font-size: 12pt;\"><strong>T\u00edtulo: <\/strong><a style=\"color: #464646;\" href=\"https:\/\/wp.ufpel.edu.br\/ppgveterinaria\/files\/2022\/05\/Alexsander-Ferraz.pdf\" target=\"_blank\" rel=\"noopener\">Estudo da contamina\u00e7\u00e3o ambiental por parasitos zoon\u00f3ticos no entorno e interior de escolas municipais e praias de Pelotas, RS, Brasil, e rela\u00e7\u00e3o do grau da carga parasit\u00e1ria com par\u00e2metros hematol\u00f3gicos de c\u00e3es<\/a><\/span><\/p>\n<p style=\"text-align: justify;\"><span style=\"color: #464646; font-family: georgia, palatino, serif; font-size: 12pt;\"><strong>Orientador:<\/strong>\u00a0M\u00e1rcia de Oliveira Nobre<\/span><\/p>\n<p style=\"text-align: justify;\"><span style=\"color: #464646; font-family: georgia, palatino, serif; font-size: 12pt;\"><strong>Data da Defesa: <\/strong>26\/11\/2021<\/span><\/p>\n<p style=\"text-align: justify;\"><span style=\"color: #464646; font-family: georgia, palatino, serif; font-size: 12pt;\">_________________________________________________________________<\/span><\/p>\n<p style=\"text-align: justify;\"><span style=\"color: #464646; font-family: georgia, palatino, serif; font-size: 12pt;\"><strong>Cristina Mendes Peter<\/strong><\/span><\/p>\n<p style=\"text-align: justify;\"><span style=\"color: #464646; font-family: georgia, palatino, serif; font-size: 12pt;\"><strong>T\u00edtulo: <\/strong><a style=\"color: #464646;\" href=\"https:\/\/wp.ufpel.edu.br\/ppgveterinaria\/files\/2021\/11\/Cristina-Mendes-Peter-Resumo.pdf\" target=\"_blank\" rel=\"noopener\">Desenvolvimento e imunogenicidade de uma vacina de aplica\u00e7\u00e3o intravaginal contra o alphaherpesv\u00edrus bovino tipo 5 (BoHV-5) associada a subunidade B recombinante da enterotoxina termol\u00e1bil de Escherichia coli (rLTB)<\/a><\/span><\/p>\n<p style=\"text-align: justify;\"><span style=\"color: #464646; font-family: georgia, palatino, serif; font-size: 12pt;\"><strong>Orientador:<\/strong>\u00a0Geferson Fischer<\/span><\/p>\n<p style=\"text-align: justify;\"><span style=\"color: #464646; font-family: georgia, palatino, serif; font-size: 12pt;\"><strong>Data da Defesa:\u00a0<\/strong>25\/02\/2021<\/span><\/p>\n<p style=\"text-align: justify;\"><span style=\"color: #464646; font-family: georgia, palatino, serif; font-size: 12pt;\">_________________________________________________________________<\/span><\/p>\n<p style=\"text-align: justify;\"><span style=\"color: #464646; font-family: georgia, palatino, serif; font-size: 12pt;\"><strong>D\u00e9bora Rodrigues Silveira<\/strong><\/span><\/p>\n<p style=\"text-align: justify;\"><span style=\"color: #464646; font-family: georgia, palatino, serif; font-size: 12pt;\"><strong>T\u00edtulo: <\/strong><a style=\"color: #464646;\" href=\"https:\/\/wp.ufpel.edu.br\/ppgveterinaria\/files\/2021\/07\/Debora-Rodrigues-Silveira.pdf\" target=\"_blank\" rel=\"noopener\">Bact\u00e9rias relevantes em sa\u00fade \u00fanica isoladas de animais silvestres e dom\u00e9sticos: similaridade molecular e resist\u00eancia a antimicrobianos<\/a><\/span><\/p>\n<p style=\"text-align: justify;\"><span style=\"color: #464646; font-family: georgia, palatino, serif; font-size: 12pt;\"><strong>Orientador:<\/strong>\u00a0Cl\u00e1udio Dias Timm<\/span><\/p>\n<p style=\"text-align: justify;\"><span style=\"color: #464646; font-family: georgia, palatino, serif; font-size: 12pt;\"><strong>Data da Defesa:\u00a0<\/strong>23\/02\/2021<\/span><\/p>\n<p style=\"text-align: justify;\"><span style=\"color: #464646; font-family: georgia, palatino, serif; font-size: 12pt;\">_________________________________________________________________<\/span><\/p>\n<p style=\"text-align: justify;\"><span style=\"color: #464646; font-family: georgia, palatino, serif; font-size: 12pt;\"><strong>Fernanda Dagmar Martins Krug<\/strong><\/span><\/p>\n<p style=\"text-align: justify;\"><span style=\"color: #464646; font-family: georgia, palatino, serif; font-size: 12pt;\"><strong>T\u00edtulo: <\/strong><a style=\"color: #464646;\" href=\"https:\/\/wp.ufpel.edu.br\/ppgveterinaria\/files\/2022\/05\/Fernanda-Dagmar-Martins-Krug.pdf\" target=\"_blank\" rel=\"noopener\">Estudo sobre as altera\u00e7\u00f5es comportamentais em c\u00e3es durante o per\u00edodo de isolamento social pela pandemia por covid-19 e o estado cognitivo de c\u00e3es idosos<\/a><\/span><\/p>\n<p style=\"text-align: justify;\"><span style=\"color: #464646; font-family: georgia, palatino, serif; font-size: 12pt;\"><strong>Orientador:<\/strong>\u00a0M\u00e1rcia de Oliveira Nobre<\/span><\/p>\n<p style=\"text-align: justify;\"><span style=\"color: #464646; font-family: georgia, palatino, serif; font-size: 12pt;\"><strong>Data da Defesa: <\/strong>10\/12\/2021<\/span><\/p>\n<p style=\"text-align: justify;\"><span style=\"color: #464646; font-family: georgia, palatino, serif; font-size: 12pt;\">_________________________________________________________________<\/span><\/p>\n<p style=\"text-align: justify;\"><span style=\"color: #464646; font-family: georgia, palatino, serif; font-size: 12pt;\"><strong>Hortencia Campos Mazzo<\/strong><\/span><\/p>\n<p style=\"text-align: justify;\"><span style=\"color: #464646; font-family: georgia, palatino, serif; font-size: 12pt;\"><strong>T\u00edtulo:\u00a0<\/strong><a style=\"color: #464646;\" href=\"https:\/\/wp.ufpel.edu.br\/ppgveterinaria\/files\/2022\/05\/Hortencia-Campos-Mazzo.pdf\" target=\"_blank\" rel=\"noopener\">Perfil energ\u00e9tico de \u00e9guas gestantes e seus neonatos<\/a><\/span><\/p>\n<p style=\"text-align: justify;\"><span style=\"color: #464646; font-family: georgia, palatino, serif; font-size: 12pt;\"><strong>Orientador:<\/strong>\u00a0Bruna da Rosa Curcio<\/span><\/p>\n<p style=\"text-align: justify;\"><span style=\"color: #464646; font-family: georgia, palatino, serif; font-size: 12pt;\"><strong>Data da Defesa: <\/strong>13\/08\/2021<\/span><\/p>\n<p style=\"text-align: justify;\"><span style=\"color: #464646; font-family: georgia, palatino, serif; font-size: 12pt;\">_________________________________________________________________<\/span><\/p>\n<p style=\"text-align: justify;\">\n","protected":false},"excerpt":{"rendered":"<p>&nbsp; Teses 2021 &nbsp; _________________________________________________________________ Alessandra Jacomelli Teles T\u00edtulo: Leptospirose no Rio Grande do Sul: Determinantes, distribui\u00e7\u00e3o espacial e temporal entre 2010 e 2019 Orientador: F\u00e1bio Raphael Pascoti Bruhn Data da Defesa: 31\/08\/2021 _________________________________________________________________ Alexsander Ferraz T\u00edtulo: Estudo da contamina\u00e7\u00e3o ambiental por parasitos zoon\u00f3ticos no entorno e interior de escolas municipais e praias de Pelotas, [&hellip;]<\/p>\n","protected":false},"author":391,"featured_media":0,"parent":426,"menu_order":-7,"comment_status":"closed","ping_status":"closed","template":"","meta":{"footnotes":""},"class_list":["post-5335","page","type-page","status-publish","hentry"],"_links":{"self":[{"href":"https:\/\/wp.ufpel.edu.br\/ppgveterinaria\/wp-json\/wp\/v2\/pages\/5335","targetHints":{"allow":["GET"]}}],"collection":[{"href":"https:\/\/wp.ufpel.edu.br\/ppgveterinaria\/wp-json\/wp\/v2\/pages"}],"about":[{"href":"https:\/\/wp.ufpel.edu.br\/ppgveterinaria\/wp-json\/wp\/v2\/types\/page"}],"author":[{"embeddable":true,"href":"https:\/\/wp.ufpel.edu.br\/ppgveterinaria\/wp-json\/wp\/v2\/users\/391"}],"replies":[{"embeddable":true,"href":"https:\/\/wp.ufpel.edu.br\/ppgveterinaria\/wp-json\/wp\/v2\/comments?post=5335"}],"version-history":[{"count":15,"href":"https:\/\/wp.ufpel.edu.br\/ppgveterinaria\/wp-json\/wp\/v2\/pages\/5335\/revisions"}],"predecessor-version":[{"id":6980,"href":"https:\/\/wp.ufpel.edu.br\/ppgveterinaria\/wp-json\/wp\/v2\/pages\/5335\/revisions\/6980"}],"up":[{"embeddable":true,"href":"https:\/\/wp.ufpel.edu.br\/ppgveterinaria\/wp-json\/wp\/v2\/pages\/426"}],"wp:attachment":[{"href":"https:\/\/wp.ufpel.edu.br\/ppgveterinaria\/wp-json\/wp\/v2\/media?parent=5335"}],"curies":[{"name":"wp","href":"https:\/\/api.w.org\/{rel}","templated":true}]}}