{"id":5185,"date":"2020-11-30T20:12:16","date_gmt":"2020-11-30T23:12:16","guid":{"rendered":"https:\/\/wp.ufpel.edu.br\/ppgveterinaria\/?page_id=5185"},"modified":"2021-10-07T21:30:12","modified_gmt":"2021-10-08T00:30:12","slug":"2021-2","status":"publish","type":"page","link":"https:\/\/wp.ufpel.edu.br\/ppgveterinaria\/editais\/mestrado-e-doutorado\/2021-2\/","title":{"rendered":"2021"},"content":{"rendered":"<p>&nbsp;<\/p>\n<ul>\n<li><span style=\"color: #464646\"><a style=\"color: #464646\" href=\"https:\/\/wp.ufpel.edu.br\/ppgveterinaria\/files\/2021\/05\/SEI_UFPel-1310341-Edital-de-selecao-PRPPGI.pdf\" target=\"_blank\" rel=\"noopener noreferrer\">Edital Mestrado e Doutorado &#8211; Ingresso em 2021<\/a> (2\u00ba Semestre)<\/span><\/li>\n<li><span style=\"color: #464646\"><a style=\"color: #464646\" href=\"https:\/\/wp.ufpel.edu.br\/ppgveterinaria\/files\/2019\/11\/Formul\u00e1rio-de-Inscri\u00e7\u00e3o.docx\" target=\"_blank\" rel=\"noopener noreferrer\">Formul\u00e1rio &#8211; Inscri\u00e7\u00e3o<\/a><\/span><\/li>\n<li><span style=\"color: #464646\"><a style=\"color: #464646\" href=\"https:\/\/wp.ufpel.edu.br\/ppgveterinaria\/files\/2020\/12\/Planilha-Selecao-2021-Site-1.xlsx\" target=\"_blank\" rel=\"noopener noreferrer\">Planilha Avalia\u00e7\u00e3o do Curr\u00edculo &#8211; Mestrado e Doutorado<\/a><\/span><\/li>\n<li><span style=\"color: #464646\"><a style=\"color: #464646\" href=\"https:\/\/wp.ufpel.edu.br\/ppgveterinaria\/files\/2014\/07\/Declara%C3%A7%C3%A3o-de-Etnia-edit%C3%A1vel.docx\">Declara\u00e7\u00e3o de Etnia<\/a><\/span><\/li>\n<li><span style=\"color: #464646\"><a style=\"color: #464646\" href=\"https:\/\/wp.ufpel.edu.br\/ppgveterinaria\/files\/2021\/05\/Autodeclaracao_de_Identidade_de_Genero.pdf\" target=\"_blank\" rel=\"noopener noreferrer\">Autodeclara\u00e7\u00e3o de Identidade de G\u00eanero<\/a><\/span><\/li>\n<li><span style=\"color: #464646\"><a style=\"color: #464646\" href=\"https:\/\/wp.ufpel.edu.br\/ppgveterinaria\/files\/2021\/05\/Checklist-Inscricao-Selecao-2021-2.docx\" target=\"_blank\" rel=\"noopener noreferrer\">Checklist<\/a><\/span><\/li>\n<li><span style=\"color: #464646\"><a style=\"color: #464646\" href=\"https:\/\/wp.ufpel.edu.br\/ppgveterinaria\/pt\/selecao-2021-2-resultado-final\/\" target=\"_blank\" rel=\"noopener noreferrer\">Resultado<\/a><\/span><\/li>\n<\/ul>\n<p>&nbsp;<\/p>\n<ul>\n<li><span style=\"color: #464646\"><a style=\"color: #464646\" href=\"https:\/\/wp.ufpel.edu.br\/ppgveterinaria\/files\/2021\/03\/SEI_UFPel-1247528-Edital-de-selecao-PRPPGI.pdf\" target=\"_blank\" rel=\"noopener noreferrer\">Edital Doutorado &#8211; Ingresso em 2021 &#8211; Chamada Extra<\/a><\/span><\/li>\n<li><span style=\"color: #464646\"><a style=\"color: #464646\" href=\"https:\/\/wp.ufpel.edu.br\/ppgveterinaria\/files\/2019\/11\/Formul\u00e1rio-de-Inscri\u00e7\u00e3o.docx\" target=\"_blank\" rel=\"noopener noreferrer\">Formul\u00e1rio &#8211; Inscri\u00e7\u00e3o<\/a><\/span><\/li>\n<li><span style=\"color: #464646\"><a style=\"color: #464646\" href=\"https:\/\/wp.ufpel.edu.br\/ppgveterinaria\/files\/2020\/12\/Planilha-Selecao-2021-Site-1.xlsx\" target=\"_blank\" rel=\"noopener noreferrer\">Planilha Avalia\u00e7\u00e3o do Curr\u00edculo &#8211; Doutorado<\/a><\/span><\/li>\n<li><span style=\"color: #464646\"><a style=\"color: #464646\" href=\"https:\/\/wp.ufpel.edu.br\/ppgveterinaria\/files\/2021\/03\/Checklist-Inscricao-Selecao-2021-Extra.docx\" target=\"_blank\" rel=\"noopener noreferrer\">Checklist<\/a><\/span><\/li>\n<li><span style=\"color: #464646\"><a style=\"color: #464646\" href=\"https:\/\/wp.ufpel.edu.br\/ppgveterinaria\/pt\/selecao-2021-chamada-extra-resultado\/\" target=\"_blank\" rel=\"noopener noreferrer\">Resultado<\/a><\/span><\/li>\n<\/ul>\n<p>&nbsp;<\/p>\n<ul>\n<li><span style=\"color: #464646\"><a style=\"color: #464646\" href=\"https:\/\/wp.ufpel.edu.br\/ppgveterinaria\/files\/2020\/12\/SEI_UFPel-1162229-Edital-de-selecao-PRPPGI.pdf\" target=\"_blank\" rel=\"noopener noreferrer\">Edital Mestrado e Doutorado &#8211; Ingresso em 2021<\/a><\/span><\/li>\n<li><span style=\"color: #464646\"><a style=\"color: #464646\" href=\"https:\/\/wp.ufpel.edu.br\/ppgveterinaria\/files\/2020\/12\/SEI_UFPel-1170598-Edital-de-Retificacao-PRPPGI.pdf\" target=\"_blank\" rel=\"noopener noreferrer\">Edital Mestrado e Doutorado &#8211; Ingresso em 2021 &#8211; Retifica\u00e7\u00e3o<\/a><\/span><\/li>\n<li><span style=\"color: #464646\"><a style=\"color: #464646\" href=\"https:\/\/wp.ufpel.edu.br\/ppgveterinaria\/files\/2019\/11\/Formul\u00e1rio-de-Inscri\u00e7\u00e3o.docx\" target=\"_blank\" rel=\"noopener noreferrer\">Formul\u00e1rio &#8211; Inscri\u00e7\u00e3o<\/a><\/span><\/li>\n<li><span style=\"color: #464646\"><a style=\"color: #464646\" href=\"https:\/\/wp.ufpel.edu.br\/ppgveterinaria\/files\/2020\/12\/Planilha-Selecao-2021-Site-1.xlsx\" target=\"_blank\" rel=\"noopener noreferrer\">Planilha Avalia\u00e7\u00e3o do Curr\u00edculo &#8211; Mestrado e Doutorado<\/a><\/span><\/li>\n<li><span style=\"color: #464646\"><a style=\"color: #464646\" href=\"https:\/\/wp.ufpel.edu.br\/ppgveterinaria\/files\/2014\/07\/Declara%C3%A7%C3%A3o-de-Etnia-edit%C3%A1vel.docx\">Declara\u00e7\u00e3o de Etnia<\/a><\/span><\/li>\n<li><span style=\"color: #464646\"><a style=\"color: #464646\" href=\"https:\/\/wp.ufpel.edu.br\/ppgveterinaria\/files\/2020\/11\/Checklist-Inscricao-Selecao-2021.docx\" target=\"_blank\" rel=\"noopener noreferrer\">Checklist<\/a><\/span><\/li>\n<li><span style=\"color: #464646\"><a style=\"color: #464646\" href=\"https:\/\/wp.ufpel.edu.br\/ppgveterinaria\/pt\/selecao-2021-classificacao-e-matricula\/\" target=\"_blank\" rel=\"noopener noreferrer\">Resultado<\/a><\/span><\/li>\n<\/ul>\n","protected":false},"excerpt":{"rendered":"<p>&nbsp; Edital Mestrado e Doutorado &#8211; Ingresso em 2021 (2\u00ba Semestre) Formul\u00e1rio &#8211; Inscri\u00e7\u00e3o Planilha Avalia\u00e7\u00e3o do Curr\u00edculo &#8211; Mestrado e Doutorado Declara\u00e7\u00e3o de Etnia Autodeclara\u00e7\u00e3o de Identidade de G\u00eanero Checklist Resultado &nbsp; Edital Doutorado &#8211; Ingresso em 2021 &#8211; Chamada Extra Formul\u00e1rio &#8211; Inscri\u00e7\u00e3o Planilha Avalia\u00e7\u00e3o do Curr\u00edculo &#8211; Doutorado Checklist Resultado &nbsp; Edital [&hellip;]<\/p>\n","protected":false},"author":391,"featured_media":0,"parent":3675,"menu_order":-2,"comment_status":"closed","ping_status":"closed","template":"","meta":{"footnotes":""},"class_list":["post-5185","page","type-page","status-publish","hentry"],"_links":{"self":[{"href":"https:\/\/wp.ufpel.edu.br\/ppgveterinaria\/wp-json\/wp\/v2\/pages\/5185","targetHints":{"allow":["GET"]}}],"collection":[{"href":"https:\/\/wp.ufpel.edu.br\/ppgveterinaria\/wp-json\/wp\/v2\/pages"}],"about":[{"href":"https:\/\/wp.ufpel.edu.br\/ppgveterinaria\/wp-json\/wp\/v2\/types\/page"}],"author":[{"embeddable":true,"href":"https:\/\/wp.ufpel.edu.br\/ppgveterinaria\/wp-json\/wp\/v2\/users\/391"}],"replies":[{"embeddable":true,"href":"https:\/\/wp.ufpel.edu.br\/ppgveterinaria\/wp-json\/wp\/v2\/comments?post=5185"}],"version-history":[{"count":18,"href":"https:\/\/wp.ufpel.edu.br\/ppgveterinaria\/wp-json\/wp\/v2\/pages\/5185\/revisions"}],"predecessor-version":[{"id":5582,"href":"https:\/\/wp.ufpel.edu.br\/ppgveterinaria\/wp-json\/wp\/v2\/pages\/5185\/revisions\/5582"}],"up":[{"embeddable":true,"href":"https:\/\/wp.ufpel.edu.br\/ppgveterinaria\/wp-json\/wp\/v2\/pages\/3675"}],"wp:attachment":[{"href":"https:\/\/wp.ufpel.edu.br\/ppgveterinaria\/wp-json\/wp\/v2\/media?parent=5185"}],"curies":[{"name":"wp","href":"https:\/\/api.w.org\/{rel}","templated":true}]}}