{"id":5047,"date":"2020-10-05T22:06:22","date_gmt":"2020-10-06T01:06:22","guid":{"rendered":"https:\/\/wp.ufpel.edu.br\/ppgveterinaria\/?page_id=5047"},"modified":"2020-10-13T20:06:36","modified_gmt":"2020-10-13T23:06:36","slug":"infraestrutura","status":"publish","type":"page","link":"https:\/\/wp.ufpel.edu.br\/ppgveterinaria\/infraestrutura\/","title":{"rendered":"Infraestrutura"},"content":{"rendered":"<p>&nbsp;<\/p>\n<p style=\"text-align: justify\"><span style=\"color: #464646\">O PPGV\/UFPel possui uma Infraestrutura qualificada para contribuir para a forma\u00e7\u00e3o dos alunos p\u00f3s-graduandos e conta com uma rede de <strong>Laborat\u00f3rios, Hospital Veterin\u00e1rio, Fazenda Experimental da Palma, Biot\u00e9rio, recursos de inform\u00e1tica e um sistema informatizado e integrado de bibliotecas<\/strong>.<\/span><\/p>\n<p>&nbsp;<\/p>\n<p><span style=\"color: #464646\"><strong>Laborat\u00f3rios de Pesquisa<\/strong><\/span><\/p>\n<ul>\n<li><span style=\"color: #464646\">Laborat\u00f3rio de Epidemiologia e Bioestat\u00edstica<\/span><\/li>\n<li><span style=\"color: #464646\">Laborat\u00f3rio de Imunologia Aplicada<\/span><\/li>\n<li><span style=\"color: #464646\">Laborat\u00f3rio de Inspe\u00e7\u00e3o de Produtos de Origem Animal<\/span><\/li>\n<li><span style=\"color: #464646\">Laborat\u00f3rio de Micologia<\/span><\/li>\n<li><span style=\"color: #464646\">Laborat\u00f3rio de Microbiologia<\/span><\/li>\n<li><span style=\"color: #464646\">Laborat\u00f3rio de Nutri\u00e7\u00e3o Animal<\/span><\/li>\n<li><span style=\"color: #464646\">Laborat\u00f3rio de Nutrigen\u00f4mica e Metabologia<\/span><\/li>\n<li><span style=\"color: #464646\">Laborat\u00f3rio de Patologia Animal e Microscopia Eletr\u00f4nica<\/span><\/li>\n<li><span style=\"color: #464646\">Laborat\u00f3rio de Vacinologia<\/span><\/li>\n<li><span style=\"color: #464646\">Laborat\u00f3rio\u00a0de Virologia e Imunologia<\/span><\/li>\n<li><span style=\"color: #464646\">Laborat\u00f3rios do Grupo de Estudos em Doen\u00e7as Transmitidas por Animais<\/span><\/li>\n<li><span style=\"color: #464646\">Laborat\u00f3rios do N\u00facleo de Ensino e Pesquisa em Reprodu\u00e7\u00e3o Animal (ReproPel)<\/span><\/li>\n<li><span style=\"color: #464646\">Laborat\u00f3rios do N\u00facleo de Pesquisa, Ensino, Extens\u00e3o em Pecu\u00e1ria (NUPEEC)<\/span><\/li>\n<li><span style=\"color: #464646\">Laborat\u00f3rio Regional de Diagn\u00f3sticos (LRD)<\/span><\/li>\n<\/ul>\n<p style=\"text-align: justify\"><span style=\"color: #464646\">Os Laborat\u00f3rios de Pesquisa est\u00e3o adequados para atender a demanda de execu\u00e7\u00e3o dos projetos nos n\u00edveis de mestrado e doutorado nas diferentes \u00e1reas e linhas de atua\u00e7\u00e3o. Os laborat\u00f3rios s\u00e3o disponibilizados para todos os docentes e discentes do Programa e est\u00e3o equipados com Agitadores magn\u00e9ticos, Balan\u00e7as de Precis\u00e3o, Banhos-maria, Bomba de v\u00e1cuo,\u00a0Botij\u00f5es de nitrog\u00eanio l\u00edquido, Cabines de Seguran\u00e7a Biol\u00f3gica Fluxos Horizontal e Vertical n\u00edveis I e II, C\u00e2mara Fria, Capelas de Exaust\u00e3o, Centr\u00edfugas, Centr\u00edfugas Refrigeradas, Cit\u00f4metro de Fluxo, Criostatos, Destiladores, Eletroporador, Espectrofot\u00f4metro,\u00a0Estufas BOD, Estufas de secagem, Fornos, Autoclaves, e equipamentos de esteriliza\u00e7\u00e3o,\u00a0Freezers e Ultrafreezeres, Incubadora de CO2, Incubadora de ovos com temperatura e umidade controlada, Leitoras de placas de ELISA, Lavador autom\u00e1tico de placas de ELISA,\u00a0Liofilizadores, Microcentr\u00edfugas, Microsc\u00f3pios binoculares, Microsc\u00f3pios digitais, Microsc\u00f3pio eletr\u00f4nico, Microsc\u00f3pios para imunofluoresc\u00eancia, Micr\u00f3tomos, Nanodrop, pHmetros, Refrigeradores dom\u00e9sticos, Osm\u00f4metro, <em>Shakers<\/em>, Sistemas de Eletroforese, Sistemas de Fotodocumenta\u00e7\u00e3o, Sistema de filtra\u00e7\u00e3o de meio para cultivo celular, Sistema de Western blotting, Qubit, Termocicladores, Termociclador em Tempo Real, Transiluminador de luz UV, Ultrassom, entre outros.<\/span><\/p>\n<p><a href=\"https:\/\/wp.ufpel.edu.br\/ppgveterinaria\/files\/2020\/10\/lab-biomol-NUPEC.jpg\"><img class=\"alignnone wp-image-5108\" src=\"https:\/\/wp.ufpel.edu.br\/ppgveterinaria\/files\/2020\/10\/lab-biomol-NUPEC-400x300.jpg\" alt=\"\" width=\"292\" height=\"219\" srcset=\"https:\/\/wp.ufpel.edu.br\/ppgveterinaria\/files\/2020\/10\/lab-biomol-NUPEC-400x300.jpg 400w, https:\/\/wp.ufpel.edu.br\/ppgveterinaria\/files\/2020\/10\/lab-biomol-NUPEC-768x576.jpg 768w, https:\/\/wp.ufpel.edu.br\/ppgveterinaria\/files\/2020\/10\/lab-biomol-NUPEC.jpg 782w\" sizes=\"(max-width: 292px) 100vw, 292px\" \/><\/a> <a href=\"https:\/\/wp.ufpel.edu.br\/ppgveterinaria\/files\/2020\/10\/Sala-dos-ultrafreezers.jpeg\"><img class=\"alignnone wp-image-5117\" src=\"https:\/\/wp.ufpel.edu.br\/ppgveterinaria\/files\/2020\/10\/Sala-dos-ultrafreezers.jpeg\" alt=\"\" width=\"291\" height=\"218\" \/><\/a>\u00a0<a href=\"https:\/\/wp.ufpel.edu.br\/ppgveterinaria\/files\/2020\/10\/Laboratorio-de-cultivo-viral.jpeg\"><img class=\"alignnone wp-image-5110\" src=\"https:\/\/wp.ufpel.edu.br\/ppgveterinaria\/files\/2020\/10\/Laboratorio-de-cultivo-viral.jpeg\" alt=\"\" width=\"293\" height=\"220\" \/><\/a> <a href=\"https:\/\/wp.ufpel.edu.br\/ppgveterinaria\/files\/2020\/10\/Laboratorio-de-Diagnostico-sorologico.jpeg\"><img class=\"alignnone wp-image-5111\" src=\"https:\/\/wp.ufpel.edu.br\/ppgveterinaria\/files\/2020\/10\/Laboratorio-de-Diagnostico-sorologico.jpeg\" alt=\"\" width=\"291\" height=\"219\" \/><\/a> <a href=\"https:\/\/wp.ufpel.edu.br\/ppgveterinaria\/files\/2020\/10\/LABORATORIO-DE-ESTRATEGIA-INOVACAO-FARMACEUTICA-NUPEEC.jpg\"><img class=\"alignnone wp-image-5112\" src=\"https:\/\/wp.ufpel.edu.br\/ppgveterinaria\/files\/2020\/10\/LABORATORIO-DE-ESTRATEGIA-INOVACAO-FARMACEUTICA-NUPEEC.jpg\" alt=\"\" width=\"291\" height=\"218\" \/><\/a> <a href=\"https:\/\/wp.ufpel.edu.br\/ppgveterinaria\/files\/2020\/10\/LABORATORIO-DE-METABOLISMO-ANIMAL-NUPEEC.jpg\"><img class=\"alignnone wp-image-5113\" src=\"https:\/\/wp.ufpel.edu.br\/ppgveterinaria\/files\/2020\/10\/LABORATORIO-DE-METABOLISMO-ANIMAL-NUPEEC.jpg\" alt=\"\" width=\"291\" height=\"218\" \/><\/a> <a href=\"https:\/\/wp.ufpel.edu.br\/ppgveterinaria\/files\/2020\/10\/mic.jpg\"><img class=\"alignnone wp-image-5114\" src=\"https:\/\/wp.ufpel.edu.br\/ppgveterinaria\/files\/2020\/10\/mic-400x240.jpg\" alt=\"\" width=\"292\" height=\"175\" srcset=\"https:\/\/wp.ufpel.edu.br\/ppgveterinaria\/files\/2020\/10\/mic-400x240.jpg 400w, https:\/\/wp.ufpel.edu.br\/ppgveterinaria\/files\/2020\/10\/mic.jpg 500w\" sizes=\"(max-width: 292px) 100vw, 292px\" \/><\/a> <a href=\"https:\/\/wp.ufpel.edu.br\/ppgveterinaria\/files\/2020\/10\/mic1.jpg\"><img class=\"alignnone wp-image-5115\" src=\"https:\/\/wp.ufpel.edu.br\/ppgveterinaria\/files\/2020\/10\/mic1-400x240.jpg\" alt=\"\" width=\"290\" height=\"174\" srcset=\"https:\/\/wp.ufpel.edu.br\/ppgveterinaria\/files\/2020\/10\/mic1-400x240.jpg 400w, https:\/\/wp.ufpel.edu.br\/ppgveterinaria\/files\/2020\/10\/mic1.jpg 500w\" sizes=\"(max-width: 290px) 100vw, 290px\" \/><\/a> <a href=\"https:\/\/wp.ufpel.edu.br\/ppgveterinaria\/files\/2020\/10\/mic2.jpg\"><img class=\"alignnone wp-image-5116\" src=\"https:\/\/wp.ufpel.edu.br\/ppgveterinaria\/files\/2020\/10\/mic2-400x240.jpg\" alt=\"\" width=\"296\" height=\"178\" srcset=\"https:\/\/wp.ufpel.edu.br\/ppgveterinaria\/files\/2020\/10\/mic2-400x240.jpg 400w, https:\/\/wp.ufpel.edu.br\/ppgveterinaria\/files\/2020\/10\/mic2.jpg 500w\" sizes=\"(max-width: 296px) 100vw, 296px\" \/><\/a> <a href=\"https:\/\/wp.ufpel.edu.br\/ppgveterinaria\/files\/2020\/10\/lab-nutricao-e1533650472744-NUPEEC.jpg\"><img class=\"alignnone wp-image-5109\" src=\"https:\/\/wp.ufpel.edu.br\/ppgveterinaria\/files\/2020\/10\/lab-nutricao-e1533650472744-NUPEEC-400x250.jpg\" alt=\"\" width=\"285\" height=\"178\" srcset=\"https:\/\/wp.ufpel.edu.br\/ppgveterinaria\/files\/2020\/10\/lab-nutricao-e1533650472744-NUPEEC-400x250.jpg 400w, https:\/\/wp.ufpel.edu.br\/ppgveterinaria\/files\/2020\/10\/lab-nutricao-e1533650472744-NUPEEC-768x480.jpg 768w, https:\/\/wp.ufpel.edu.br\/ppgveterinaria\/files\/2020\/10\/lab-nutricao-e1533650472744-NUPEEC.jpg 781w\" sizes=\"(max-width: 285px) 100vw, 285px\" \/><\/a>\u00a0<a href=\"https:\/\/wp.ufpel.edu.br\/ppgveterinaria\/files\/2020\/10\/WhatsApp-Image-2019-03-12-at-12.16.07-400x300-1.jpeg\"><img class=\"alignnone wp-image-5118\" src=\"https:\/\/wp.ufpel.edu.br\/ppgveterinaria\/files\/2020\/10\/WhatsApp-Image-2019-03-12-at-12.16.07-400x300-1.jpeg\" alt=\"\" width=\"289\" height=\"217\" \/><\/a> <a href=\"https:\/\/wp.ufpel.edu.br\/ppgveterinaria\/files\/2020\/10\/WhatsApp-Image-2019-03-12-at-12.16.09-1-400x300-1.jpeg\"><img class=\"alignnone wp-image-5119\" src=\"https:\/\/wp.ufpel.edu.br\/ppgveterinaria\/files\/2020\/10\/WhatsApp-Image-2019-03-12-at-12.16.09-1-400x300-1.jpeg\" alt=\"\" width=\"290\" height=\"218\" \/><\/a> <a href=\"https:\/\/wp.ufpel.edu.br\/ppgveterinaria\/files\/2020\/10\/WhatsApp-Image-2019-03-12-at-12.16.10-1-400x300-1.jpeg\"><img class=\"alignnone wp-image-5120\" src=\"https:\/\/wp.ufpel.edu.br\/ppgveterinaria\/files\/2020\/10\/WhatsApp-Image-2019-03-12-at-12.16.10-1-400x300-1.jpeg\" alt=\"\" width=\"288\" height=\"215\" \/><\/a>\u00a0 \u00a0 \u00a0 \u00a0 \u00a0 \u00a0 \u00a0 \u00a0 \u00a0 \u00a0 \u00a0 \u00a0 \u00a0 \u00a0 \u00a0 \u00a0 \u00a0<a href=\"https:\/\/wp.ufpel.edu.br\/ppgveterinaria\/files\/2020\/10\/WhatsApp-Image-2019-03-12-at-12.16.32-400x300-1.jpeg\"><img class=\"alignnone wp-image-5122\" src=\"https:\/\/wp.ufpel.edu.br\/ppgveterinaria\/files\/2020\/10\/WhatsApp-Image-2019-03-12-at-12.16.32-400x300-1.jpeg\" alt=\"\" width=\"286\" height=\"214\" \/><\/a><\/p>\n<p>&nbsp;<\/p>\n<p style=\"text-align: justify\"><span style=\"color: #464646\">Al\u00e9m das <strong>Salas de Aula<\/strong> e <strong>Salas de Reuni\u00f5es<\/strong>, para atender \u00e0s demandas da comunidade acad\u00eamica, a Faculdade de Veterin\u00e1ria disp\u00f5e de um <strong>Laborat\u00f3rio de Inform\u00e1tica<\/strong> vinculado ao Programa de P\u00f3s-Gradua\u00e7\u00e3o em Veterin\u00e1ria, de forma a promover a integra\u00e7\u00e3o p\u00f3s-gradua\u00e7\u00e3o-gradua\u00e7\u00e3o, que possui 3 servidores de rede Alfa digital, 10 computadores, 2 baterias Moura 14 FP3 &#8211; 36 amp, 10 estabilizadores (1KWA); 10 estabilizadores\/transformadores; 3 Hubs com 16 portas e 1BNC, 2 Impressoras multifuncionais, 2 c\u00e2meras fotogr\u00e1ficas digitais al\u00e9m de projetores multim\u00eddia. O sistema wireless foi ampliado pelo PPGV, permitindo acesso \u00e0 internet em toda a \u00e1rea f\u00edsica atrav\u00e9s de computadores port\u00e1teis, por discentes da gradua\u00e7\u00e3o e p\u00f3s-gradua\u00e7\u00e3o. Todos os laborat\u00f3rios possuem computadores, impressoras multifuncionais e acesso a internet, que permanecem dispon\u00edveis para uso dos discentes do PPGV. O uso de recursos de inform\u00e1tica tem se intensificado como ferramenta de ensino e a maioria dos grupos de pesquisa lotados no Programa tamb\u00e9m possui p\u00e1gina na internet para divulga\u00e7\u00e3o de suas atividades, possibilitando o acesso a trabalhos cient\u00edficos e a outras p\u00e1ginas de interesse.<\/span><\/p>\n<p>&nbsp;<\/p>\n<ul id=\"menu-pesquisa-e-extensao\" class=\"menu\"><\/ul>\n<p style=\"text-align: justify\"><span style=\"color: #464646\"><strong>Bibliotecas<\/strong><\/span><\/p>\n<p style=\"text-align: justify\"><span style=\"color: #464646\">A Universidade Federal de Pelotas conta com o sistema de bibliotecas \u201conline\u201d (http:\/\/wp.ufpel.edu.br\/sisbi\/) que permite que os alunos do PPGV acessem servi\u00e7os como cataloga\u00e7\u00e3o, consulta ao acervo, normas de publica\u00e7\u00e3o, peri\u00f3dicos eletr\u00f4nicos da UFPel (incluindo a Revista Science and Animal Health, do Programa de P\u00f3s-Gradua\u00e7\u00e3o em Veterin\u00e1ria), e biblioteca digital de teses e disserta\u00e7\u00f5es da UFPel.\u00a0 O acervo na \u00e1rea de atua\u00e7\u00e3o do Programa (Ci\u00eancia Agr\u00e1rias, Ci\u00eancia biol\u00f3gicas, Ci\u00eancia exatas e da terra) \u00e9 de mais de 3600 t\u00edtulos e 10.000 exemplares.<\/span><\/p>\n<p>&nbsp;<\/p>\n<p style=\"text-align: justify\"><span style=\"color: #464646\"><strong>Biot\u00e9rio Central<\/strong><\/span><\/p>\n<p style=\"text-align: justify\"><span style=\"color: #464646\">O Biot\u00e9rio Central possui estrutura de produ\u00e7\u00e3o e experimenta\u00e7\u00e3o com animais de laborat\u00f3rio, fornecendo modelos animais para projetos de pesquisa do PPGV. Produz 3 linhagens de camundongos (<em>Mus muscullus<\/em>), sendo duas isog\u00eanicas, Balb\/c e C57BL6, e uma heterog\u00eanica, Swiss albino. Al\u00e9m destes, produz ratos (<em>Rattus novergicus<\/em>) da linhagem heterog\u00eanica Wistar e hamster (<em>Mesocricetus aurattus<\/em>) da linhagem capa dourada (<em>Golden syrian<\/em>). Sua estrutura conta com estantes abertas, estantes ventiladas e racks ventilados para miniisoladores. As estruturas s\u00e3o dispostas em dois pr\u00e9dios independentes, devidamente climatizados e com barreiras f\u00edsicas para a manuten\u00e7\u00e3o dos animais.<\/span><\/p>\n<p><a href=\"https:\/\/wp.ufpel.edu.br\/ppgveterinaria\/files\/2020\/10\/IMG-20201013-WA0030.jpg\"><img class=\"size-full wp-image-5106 aligncenter\" src=\"https:\/\/wp.ufpel.edu.br\/ppgveterinaria\/files\/2020\/10\/IMG-20201013-WA0030.jpg\" alt=\"\" width=\"259\" height=\"194\" \/><\/a><\/p>\n<p>&nbsp;<\/p>\n<p style=\"text-align: justify\"><span style=\"color: #464646\"><strong>Centro de experimenta\u00e7\u00e3o e ensino da palma (CEEP<\/strong>)<\/span><\/p>\n<p style=\"text-align: justify\"><span style=\"color: #464646\">Conta com uma \u00e1rea de 12 hectares, na Fazenda Experimental da Palma, com pastagem e infraestrutura para realiza\u00e7\u00e3o de estudos e experimentos com equinos, bovinos e su\u00ednos na \u00e1rea de cl\u00ednica m\u00e9dica, reprodu\u00e7\u00e3o e neonatologia.<\/span><\/p>\n<p>\u00a0 \u00a0 \u00a0 \u00a0 \u00a0 \u00a0 \u00a0 \u00a0<a href=\"https:\/\/wp.ufpel.edu.br\/ppgveterinaria\/files\/2020\/10\/IMG-20201013-WA0033.jpg\"><img class=\"alignnone size-full wp-image-5102\" src=\"https:\/\/wp.ufpel.edu.br\/ppgveterinaria\/files\/2020\/10\/IMG-20201013-WA0033.jpg\" alt=\"\" width=\"261\" height=\"193\" \/><\/a>\u00a0 \u00a0 \u00a0 \u00a0 \u00a0 \u00a0 \u00a0 \u00a0<a href=\"https:\/\/wp.ufpel.edu.br\/ppgveterinaria\/files\/2020\/10\/IMG-20201013-WA0034.jpg\"><img class=\"alignnone size-full wp-image-5103\" src=\"https:\/\/wp.ufpel.edu.br\/ppgveterinaria\/files\/2020\/10\/IMG-20201013-WA0034.jpg\" alt=\"\" width=\"259\" height=\"194\" \/><\/a><\/p>\n<p style=\"text-align: justify\"><span style=\"color: #464646\"><strong>\u00a0<\/strong><\/span><\/p>\n<p style=\"text-align: justify\"><span style=\"color: #464646\"><strong>Hospital de Cl\u00ednicas Veterin\u00e1rias<\/strong><\/span><\/p>\n<p style=\"text-align: justify\"><span style=\"color: #464646\">Oferece atendimento cl\u00ednico e cir\u00fargico para pequenos e grandes animais. O hospital serve de apoio \u00e0s disciplinas e na realiza\u00e7\u00e3o de experimentos e colheita de dados epidemiol\u00f3gicos relacionados as linhas de pesquisa do PPGV. Possui local para interna\u00e7\u00e3o e laborat\u00f3rio de patologia cl\u00ednica, al\u00e9m de sala de exames de imagens com aparelho de Raio X, ultrassom, endosc\u00f3pio e v\u00eddeo endosc\u00f3pio, bloco cir\u00fargico com aparelho de anestesia inalat\u00f3ria, monitores multiparam\u00e9tricos, respiradores, incubadoras, autoclaves, estufa de esteriliza\u00e7\u00e3o, central de gases (oxig\u00eanio), videootosc\u00f3pio, aferidor de press\u00e3o, eletrocardiograma, oftalmosc\u00f3pio, otosc\u00f3pio, setor de reabilita\u00e7\u00e3o e fisioterapia, equipamentos de aux\u00edlio a diagn\u00f3stico cl\u00ednico.<\/span><\/p>\n<p>\u00a0 \u00a0 \u00a0 \u00a0 \u00a0 \u00a0 <img class=\"alignnone wp-image-5104\" src=\"https:\/\/wp.ufpel.edu.br\/ppgveterinaria\/files\/2020\/10\/IMG-20201013-WA0031.jpg\" alt=\"\" width=\"306\" height=\"182\" \/>\u00a0 \u00a0 \u00a0 \u00a0 \u00a0 \u00a0 \u00a0 <a href=\"https:\/\/wp.ufpel.edu.br\/ppgveterinaria\/files\/2020\/10\/IMG-20201013-WA0032.jpg\"><img class=\"alignnone wp-image-5105\" src=\"https:\/\/wp.ufpel.edu.br\/ppgveterinaria\/files\/2020\/10\/IMG-20201013-WA0032.jpg\" alt=\"\" width=\"243\" height=\"182\" \/><\/a><\/p>\n<p>&nbsp;<\/p>\n","protected":false},"excerpt":{"rendered":"<p>&nbsp; O PPGV\/UFPel possui uma Infraestrutura qualificada para contribuir para a forma\u00e7\u00e3o dos alunos p\u00f3s-graduandos e conta com uma rede de Laborat\u00f3rios, Hospital Veterin\u00e1rio, Fazenda Experimental da Palma, Biot\u00e9rio, recursos de inform\u00e1tica e um sistema informatizado e integrado de bibliotecas. &nbsp; Laborat\u00f3rios de Pesquisa Laborat\u00f3rio de Epidemiologia e Bioestat\u00edstica Laborat\u00f3rio de Imunologia Aplicada Laborat\u00f3rio de [&hellip;]<\/p>\n","protected":false},"author":391,"featured_media":0,"parent":0,"menu_order":10,"comment_status":"closed","ping_status":"closed","template":"","meta":{"footnotes":""},"class_list":["post-5047","page","type-page","status-publish","hentry"],"_links":{"self":[{"href":"https:\/\/wp.ufpel.edu.br\/ppgveterinaria\/wp-json\/wp\/v2\/pages\/5047","targetHints":{"allow":["GET"]}}],"collection":[{"href":"https:\/\/wp.ufpel.edu.br\/ppgveterinaria\/wp-json\/wp\/v2\/pages"}],"about":[{"href":"https:\/\/wp.ufpel.edu.br\/ppgveterinaria\/wp-json\/wp\/v2\/types\/page"}],"author":[{"embeddable":true,"href":"https:\/\/wp.ufpel.edu.br\/ppgveterinaria\/wp-json\/wp\/v2\/users\/391"}],"replies":[{"embeddable":true,"href":"https:\/\/wp.ufpel.edu.br\/ppgveterinaria\/wp-json\/wp\/v2\/comments?post=5047"}],"version-history":[{"count":21,"href":"https:\/\/wp.ufpel.edu.br\/ppgveterinaria\/wp-json\/wp\/v2\/pages\/5047\/revisions"}],"predecessor-version":[{"id":5136,"href":"https:\/\/wp.ufpel.edu.br\/ppgveterinaria\/wp-json\/wp\/v2\/pages\/5047\/revisions\/5136"}],"wp:attachment":[{"href":"https:\/\/wp.ufpel.edu.br\/ppgveterinaria\/wp-json\/wp\/v2\/media?parent=5047"}],"curies":[{"name":"wp","href":"https:\/\/api.w.org\/{rel}","templated":true}]}}