{"id":5045,"date":"2020-10-05T22:06:45","date_gmt":"2020-10-06T01:06:45","guid":{"rendered":"https:\/\/wp.ufpel.edu.br\/ppgveterinaria\/?page_id=5045"},"modified":"2021-05-19T19:35:01","modified_gmt":"2021-05-19T22:35:01","slug":"autoavaliacao","status":"publish","type":"page","link":"https:\/\/wp.ufpel.edu.br\/ppgveterinaria\/autoavaliacao\/","title":{"rendered":"Autoavalia\u00e7\u00e3o"},"content":{"rendered":"<p>&nbsp;<\/p>\n<p><span style=\"color: #464646\">O processo de autoavalia\u00e7\u00e3o est\u00e1 focado na melhoria dos indicadores de sucesso do Programa.<\/span><\/p>\n<p>&nbsp;<\/p>\n<p><span style=\"color: #464646\"><strong>Formul\u00e1rios<\/strong><\/span><\/p>\n<ul>\n<li><span style=\"color: #464646\"><a style=\"color: #464646\" href=\"https:\/\/forms.gle\/iZHYbcmTJ4YLcEkW6\" target=\"_blank\" rel=\"noopener noreferrer\">Docentes<\/a><\/span><\/li>\n<li><span style=\"color: #464646\"><a style=\"color: #464646\" href=\"https:\/\/forms.gle\/DhguyzMnHQR5GSby7\" target=\"_blank\" rel=\"noopener noreferrer\">Discentes<\/a><\/span><\/li>\n<li><span style=\"color: #464646\"><a style=\"color: #464646\" href=\"https:\/\/forms.gle\/6CC7r6BmQQp1ud577\" target=\"_blank\" rel=\"noopener noreferrer\">Egressos<\/a><\/span><\/li>\n<li><span style=\"color: #464646\"><a style=\"color: #464646\" href=\"https:\/\/forms.gle\/33Zi1QL6hqamjLo59\" target=\"_blank\" rel=\"noopener noreferrer\">A\u00e7\u00f5es de capacita\u00e7\u00e3o<\/a> &#8211; Docentes<\/span><\/li>\n<li><span style=\"color: #464646\"><a style=\"color: #464646\" href=\"https:\/\/forms.gle\/bi5KtMefXZsoyn319\" target=\"_blank\" rel=\"noopener noreferrer\">Avalia\u00e7\u00e3o de disciplinas<\/a> &#8211; Discentes<\/span><\/li>\n<\/ul>\n","protected":false},"excerpt":{"rendered":"<p>&nbsp; O processo de autoavalia\u00e7\u00e3o est\u00e1 focado na melhoria dos indicadores de sucesso do Programa. &nbsp; Formul\u00e1rios Docentes Discentes Egressos A\u00e7\u00f5es de capacita\u00e7\u00e3o &#8211; Docentes Avalia\u00e7\u00e3o de disciplinas &#8211; Discentes<\/p>\n","protected":false},"author":391,"featured_media":0,"parent":0,"menu_order":11,"comment_status":"closed","ping_status":"closed","template":"","meta":{"footnotes":""},"class_list":["post-5045","page","type-page","status-publish","hentry"],"_links":{"self":[{"href":"https:\/\/wp.ufpel.edu.br\/ppgveterinaria\/wp-json\/wp\/v2\/pages\/5045","targetHints":{"allow":["GET"]}}],"collection":[{"href":"https:\/\/wp.ufpel.edu.br\/ppgveterinaria\/wp-json\/wp\/v2\/pages"}],"about":[{"href":"https:\/\/wp.ufpel.edu.br\/ppgveterinaria\/wp-json\/wp\/v2\/types\/page"}],"author":[{"embeddable":true,"href":"https:\/\/wp.ufpel.edu.br\/ppgveterinaria\/wp-json\/wp\/v2\/users\/391"}],"replies":[{"embeddable":true,"href":"https:\/\/wp.ufpel.edu.br\/ppgveterinaria\/wp-json\/wp\/v2\/comments?post=5045"}],"version-history":[{"count":7,"href":"https:\/\/wp.ufpel.edu.br\/ppgveterinaria\/wp-json\/wp\/v2\/pages\/5045\/revisions"}],"predecessor-version":[{"id":5420,"href":"https:\/\/wp.ufpel.edu.br\/ppgveterinaria\/wp-json\/wp\/v2\/pages\/5045\/revisions\/5420"}],"wp:attachment":[{"href":"https:\/\/wp.ufpel.edu.br\/ppgveterinaria\/wp-json\/wp\/v2\/media?parent=5045"}],"curies":[{"name":"wp","href":"https:\/\/api.w.org\/{rel}","templated":true}]}}