{"id":4826,"date":"2020-07-08T18:56:07","date_gmt":"2020-07-08T21:56:07","guid":{"rendered":"https:\/\/wp.ufpel.edu.br\/ppgveterinaria\/?page_id=4826"},"modified":"2025-07-21T10:46:02","modified_gmt":"2025-07-21T13:46:02","slug":"2020-2","status":"publish","type":"page","link":"https:\/\/wp.ufpel.edu.br\/ppgveterinaria\/dissertacoesteses\/teses\/2020-2\/","title":{"rendered":"2020"},"content":{"rendered":"<p>&nbsp;<\/p>\n<ul>\n<li><span style=\"color: #464646;\"><strong>Teses 2020<\/strong><\/span><\/li>\n<\/ul>\n<p>&nbsp;<\/p>\n<p><span style=\"color: #464646;\">__________________________________________________________________________<\/span><\/p>\n<p><span style=\"color: #464646;\"><strong>Bruna dos Santos Su\u00f1\u00e9 Moraes<\/strong><\/span><\/p>\n<p><span style=\"color: #464646;\"><strong>T\u00edtulo: <\/strong><a style=\"color: #464646;\" href=\"https:\/\/wp.ufpel.edu.br\/ppgveterinaria\/files\/2020\/10\/Resumo.pdf\" target=\"_blank\" rel=\"noopener noreferrer\">Avalia\u00e7\u00e3o do tempo de gesta\u00e7\u00e3o e desenvolvimento de potros na ra\u00e7a Crioula<\/a><\/span><\/p>\n<p><span style=\"color: #464646;\"><strong>Orientador:<\/strong>\u00a0Carlos Eduardo Wayne Nogueira<\/span><\/p>\n<p><span style=\"color: #464646;\"><strong>Data da Defesa: <\/strong>13\/03\/2020<\/span><\/p>\n<p><span style=\"color: #464646;\">___________________________________________________________________________<\/span><\/p>\n<p><span style=\"color: #464646;\"><strong>Caroline Dewes<\/strong><\/span><\/p>\n<p><span style=\"color: #464646;\"><strong>T\u00edtulo: <\/strong><a style=\"color: #464646;\" href=\"https:\/\/wp.ufpel.edu.br\/ppgveterinaria\/files\/2021\/12\/Caroline-Dewes.pdf\" target=\"_blank\" rel=\"noopener\">Leptospirose bovina: abordagens para o diagn\u00f3stico sorol\u00f3gico individual e do rebanho<\/a><\/span><\/p>\n<p><span style=\"color: #464646;\"><strong>Orientador:<\/strong>\u00a0\u00c9verton Fagonde da Silva<\/span><\/p>\n<p><span style=\"color: #464646;\"><strong>Data da Defesa:\u00a0<\/strong>14\/12\/2020<\/span><\/p>\n<p><span style=\"color: #464646;\">___________________________________________________________________________<\/span><\/p>\n<p><span style=\"color: #464646;\"><strong>Cristine Cioato da Silva\u00a0<\/strong><\/span><\/p>\n<p><span style=\"color: #464646;\"><strong>T\u00edtulo: <\/strong><a style=\"color: #464646;\" href=\"https:\/\/wp.ufpel.edu.br\/ppgveterinaria\/files\/2022\/09\/Cristine-Cioato-da-Silva.pdf\" target=\"_blank\" rel=\"noopener\">An\u00e1lise do \u00f3leo essencial de <em>Origanum majorana<\/em> relacionada ao seu potencial t\u00f3xico e antineopl\u00e1sico<\/a><\/span><\/p>\n<p><span style=\"color: #464646;\"><strong>Orientador:<\/strong>\u00a0Marlete Brum Cleff<\/span><\/p>\n<p><span style=\"color: #464646;\"><strong>Data da Defesa: <\/strong>21\/02\/2020<\/span><\/p>\n<p><span style=\"color: #464646;\">__________________________________________________________________________<\/span><\/p>\n<p><span style=\"color: #464646;\"><strong>Lu\u00edsa Mariano Cerqueira da Silva<\/strong><\/span><\/p>\n<p><span style=\"color: #464646;\"><strong>T\u00edtulo: <\/strong><a style=\"color: #464646;\" href=\"https:\/\/wp.ufpel.edu.br\/ppgveterinaria\/files\/2020\/09\/Luisa-Mariano-Cerqueira-da-Silva.pdf\" target=\"_blank\" rel=\"noopener noreferrer\">Causas de mortalidade neonatal em c\u00e3es no sul do Rio Grande do Sul de 2017 a 2019<\/a><\/span><\/p>\n<p><span style=\"color: #464646;\"><strong>Orientador:<\/strong>\u00a0Carine Dahl Corcini<\/span><\/p>\n<p><span style=\"color: #464646;\"><strong>Data da Defesa: <\/strong>27\/02\/2020<\/span><\/p>\n<p><span style=\"color: #464646;\">__________________________________________________________________________<\/span><\/p>\n<p><span style=\"color: #464646;\"><strong>Pablo Estima Silva<\/strong><\/span><\/p>\n<p><span style=\"color: #464646;\"><strong>T\u00edtulo: <\/strong><a style=\"color: #464646;\" href=\"https:\/\/wp.ufpel.edu.br\/ppgveterinaria\/files\/2020\/12\/Pablo-Estima-Silva.pdf\" target=\"_blank\" rel=\"noopener noreferrer\">Mortalidade de bovinos de corte em diferentes sistemas de confinamento<\/a><\/span><\/p>\n<p><span style=\"color: #464646;\"><strong>Orientador:<\/strong>\u00a0Ana Lucia Pereira Schild<\/span><\/p>\n<p><span style=\"color: #464646;\"><strong>Data da Defesa: <\/strong>27\/02\/2020<\/span><\/p>\n<p><span style=\"color: #464646;\">__________________________________________________________________________<\/span><\/p>\n<p><span style=\"color: #464646;\"><strong>Rosimeri Zamboni<\/strong><\/span><\/p>\n<p><span style=\"color: #464646;\"><strong>T\u00edtulo: <\/strong><a style=\"color: #464646;\" href=\"https:\/\/wp.ufpel.edu.br\/ppgveterinaria\/files\/2020\/09\/Rosimeri-Zamboni.pdf\" target=\"_blank\" rel=\"noopener noreferrer\">Detec\u00e7\u00e3o de doen\u00e7as em galinhas de cria\u00e7\u00e3o colonial no sul do Brasil, em um per\u00edodo de 20 anos (2000-2019)<\/a><\/span><\/p>\n<p><span style=\"color: #464646;\"><strong>Orientador:<\/strong>\u00a0Eliza Simone Vi\u00e9gas Sallis<\/span><\/p>\n<p><span style=\"color: #464646;\"><strong>Data da Defesa: <\/strong>28\/02\/2020<\/span><\/p>\n<p><span style=\"color: #464646;\">__________________________________________________________________________<\/span><\/p>\n<p><span style=\"color: #464646;\"><strong>Soliane Carra Perera\u00a0<\/strong><\/span><\/p>\n<p><span style=\"color: #464646;\"><strong>T\u00edtulo: <\/strong><a href=\"https:\/\/wp.ufpel.edu.br\/ppgveterinaria\/files\/2025\/07\/Soliane-Carra-Perera.pdf\" target=\"_blank\" rel=\"noopener\">Dioctofimose na regi\u00e3o sul do Rio Grande do Sul: Ocorr\u00eancia, diagn\u00f3stico e atividade ovicida de extratos vegetais de\u00a0<em>Solanum lycocarpum<\/em><\/a><\/span><\/p>\n<p><span style=\"color: #464646;\"><strong>Orientador:<\/strong>\u00a0Marlete Brum Cleff<\/span><\/p>\n<p><span style=\"color: #464646;\"><strong>Data da Defesa: <\/strong>27\/02\/2020<\/span><\/p>\n<p><span style=\"color: #464646;\">__________________________________________________________________________<\/span><\/p>\n<p>&nbsp;<\/p>\n","protected":false},"excerpt":{"rendered":"<p>&nbsp; Teses 2020 &nbsp; __________________________________________________________________________ Bruna dos Santos Su\u00f1\u00e9 Moraes T\u00edtulo: Avalia\u00e7\u00e3o do tempo de gesta\u00e7\u00e3o e desenvolvimento de potros na ra\u00e7a Crioula Orientador:\u00a0Carlos Eduardo Wayne Nogueira Data da Defesa: 13\/03\/2020 ___________________________________________________________________________ Caroline Dewes T\u00edtulo: Leptospirose bovina: abordagens para o diagn\u00f3stico sorol\u00f3gico individual e do rebanho Orientador:\u00a0\u00c9verton Fagonde da Silva Data da Defesa:\u00a014\/12\/2020 ___________________________________________________________________________ Cristine [&hellip;]<\/p>\n","protected":false},"author":391,"featured_media":0,"parent":426,"menu_order":-6,"comment_status":"closed","ping_status":"closed","template":"","meta":{"footnotes":""},"class_list":["post-4826","page","type-page","status-publish","hentry"],"_links":{"self":[{"href":"https:\/\/wp.ufpel.edu.br\/ppgveterinaria\/wp-json\/wp\/v2\/pages\/4826","targetHints":{"allow":["GET"]}}],"collection":[{"href":"https:\/\/wp.ufpel.edu.br\/ppgveterinaria\/wp-json\/wp\/v2\/pages"}],"about":[{"href":"https:\/\/wp.ufpel.edu.br\/ppgveterinaria\/wp-json\/wp\/v2\/types\/page"}],"author":[{"embeddable":true,"href":"https:\/\/wp.ufpel.edu.br\/ppgveterinaria\/wp-json\/wp\/v2\/users\/391"}],"replies":[{"embeddable":true,"href":"https:\/\/wp.ufpel.edu.br\/ppgveterinaria\/wp-json\/wp\/v2\/comments?post=4826"}],"version-history":[{"count":13,"href":"https:\/\/wp.ufpel.edu.br\/ppgveterinaria\/wp-json\/wp\/v2\/pages\/4826\/revisions"}],"predecessor-version":[{"id":7361,"href":"https:\/\/wp.ufpel.edu.br\/ppgveterinaria\/wp-json\/wp\/v2\/pages\/4826\/revisions\/7361"}],"up":[{"embeddable":true,"href":"https:\/\/wp.ufpel.edu.br\/ppgveterinaria\/wp-json\/wp\/v2\/pages\/426"}],"wp:attachment":[{"href":"https:\/\/wp.ufpel.edu.br\/ppgveterinaria\/wp-json\/wp\/v2\/media?parent=4826"}],"curies":[{"name":"wp","href":"https:\/\/api.w.org\/{rel}","templated":true}]}}