{"id":4822,"date":"2020-07-08T18:49:16","date_gmt":"2020-07-08T21:49:16","guid":{"rendered":"https:\/\/wp.ufpel.edu.br\/ppgveterinaria\/?page_id=4822"},"modified":"2025-12-29T10:47:31","modified_gmt":"2025-12-29T13:47:31","slug":"2020-2","status":"publish","type":"page","link":"https:\/\/wp.ufpel.edu.br\/ppgveterinaria\/dissertacoesteses\/dissertacoes\/2020-2\/","title":{"rendered":"2020"},"content":{"rendered":"<p>&nbsp;<\/p>\n<ul>\n<li><span style=\"color: #464646;\"><strong>Disserta\u00e7\u00f5es 2020<\/strong><\/span><\/li>\n<\/ul>\n<p>&nbsp;<\/p>\n<p><span style=\"color: #464646;\">__________________________________________________________________________<\/span><\/p>\n<p><span style=\"color: #464646;\"><strong>Adriane Dalla Costa de Matos<\/strong><\/span><\/p>\n<p><span style=\"color: #464646;\"><strong>T\u00edtulo: <\/strong><a style=\"color: #464646;\" href=\"https:\/\/wp.ufpel.edu.br\/ppgveterinaria\/files\/2020\/09\/Adriane-Dalla-Costa-de-Matos-5.pdf\" target=\"_blank\" rel=\"noopener noreferrer\">Fitoter\u00e1pico e sua a\u00e7\u00e3o antibacteriana: uma alternativa para o tratamento de diarreia neonatal bovina<\/a><\/span><\/p>\n<p><span style=\"color: #464646;\"><strong>Orientador:<\/strong>\u00a0Marcio Nunes Corr\u00eaa<\/span><\/p>\n<p><span style=\"color: #464646;\"><strong>Data da Defesa: <\/strong>12\/02\/2020<\/span><\/p>\n<p><span style=\"color: #464646;\">__________________________________________________________________________<\/span><\/p>\n<p><span style=\"color: #464646;\"><strong>Bianca Conrad Bohm<\/strong><\/span><\/p>\n<p><span style=\"color: #464646;\"><strong>T\u00edtulo: <\/strong><a style=\"color: #464646;\" href=\"https:\/\/wp.ufpel.edu.br\/ppgveterinaria\/files\/2020\/09\/Bianca-Conrad-Bohm-1.pdf\" target=\"_blank\" rel=\"noopener noreferrer\">An\u00e1lise epidemiol\u00f3gica da dengue em Belo Horizonte, Minas Gerais, 2010 &#8211; 2018<\/a><\/span><\/p>\n<p><span style=\"color: #464646;\"><strong>Orientador:<\/strong>\u00a0F\u00e1bio Raphael Pascoti Bruhn<\/span><\/p>\n<p><span style=\"color: #464646;\"><strong>Data da Defesa: <\/strong>21\/02\/2020<\/span><\/p>\n<p><span style=\"color: #464646;\">__________________________________________________________________________<\/span><\/p>\n<p><span style=\"color: #464646;\"><strong>Camila Gervini Wendt<\/strong><\/span><\/p>\n<p><span style=\"color: #464646;\"><strong>T\u00edtulo: <\/strong><a style=\"color: #464646;\" href=\"https:\/\/wp.ufpel.edu.br\/ppgveterinaria\/files\/2020\/09\/Camila-Gervini-Wendt-1.pdf\" target=\"_blank\" rel=\"noopener noreferrer\">Gesta\u00e7\u00e3o gemelar em equinos: com \u00eanfase na ra\u00e7a Crioula<\/a><\/span><\/p>\n<p><span style=\"color: #464646;\"><strong>Orientador:<\/strong>\u00a0Carlos Eduardo Wayne Nogueira<\/span><\/p>\n<p><span style=\"color: #464646;\"><strong>Data da Defesa: <\/strong>30\/01\/2020<\/span><\/p>\n<p><span style=\"color: #464646;\">__________________________________________________________________________<\/span><\/p>\n<p><span style=\"color: #464646;\"><strong>D\u00e9bora de Campos A\u00f1a\u00f1a<\/strong><\/span><\/p>\n<p><span style=\"color: #464646;\"><strong>T\u00edtulo: <\/strong><a style=\"color: #464646;\" href=\"https:\/\/wp.ufpel.edu.br\/ppgveterinaria\/files\/2022\/05\/Debora-de-Campos-Anana-Resumo.pdf\" target=\"_blank\" rel=\"noopener\">Atividade ovicida e larvicida de extratos de Aroeira-mansa (<em>Schinus terebinthifolius<\/em>) frente <em>Ancylostoma<\/em> spp. (Nematoda)<\/a><\/span><\/p>\n<p><span style=\"color: #464646;\"><strong>Orientador:<\/strong>\u00a0Marlete Brum Cleff<\/span><\/p>\n<p><span style=\"color: #464646;\"><strong>Data da Defesa: <\/strong>28\/02\/2020<\/span><\/p>\n<p><span style=\"color: #464646;\">__________________________________________________________________________<\/span><\/p>\n<p><span style=\"color: #464646;\"><strong>Diego Corr\u00eaa Silveira<\/strong><\/span><\/p>\n<p><span style=\"color: #464646;\"><strong>T\u00edtulo: <\/strong><a style=\"color: #464646;\" href=\"https:\/\/wp.ufpel.edu.br\/ppgveterinaria\/files\/2021\/07\/Diego-Correa-Silveira.pdf\" target=\"_blank\" rel=\"noopener\">Indutores de ovula\u00e7\u00e3o em protocolos de manipula\u00e7\u00e3o de ciclo estral ovino<\/a><\/span><\/p>\n<p><span style=\"color: #464646;\"><strong>Orientador:<\/strong>\u00a0Thomaz Lucia J\u00fanior<\/span><\/p>\n<p><span style=\"color: #464646;\"><strong>Data da Defesa: <\/strong>17\/02\/2020<\/span><\/p>\n<p><span style=\"color: #464646;\">__________________________________________________________________________<\/span><\/p>\n<p><span style=\"color: #464646;\"><strong>Domitila Brzoskowski Chagas<\/strong><\/span><\/p>\n<p><span style=\"color: #464646;\"><strong>T\u00edtulo: <\/strong><a style=\"color: #464646;\" href=\"https:\/\/wp.ufpel.edu.br\/ppgveterinaria\/files\/2020\/09\/Domitila-Brzoskowski-Chagas-Resumo-3.pdf\" target=\"_blank\" rel=\"noopener noreferrer\">Detec\u00e7\u00e3o e identifica\u00e7\u00e3o molecular de v\u00edrus e <em>Nosema<\/em> spp. que acometem <em>Apis mellifera<\/em><\/a><\/span><\/p>\n<p><span style=\"color: #464646;\"><strong>Orientador:<\/strong>\u00a0Geferson Fischer<\/span><\/p>\n<p><span style=\"color: #464646;\"><strong>Data da Defesa: <\/strong>06\/01\/2020<\/span><\/p>\n<p><span style=\"color: #464646;\">__________________________________________________________________________<\/span><\/p>\n<p><span style=\"color: #464646;\"><strong>Fabiane Pereira de Moraes<\/strong><\/span><\/p>\n<p><span style=\"color: #464646;\"><strong>T\u00edtulo: <\/strong><a style=\"color: #464646;\" href=\"https:\/\/wp.ufpel.edu.br\/ppgveterinaria\/files\/2020\/12\/Fabiane-Pereira-de-Moraes.pdf\" target=\"_blank\" rel=\"noopener noreferrer\">Estr\u00f3geno e prostaglandina f2 alfa no controle de fun\u00e7\u00f5es reprodutivas em f\u00eameas bovinas<\/a><\/span><\/p>\n<p><span style=\"color: #464646;\"><strong>Orientador:<\/strong>\u00a0Bernardo Garziera Gasperin<\/span><\/p>\n<p><span style=\"color: #464646;\"><strong>Data da Defesa: <\/strong>28\/02\/2020<\/span><\/p>\n<p><span style=\"color: #464646;\">__________________________________________________________________________<\/span><\/p>\n<p><span style=\"color: #464646;\"><strong>Henrique dos Reis Noronha<\/strong><\/span><\/p>\n<p><span style=\"color: #464646;\"><strong>T\u00edtulo: <\/strong><a style=\"color: #464646;\" href=\"https:\/\/wp.ufpel.edu.br\/ppgveterinaria\/files\/2021\/07\/Henrique-dos-Reis-Noronha.pdf\" target=\"_blank\" rel=\"noopener\">Express\u00e3o comportamental de equinos em resposta a aplica\u00e7\u00e3o de quatro tipos de conten\u00e7\u00e3o f\u00edsica<\/a><\/span><\/p>\n<p><span style=\"color: #464646;\"><strong>Orientador:<\/strong>\u00a0Carlos Eduardo Wayne Nogueira<\/span><\/p>\n<p><span style=\"color: #464646;\"><strong>Data da Defesa: <\/strong>12\/02\/2020<\/span><\/p>\n<p><span style=\"color: #464646;\">__________________________________________________________________________<\/span><\/p>\n<p><span style=\"color: #464646;\"><strong>Inara\u00e3 Dias da Luz<\/strong><\/span><\/p>\n<p><span style=\"color: #464646;\"><strong>T\u00edtulo: <\/strong><a style=\"color: #464646;\" href=\"https:\/\/wp.ufpel.edu.br\/ppgveterinaria\/files\/2021\/07\/Inaraa-Dias-da-Luz.pdf\" target=\"_blank\" rel=\"noopener\">Marcadores bioqu\u00edmicos em equinos frente \u00e0 resposta inflamat\u00f3ria<\/a><\/span><\/p>\n<p><span style=\"color: #464646;\"><strong>Orientador:<\/strong>\u00a0Bruna da Rosa Curcio<\/span><\/p>\n<p><span style=\"color: #464646;\"><strong>Data da Defesa: <\/strong>19\/02\/2020<\/span><\/p>\n<p><span style=\"color: #464646;\">__________________________________________________________________________<\/span><\/p>\n<p><span style=\"color: #464646;\"><strong>Jos\u00e9 Victor Cardoso Braga<\/strong><\/span><\/p>\n<p><span style=\"color: #464646;\"><strong>T\u00edtulo: <\/strong><a style=\"color: #464646;\" href=\"https:\/\/wp.ufpel.edu.br\/ppgveterinaria\/files\/2020\/12\/Jose-Victor-Cardoso-Braga.pdf\" target=\"_blank\" rel=\"noopener noreferrer\">Lipid modulators during in vitro maturation of porcine oocytes<\/a><\/span><\/p>\n<p><span style=\"color: #464646;\"><strong>Orientador:<\/strong>\u00a0Rafael Gianella Mondadori<\/span><\/p>\n<p><span style=\"color: #464646;\"><strong>Data da Defesa: <\/strong>12\/02\/2020<\/span><\/p>\n<p><span style=\"color: #464646;\">__________________________________________________________________________<\/span><\/p>\n<p><span style=\"color: #464646;\"><strong>Kauana Kaefer<\/strong><\/span><\/p>\n<p><span style=\"color: #464646;\"><strong>T\u00edtulo: <\/strong><a style=\"color: #464646;\" href=\"https:\/\/wp.ufpel.edu.br\/ppgveterinaria\/files\/2020\/09\/Kauana-Kaefer.pdf\" target=\"_blank\" rel=\"noopener noreferrer\">Caracteriza\u00e7\u00e3o fenot\u00edpica e genot\u00edpica de <em>Staphylococcus aureus<\/em> isolados de lingui\u00e7a su\u00edna<\/a><\/span><\/p>\n<p><span style=\"color: #464646;\"><strong>Orientador:<\/strong>\u00a0Cl\u00e1udio Dias Timm<\/span><\/p>\n<p><span style=\"color: #464646;\"><strong>Data da Defesa: <\/strong>20\/02\/2020<\/span><\/p>\n<p><span style=\"color: #464646;\">__________________________________________________________________________<\/span><\/p>\n<p><span style=\"color: #464646;\"><strong>Leonardo Clasen Ribeiro<\/strong><\/span><\/p>\n<p><span style=\"color: #464646;\"><strong>T\u00edtulo: <\/strong><a href=\"https:\/\/wp.ufpel.edu.br\/ppgveterinaria\/files\/2023\/10\/Leonardo-Clasen-Ribeiro-Resumo.pdf\" target=\"_blank\" rel=\"noopener\">Identifica\u00e7\u00e3o molecular de poxv\u00edrus avi\u00e1rio clado E na regi\u00e3o Sul do Brasil<\/a><\/span><\/p>\n<p><span style=\"color: #464646;\"><strong>Orientador:<\/strong>\u00a0Gilberto D\u2019Avila Vargas<\/span><\/p>\n<p><span style=\"color: #464646;\"><strong>Data da Defesa: <\/strong>31\/01\/2020<\/span><\/p>\n<p><span style=\"color: #464646;\">__________________________________________________________________________<\/span><\/p>\n<p><span style=\"color: #464646;\"><strong>Let\u00edcia da Silva Souza<\/strong><\/span><\/p>\n<p><span style=\"color: #464646;\"><strong>T\u00edtulo: <\/strong><a href=\"https:\/\/wp.ufpel.edu.br\/ppgveterinaria\/files\/2025\/12\/Leticia-da-Silva-Souza.pdf\" target=\"_blank\" rel=\"noopener\">Histomorfometria microcotiledonar da placenta de \u00e9guas com placentite ascendente induzida submetidas a diferentes tratamentos<\/a><\/span><\/p>\n<p><span style=\"color: #464646;\"><strong>Orientador:<\/strong>\u00a0Bruna da Rosa Curcio<\/span><\/p>\n<p><span style=\"color: #464646;\"><strong>Data da Defesa: <\/strong>20\/02\/2020<\/span><\/p>\n<p><span style=\"color: #464646;\">__________________________________________________________________________<\/span><\/p>\n<p><span style=\"color: #464646;\"><strong>Maria Isabel dos Santos<\/strong><\/span><\/p>\n<p><span style=\"color: #464646;\"><strong>T\u00edtulo: <\/strong><a style=\"color: #464646;\" href=\"https:\/\/wp.ufpel.edu.br\/ppgveterinaria\/files\/2021\/07\/Maria-Isabel-dos-Santos.pdf\" target=\"_blank\" rel=\"noopener\">Sonica\u00e7\u00e3o e centrifuga\u00e7\u00e3o na criopreserva\u00e7\u00e3o de s\u00eamen equino<\/a><\/span><\/p>\n<p><span style=\"color: #464646;\"><strong>Orientador:<\/strong>\u00a0Carine Dahl Corcini<\/span><\/p>\n<p><span style=\"color: #464646;\"><strong>Data da Defesa: <\/strong>28\/08\/2020<\/span><\/p>\n<p><span style=\"color: #464646;\">__________________________________________________________________________<\/span><\/p>\n<p><span style=\"color: #464646;\"><strong>Martha Bravo Cruz Pi\u00f1eiro<\/strong><\/span><\/p>\n<p><span style=\"color: #464646;\"><strong>T\u00edtulo: <\/strong><a style=\"color: #464646;\" href=\"https:\/\/wp.ufpel.edu.br\/ppgveterinaria\/files\/2021\/07\/Martha-Bravo-Cruz-Pineiro-Resumo.pdf\" target=\"_blank\" rel=\"noopener\">Avalia\u00e7\u00e3o da a\u00e7\u00e3o da imunomodula\u00e7\u00e3o por timomodulina no tratamento de esporotricose cut\u00e2nea experimental por <em>Sporothrix brasiliensis<\/em><\/a><\/span><\/p>\n<p><span style=\"color: #464646;\"><strong>Orientador:<\/strong>\u00a0M\u00e1rcia de Oliveira Nobre<\/span><\/p>\n<p><span style=\"color: #464646;\"><strong>Data da Defesa: <\/strong>19\/02\/2020<\/span><\/p>\n<p><span style=\"color: #464646;\">__________________________________________________________________________<\/span><\/p>\n<p><span style=\"color: #464646;\"><strong>Ruth Dunford Patten<\/strong><\/span><\/p>\n<p><span style=\"color: #464646;\"><strong>T\u00edtulo: <\/strong><a style=\"color: #464646;\" href=\"https:\/\/wp.ufpel.edu.br\/ppgveterinaria\/files\/2021\/07\/Ruth-Dunford-Patten.pdf\" target=\"_blank\" rel=\"noopener\">Mare-facilitated exposure to humans reduces fear responses in foals<\/a><\/span><\/p>\n<p><span style=\"color: #464646;\"><strong>Orientador:<\/strong> Bruna da Rosa Curcio<\/span><\/p>\n<p><span style=\"color: #464646;\"><strong>Data da Defesa: <\/strong>11\/02\/2020<\/span><\/p>\n<p><span style=\"color: #464646;\">__________________________________________________________________________<\/span><\/p>\n<p><span style=\"color: #464646;\"><strong>Tamires Ellen Tomio<\/strong><\/span><\/p>\n<p><span style=\"color: #464646;\"><strong>T\u00edtulo: <\/strong>Detec\u00e7\u00e3o e identifica\u00e7\u00e3o gen\u00e9tica de herpesv\u00edrus equ\u00eddeo em equinos na regi\u00e3o sul do Rio Grande do Sul, Brasil (em corre\u00e7\u00e3o)<\/span><\/p>\n<p><span style=\"color: #464646;\"><strong>Orientador:<\/strong>\u00a0Marcelo de Lima<\/span><\/p>\n<p><span style=\"color: #464646;\"><strong>Data da Defesa: <\/strong>12\/03\/2020<\/span><\/p>\n<p><span style=\"color: #464646;\">__________________________________________________________________________<\/span><\/p>\n<p><span style=\"color: #464646;\"><strong>Tha\u00eds Gon\u00e7alves Gon\u00e7alves<\/strong><\/span><\/p>\n<p><span style=\"color: #464646;\"><strong>T\u00edtulo: <\/strong><a style=\"color: #464646;\" href=\"https:\/\/wp.ufpel.edu.br\/ppgveterinaria\/files\/2020\/09\/Thais-Goncalves-Goncalves.pdf\" target=\"_blank\" rel=\"noopener noreferrer\"><em>Staphylococcus<\/em> coagulase negativa potencialmente patog\u00eanicos isolados durante o fluxograma de abate de su\u00ednos<\/a><\/span><\/p>\n<p><span style=\"color: #464646;\"><strong>Orientador:<\/strong>\u00a0Cl\u00e1udio Dias Timm<\/span><\/p>\n<p><span style=\"color: #464646;\"><strong>Data da Defesa: <\/strong>18\/02\/2020<\/span><\/p>\n<p><span style=\"color: #464646;\">__________________________________________________________________________<\/span><\/p>\n","protected":false},"excerpt":{"rendered":"<p>&nbsp; Disserta\u00e7\u00f5es 2020 &nbsp; __________________________________________________________________________ Adriane Dalla Costa de Matos T\u00edtulo: Fitoter\u00e1pico e sua a\u00e7\u00e3o antibacteriana: uma alternativa para o tratamento de diarreia neonatal bovina Orientador:\u00a0Marcio Nunes Corr\u00eaa Data da Defesa: 12\/02\/2020 __________________________________________________________________________ Bianca Conrad Bohm T\u00edtulo: An\u00e1lise epidemiol\u00f3gica da dengue em Belo Horizonte, Minas Gerais, 2010 &#8211; 2018 Orientador:\u00a0F\u00e1bio Raphael Pascoti Bruhn Data da [&hellip;]<\/p>\n","protected":false},"author":391,"featured_media":0,"parent":152,"menu_order":-6,"comment_status":"closed","ping_status":"closed","template":"","meta":{"footnotes":""},"class_list":["post-4822","page","type-page","status-publish","hentry"],"_links":{"self":[{"href":"https:\/\/wp.ufpel.edu.br\/ppgveterinaria\/wp-json\/wp\/v2\/pages\/4822","targetHints":{"allow":["GET"]}}],"collection":[{"href":"https:\/\/wp.ufpel.edu.br\/ppgveterinaria\/wp-json\/wp\/v2\/pages"}],"about":[{"href":"https:\/\/wp.ufpel.edu.br\/ppgveterinaria\/wp-json\/wp\/v2\/types\/page"}],"author":[{"embeddable":true,"href":"https:\/\/wp.ufpel.edu.br\/ppgveterinaria\/wp-json\/wp\/v2\/users\/391"}],"replies":[{"embeddable":true,"href":"https:\/\/wp.ufpel.edu.br\/ppgveterinaria\/wp-json\/wp\/v2\/comments?post=4822"}],"version-history":[{"count":3,"href":"https:\/\/wp.ufpel.edu.br\/ppgveterinaria\/wp-json\/wp\/v2\/pages\/4822\/revisions"}],"predecessor-version":[{"id":7590,"href":"https:\/\/wp.ufpel.edu.br\/ppgveterinaria\/wp-json\/wp\/v2\/pages\/4822\/revisions\/7590"}],"up":[{"embeddable":true,"href":"https:\/\/wp.ufpel.edu.br\/ppgveterinaria\/wp-json\/wp\/v2\/pages\/152"}],"wp:attachment":[{"href":"https:\/\/wp.ufpel.edu.br\/ppgveterinaria\/wp-json\/wp\/v2\/media?parent=4822"}],"curies":[{"name":"wp","href":"https:\/\/api.w.org\/{rel}","templated":true}]}}