{"id":4813,"date":"2020-07-08T18:29:54","date_gmt":"2020-07-08T21:29:54","guid":{"rendered":"https:\/\/wp.ufpel.edu.br\/ppgveterinaria\/?page_id=4813"},"modified":"2021-03-16T02:02:13","modified_gmt":"2021-03-16T05:02:13","slug":"4813-2","status":"publish","type":"page","link":"https:\/\/wp.ufpel.edu.br\/ppgveterinaria\/egressos\/mestrado\/4813-2\/","title":{"rendered":"2020"},"content":{"rendered":"<p>&nbsp;<\/p>\n<ul>\n<li><span style=\"color: #464646\"><strong>Mestrado &#8211; Egressos 2020<\/strong><\/span><\/li>\n<\/ul>\n<p>&nbsp;<\/p>\n<p><span style=\"color: #464646\">____________________________________________________________<\/span><\/p>\n<p><span style=\"color: #464646\"><strong>Adriane Dalla Costa de Matos<\/strong><\/span><\/p>\n<p><span style=\"color: #464646\"><strong>Orientador:<\/strong>\u00a0Marcio Nunes Corr\u00eaa<\/span><\/p>\n<p><span style=\"color: #464646\"><strong>E-mail:\u00a0<\/strong><a style=\"color: #464646\" href=\"mailto:adidallacosta@gmail.com\">adidallacosta@gmail.com<\/a><\/span><\/p>\n<p><span style=\"color: #464646\"><strong>Data de Ingresso:<\/strong>\u00a003\/2018<\/span><\/p>\n<p><span style=\"color: #464646\"><strong>Data da Defesa: <\/strong>12\/02\/2020<\/span><\/p>\n<p><span style=\"color: #464646\">____________________________________________________________<\/span><\/p>\n<p><span style=\"color: #464646\"><strong>Bianca Conrad Bohm<\/strong><\/span><\/p>\n<p><span style=\"color: #464646\"><strong>Orientador:<\/strong>\u00a0F\u00e1bio Raphael Pascoti Bruhn<\/span><\/p>\n<p><span style=\"color: #464646\"><strong>E-mail:\u00a0<\/strong><a style=\"color: #464646\" href=\"mailto:biankabohm@hotmail.com\">biankabohm@hotmail.com<\/a><\/span><\/p>\n<p><span style=\"color: #464646\"><strong>Data de Ingresso:<\/strong>\u00a003\/2018<\/span><\/p>\n<p><span style=\"color: #464646\"><strong>Data da Defesa: <\/strong>21\/02\/2020<\/span><\/p>\n<p><span style=\"color: #464646\">____________________________________________________________<\/span><\/p>\n<p><span style=\"color: #464646\"><strong>Camila Gervini Wendt<\/strong><\/span><\/p>\n<p><span style=\"color: #464646\"><strong>Orientador:<\/strong>\u00a0Carlos Eduardo Wayne Nogueira<\/span><\/p>\n<p><span style=\"color: #464646\"><strong>E-mail:\u00a0<\/strong><a style=\"color: #464646\" href=\"mailto:camilagerviniw@gmail.com\">camilagerviniw@gmail.com<\/a><\/span><\/p>\n<p><span style=\"color: #464646\"><strong>Data de Ingresso:<\/strong>\u00a003\/2018<\/span><\/p>\n<p><span style=\"color: #464646\"><strong>Data da Defesa: <\/strong>30\/01\/2020<\/span><\/p>\n<p><span style=\"color: #464646\">____________________________________________________________<\/span><\/p>\n<p><span style=\"color: #464646\"><strong>D\u00e9bora de Campos A\u00f1a\u00f1a<\/strong><\/span><\/p>\n<p><span style=\"color: #464646\"><strong>Orientador:<\/strong>\u00a0Marlete Brum Cleff<\/span><\/p>\n<p><span style=\"color: #464646\"><strong>E-mail:\u00a0<\/strong><a style=\"color: #464646\" href=\"mailto:debora_anana@hotmail.com\">debora_anana@hotmail.com<\/a><\/span><\/p>\n<p><span style=\"color: #464646\"><strong>Data de Ingresso:<\/strong>\u00a003\/2018<\/span><\/p>\n<p><span style=\"color: #464646\"><strong>Data da Defesa: <\/strong>28\/02\/2020<\/span><\/p>\n<p><span style=\"color: #464646\">____________________________________________________________<\/span><\/p>\n<p><span style=\"color: #464646\"><strong>Diego Corr\u00eaa Silveira<\/strong><\/span><\/p>\n<p><span style=\"color: #464646\"><strong>Orientador:<\/strong>\u00a0Thomaz Lucia J\u00fanior<\/span><\/p>\n<p><span style=\"color: #464646\"><strong>E-mail:\u00a0<\/strong><a style=\"color: #464646\" href=\"mailto:dcsilveira12@gmail.com\">dcsilveira12@gmail.com<\/a><\/span><\/p>\n<p><span style=\"color: #464646\"><strong>Data de Ingresso:<\/strong>\u00a003\/2018<\/span><\/p>\n<p><span style=\"color: #464646\"><strong>Data da Defesa: <\/strong>17\/02\/2020<\/span><\/p>\n<p><span style=\"color: #464646\">____________________________________________________________<\/span><\/p>\n<p><span style=\"color: #464646\"><strong>Domitila Brzoskowski Chagas<\/strong><\/span><\/p>\n<p><span style=\"color: #464646\"><strong>Orientador:<\/strong>\u00a0Geferson Fischer<\/span><\/p>\n<p><span style=\"color: #464646\"><strong>E-mail:\u00a0<\/strong><a style=\"color: #464646\" href=\"mailto:chagas.domitila@gmail.com\">chagas.domitila@gmail.com<\/a><\/span><\/p>\n<p><span style=\"color: #464646\"><strong>Data de Ingresso:<\/strong>\u00a003\/2018<\/span><\/p>\n<p><span style=\"color: #464646\"><strong>Data da Defesa: <\/strong>06\/01\/2020<\/span><\/p>\n<p><span style=\"color: #464646\">____________________________________________________________<\/span><\/p>\n<p><span style=\"color: #464646\"><strong>Fabiane Pereira de Moraes<\/strong><\/span><\/p>\n<p><span style=\"color: #464646\"><strong>Orientador:<\/strong>\u00a0Bernardo Garziera Gasperin<\/span><\/p>\n<p><span style=\"color: #464646\"><strong>E-mail:\u00a0<\/strong>fabypmoraes@gmail.com<\/span><\/p>\n<p><span style=\"color: #464646\"><strong>Data de Ingresso:<\/strong>\u00a003\/2018<\/span><\/p>\n<p><span style=\"color: #464646\"><strong>Data da Defesa: <\/strong>28\/02\/2020<\/span><\/p>\n<p><span style=\"color: #464646\">____________________________________________________________<\/span><\/p>\n<p><span style=\"color: #464646\"><strong>Henrique dos Reis Noronha<\/strong><\/span><\/p>\n<p><span style=\"color: #464646\"><strong>Orientador:<\/strong>\u00a0Carlos Eduardo Wayne Nogueira<\/span><\/p>\n<p><span style=\"color: #464646\"><strong>E-mail:\u00a0<\/strong><a style=\"color: #464646\" href=\"mailto:equineclinichipiatria@gmail.com\">equineclinichipiatria@gmail.com<\/a><\/span><\/p>\n<p><span style=\"color: #464646\"><strong>Data de Ingresso:<\/strong>\u00a003\/2018<\/span><\/p>\n<p><span style=\"color: #464646\"><strong>Data da Defesa: <\/strong>12\/02\/2020<\/span><\/p>\n<p><span style=\"color: #464646\">____________________________________________________________<\/span><\/p>\n<p><span style=\"color: #464646\"><strong>Inara\u00e3 Dias da Luz<\/strong><\/span><\/p>\n<p><span style=\"color: #464646\"><strong>Orientador:<\/strong>\u00a0Bruna da Rosa Curcio<\/span><\/p>\n<p><span style=\"color: #464646\"><strong>E-mail:\u00a0<\/strong><a style=\"color: #464646\" href=\"mailto:inadiasmedvet@gmail.com\">inadiasmedvet@gmail.com<\/a><\/span><\/p>\n<p><span style=\"color: #464646\"><strong>Data de Ingresso:<\/strong>\u00a003\/2018<\/span><\/p>\n<p><span style=\"color: #464646\"><strong>Data da Defesa: <\/strong>19\/02\/2020<\/span><\/p>\n<p><span style=\"color: #464646\">____________________________________________________________<\/span><\/p>\n<p><span style=\"color: #464646\"><strong>Jos\u00e9 Victor Cardoso Braga<\/strong><\/span><\/p>\n<p><span style=\"color: #464646\"><strong>Orientador:<\/strong>\u00a0Rafael Gianella Mondadori<\/span><\/p>\n<p><span style=\"color: #464646\"><strong>E-mail:\u00a0<\/strong><a style=\"color: #464646\" href=\"mailto:bragavictor93@gmail.com\">bragavictor93@gmail.com<\/a><\/span><\/p>\n<p><span style=\"color: #464646\"><strong>Data de Ingresso:<\/strong>\u00a003\/2018<\/span><\/p>\n<p><span style=\"color: #464646\"><strong>Data da Defesa: <\/strong>12\/02\/2020<\/span><\/p>\n<p><span style=\"color: #464646\">____________________________________________________________<\/span><\/p>\n<p><span style=\"color: #464646\"><strong>Kauana Kaefer<\/strong><\/span><\/p>\n<p><span style=\"color: #464646\"><strong>Orientador:<\/strong>\u00a0Cl\u00e1udio Dias Timm<\/span><\/p>\n<p><span style=\"color: #464646\"><strong>E-mail:\u00a0<\/strong><a style=\"color: #464646\" href=\"mailto:kauanakaefer@gmail.com\">kauanakaefer@gmail.com<\/a><\/span><\/p>\n<p><span style=\"color: #464646\"><strong>Data de Ingresso:<\/strong>\u00a003\/2018<\/span><\/p>\n<p><span style=\"color: #464646\"><strong>Data da Defesa: <\/strong>20\/02\/2020<\/span><\/p>\n<p><span style=\"color: #464646\">____________________________________________________________<\/span><\/p>\n<p><span style=\"color: #464646\"><strong>Leonardo Clasen Ribeiro<\/strong><\/span><\/p>\n<p><span style=\"color: #464646\"><strong>Orientador:<\/strong>\u00a0Gilberto D\u2019Avila Vargas<\/span><\/p>\n<p><span style=\"color: #464646\"><strong>E-mail:\u00a0<\/strong><a style=\"color: #464646\" href=\"mailto:leo_clasen92@hotmail.com\">leo_clasen92@hotmail.com<\/a><\/span><\/p>\n<p><span style=\"color: #464646\"><strong>Data de Ingresso:<\/strong>\u00a003\/2018<\/span><\/p>\n<p><span style=\"color: #464646\"><strong>Data da Defesa: <\/strong>31\/01\/2020<\/span><\/p>\n<p><span style=\"color: #464646\">____________________________________________________________<\/span><\/p>\n<p><span style=\"color: #464646\"><strong>Let\u00edcia da Silva Souza<\/strong><\/span><\/p>\n<p><span style=\"color: #464646\"><strong>Orientador:<\/strong>\u00a0Bruna da Rosa Curcio<\/span><\/p>\n<p><span style=\"color: #464646\"><strong>E-mail:\u00a0<\/strong><a style=\"color: #464646\" href=\"mailto:leticia_050@hotmail.com\">leticia_050@hotmail.com<\/a><\/span><\/p>\n<p><span style=\"color: #464646\"><strong>Data de Ingresso:<\/strong>\u00a003\/2018<\/span><\/p>\n<p><span style=\"color: #464646\"><strong>Data da Defesa: <\/strong>20\/02\/2020<\/span><\/p>\n<p><span style=\"color: #464646\">____________________________________________________________<\/span><\/p>\n<p><span style=\"color: #464646\"><strong>Maria Isabel dos Santos<\/strong><\/span><\/p>\n<p><span style=\"color: #464646\"><strong>Orientador:<\/strong>\u00a0Carine Dahl Corcini<\/span><\/p>\n<p><span style=\"color: #464646\"><strong>E-mail:\u00a0<\/strong><a style=\"color: #464646\" href=\"mailto:mariaisabelvet@hotmail.com\">mariaisabelvet@hotmail.com<\/a><\/span><\/p>\n<p><span style=\"color: #464646\"><strong>Data de Ingresso:<\/strong>\u00a003\/2018<\/span><\/p>\n<p><span style=\"color: #464646\"><strong>Data da Defesa: <\/strong>&#8211;<\/span><\/p>\n<p><span style=\"color: #464646\">____________________________________________________________<\/span><\/p>\n<p><span style=\"color: #464646\"><strong>Martha Bravo Cruz Pi\u00f1eiro<\/strong><\/span><\/p>\n<p><span style=\"color: #464646\"><strong>Orientador:<\/strong>\u00a0M\u00e1rcia de Oliveira Nobre<\/span><\/p>\n<p><span style=\"color: #464646\"><strong>E-mail:\u00a0<\/strong><a style=\"color: #464646\" href=\"mailto:martha.pineiro@hotmail.com\">martha.pineiro@hotmail.com<\/a><\/span><\/p>\n<p><span style=\"color: #464646\"><strong>Data de Ingresso:<\/strong>\u00a003\/2018<\/span><\/p>\n<p><span style=\"color: #464646\"><strong>Data da Defesa: <\/strong>19\/02\/2020<\/span><\/p>\n<p><span style=\"color: #464646\">____________________________________________________________<\/span><\/p>\n<p><span style=\"color: #464646\"><strong>Ruth Dunford Patten<\/strong><\/span><\/p>\n<p><span style=\"color: #464646\"><strong>Orientador:<\/strong> Bruna da Rosa Curcio<\/span><\/p>\n<p><span style=\"color: #464646\"><strong>E-mail:\u00a0<\/strong><a style=\"color: #464646\" href=\"mailto:ruthpatten@hotmail.com\">ruthpatten@hotmail.com<\/a><\/span><\/p>\n<p><span style=\"color: #464646\"><strong>Data de Ingresso:<\/strong>\u00a003\/2018<\/span><\/p>\n<p><span style=\"color: #464646\"><strong>Data da Defesa: <\/strong>11\/02\/2020<\/span><\/p>\n<p><span style=\"color: #464646\">____________________________________________________________<\/span><\/p>\n<p><span style=\"color: #464646\"><strong>Tamires Ellen Tomio<\/strong><\/span><\/p>\n<p><span style=\"color: #464646\"><strong>Orientador:<\/strong>\u00a0Marcelo de Lima<\/span><\/p>\n<p><span style=\"color: #464646\"><strong>E-mail:\u00a0<\/strong><a style=\"color: #464646\" href=\"mailto:tamitomio@hotmail.com\">tamitomio@hotmail.com<\/a><\/span><\/p>\n<p><span style=\"color: #464646\"><strong>Data de Ingresso:<\/strong>\u00a003\/2018<\/span><\/p>\n<p><span style=\"color: #464646\"><strong>Data da Defesa: <\/strong>12\/03\/2020<\/span><\/p>\n<p><span style=\"color: #464646\">____________________________________________________________<\/span><\/p>\n<p><span style=\"color: #464646\"><strong>Tha\u00eds Gon\u00e7alves Gon\u00e7alves<\/strong><\/span><\/p>\n<p><span style=\"color: #464646\"><strong>Orientador:<\/strong>\u00a0Cl\u00e1udio Dias Timm<\/span><\/p>\n<p><span style=\"color: #464646\"><strong>E-mail:\u00a0<\/strong><a style=\"color: #464646\" href=\"mailto:thaais.g@hotmail.com\">thaais.g@hotmail.com<\/a><\/span><\/p>\n<p><span style=\"color: #464646\"><strong>Data de Ingresso:<\/strong>\u00a003\/2018<\/span><\/p>\n<p><span style=\"color: #464646\"><strong>Data da Defesa: <\/strong>18\/02\/2020<\/span><\/p>\n<p><span style=\"color: #464646\">____________________________________________________________<\/span><\/p>\n","protected":false},"excerpt":{"rendered":"<p>&nbsp; Mestrado &#8211; Egressos 2020 &nbsp; ____________________________________________________________ Adriane Dalla Costa de Matos Orientador:\u00a0Marcio Nunes Corr\u00eaa E-mail:\u00a0adidallacosta@gmail.com Data de Ingresso:\u00a003\/2018 Data da Defesa: 12\/02\/2020 ____________________________________________________________ Bianca Conrad Bohm Orientador:\u00a0F\u00e1bio Raphael Pascoti Bruhn E-mail:\u00a0biankabohm@hotmail.com Data de Ingresso:\u00a003\/2018 Data da Defesa: 21\/02\/2020 ____________________________________________________________ Camila Gervini Wendt Orientador:\u00a0Carlos Eduardo Wayne Nogueira E-mail:\u00a0camilagerviniw@gmail.com Data de Ingresso:\u00a003\/2018 Data da Defesa: 30\/01\/2020 [&hellip;]<\/p>\n","protected":false},"author":391,"featured_media":0,"parent":114,"menu_order":15,"comment_status":"closed","ping_status":"closed","template":"","meta":{"footnotes":""},"class_list":["post-4813","page","type-page","status-publish","hentry"],"_links":{"self":[{"href":"https:\/\/wp.ufpel.edu.br\/ppgveterinaria\/wp-json\/wp\/v2\/pages\/4813","targetHints":{"allow":["GET"]}}],"collection":[{"href":"https:\/\/wp.ufpel.edu.br\/ppgveterinaria\/wp-json\/wp\/v2\/pages"}],"about":[{"href":"https:\/\/wp.ufpel.edu.br\/ppgveterinaria\/wp-json\/wp\/v2\/types\/page"}],"author":[{"embeddable":true,"href":"https:\/\/wp.ufpel.edu.br\/ppgveterinaria\/wp-json\/wp\/v2\/users\/391"}],"replies":[{"embeddable":true,"href":"https:\/\/wp.ufpel.edu.br\/ppgveterinaria\/wp-json\/wp\/v2\/comments?post=4813"}],"version-history":[{"count":4,"href":"https:\/\/wp.ufpel.edu.br\/ppgveterinaria\/wp-json\/wp\/v2\/pages\/4813\/revisions"}],"predecessor-version":[{"id":5331,"href":"https:\/\/wp.ufpel.edu.br\/ppgveterinaria\/wp-json\/wp\/v2\/pages\/4813\/revisions\/5331"}],"up":[{"embeddable":true,"href":"https:\/\/wp.ufpel.edu.br\/ppgveterinaria\/wp-json\/wp\/v2\/pages\/114"}],"wp:attachment":[{"href":"https:\/\/wp.ufpel.edu.br\/ppgveterinaria\/wp-json\/wp\/v2\/media?parent=4813"}],"curies":[{"name":"wp","href":"https:\/\/api.w.org\/{rel}","templated":true}]}}