{"id":4640,"date":"2020-02-17T11:10:51","date_gmt":"2020-02-17T14:10:51","guid":{"rendered":"https:\/\/wp.ufpel.edu.br\/ppgveterinaria\/?page_id=4640"},"modified":"2020-09-30T20:10:16","modified_gmt":"2020-09-30T23:10:16","slug":"2020-2","status":"publish","type":"page","link":"https:\/\/wp.ufpel.edu.br\/ppgveterinaria\/editais\/alunos-especiais\/2020-2\/","title":{"rendered":"2020"},"content":{"rendered":"<p>&nbsp;<\/p>\n<ul>\n<li><span style=\"color: #464646\"><a style=\"color: #464646\" href=\"https:\/\/wp.ufpel.edu.br\/ppgveterinaria\/files\/2014\/07\/Formul%C3%A1rio-Inscri%C3%A7%C3%A3o-Aluno-Especial.doc\" target=\"_blank\" rel=\"noopener noreferrer\">Formul\u00e1rio de Inscri\u00e7\u00e3o &#8211; Aluno Especial<\/a><\/span><\/li>\n<\/ul>\n<p>&nbsp;<\/p>\n<ul>\n<li><span style=\"color: #464646\"><a style=\"color: #464646\" href=\"https:\/\/wp.ufpel.edu.br\/ppgveterinaria\/files\/2020\/03\/SEI_UFPel-0881328-Edital-de-sele\u00e7\u00e3o-PRPPGI-Especiais-2020-1.pdf\" target=\"_blank\" rel=\"noopener noreferrer\">Edital Aluno Especial 2020-1<\/a><\/span><\/li>\n<li><span style=\"color: #464646\"><a style=\"color: #464646\" href=\"https:\/\/wp.ufpel.edu.br\/ppgveterinaria\/files\/2020\/07\/Alunos-2020-1.pdf\" target=\"_blank\" rel=\"noopener noreferrer\">Alunos Especiais 2020-1<\/a><\/span><\/li>\n<li><span style=\"color: #464646\"><a style=\"color: #464646\" href=\"https:\/\/wp.ufpel.edu.br\/ppgveterinaria\/files\/2020\/07\/Formul\u00e1rio-Matr\u00edcula.docx\" target=\"_blank\" rel=\"noopener noreferrer\">Formul\u00e1rio de Matr\u00edcula<\/a><\/span><\/li>\n<\/ul>\n<p>&nbsp;<\/p>\n<ul>\n<li><span style=\"color: #464646\"><a style=\"color: #464646\" href=\"https:\/\/wp.ufpel.edu.br\/ppgveterinaria\/files\/2020\/09\/SEI_UFPel-1056409-Edital-de-selecao-PRPPGI-Especiais-2020-2.pdf\" target=\"_blank\" rel=\"noopener noreferrer\">Edital Aluno Especial 2020-2<\/a><\/span><\/li>\n<li><span style=\"color: #464646\"><a style=\"color: #464646\" href=\"https:\/\/wp.ufpel.edu.br\/ppgveterinaria\/files\/2020\/09\/Alunos-2020-2.pdf\" target=\"_blank\" rel=\"noopener noreferrer\">Alunos Especiais 2020-2<\/a><\/span><\/li>\n<li><span style=\"color: #464646\"><a style=\"color: #464646\" href=\"https:\/\/wp.ufpel.edu.br\/ppgveterinaria\/files\/2020\/09\/Formulario-Matricula-1.docx\" target=\"_blank\" rel=\"noopener noreferrer\">Formul\u00e1rio de Matr\u00edcula<\/a><\/span><\/li>\n<\/ul>\n","protected":false},"excerpt":{"rendered":"<p>&nbsp; Formul\u00e1rio de Inscri\u00e7\u00e3o &#8211; Aluno Especial &nbsp; Edital Aluno Especial 2020-1 Alunos Especiais 2020-1 Formul\u00e1rio de Matr\u00edcula &nbsp; Edital Aluno Especial 2020-2 Alunos Especiais 2020-2 Formul\u00e1rio de Matr\u00edcula<\/p>\n","protected":false},"author":391,"featured_media":0,"parent":3682,"menu_order":-1,"comment_status":"closed","ping_status":"closed","template":"","meta":{"footnotes":""},"class_list":["post-4640","page","type-page","status-publish","hentry"],"_links":{"self":[{"href":"https:\/\/wp.ufpel.edu.br\/ppgveterinaria\/wp-json\/wp\/v2\/pages\/4640","targetHints":{"allow":["GET"]}}],"collection":[{"href":"https:\/\/wp.ufpel.edu.br\/ppgveterinaria\/wp-json\/wp\/v2\/pages"}],"about":[{"href":"https:\/\/wp.ufpel.edu.br\/ppgveterinaria\/wp-json\/wp\/v2\/types\/page"}],"author":[{"embeddable":true,"href":"https:\/\/wp.ufpel.edu.br\/ppgveterinaria\/wp-json\/wp\/v2\/users\/391"}],"replies":[{"embeddable":true,"href":"https:\/\/wp.ufpel.edu.br\/ppgveterinaria\/wp-json\/wp\/v2\/comments?post=4640"}],"version-history":[{"count":8,"href":"https:\/\/wp.ufpel.edu.br\/ppgveterinaria\/wp-json\/wp\/v2\/pages\/4640\/revisions"}],"predecessor-version":[{"id":5032,"href":"https:\/\/wp.ufpel.edu.br\/ppgveterinaria\/wp-json\/wp\/v2\/pages\/4640\/revisions\/5032"}],"up":[{"embeddable":true,"href":"https:\/\/wp.ufpel.edu.br\/ppgveterinaria\/wp-json\/wp\/v2\/pages\/3682"}],"wp:attachment":[{"href":"https:\/\/wp.ufpel.edu.br\/ppgveterinaria\/wp-json\/wp\/v2\/media?parent=4640"}],"curies":[{"name":"wp","href":"https:\/\/api.w.org\/{rel}","templated":true}]}}