{"id":457,"date":"2014-07-15T14:13:08","date_gmt":"2014-07-15T17:13:08","guid":{"rendered":"https:\/\/wp.ufpel.edu.br\/ppgveterinaria\/?page_id=457"},"modified":"2016-04-07T17:30:48","modified_gmt":"2016-04-07T20:30:48","slug":"2014-2","status":"publish","type":"page","link":"https:\/\/wp.ufpel.edu.br\/ppgveterinaria\/dissertacoesteses\/teses\/2014-2\/","title":{"rendered":"2014"},"content":{"rendered":"<p><span style=\"color: #464646\">\u00a0<\/span><\/p>\n<ul>\n<li><span style=\"color: #464646\"><strong>Teses 2014<\/strong><\/span><\/li>\n<\/ul>\n<p>&nbsp;<\/p>\n<p>___________________________________________________________________________<\/p>\n<p><span style=\"color: #464646\"><strong>Ana L\u00facia Coelho Recuero<\/strong><\/span><\/p>\n<p style=\"text-align: justify\"><span style=\"color: #464646\"><strong>T\u00edtulo:\u00a0<\/strong><span style=\"text-decoration: underline\"><a style=\"color: #464646;text-decoration: underline\" href=\"https:\/\/wp.ufpel.edu.br\/ppgveterinaria\/files\/2014\/07\/Ana-L\u00facia-Coelho-Recuero.pdf\" target=\"_blank\">Brucelose bovina: avalia\u00e7\u00e3o de testes sorol\u00f3gicos ap\u00f3s aplica\u00e7\u00e3o de levamisole<\/a><\/span><\/span><\/p>\n<p><span style=\"color: #464646\"><strong>Orientador: \u00a0<\/strong>Prof. M\u00e1rio Carlos Ara\u00fajo Meireles<\/span><\/p>\n<p><span style=\"color: #464646\"><strong>Defesa: \u00a0<\/strong>25\/02\/14<\/span><\/p>\n<p>___________________________________________________________________________<\/p>\n<p><span style=\"color: #464646\"><strong>Anelize de Oliveira Campello Felix<\/strong><\/span><\/p>\n<p style=\"text-align: justify\"><span style=\"color: #464646\"><strong>T\u00edtulo:\u00a0<\/strong><span style=\"text-decoration: underline\"><a style=\"color: #464646;text-decoration: underline\" href=\"https:\/\/wp.ufpel.edu.br\/ppgveterinaria\/files\/2014\/07\/Anelize-de-Oliveira-Campello-Felix.pdf\" target=\"_blank\">Avalia\u00e7\u00e3o de balan\u00e7o oxidativo em c\u00e3es com neoplasias mam\u00e1rias e teste do \u00f3leo resina de copa\u00edba como terapia adjuvante em ratos<\/a><\/span><\/span><\/p>\n<p><span style=\"color: #464646\"><strong>Orientador: \u00a0<\/strong>Prof\u00aa. M\u00e1rcia de Oliveira Nobre<\/span><\/p>\n<p><span style=\"color: #464646\"><strong>Defesa: \u00a0<\/strong>28\/02\/14<\/span><\/p>\n<p>___________________________________________________________________________<\/p>\n<p><span style=\"color: #464646\"><strong>Anna Beatriz Bardou Pizarro Chaffe<\/strong><\/span><\/p>\n<p style=\"text-align: justify\"><span style=\"color: #464646\"><strong>T\u00edtulo:\u00a0<\/strong><span style=\"text-decoration: underline\"><a style=\"color: #464646;text-decoration: underline\" href=\"https:\/\/wp.ufpel.edu.br\/ppgveterinaria\/files\/2014\/07\/Anna-Beatriz-Bardou-Pizarro-Chaffe.pdf\" target=\"_blank\">Pesquisa de Staphylococcus coagulase positiva meticilina resistente e prospec\u00e7\u00e3o de plantas medicinais para seu controle<\/a><\/span><\/span><\/p>\n<p><span style=\"color: #464646\"><strong>Orientador: \u00a0<\/strong>Prof. Luiz Filipe Dam\u00e9 Schuch<\/span><\/p>\n<p><span style=\"color: #464646\"><strong>Defesa: \u00a0<\/strong>29\/05\/14<\/span><\/p>\n<p>___________________________________________________________________________<\/p>\n<p><span style=\"color: #464646\"><strong>Clairton Marcolongo Pereira<\/strong><\/span><\/p>\n<p><span style=\"color: #464646\"><strong>T\u00edtulo:<\/strong><span style=\"text-decoration: underline\"><a style=\"color: #464646;text-decoration: underline\" href=\"https:\/\/wp.ufpel.edu.br\/ppgveterinaria\/files\/2014\/07\/Clairton-Marcolongo-Pereira-Resumo.pdf\" target=\"_blank\"> Doen\u00e7as de equinos na regi\u00e3o sul do Rio Grande do Sul<\/a><\/span><\/span><\/p>\n<p><span style=\"color: #464646\"><strong>Orientador: \u00a0<\/strong>M\u00e9dica Veterin\u00e1riaAna Lucia Pereira Schild<\/span><\/p>\n<p><span style=\"color: #464646\"><strong>Defesa: \u00a0<\/strong>21\/02\/14<\/span><\/p>\n<p>___________________________________________________________________________<\/p>\n<p><span style=\"color: #464646\"><strong>Fl\u00e1via Biasoli de Ara\u00fajo<\/strong><\/span><\/p>\n<p style=\"text-align: justify\"><span style=\"color: #464646\"><strong>T\u00edtulo:\u00a0<\/strong><span style=\"text-decoration: underline\"><a style=\"color: #464646;text-decoration: underline\" href=\"https:\/\/wp.ufpel.edu.br\/ppgveterinaria\/files\/2014\/07\/Fl\u00e1via-Biasoli-de-Ara\u00fajo.pdf\" target=\"_blank\">Isolamento, caracteriza\u00e7\u00e3o e efic\u00e1cia de fungos nemat\u00f3fagos aut\u00f3ctones do Rio Grande do Sul no controle de nematoides gastrintestinais de ovinos<\/a><\/span><\/span><\/p>\n<p><span style=\"color: #464646\"><strong>Orientador: \u00a0<\/strong>Prof. M\u00e1rio Carlos Ara\u00fajo Meireles<\/span><\/p>\n<p><span style=\"color: #464646\"><strong>Defesa: \u00a0<\/strong>28\/03\/14<\/span><\/p>\n<p>___________________________________________________________________________<\/p>\n<p><span style=\"color: #464646\"><strong>Karina Lemos Goularte<\/strong><\/span><\/p>\n<p><span style=\"color: #464646\"><strong>T\u00edtulo:\u00a0<\/strong><span style=\"text-decoration: underline\"><a style=\"color: #464646;text-decoration: underline\" href=\"http:\/\/www2.ufpel.edu.br\/tede\/tde_busca\/arquivo.php?codArquivo=2074\" target=\"_blank\">Sistema de gest\u00e3o da qualidade para Centros de Coleta e Processamento de S\u00eamen bovino: elabora\u00e7\u00e3o, implanta\u00e7\u00e3o e impacto<\/a><\/span><\/span><\/p>\n<p><span style=\"color: #464646\"><strong>Orientador: \u00a0<\/strong>Prof. Thomaz Lucia Jr<\/span><\/p>\n<p><span style=\"color: #464646\"><strong>Defesa: \u00a0<\/strong>17\/02\/14<\/span><\/p>\n<p>___________________________________________________________________________<\/p>\n<p><span style=\"color: #464646\"><strong>Lorena Alvariza Amaral<\/strong><\/span><\/p>\n<p style=\"text-align: justify\"><span style=\"color: #464646\"><strong>T\u00edtulo:<\/strong> <span style=\"text-decoration: underline\"><a style=\"color: #464646;text-decoration: underline\" href=\"https:\/\/wp.ufpel.edu.br\/ppgveterinaria\/files\/2014\/07\/Lorena-Alvariza-Amaral.pdf\" target=\"_blank\">Avalia\u00e7\u00e3o Cl\u00ednico e Metab\u00f3lica de Equinos Crioulos Atletas<\/a><\/span><\/span><\/p>\n<p><span style=\"color: #464646\"><strong>Orientador:<\/strong> Carlos Eduardo Wayne Nogueira<\/span><\/p>\n<p><span style=\"color: #464646\"><strong>Defesa:<\/strong> 02\/10\/14<\/span><\/p>\n<p>___________________________________________________________________________<\/p>\n<p><span style=\"color: #464646\"><strong>Mariana Teixeira Tillmann<\/strong><\/span><\/p>\n<p style=\"text-align: justify\"><span style=\"color: #464646\"><strong>T\u00edtulo:<\/strong> <span style=\"text-decoration: underline\"><a style=\"color: #464646;text-decoration: underline\" href=\"https:\/\/wp.ufpel.edu.br\/ppgveterinaria\/files\/2014\/07\/Mariana-Teixeira-Tillmann.pdf\" target=\"_blank\">Caracteriza\u00e7\u00e3o citot\u00f3xica e cicatricial dos extratos de Triticum aestivum e Copaifera sp.<\/a><\/span><\/span><\/p>\n<p><span style=\"color: #464646\"><strong>Orientador:<\/strong> M\u00e1rcia de Oliveira Nobre<\/span><\/p>\n<p><span style=\"color: #464646\"><strong>Defesa:<\/strong> 03\/12\/14<\/span><\/p>\n<p>___________________________________________________________________________<\/p>\n<p><span style=\"color: #464646\"><strong>M\u00e1rio de Menezes Coppola<\/strong><\/span><\/p>\n<p style=\"text-align: justify\"><span style=\"color: #464646\"><strong>T\u00edtulo:\u00a0<\/strong><span style=\"text-decoration: underline\"><a style=\"color: #464646;text-decoration: underline\" href=\"https:\/\/wp.ufpel.edu.br\/ppgveterinaria\/files\/2014\/07\/Mario-de-Menezes-Coppola.pdf\" target=\"_blank\">Staphylococcus aureus isolados de mastite em rebanhos leiteiros no Rio Grande do Sul: identifica\u00e7\u00e3o dos grupos agr e enterotoxinas<\/a><\/span><\/span><\/p>\n<p><span style=\"color: #464646\"><strong>Orientador: \u00a0<\/strong>Prof. Thomaz Lucia Jr<\/span><\/p>\n<p><span style=\"color: #464646\"><strong>Defesa: \u00a0<\/strong>04\/04\/14<\/span><\/p>\n<p>___________________________________________________________________________<\/p>\n<p><span style=\"color: #464646\"><strong>S\u00e9rgio Jorge<\/strong><\/span><\/p>\n<p style=\"text-align: justify\"><span style=\"color: #464646\"><strong>T\u00edtulo:<\/strong>\u00a0<span style=\"text-decoration: underline\"><a style=\"color: #464646;text-decoration: underline\" href=\"http:\/\/www2.ufpel.edu.br\/tede\/tde_busca\/arquivo.php?codArquivo=2072\" target=\"_blank\">Avalia\u00e7\u00e3o da resposta imune induzida pelo ant\u00edgeno recombinante P42 de Mycoplasma hyopenumoniae em su\u00ednos a campo<\/a><\/span><\/span><\/p>\n<p><span style=\"color: #464646\"><strong>Orientador: \u00a0<\/strong>Prof.Odir Antonio Dellagostin<\/span><\/p>\n<p><span style=\"color: #464646\"><strong>Defesa: \u00a0<\/strong>26\/02\/14<\/span><\/p>\n<p>___________________________________________________________________________<\/p>\n<p><span style=\"color: #464646\"><strong>Sergio Silva da Silva<\/strong><\/span><\/p>\n<p style=\"text-align: justify\"><span style=\"color: #464646\"> <strong>T\u00edtulo:\u00a0<\/strong><span style=\"text-decoration: underline\"><a style=\"color: #464646;text-decoration: underline\" href=\"https:\/\/wp.ufpel.edu.br\/ppgveterinaria\/files\/2014\/07\/Sergio-Silva-da-Silva.pdf\" target=\"_blank\">Perspectivas atuais e futuras do controle do carrapato Rhipicephalus (Boophilus) microplus e dos agentes por eles transmitidos na bovinocultura<\/a><\/span><\/span><\/p>\n<p><span style=\"color: #464646\"> <strong>Orientador: \u00a0<\/strong>M\u00e1rio Carlos Ara\u00fajo Meireles<\/span><\/p>\n<p><span style=\"color: #464646\"> <strong>Defesa:\u00a0<\/strong>21\/11\/14<\/span><\/p>\n<p>___________________________________________________________________________<\/p>\n<p>&nbsp;<\/p>\n<p>&nbsp;<\/p>\n","protected":false},"excerpt":{"rendered":"<p>\u00a0 Teses 2014 &nbsp; ___________________________________________________________________________ Ana L\u00facia Coelho Recuero T\u00edtulo:\u00a0Brucelose bovina: avalia\u00e7\u00e3o de testes sorol\u00f3gicos ap\u00f3s aplica\u00e7\u00e3o de levamisole Orientador: \u00a0Prof. M\u00e1rio Carlos Ara\u00fajo Meireles Defesa: \u00a025\/02\/14 ___________________________________________________________________________ Anelize de Oliveira Campello Felix T\u00edtulo:\u00a0Avalia\u00e7\u00e3o de balan\u00e7o oxidativo em c\u00e3es com neoplasias mam\u00e1rias e teste do \u00f3leo resina de copa\u00edba como terapia adjuvante em ratos Orientador: [&hellip;]<\/p>\n","protected":false},"author":391,"featured_media":0,"parent":426,"menu_order":50,"comment_status":"closed","ping_status":"closed","template":"","meta":{"footnotes":""},"class_list":["post-457","page","type-page","status-publish","hentry"],"_links":{"self":[{"href":"https:\/\/wp.ufpel.edu.br\/ppgveterinaria\/wp-json\/wp\/v2\/pages\/457","targetHints":{"allow":["GET"]}}],"collection":[{"href":"https:\/\/wp.ufpel.edu.br\/ppgveterinaria\/wp-json\/wp\/v2\/pages"}],"about":[{"href":"https:\/\/wp.ufpel.edu.br\/ppgveterinaria\/wp-json\/wp\/v2\/types\/page"}],"author":[{"embeddable":true,"href":"https:\/\/wp.ufpel.edu.br\/ppgveterinaria\/wp-json\/wp\/v2\/users\/391"}],"replies":[{"embeddable":true,"href":"https:\/\/wp.ufpel.edu.br\/ppgveterinaria\/wp-json\/wp\/v2\/comments?post=457"}],"version-history":[{"count":17,"href":"https:\/\/wp.ufpel.edu.br\/ppgveterinaria\/wp-json\/wp\/v2\/pages\/457\/revisions"}],"predecessor-version":[{"id":2437,"href":"https:\/\/wp.ufpel.edu.br\/ppgveterinaria\/wp-json\/wp\/v2\/pages\/457\/revisions\/2437"}],"up":[{"embeddable":true,"href":"https:\/\/wp.ufpel.edu.br\/ppgveterinaria\/wp-json\/wp\/v2\/pages\/426"}],"wp:attachment":[{"href":"https:\/\/wp.ufpel.edu.br\/ppgveterinaria\/wp-json\/wp\/v2\/media?parent=457"}],"curies":[{"name":"wp","href":"https:\/\/api.w.org\/{rel}","templated":true}]}}