{"id":4559,"date":"2020-01-10T09:38:26","date_gmt":"2020-01-10T12:38:26","guid":{"rendered":"https:\/\/wp.ufpel.edu.br\/ppgveterinaria\/?page_id=4559"},"modified":"2020-07-08T20:15:23","modified_gmt":"2020-07-08T23:15:23","slug":"2020-2","status":"publish","type":"page","link":"https:\/\/wp.ufpel.edu.br\/ppgveterinaria\/editais\/pos-doutorado\/2020-2\/","title":{"rendered":"2020"},"content":{"rendered":"<p>&nbsp;<\/p>\n<ul>\n<li><span style=\"color: #464646\"><a style=\"color: #464646\" href=\"https:\/\/wp.ufpel.edu.br\/ppgveterinaria\/files\/2020\/01\/Edital-PNPD-2020.pdf\" target=\"_blank\" rel=\"noopener noreferrer\">Edital PNPD &#8211; Ingresso em abril de 2020<\/a><\/span><\/li>\n<li><span style=\"color: #464646\"><a style=\"color: #464646\" href=\"https:\/\/wp.ufpel.edu.br\/ppgveterinaria\/files\/2020\/01\/Planilha-Orientadores-Site.xlsx\" target=\"_blank\" rel=\"noopener noreferrer\">Planilha de Avalia\u00e7\u00e3o &#8211; Curr\u00edculo Proponente<\/a><\/span><\/li>\n<li><span style=\"color: #464646\"><a style=\"color: #464646\" href=\"https:\/\/wp.ufpel.edu.br\/ppgveterinaria\/files\/2020\/01\/Planilha-Bolsistas-Site.xlsx\" target=\"_blank\" rel=\"noopener noreferrer\">Planilha de Avalia\u00e7\u00e3o &#8211; Curr\u00edculo Bolsista<\/a><\/span><\/li>\n<li><span style=\"color: #464646\"><a style=\"color: #464646\" href=\"https:\/\/wp.ufpel.edu.br\/ppgveterinaria\/files\/2020\/01\/Pontua\u00e7\u00e3o-Artigos-PNPD-PPGV.pdf\" target=\"_blank\" rel=\"noopener noreferrer\">Classifica\u00e7\u00e3o Peri\u00f3dicos &#8211; PPGV<\/a><\/span><\/li>\n<li><span style=\"color: #464646\"><a style=\"color: #464646\" href=\"https:\/\/wp.ufpel.edu.br\/ppgveterinaria\/pt\/edital-pnpd-2020-inscricoes-homologadas\/\" target=\"_blank\" rel=\"noopener noreferrer\">Inscri\u00e7\u00f5es Homologadas<\/a><\/span><\/li>\n<li><span style=\"color: #464646\"><a style=\"color: #464646\" href=\"https:\/\/wp.ufpel.edu.br\/ppgveterinaria\/pt\/edital-pnpd-2020-resultado\/\" target=\"_blank\" rel=\"noopener noreferrer\">Resultado<\/a><\/span><\/li>\n<\/ul>\n<p>&nbsp;<\/p>\n<ul>\n<li><span style=\"color: #464646\"><a style=\"color: #464646\" href=\"https:\/\/wp.ufpel.edu.br\/ppgveterinaria\/files\/2020\/03\/Edital-PNPD-2020-Odir.pdf\" target=\"_blank\" rel=\"noopener noreferrer\">Edital PNPD &#8211; Ingresso em 2020 (Veterin\u00e1ria Preventiva)<\/a><\/span><\/li>\n<li><span style=\"color: #464646\"><a style=\"color: #464646\" href=\"https:\/\/wp.ufpel.edu.br\/ppgveterinaria\/pt\/resultado-pnpd-veterinaria-preventiva\/\" target=\"_blank\" rel=\"noopener noreferrer\">Resultado<\/a><\/span><\/li>\n<\/ul>\n","protected":false},"excerpt":{"rendered":"<p>&nbsp; Edital PNPD &#8211; Ingresso em abril de 2020 Planilha de Avalia\u00e7\u00e3o &#8211; Curr\u00edculo Proponente Planilha de Avalia\u00e7\u00e3o &#8211; Curr\u00edculo Bolsista Classifica\u00e7\u00e3o Peri\u00f3dicos &#8211; PPGV Inscri\u00e7\u00f5es Homologadas Resultado &nbsp; Edital PNPD &#8211; Ingresso em 2020 (Veterin\u00e1ria Preventiva) Resultado<\/p>\n","protected":false},"author":391,"featured_media":0,"parent":3678,"menu_order":8,"comment_status":"closed","ping_status":"closed","template":"","meta":{"footnotes":""},"class_list":["post-4559","page","type-page","status-publish","hentry"],"_links":{"self":[{"href":"https:\/\/wp.ufpel.edu.br\/ppgveterinaria\/wp-json\/wp\/v2\/pages\/4559","targetHints":{"allow":["GET"]}}],"collection":[{"href":"https:\/\/wp.ufpel.edu.br\/ppgveterinaria\/wp-json\/wp\/v2\/pages"}],"about":[{"href":"https:\/\/wp.ufpel.edu.br\/ppgveterinaria\/wp-json\/wp\/v2\/types\/page"}],"author":[{"embeddable":true,"href":"https:\/\/wp.ufpel.edu.br\/ppgveterinaria\/wp-json\/wp\/v2\/users\/391"}],"replies":[{"embeddable":true,"href":"https:\/\/wp.ufpel.edu.br\/ppgveterinaria\/wp-json\/wp\/v2\/comments?post=4559"}],"version-history":[{"count":6,"href":"https:\/\/wp.ufpel.edu.br\/ppgveterinaria\/wp-json\/wp\/v2\/pages\/4559\/revisions"}],"predecessor-version":[{"id":4859,"href":"https:\/\/wp.ufpel.edu.br\/ppgveterinaria\/wp-json\/wp\/v2\/pages\/4559\/revisions\/4859"}],"up":[{"embeddable":true,"href":"https:\/\/wp.ufpel.edu.br\/ppgveterinaria\/wp-json\/wp\/v2\/pages\/3678"}],"wp:attachment":[{"href":"https:\/\/wp.ufpel.edu.br\/ppgveterinaria\/wp-json\/wp\/v2\/media?parent=4559"}],"curies":[{"name":"wp","href":"https:\/\/api.w.org\/{rel}","templated":true}]}}