{"id":451,"date":"2014-07-15T14:01:42","date_gmt":"2014-07-15T17:01:42","guid":{"rendered":"https:\/\/wp.ufpel.edu.br\/ppgveterinaria\/?page_id=451"},"modified":"2016-04-07T17:31:26","modified_gmt":"2016-04-07T20:31:26","slug":"2013-2","status":"publish","type":"page","link":"https:\/\/wp.ufpel.edu.br\/ppgveterinaria\/dissertacoesteses\/teses\/2013-2\/","title":{"rendered":"2013"},"content":{"rendered":"<p>&nbsp;<\/p>\n<ul>\n<li><span style=\"color: #464646\"><strong>Teses 2013<\/strong><\/span><\/li>\n<\/ul>\n<p>&nbsp;<\/p>\n<p><span style=\"color: #464646\">___________________________________________________________________________<\/span><\/p>\n<p><span style=\"color: #464646\"><strong>Jorgea Pradie\u00e9<\/strong><\/span><\/p>\n<p><span style=\"color: #464646\"><strong>T\u00edtulo:<\/strong>\u00a0<a style=\"color: #464646\" href=\"http:\/\/www2.ufpel.edu.br\/tede\/tde_busca\/arquivo.php?codArquivo=1647\" target=\"_blank\">Antioxidantes na produ\u00e7\u00e3o in vitro de embri\u00f5es e criopreserva\u00e7\u00e3o de s\u00eamen de ovinos<\/a><\/span><\/p>\n<p><span style=\"color: #464646\"><strong>Orientador: \u00a0<\/strong>Prof.Thomaz Lucia Jr<\/span><\/p>\n<p><span style=\"color: #464646\"><strong>Defesa: \u00a0<\/strong>22\/02\/13<\/span><\/p>\n<p><span style=\"color: #464646\">___________________________________________________________________________<\/span><\/p>\n<p><span style=\"color: #464646\"><strong>Maria Cec\u00edlia Florisbal Dam\u00e9<\/strong><\/span><\/p>\n<p><span style=\"color: #464646\"><strong>T\u00edtulo:<\/strong>\u00a0<a style=\"color: #464646\" href=\"http:\/\/www2.ufpel.edu.br\/tede\/tde_busca\/arquivo.php?codArquivo=2070\" target=\"_blank\">Doen\u00e7as heredit\u00e1rias e defeitos cong\u00eanitos em b\u00fafalos (Bubalus bubalis) no Brasil<\/a><\/span><\/p>\n<p><span style=\"color: #464646\"><strong>Orientador: \u00a0<\/strong>M\u00e9dica Veterin\u00e1ria Ana Lucia Pereira Schild<\/span><\/p>\n<p><span style=\"color: #464646\"><strong>Defesa: \u00a0<\/strong>12\/12\/13<\/span><\/p>\n<p><span style=\"color: #464646\">___________________________________________________________________________<\/span><\/p>\n<p><span style=\"color: #464646\"><strong>Mar\u00eda de Lourdes Adrien Delgado<\/strong><\/span><\/p>\n<p><span style=\"color: #464646\"><strong>T\u00edtulo:<\/strong>\u00a0<a style=\"color: #464646\" href=\"http:\/\/www2.ufpel.edu.br\/tede\/tde_busca\/arquivo.php?codArquivo=1654\" target=\"_blank\">Utiliza\u00e7\u00e3o de Baccharis coridifolia na indu\u00e7\u00e3o de avers\u00e3o condicionada para plantas que cont\u00eam swainsonina<\/a><\/span><\/p>\n<p><span style=\"color: #464646\"><strong>Orientador: \u00a0<\/strong>M\u00e9dica Veterin\u00e1riaAna Lucia Pereira Schild<\/span><\/p>\n<p><span style=\"color: #464646\"><strong>Defesa: \u00a0<\/strong>08\/04\/13<\/span><\/p>\n<p><span style=\"color: #464646\">___________________________________________________________________________<\/span><\/p>\n<p><span style=\"color: #464646\"><strong>Nilton Azevedo da Cunha Filho<\/strong><\/span><\/p>\n<p><span style=\"color: #464646\"><strong>T\u00edtulo:<\/strong>\u00a0<a style=\"color: #464646\" href=\"http:\/\/www2.ufpel.edu.br\/tede\/tde_busca\/arquivo.php?codArquivo=2071\" target=\"_blank\">Avalia\u00e7\u00e3o da transmiss\u00e3o vertical e horizontal de Neospora caninum (Long, 1990) em bovinos de cria\u00e7\u00e3o extensiva, cronicamente infectados no Brasil<\/a><\/span><\/p>\n<p><span style=\"color: #464646\"><strong>Orientador: \u00a0<\/strong>Prof\u00aa. Nara Am\u00e9lia da Rosa Farias<\/span><\/p>\n<p><span style=\"color: #464646\"><strong>Defesa: \u00a0<\/strong>08\/07\/13<\/span><\/p>\n<p><span style=\"color: #464646\">___________________________________________________________________________<\/span><\/p>\n<p><span style=\"color: #464646\"><strong>Samuel Rodrigues Felix<\/strong><\/span><\/p>\n<p><span style=\"color: #464646\"><strong>T\u00edtulo:<\/strong>\u00a0<a style=\"color: #464646\" href=\"http:\/\/www2.ufpel.edu.br\/tede\/tde_busca\/arquivo.php?codArquivo=1656\" target=\"_blank\">Leptospirose Animal: Estudos para o Desenvolvimento de Vacinas Recombinantes<\/a><\/span><\/p>\n<p><span style=\"color: #464646\"><strong>Orientador: \u00a0<\/strong>Prof. Odir Antonio Dellagostin<\/span><\/p>\n<p><span style=\"color: #464646\"><strong>Defesa: \u00a0<\/strong>01\/02\/13<\/span><\/p>\n<p><span style=\"color: #464646\">___________________________________________________________________________<\/span><\/p>\n<p>&nbsp;<\/p>\n","protected":false},"excerpt":{"rendered":"<p>&nbsp; Teses 2013 &nbsp; ___________________________________________________________________________ Jorgea Pradie\u00e9 T\u00edtulo:\u00a0Antioxidantes na produ\u00e7\u00e3o in vitro de embri\u00f5es e criopreserva\u00e7\u00e3o de s\u00eamen de ovinos Orientador: \u00a0Prof.Thomaz Lucia Jr Defesa: \u00a022\/02\/13 ___________________________________________________________________________ Maria Cec\u00edlia Florisbal Dam\u00e9 T\u00edtulo:\u00a0Doen\u00e7as heredit\u00e1rias e defeitos cong\u00eanitos em b\u00fafalos (Bubalus bubalis) no Brasil Orientador: \u00a0M\u00e9dica Veterin\u00e1ria Ana Lucia Pereira Schild Defesa: \u00a012\/12\/13 ___________________________________________________________________________ Mar\u00eda de Lourdes [&hellip;]<\/p>\n","protected":false},"author":391,"featured_media":0,"parent":426,"menu_order":51,"comment_status":"closed","ping_status":"closed","template":"","meta":{"footnotes":""},"class_list":["post-451","page","type-page","status-publish","hentry"],"_links":{"self":[{"href":"https:\/\/wp.ufpel.edu.br\/ppgveterinaria\/wp-json\/wp\/v2\/pages\/451","targetHints":{"allow":["GET"]}}],"collection":[{"href":"https:\/\/wp.ufpel.edu.br\/ppgveterinaria\/wp-json\/wp\/v2\/pages"}],"about":[{"href":"https:\/\/wp.ufpel.edu.br\/ppgveterinaria\/wp-json\/wp\/v2\/types\/page"}],"author":[{"embeddable":true,"href":"https:\/\/wp.ufpel.edu.br\/ppgveterinaria\/wp-json\/wp\/v2\/users\/391"}],"replies":[{"embeddable":true,"href":"https:\/\/wp.ufpel.edu.br\/ppgveterinaria\/wp-json\/wp\/v2\/comments?post=451"}],"version-history":[{"count":12,"href":"https:\/\/wp.ufpel.edu.br\/ppgveterinaria\/wp-json\/wp\/v2\/pages\/451\/revisions"}],"predecessor-version":[{"id":2438,"href":"https:\/\/wp.ufpel.edu.br\/ppgveterinaria\/wp-json\/wp\/v2\/pages\/451\/revisions\/2438"}],"up":[{"embeddable":true,"href":"https:\/\/wp.ufpel.edu.br\/ppgveterinaria\/wp-json\/wp\/v2\/pages\/426"}],"wp:attachment":[{"href":"https:\/\/wp.ufpel.edu.br\/ppgveterinaria\/wp-json\/wp\/v2\/media?parent=451"}],"curies":[{"name":"wp","href":"https:\/\/api.w.org\/{rel}","templated":true}]}}