{"id":444,"date":"2014-07-15T13:47:54","date_gmt":"2014-07-15T16:47:54","guid":{"rendered":"https:\/\/wp.ufpel.edu.br\/ppgveterinaria\/?page_id=444"},"modified":"2016-04-07T17:32:19","modified_gmt":"2016-04-07T20:32:19","slug":"2012-2","status":"publish","type":"page","link":"https:\/\/wp.ufpel.edu.br\/ppgveterinaria\/dissertacoesteses\/teses\/2012-2\/","title":{"rendered":"2012"},"content":{"rendered":"<div class=\"discertacoes\" style=\"color: #006600\">\n<p>&nbsp;<\/p>\n<ul>\n<li><span style=\"color: #464646\"><strong>Teses 2012<\/strong><\/span><\/li>\n<\/ul>\n<p>&nbsp;<\/p>\n<p><span style=\"color: #464646\">___________________________________________________________________________<\/span><\/p>\n<p class=\"titulo_discertacoes\" style=\"font-weight: inherit;font-style: inherit;color: #395d24\"><span style=\"color: #464646\"><strong>Ana Paula Neuschrank Albano<\/strong><\/span><\/p>\n<div class=\"discertacoes\" style=\"color: #006600\">\n<p class=\"titulo_discertacoes\" style=\"font-weight: inherit;font-style: inherit\"><span style=\"color: #464646\"><strong>T\u00edtulo:<\/strong>\u00a0<a style=\"color: #464646\" href=\"http:\/\/www2.ufpel.edu.br\/tede\/tde_busca\/arquivo.php?codArquivo=1646\" target=\"_blank\">Paracoccidioides brasiliensis: utiliza\u00e7\u00e3o de animais como sentinelas para presen\u00e7a do fungo no Rio Grande do Sul, Brasil<\/a><\/span><\/p>\n<p class=\"dicente_texto\" style=\"font-weight: inherit;font-style: inherit;color: #006600\"><span style=\"color: #464646\"><strong>Orientador:<\/strong>\u00a0Prof. M\u00e1rio Carlos Ara\u00fajo Meireles<\/span><\/p>\n<p class=\"dicente_texto\" style=\"font-weight: inherit;font-style: inherit;color: #006600\"><span style=\"color: #464646\"><strong>Defesa: <\/strong>12\/12\/12<\/span><\/p>\n<p class=\"dicente_texto\" style=\"font-weight: inherit;font-style: inherit;color: #006600\"><span style=\"color: #464646\">___________________________________________________________________________<\/span><\/p>\n<p class=\"dicente_texto\" style=\"font-weight: inherit;font-style: inherit;color: #006600\"><span style=\"color: #464646\"><strong>Elizabeth Schwegler<\/strong><\/span><\/p>\n<\/div>\n<div class=\"discertacoes\" style=\"color: #006600\">\n<p class=\"titulo_discertacoes\" style=\"font-weight: inherit;font-style: inherit\"><span style=\"color: #464646\"><strong>T\u00edtulo:<\/strong>\u00a0<a style=\"color: #464646\" href=\"http:\/\/www2.ufpel.edu.br\/tede\/tde_busca\/arquivo.php?codArquivo=1304\" target=\"_blank\">Par\u00e2metros metab\u00f3licos e sua rela\u00e7\u00e3o com mastite e resist\u00eancia \u00e0 insulina em vacas leiteiras<\/a><\/span><\/p>\n<p class=\"dicente_texto\" style=\"font-weight: inherit;font-style: inherit;color: #006600\"><span style=\"color: #464646\"><strong>Orientador:<\/strong> Prof. Marcio Nunes Corr\u00eaa<\/span><\/p>\n<div class=\"discertacoes\">\n<p class=\"dicente_texto\" style=\"font-weight: inherit;font-style: inherit\"><span style=\"color: #464646\"><strong>Defesa: <\/strong>15\/08\/12<\/span><\/p>\n<p class=\"dicente_texto\" style=\"font-weight: inherit;font-style: inherit\"><span style=\"color: #464646\">___________________________________________________________________________<\/span><\/p>\n<p class=\"dicente_texto\" style=\"font-weight: inherit;font-style: inherit\"><span style=\"color: #464646\"><strong>Fernando S\u00e9rgio Castilhos Karam<\/strong><\/span><\/p>\n<\/div>\n<\/div>\n<div class=\"discertacoes\" style=\"color: #006600\">\n<p class=\"titulo_discertacoes\" style=\"font-weight: inherit;font-style: inherit\"><span style=\"color: #464646\"><strong>T\u00edtulo:<\/strong>\u00a0<a style=\"color: #464646\" href=\"http:\/\/www2.ufpel.edu.br\/tede\/tde_busca\/arquivo.php?codArquivo=1290\" target=\"_blank\">Controle de Senecio spp. com pastoreio ovino de acordo com a infesta\u00e7\u00e3o e fenologia da planta e a influ\u00eancia da cobertura vegetal<\/a><\/span><\/p>\n<p class=\"dicente_texto\" style=\"font-weight: inherit;font-style: inherit;color: #006600\"><span style=\"color: #464646\"><strong>Orientador:<\/strong>\u00a0M\u00e9dica Veterin\u00e1ria Ana L\u00facia Pereira Schild<\/span><\/p>\n<p class=\"dicente_texto\" style=\"font-weight: inherit;font-style: inherit;color: #006600\"><span style=\"color: #464646\"><strong>Defesa:<\/strong> 11\/06\/12<\/span><\/p>\n<p class=\"dicente_texto\" style=\"font-weight: inherit;font-style: inherit;color: #006600\"><span style=\"color: #464646\">___________________________________________________________________________<\/span><\/p>\n<p class=\"dicente_texto\" style=\"font-weight: inherit;font-style: inherit;color: #006600\"><span style=\"color: #464646\"><strong>Isabel Cristina Pereira<\/strong><\/span><\/p>\n<\/div>\n<div class=\"discertacoes\" style=\"color: #006600\">\n<p class=\"titulo_discertacoes\" style=\"font-weight: inherit;font-style: inherit\"><span style=\"color: #464646\"><strong>T\u00edtulo:<\/strong>\u00a0<a style=\"color: #464646\" href=\"http:\/\/www2.ufpel.edu.br\/tede\/tde_busca\/arquivo.php?codArquivo=1291\" target=\"_blank\">Neoplasmas mam\u00e1rios e n\u00edveis de c\u00e1lcio e magn\u00e9sio em f\u00eameas caninas<\/a><\/span><\/p>\n<p class=\"dicente_texto\" style=\"font-weight: inherit;font-style: inherit;color: #006600\"><span style=\"color: #464646\"><strong>Orientador:<\/strong> Prof\u00aa. M\u00e1rcia de Oliveira Nobre<\/span><\/p>\n<p class=\"dicente_texto\" style=\"font-weight: inherit;font-style: inherit;color: #006600\"><span style=\"color: #464646\"><strong>Defesa: <\/strong>27\/06\/12<\/span><\/p>\n<p class=\"dicente_texto\" style=\"font-weight: inherit;font-style: inherit;color: #006600\"><span style=\"color: #464646\"><strong style=\"color: #464646;font-style: inherit;line-height: 1.5\">____________________________________________________________________<\/strong><\/span><\/p>\n<p class=\"dicente_texto\" style=\"font-weight: inherit;font-style: inherit;color: #006600\"><span style=\"color: #464646\"><strong style=\"color: #464646;font-style: inherit;line-height: 1.5\">Leandro do Monte Ribas<\/strong><\/span><\/p>\n<\/div>\n<div class=\"discertacoes\" style=\"color: #006600\">\n<p class=\"titulo_discertacoes\" style=\"font-weight: inherit;font-style: inherit\"><span style=\"color: #464646\"><strong>T\u00edtulo:<\/strong> Uso do &#8220;Cell ELISA&#8221; como ferramenta auxiliar no controle da Adenite Equina<\/span><\/p>\n<p class=\"dicente_texto\" style=\"font-weight: inherit;font-style: inherit;color: #006600\"><span style=\"color: #464646\"><strong>Orientador:<\/strong> Prof. F\u00e1bio Pereira Leivas Leite<\/span><\/p>\n<p class=\"dicente_texto\" style=\"font-weight: inherit;font-style: inherit;color: #006600\"><span style=\"color: #464646\"><strong>Defesa:<\/strong> 02\/07\/12<\/span><\/p>\n<p class=\"dicente_texto\" style=\"font-weight: inherit;font-style: inherit;color: #006600\"><span style=\"color: #464646\">___________________________________________________________________________<\/span><\/p>\n<p class=\"dicente_texto\" style=\"font-weight: inherit;font-style: inherit;color: #006600\"><span style=\"color: #464646\"><strong>Regina Celis Pereira Reiniger<\/strong><\/span><\/p>\n<\/div>\n<p class=\"titulo_discertacoes\" style=\"font-weight: inherit;font-style: inherit;color: #395d24\"><span style=\"color: #464646\"><strong>T\u00edtulo:<\/strong>\u00a0<a style=\"color: #464646\" href=\"http:\/\/www2.ufpel.edu.br\/tede\/tde_busca\/arquivo.php?codArquivo=1655\" target=\"_blank\">Avalia\u00e7\u00e3o da transmiss\u00e3o da imunidade passiva e efeitos fisiopatol\u00f3gicos frente a infec\u00e7\u00e3o experimental prim\u00e1ria e desafio de cordeiros com Haemonchus placei e H. contortus<\/a><\/span><\/p>\n<p class=\"dicente_texto\" style=\"font-weight: inherit;font-style: inherit;color: #006600\"><span style=\"color: #464646\"><strong>Orientador:<\/strong> Prof\u00aa. Maria Elisabeth Aires Berne<\/span><\/p>\n<p class=\"dicente_texto\" style=\"font-weight: inherit;font-style: inherit;color: #006600\"><span style=\"color: #464646\"><strong>Defesa: <\/strong>21\/12\/12<\/span><\/p>\n<p class=\"dicente_texto\" style=\"font-weight: inherit;font-style: inherit;color: #006600\"><span style=\"color: #464646\">___________________________________________________________________________<\/span><\/p>\n<p class=\"dicente_texto\" style=\"font-weight: inherit;font-style: inherit;color: #006600\"><span style=\"color: #464646\"><strong>Rubens Alves Pereira<\/strong><\/span><\/p>\n<div class=\"discertacoes\">\n<p class=\"titulo_discertacoes\" style=\"font-weight: inherit;font-style: inherit;color: #395d24\"><span style=\"color: #464646\"><strong>T\u00edtulo:<\/strong> Inova\u00e7\u00e3o Tecnol\u00f3gica em F\u00e1rmacos: desenvolvimento de um sistema polim\u00e9rico biodegrad\u00e1vel para preven\u00e7\u00e3o de hipocalcemia em ruminantes<\/span><\/p>\n<p class=\"dicente_texto\" style=\"font-weight: inherit;font-style: inherit\"><span style=\"color: #464646\"><strong>Orientador:<\/strong> Prof. Marcio Nunes Corr\u00eaa<\/span><\/p>\n<p class=\"dicente_texto\" style=\"font-weight: inherit;font-style: inherit\"><span style=\"color: #464646\"><strong>Defesa:<\/strong> 27\/08\/12<\/span><\/p>\n<p class=\"dicente_texto\" style=\"font-weight: inherit;font-style: inherit\"><span style=\"color: #464646\">___________________________________________________________________________<\/span><\/p>\n<p><span style=\"color: #464646\"><strong>Viviane Rohrig Rabassa<\/strong><\/span><\/p>\n<\/div>\n<\/div>\n<div class=\"discertacoes\" style=\"color: #006600\">\n<p class=\"titulo_discertacoes\" style=\"font-weight: inherit;font-style: inherit;color: #395d24\"><span style=\"color: #464646\"><strong>T\u00edtulo:<\/strong>\u00a0<a style=\"color: #464646\" href=\"http:\/\/www2.ufpel.edu.br\/tede\/tde_busca\/arquivo.php?codArquivo=1286\" target=\"_blank\">Efeito da Somatotrofina Su\u00edna (pST) sobre o desenvolvimento testicular, idade \u00e0 puberdade e qualidade esperm\u00e1tica de machos su\u00ednos<\/a><\/span><\/p>\n<p class=\"dicente_texto\" style=\"font-weight: inherit;font-style: inherit;color: #006600\"><span style=\"color: #464646\"><strong>Orientador:<\/strong> Prof. Marcio Nunes Corr\u00eaa<\/span><\/p>\n<p class=\"dicente_texto\" style=\"font-weight: inherit;font-style: inherit;color: #006600\"><span style=\"color: #464646\"><strong>Defesa: <\/strong>28\/02\/12<\/span><\/p>\n<p class=\"dicente_texto\" style=\"font-weight: inherit;font-style: inherit;color: #006600\"><span style=\"color: #464646\">___________________________________________________________________________<\/span><\/p>\n<\/div>\n","protected":false},"excerpt":{"rendered":"<p>&nbsp; Teses 2012 &nbsp; ___________________________________________________________________________ Ana Paula Neuschrank Albano T\u00edtulo:\u00a0Paracoccidioides brasiliensis: utiliza\u00e7\u00e3o de animais como sentinelas para presen\u00e7a do fungo no Rio Grande do Sul, Brasil Orientador:\u00a0Prof. M\u00e1rio Carlos Ara\u00fajo Meireles Defesa: 12\/12\/12 ___________________________________________________________________________ Elizabeth Schwegler T\u00edtulo:\u00a0Par\u00e2metros metab\u00f3licos e sua rela\u00e7\u00e3o com mastite e resist\u00eancia \u00e0 insulina em vacas leiteiras Orientador: Prof. Marcio Nunes Corr\u00eaa [&hellip;]<\/p>\n","protected":false},"author":391,"featured_media":0,"parent":426,"menu_order":52,"comment_status":"closed","ping_status":"closed","template":"","meta":{"footnotes":""},"class_list":["post-444","page","type-page","status-publish","hentry"],"_links":{"self":[{"href":"https:\/\/wp.ufpel.edu.br\/ppgveterinaria\/wp-json\/wp\/v2\/pages\/444","targetHints":{"allow":["GET"]}}],"collection":[{"href":"https:\/\/wp.ufpel.edu.br\/ppgveterinaria\/wp-json\/wp\/v2\/pages"}],"about":[{"href":"https:\/\/wp.ufpel.edu.br\/ppgveterinaria\/wp-json\/wp\/v2\/types\/page"}],"author":[{"embeddable":true,"href":"https:\/\/wp.ufpel.edu.br\/ppgveterinaria\/wp-json\/wp\/v2\/users\/391"}],"replies":[{"embeddable":true,"href":"https:\/\/wp.ufpel.edu.br\/ppgveterinaria\/wp-json\/wp\/v2\/comments?post=444"}],"version-history":[{"count":14,"href":"https:\/\/wp.ufpel.edu.br\/ppgveterinaria\/wp-json\/wp\/v2\/pages\/444\/revisions"}],"predecessor-version":[{"id":2439,"href":"https:\/\/wp.ufpel.edu.br\/ppgveterinaria\/wp-json\/wp\/v2\/pages\/444\/revisions\/2439"}],"up":[{"embeddable":true,"href":"https:\/\/wp.ufpel.edu.br\/ppgveterinaria\/wp-json\/wp\/v2\/pages\/426"}],"wp:attachment":[{"href":"https:\/\/wp.ufpel.edu.br\/ppgveterinaria\/wp-json\/wp\/v2\/media?parent=444"}],"curies":[{"name":"wp","href":"https:\/\/api.w.org\/{rel}","templated":true}]}}