{"id":4429,"date":"2019-11-18T16:43:13","date_gmt":"2019-11-18T19:43:13","guid":{"rendered":"https:\/\/wp.ufpel.edu.br\/ppgveterinaria\/?page_id=4429"},"modified":"2025-06-12T16:03:32","modified_gmt":"2025-06-12T19:03:32","slug":"fomento","status":"publish","type":"page","link":"https:\/\/wp.ufpel.edu.br\/ppgveterinaria\/fomento\/","title":{"rendered":"Fomento"},"content":{"rendered":"<p>&nbsp;<\/p>\n<p><span style=\"color: #464646; font-family: georgia, palatino, serif; font-size: 12pt;\"><strong>Editais Aprovados<\/strong><\/span><\/p>\n<p>&nbsp;<\/p>\n<ul>\n<li><span style=\"color: #464646; font-size: 12pt; font-family: georgia, palatino, serif;\"><b>2024<\/b><\/span><\/li>\n<\/ul>\n<p>&nbsp;<\/p>\n<p><span style=\"color: #464646; font-family: georgia, palatino, serif; font-size: 12pt;\">* Prof. Dr. Augusto Schneider<\/span><\/p>\n<ul>\n<li><span style=\"color: #464646; font-size: 12pt; font-family: georgia, palatino, serif;\">Edital Fapergs &#8211; PqG<\/span><\/li>\n<li><span style=\"color: #464646; font-size: 12pt; font-family: georgia, palatino, serif;\">Edital CNPq &#8211; Apoio a Projetos Internacionais<\/span><\/li>\n<\/ul>\n<p>&nbsp;<\/p>\n<p><span style=\"color: #464646; font-family: georgia, palatino, serif; font-size: 12pt;\">* Prof. Dr. F\u00e1bio Raphael Pascoti Bruhn<\/span><\/p>\n<ul>\n<li><span style=\"font-family: georgia, palatino, serif; font-size: 12pt; color: #464646;\">Chamada 16\/2024 &#8211; MCTI\/CNPq<\/span><\/li>\n<li><span style=\"font-family: georgia, palatino, serif; font-size: 12pt; color: #464646;\">Chamada 31\/2024 &#8211; CNPq\/DECIT\/MS<\/span><\/li>\n<\/ul>\n<p>&nbsp;<\/p>\n<p><span style=\"color: #464646; font-size: 12pt; font-family: georgia, palatino, serif;\">* Prof. Dr. Odir Ant\u00f4nio Dellagostin<\/span><\/p>\n<ul>\n<li><span style=\"color: #464646; font-size: 12pt; font-family: georgia, palatino, serif;\">Chamada CNPq 46\/2024 &#8211; INCT<\/span><\/li>\n<\/ul>\n<p>&nbsp;<\/p>\n<p><span style=\"color: #464646; font-family: georgia, palatino, serif; font-size: 12pt;\">* Prof\u00aa. Dra. Raqueli Teresinha Fran\u00e7a<\/span><\/p>\n<ul>\n<li><span style=\"font-family: georgia, palatino, serif; font-size: 12pt; color: #464646;\">Chamada 08\/2024 &#8211; MCTI\/CNPq<\/span><\/li>\n<\/ul>\n<p>&nbsp;<\/p>\n<p><span style=\"color: #464646; font-family: georgia, palatino, serif; font-size: 12pt;\">* Prof. Dr. Rodrigo Casquero Cunha<\/span><\/p>\n<ul>\n<li><span style=\"font-family: georgia, palatino, serif; font-size: 12pt; color: #464646;\">Chamada 16\/2024 &#8211; MCTI\/CNPq<\/span><\/li>\n<\/ul>\n<p>&nbsp;<\/p>\n<p>&nbsp;<\/p>\n<ul>\n<li><span style=\"color: #464646; font-size: 12pt; font-family: georgia, palatino, serif;\"><b>2023<\/b><\/span><\/li>\n<\/ul>\n<p>&nbsp;<\/p>\n<p><span style=\"color: #464646; font-family: georgia, palatino, serif; font-size: 12pt;\">* Prof. Dr. Augusto Schneider<\/span><\/p>\n<ul>\n<li><span style=\"font-family: georgia, palatino, serif; font-size: 12pt; color: #464646;\">Edital CNPq\/Minist\u00e9rio da Sa\u00fade<\/span><\/li>\n<li><span style=\"font-family: georgia, palatino, serif; font-size: 12pt; color: #464646;\">Edital &#8211; Global Consortium for Repductive Longevity and Equality<\/span><\/li>\n<\/ul>\n<p>&nbsp;<\/p>\n<p><span style=\"color: #464646; font-family: georgia, palatino, serif; font-size: 12pt;\">* Prof. Dr. F\u00e1bio Raphael Pascoti Bruhn<\/span><\/p>\n<ul>\n<li><span style=\"font-family: georgia, palatino, serif; font-size: 12pt; color: #464646;\">Chamada 18\/2023 &#8211; CNPq\/DECIT\/SECTICS\/MS<\/span><\/li>\n<li><span style=\"font-family: georgia, palatino, serif; font-size: 12pt; color: #464646;\">Chamada 21\/2023 &#8211; CNPq<\/span><\/li>\n<\/ul>\n<p>&nbsp;<\/p>\n<div><span style=\"color: #464646; font-family: georgia, palatino, serif; font-size: 12pt; text-align: justify;\">* Prof. Dr. Odir Ant\u00f4nio Dellagostin<\/span><\/div>\n<div>\n<ul>\n<li><span style=\"color: #464646; font-size: 12pt; font-family: georgia, palatino, serif;\">Edital CNPq 10\/2023 &#8211; Universal<\/span><\/li>\n<\/ul>\n<p>&nbsp;<\/p>\n<\/div>\n<p><span style=\"color: #464646; font-size: 12pt; font-family: georgia, palatino, serif;\">* Prof\u00aa. Dra. Renata Os\u00f3rio de Faria<\/span><\/p>\n<ul>\n<li><span style=\"color: #464646; font-size: 12pt; font-family: georgia, palatino, serif;\">Edital CNPq 10\/2023 &#8211; Universal<\/span><\/li>\n<\/ul>\n<p>&nbsp;<\/p>\n<p>&nbsp;<\/p>\n<ul>\n<li><span style=\"color: #464646; font-size: 12pt; font-family: georgia, palatino, serif;\"><b>2022<\/b><\/span><\/li>\n<\/ul>\n<p>&nbsp;<\/p>\n<p><span style=\"color: #464646; font-family: georgia, palatino, serif; font-size: 12pt;\">* Prof. Dr. Augusto Schneider<\/span><\/p>\n<ul>\n<li><span style=\"font-family: georgia, palatino, serif; font-size: 12pt; color: #464646;\">Edital CNPq &#8211; Doutorado Sandu\u00edche no Exterior<\/span><\/li>\n<\/ul>\n<p>&nbsp;<\/p>\n<p><span style=\"color: #464646; font-family: georgia, palatino, serif; font-size: 12pt;\">* Prof\u00aa. Dra. Carine Dahl Corcini<\/span><\/p>\n<ul>\n<li><span style=\"font-family: georgia, palatino, serif; font-size: 12pt; color: #464646;\">Edital 15\/2022 &#8211; PDPG Capes<\/span><\/li>\n<\/ul>\n<p>&nbsp;<\/p>\n<p><span style=\"color: #464646; font-family: georgia, palatino, serif; font-size: 12pt;\">* Prof\u00aa. Dra. Raqueli Teresinha Fran\u00e7a<\/span><\/p>\n<ul>\n<li><span style=\"font-family: georgia, palatino, serif; font-size: 12pt; color: #464646;\">Edital 15\/2022 &#8211; PDPG Capes<\/span><\/li>\n<\/ul>\n<p>&nbsp;<\/p>\n<p><span style=\"color: #464646; font-family: georgia, palatino, serif; font-size: 12pt;\">* Prof. Dr. Tony Leandro Rezende da Silveira<\/span><\/p>\n<ul>\n<li><span style=\"font-family: georgia, palatino, serif; font-size: 12pt; color: #464646;\">Edital 14\/2022 &#8211; ARD\/ARC Fapergs<\/span><\/li>\n<\/ul>\n<p>&nbsp;<\/p>\n<p>&nbsp;<\/p>\n<ul>\n<li><span style=\"color: #464646; font-size: 12pt; font-family: georgia, palatino, serif;\"><b>2021<\/b><\/span><\/li>\n<\/ul>\n<p>&nbsp;<\/p>\n<p><span style=\"color: #464646; font-size: 12pt; font-family: georgia, palatino, serif;\">* Prof. Dr. Antonio Sergio Varela Junior<\/span><\/p>\n<ul>\n<li><span style=\"color: #464646; font-size: 12pt; font-family: georgia, palatino, serif;\">Edital 07\/2021 &#8211; PqG<\/span><\/li>\n<\/ul>\n<p>&nbsp;<\/p>\n<p><span style=\"color: #464646; font-size: 12pt; font-family: georgia, palatino, serif;\">* Prof. Dr. Bernardo Garziera Gasperin<\/span><\/p>\n<ul>\n<li><span style=\"color: #464646; font-size: 12pt; font-family: georgia, palatino, serif;\">Edital 07\/2021 &#8211; PqG<\/span><\/li>\n<\/ul>\n<p>&nbsp;<\/p>\n<p><span style=\"color: #464646; font-family: georgia, palatino, serif; font-size: 12pt;\">* Prof\u00aa. Dra. Carine Dahl Corcini<\/span><\/p>\n<ul>\n<li><span style=\"color: #464646; font-family: georgia, palatino, serif; font-size: 12pt;\">Edital 01\/2021 &#8211; Manuten\u00e7\u00e3o de Equipamentos e Aquisi\u00e7\u00e3o de Insumos para Laborat\u00f3rio<\/span><\/li>\n<li><span style=\"color: #464646; font-family: georgia, palatino, serif; font-size: 12pt;\">Edital 07\/2021 &#8211; PqG<\/span><\/li>\n<\/ul>\n<p>&nbsp;<\/p>\n<p><span style=\"color: #464646; font-size: 12pt; font-family: georgia, palatino, serif;\">* Prof. Dr. F\u00e1bio Pereira Leivas Leite<\/span><\/p>\n<ul>\n<li><span style=\"color: #464646; font-family: georgia, palatino, serif; font-size: 12pt;\">Edital 07\/2021 &#8211; PqG<\/span><\/li>\n<\/ul>\n<p>&nbsp;<\/p>\n<p><span style=\"color: #464646; font-size: 12pt; font-family: georgia, palatino, serif;\">* Prof. Dr. Fabricio Rochedo Concei\u00e7\u00e3o<\/span><\/p>\n<ul>\n<li><span style=\"color: #464646; font-family: georgia, palatino, serif; font-size: 12pt;\">Edital 07\/2021 &#8211; PqG<\/span><\/li>\n<\/ul>\n<p>&nbsp;<\/p>\n<p><span style=\"color: #464646; font-size: 12pt; font-family: georgia, palatino, serif;\">* Prof. Dr. Marcio Nunes Corr\u00eaa<\/span><\/p>\n<ul>\n<li><span style=\"color: #464646; font-family: georgia, palatino, serif; font-size: 12pt;\">Edital 01\/2021 &#8211; Manuten\u00e7\u00e3o de Equipamentos e Aquisi\u00e7\u00e3o de Insumos para Laborat\u00f3rio<\/span><\/li>\n<\/ul>\n<p>&nbsp;<\/p>\n<p><span style=\"color: #464646; font-size: 12pt; font-family: georgia, palatino, serif;\">* Prof. Dr. Rafael Gianella Mondadori<\/span><\/p>\n<ul>\n<li><span style=\"color: #464646; font-family: georgia, palatino, serif; font-size: 12pt;\">Edital 01\/2021 &#8211; Manuten\u00e7\u00e3o de Equipamentos e Aquisi\u00e7\u00e3o de Insumos para Laborat\u00f3rio<\/span><\/li>\n<\/ul>\n<p>&nbsp;<\/p>\n<p><span style=\"color: #464646; font-family: georgia, palatino, serif; font-size: 12pt;\">* Prof\u00aa. Dra. Raqueli Teresinha Fran\u00e7a<\/span><\/p>\n<ul>\n<li><span style=\"font-family: georgia, palatino, serif; font-size: 12pt; color: #464646;\">Edital 09\/2021 &#8211; AOE Fapergs<\/span><\/li>\n<\/ul>\n<p>&nbsp;<\/p>\n<p><span style=\"color: #464646; font-size: 12pt; font-family: georgia, palatino, serif;\">* Prof. Dr. Rodrigo Casquero Cunha<\/span><\/p>\n<ul>\n<li><span style=\"color: #464646; font-size: 12pt; font-family: georgia, palatino, serif;\">Edital 07\/2021 &#8211; PqG<\/span><\/li>\n<li><span style=\"font-family: georgia, palatino, serif; font-size: 12pt; color: #464646;\">Edital 18\/2021 &#8211; Grupos Emergentes &#8211; CNPq<\/span><\/li>\n<\/ul>\n<p>&nbsp;<\/p>\n<p><span style=\"color: #464646; font-family: georgia, palatino, serif; font-size: 12pt;\">* Prof. Dr. S\u00e9rgio Jorge<\/span><\/p>\n<ul>\n<li><span style=\"font-family: georgia, palatino, serif; font-size: 12pt; color: #464646;\">Edital 10\/2021 &#8211; ARD\/ARC Fapergs<\/span><\/li>\n<li><span style=\"font-family: georgia, palatino, serif; font-size: 12pt; color: #464646;\">Edital 18\/2021 &#8211; Grupos Emergentes &#8211; CNPq<\/span><\/li>\n<\/ul>\n<p>&nbsp;<\/p>\n<p><span style=\"color: #464646; font-size: 12pt; font-family: georgia, palatino, serif;\">* Prof. Dr. Thomaz Lucia J\u00fanior <\/span><\/p>\n<ul>\n<li><span style=\"color: #464646; font-size: 12pt; font-family: georgia, palatino, serif;\">Edital 07\/2021 &#8211; PqG<\/span><\/li>\n<\/ul>\n<p>&nbsp;<\/p>\n<p>&nbsp;<\/p>\n<ul>\n<li><span style=\"color: #464646; font-family: georgia, palatino, serif; font-size: 12pt;\"><strong>2020<\/strong><\/span><\/li>\n<\/ul>\n<p>&nbsp;<\/p>\n<p><span style=\"color: #464646; font-family: georgia, palatino, serif; font-size: 12pt;\">* Prof\u00aa. Dra. Bruna da Rosa Curcio<\/span><\/p>\n<ul>\n<li><span style=\"color: #464646; font-family: georgia, palatino, serif; font-size: 12pt;\">Edital 02\/2020 &#8211;\u00a0Manuten\u00e7\u00e3o de Equipamentos e Aquisi\u00e7\u00e3o de Insumos para Laborat\u00f3rio<\/span><\/li>\n<\/ul>\n<p>&nbsp;<\/p>\n<p><span style=\"color: #464646; font-family: georgia, palatino, serif; font-size: 12pt;\">* Prof\u00aa. Dra. Carine Dahl Corcini<\/span><\/p>\n<ul>\n<li><span style=\"color: #464646; font-family: georgia, palatino, serif; font-size: 12pt;\">Edital Unificado 01\/2020 &#8211;\u00a0Manuten\u00e7\u00e3o de Equipamentos e Aquisi\u00e7\u00e3o de Insumos para Laborat\u00f3rio<\/span><\/li>\n<li><span style=\"color: #464646; font-family: georgia, palatino, serif; font-size: 12pt;\">Edital 02\/2020 &#8211;\u00a0Manuten\u00e7\u00e3o de Equipamentos e Aquisi\u00e7\u00e3o de Insumos para Laborat\u00f3rio<\/span><\/li>\n<li><span style=\"font-family: georgia, palatino, serif; font-size: 12pt; color: #464646;\">Edital 12\/2020 &#8211; CNPq DAI &#8211; Doutorado Acad\u00eamico para Inova\u00e7\u00e3o<\/span><\/li>\n<\/ul>\n<p>&nbsp;<\/p>\n<p><span style=\"color: #464646; font-size: 12pt; font-family: georgia, palatino, serif;\">* Prof. Dr. F\u00e1bio Pereira Leivas Leite<\/span><\/p>\n<ul>\n<li><span style=\"color: #464646; font-family: georgia, palatino, serif; font-size: 12pt;\">Edital 06\/2020 &#8211; Edital Emergencial FAPERGS &#8211; COVID-19<\/span><\/li>\n<\/ul>\n<p>&nbsp;<\/p>\n<p><span style=\"color: #464646; font-size: 12pt; font-family: georgia, palatino, serif;\">* Prof. Dr. Fabricio Rochedo Concei\u00e7\u00e3o<\/span><\/p>\n<ul>\n<li><span style=\"color: #464646; font-family: georgia, palatino, serif; font-size: 12pt;\">Edital 06\/2020 &#8211; Edital Emergencial FAPERGS &#8211; COVID-19<\/span><\/li>\n<\/ul>\n<p>&nbsp;<\/p>\n<p><span style=\"font-family: georgia, palatino, serif; font-size: 12pt; color: #464646;\">* Prof. Dr. Marcio Nunes Corr\u00eaa<\/span><\/p>\n<ul>\n<li><span style=\"font-family: georgia, palatino, serif; font-size: 12pt; color: #464646;\">Edital 12\/2020 &#8211; CNPq DAI &#8211; Doutorado Acad\u00eamico para Inova\u00e7\u00e3o<\/span><\/li>\n<\/ul>\n<p>&nbsp;<\/p>\n<p><span style=\"color: #464646; font-family: georgia, palatino, serif; font-size: 12pt;\">* Prof\u00aa. Dra. Raqueli Teresinha Fran\u00e7a<\/span><\/p>\n<ul>\n<li><span style=\"font-family: georgia, palatino, serif; font-size: 12pt; color: #464646;\">Edital 02\/2020 &#8211; PASP<\/span><\/li>\n<li><span style=\"font-family: georgia, palatino, serif; font-size: 12pt; color: #464646;\">Edital 10\/2020 &#8211; ARD Fapergs<\/span><\/li>\n<\/ul>\n<p>&nbsp;<\/p>\n<p>&nbsp;<\/p>\n<ul>\n<li><span style=\"color: #464646; font-size: 12pt; font-family: georgia, palatino, serif;\"><b>2019<\/b><\/span><\/li>\n<\/ul>\n<p>&nbsp;<\/p>\n<p><span style=\"color: #464646; font-size: 12pt; font-family: georgia, palatino, serif;\">* Prof. Dr. Geferson Fischer<\/span><\/p>\n<ul>\n<li><span style=\"color: #464646; font-size: 12pt; font-family: georgia, palatino, serif;\">Edital 05\/2019 &#8211; PqG<\/span><\/li>\n<\/ul>\n<p>&nbsp;<\/p>\n<p><span style=\"color: #464646; font-size: 12pt; font-family: georgia, palatino, serif;\">* Prof\u00aa. Dra. M\u00e1rcia de Oliveira Nobre<\/span><\/p>\n<ul>\n<li><span style=\"color: #464646; font-size: 12pt; font-family: georgia, palatino, serif;\">Edital 05\/2019 &#8211; PqG<\/span><\/li>\n<\/ul>\n<p>&nbsp;<\/p>\n<p><span style=\"color: #464646; font-size: 12pt; font-family: georgia, palatino, serif;\">* Prof. Dr. Marcio Nunes Corr\u00eaa<\/span><\/p>\n<ul>\n<li><span style=\"color: #464646; font-size: 12pt; font-family: georgia, palatino, serif;\">Edital 05\/2019 &#8211; PqG<\/span><\/li>\n<\/ul>\n<p>&nbsp;<\/p>\n<p>&nbsp;<\/p>\n<ul>\n<li><span style=\"color: #464646; font-size: 12pt; font-family: georgia, palatino, serif;\"><b>2018<\/b><\/span><\/li>\n<\/ul>\n<p>&nbsp;<\/p>\n<p><span style=\"color: #464646; font-size: 12pt; font-family: georgia, palatino, serif;\">* Prof. Dr. Antonio Sergio Varela Junior<\/span><\/p>\n<ul>\n<li><span style=\"color: #464646; font-size: 12pt; font-family: georgia, palatino, serif;\">Edital CNPq 28\/2018 &#8211; Universal<\/span><\/li>\n<\/ul>\n<p>&nbsp;<\/p>\n<p><span style=\"color: #464646; font-size: 12pt; font-family: georgia, palatino, serif;\">* Prof. Dr. Augusto Schneider<\/span><\/p>\n<ul>\n<li><span style=\"color: #464646; font-size: 12pt; font-family: georgia, palatino, serif;\">Edital Fapergs\/Capes 06\/2018 &#8211; <i>Programa de Internacionaliza\u00e7\u00e3o da P\u00f3s Gradua\u00e7\u00e3o no RS <\/i><\/span><\/li>\n<li><span style=\"color: #464646; font-size: 12pt; font-family: georgia, palatino, serif;\">Edital CNPq 28\/2018 &#8211; Universal<\/span><\/li>\n<\/ul>\n<p>&nbsp;<\/p>\n<p><span style=\"color: #464646; font-size: 12pt; font-family: georgia, palatino, serif;\">* Prof. Dr. Bernardo Garziera Gasperin<\/span><\/p>\n<ul>\n<li><span style=\"color: #464646; font-size: 12pt; font-family: georgia, palatino, serif;\">Edital CNPq 28\/2018 &#8211; Universal<\/span><\/li>\n<\/ul>\n<p>&nbsp;<\/p>\n<p><span style=\"color: #464646; font-size: 12pt; font-family: georgia, palatino, serif;\">* Prof\u00aa. Dra. Carine Dahl Corcini<\/span><\/p>\n<ul>\n<li><span style=\"color: #464646; font-size: 12pt; font-family: georgia, palatino, serif;\">Edital CNPq 28\/2018 &#8211; Universal<\/span><\/li>\n<li><span style=\"font-family: georgia, palatino, serif; font-size: 12pt; color: #464646;\">Edital Finep 03\/2018 &#8211; CT-Infra<\/span><\/li>\n<\/ul>\n<p>&nbsp;<\/p>\n<p><span style=\"color: #464646; font-size: 12pt; font-family: georgia, palatino, serif;\">* Prof. Dr. Fabio Raphael Pascoti Bruhn<\/span><\/p>\n<ul>\n<li><span style=\"color: #464646; font-size: 12pt; font-family: georgia, palatino, serif;\">Edital CNPq 28\/2018 &#8211; Universal<\/span><\/li>\n<\/ul>\n<p>&nbsp;<\/p>\n<p align=\"left\"><span style=\"color: #464646; font-size: 12pt; font-family: georgia, palatino, serif;\">* Prof\u00aa. Dra. M\u00e1rcia de Oliveira Nobre<\/span><\/p>\n<ul>\n<li><span style=\"color: #464646; font-size: 12pt; font-family: georgia, palatino, serif;\">Edital 23\/2018 &#8211; CNPq DAI &#8211; Doutorado Acad\u00eamico para Inova\u00e7\u00e3o<\/span><\/li>\n<\/ul>\n<p>&nbsp;<\/p>\n<p><span style=\"color: #464646; font-size: 12pt; font-family: georgia, palatino, serif;\">* Prof. Dr. Marcio Nunes Corr\u00eaa<\/span><\/p>\n<ul>\n<li><span style=\"color: #464646; font-size: 12pt; font-family: georgia, palatino, serif;\">Edital 23\/2018 &#8211; CNPq DAI &#8211; Doutorado Acad\u00eamico para Inova\u00e7\u00e3o<\/span><\/li>\n<\/ul>\n<p>&nbsp;<\/p>\n<p>&nbsp;<\/p>\n<ul>\n<li><span style=\"color: #464646; font-size: 12pt; font-family: georgia, palatino, serif;\"><b>2017<\/b><\/span><\/li>\n<\/ul>\n<p>&nbsp;<\/p>\n<p><span style=\"color: #464646; font-size: 12pt; font-family: georgia, palatino, serif;\">* Prof. Dr. Antonio Sergio Varela Junior<\/span><\/p>\n<ul>\n<li><span style=\"color: #464646; font-size: 12pt; font-family: georgia, palatino, serif;\">Edital 02\/2017 &#8211; PqG<\/span><\/li>\n<\/ul>\n<p>&nbsp;<\/p>\n<p><span style=\"color: #464646; font-size: 12pt; font-family: georgia, palatino, serif;\">* Prof. Dr. Augusto Schneider<\/span><\/p>\n<ul>\n<li><span style=\"color: #464646; font-size: 12pt; font-family: georgia, palatino, serif;\">Edital 02\/2017 &#8211; PqG<\/span><\/li>\n<\/ul>\n<p>&nbsp;<\/p>\n<p><span style=\"color: #464646; font-size: 12pt; font-family: georgia, palatino, serif;\">* Prof\u00aa. Dra. Carine Dahl Corcini<\/span><\/p>\n<ul>\n<li><span style=\"color: #464646; font-size: 12pt; font-family: georgia, palatino, serif;\">Edital 02\/2017 &#8211; PqG<\/span><\/li>\n<\/ul>\n<p>&nbsp;<\/p>\n<p><span style=\"color: #464646; font-size: 12pt; font-family: georgia, palatino, serif;\">* Prof. Dr. Fabricio Rochedo Concei\u00e7\u00e3o<\/span><\/p>\n<ul>\n<li><span style=\"color: #464646; font-size: 12pt; font-family: georgia, palatino, serif;\">Edital 02\/2017 &#8211; PqG <\/span><\/li>\n<\/ul>\n","protected":false},"excerpt":{"rendered":"<p>&nbsp; Editais Aprovados &nbsp; 2024 &nbsp; * Prof. Dr. Augusto Schneider Edital Fapergs &#8211; PqG Edital CNPq &#8211; Apoio a Projetos Internacionais &nbsp; * Prof. Dr. F\u00e1bio Raphael Pascoti Bruhn Chamada 16\/2024 &#8211; MCTI\/CNPq Chamada 31\/2024 &#8211; CNPq\/DECIT\/MS &nbsp; * Prof. Dr. Odir Ant\u00f4nio Dellagostin Chamada CNPq 46\/2024 &#8211; INCT &nbsp; * Prof\u00aa. Dra. Raqueli [&hellip;]<\/p>\n","protected":false},"author":391,"featured_media":0,"parent":0,"menu_order":8,"comment_status":"closed","ping_status":"closed","template":"","meta":{"footnotes":""},"class_list":["post-4429","page","type-page","status-publish","hentry"],"_links":{"self":[{"href":"https:\/\/wp.ufpel.edu.br\/ppgveterinaria\/wp-json\/wp\/v2\/pages\/4429","targetHints":{"allow":["GET"]}}],"collection":[{"href":"https:\/\/wp.ufpel.edu.br\/ppgveterinaria\/wp-json\/wp\/v2\/pages"}],"about":[{"href":"https:\/\/wp.ufpel.edu.br\/ppgveterinaria\/wp-json\/wp\/v2\/types\/page"}],"author":[{"embeddable":true,"href":"https:\/\/wp.ufpel.edu.br\/ppgveterinaria\/wp-json\/wp\/v2\/users\/391"}],"replies":[{"embeddable":true,"href":"https:\/\/wp.ufpel.edu.br\/ppgveterinaria\/wp-json\/wp\/v2\/comments?post=4429"}],"version-history":[{"count":20,"href":"https:\/\/wp.ufpel.edu.br\/ppgveterinaria\/wp-json\/wp\/v2\/pages\/4429\/revisions"}],"predecessor-version":[{"id":7306,"href":"https:\/\/wp.ufpel.edu.br\/ppgveterinaria\/wp-json\/wp\/v2\/pages\/4429\/revisions\/7306"}],"wp:attachment":[{"href":"https:\/\/wp.ufpel.edu.br\/ppgveterinaria\/wp-json\/wp\/v2\/media?parent=4429"}],"curies":[{"name":"wp","href":"https:\/\/api.w.org\/{rel}","templated":true}]}}