{"id":439,"date":"2014-07-15T13:36:26","date_gmt":"2014-07-15T16:36:26","guid":{"rendered":"https:\/\/wp.ufpel.edu.br\/ppgveterinaria\/?page_id=439"},"modified":"2016-04-07T17:33:02","modified_gmt":"2016-04-07T20:33:02","slug":"2011-2","status":"publish","type":"page","link":"https:\/\/wp.ufpel.edu.br\/ppgveterinaria\/dissertacoesteses\/teses\/2011-2\/","title":{"rendered":"2011"},"content":{"rendered":"<div class=\"discertacoes\" style=\"color: #006600\">\n<div class=\"discertacoes\" style=\"color: #006600\">\n<div class=\"discertacoes\">\n<div class=\"discertacoes\">\n<p><span style=\"color: #464646\">\u00a0<\/span><\/p>\n<ul>\n<li><span style=\"color: #464646\"><strong>Teses 2011<\/strong><\/span><\/li>\n<\/ul>\n<p>&nbsp;<\/p>\n<p><span style=\"color: #464646\">___________________________________________________________________________<\/span><\/p>\n<p class=\"dicente_texto\" style=\"font-weight: inherit;font-style: inherit\"><span style=\"color: #464646\"><strong>Eduardo Negri Mueller<\/strong><\/span><\/p>\n<\/div>\n<div class=\"discertacoes\">\n<p class=\"titulo_discertacoes\" style=\"font-weight: inherit;font-style: inherit;color: #395d24\"><span style=\"color: #464646\"><strong>T\u00edtulo:<\/strong>\u00a0<a style=\"color: #464646\" href=\"http:\/\/www2.ufpel.edu.br\/tede\/tde_busca\/arquivo.php?codArquivo=1090\" target=\"_blank\">Microclima do canal auditivo de c\u00e3es e efeito do Rosmarinus officinalis L. e do Triticum vulgare no tratamento da otite externa experimental<\/a><\/span><\/p>\n<p class=\"dicente_texto\" style=\"font-weight: inherit;font-style: inherit\"><span style=\"color: #464646\"><strong>Orientador:<\/strong>\u00a0Prof\u00aa. M\u00e1rcia de Oliveira Nobre<\/span><\/p>\n<p class=\"dicente_texto\" style=\"font-weight: inherit;font-style: inherit\"><span style=\"color: #464646\"><strong>Defesa: <\/strong>16\/11\/11<\/span><\/p>\n<p class=\"dicente_texto\" style=\"font-weight: inherit;font-style: inherit\"><span style=\"color: #464646\">___________________________________________________________________________<\/span><\/p>\n<p><span style=\"color: #464646\"><strong>Fabiana Moreira<\/strong><\/span><\/p>\n<\/div>\n<\/div>\n<div class=\"discertacoes\">\n<p class=\"titulo_discertacoes\" style=\"font-weight: inherit;font-style: inherit;color: #395d24\"><span style=\"color: #464646\"><strong>T\u00edtulo:<\/strong>\u00a0<a style=\"color: #464646\" href=\"http:\/\/www2.ufpel.edu.br\/tede\/tde_busca\/arquivo.php?codArquivo=1091\" target=\"_blank\">Leptina em f\u00eameas su\u00ednas: rela\u00e7\u00e3o com o status reprodutivo e causas de descarte<\/a><\/span><\/p>\n<p class=\"dicente_texto\" style=\"font-weight: inherit;font-style: inherit\"><span style=\"color: #464646\"><strong>Orientador:<\/strong> Prof. Thomaz Lucia Jr.<\/span><\/p>\n<p class=\"dicente_texto\" style=\"font-weight: inherit;font-style: inherit\"><span style=\"color: #464646\"><strong>Defesa: <\/strong>22\/11\/11<\/span><\/p>\n<p class=\"dicente_texto\" style=\"font-weight: inherit;font-style: inherit\"><span style=\"color: #464646\">___________________________________________________________________________<\/span><\/p>\n<p><span style=\"color: #464646\"><strong>Felipe Geraldes Pappen<\/strong><\/span><\/p>\n<\/div>\n<div class=\"discertacoes\">\n<p class=\"titulo_discertacoes\" style=\"font-weight: inherit;font-style: inherit;color: #395d24\"><span style=\"color: #464646\"><strong>T\u00edtulo:<\/strong>\u00a0<a style=\"color: #464646\" href=\"http:\/\/www2.ufpel.edu.br\/tede\/tde_busca\/arquivo.php?codArquivo=1057\" target=\"_blank\">Utiliza\u00e7\u00e3o dos banheiros de imers\u00e3o no controle do carrapato Rhipicephalus (Boophilus) microplus (Canestrini, 1887) (Acari: Ixodidae) e sua rela\u00e7\u00e3o com a resist\u00eancia a acaricidas no sul do Rio Grande do Sul<\/a><\/span><\/p>\n<p class=\"dicente_texto\" style=\"font-weight: inherit;font-style: inherit\"><span style=\"color: #464646\"><strong>Orientador:<\/strong> Prof\u00aa.Nara Am\u00e9lia da Rosa Farias<\/span><\/p>\n<p class=\"dicente_texto\" style=\"font-weight: inherit;font-style: inherit\"><span style=\"color: #464646\"><strong>Defesa: <\/strong>21\/09\/11<\/span><\/p>\n<p class=\"dicente_texto\" style=\"font-weight: inherit;font-style: inherit\"><span style=\"color: #464646\">___________________________________________________________________________<\/span><\/p>\n<\/div>\n<p class=\"dicente_texto\" style=\"font-weight: inherit;font-style: inherit;color: #006600\"><span style=\"color: #464646\"><strong>Isabel Martins Madrid<\/strong><\/span><\/p>\n<\/div>\n<div class=\"discertacoes\" style=\"color: #006600\">\n<p class=\"titulo_discertacoes\" style=\"font-weight: inherit;font-style: inherit\"><span style=\"color: #464646\"><strong>T\u00edtulo:<\/strong>\u00a0<a style=\"color: #464646\" href=\"http:\/\/www2.ufpel.edu.br\/tede\/tde_busca\/arquivo.php?codArquivo=920\" target=\"_blank\">Estudo das caracter\u00edsticas fenot\u00edpicas, fatores de patogenicidade e suscetibilidade de isolados de Sporothrix schenckii frente a desinfetantes<\/a><\/span><\/p>\n<p class=\"dicente_texto\" style=\"font-weight: inherit;font-style: inherit;color: #006600\"><span style=\"color: #464646\"><strong>Orientador:<\/strong> Prof. M\u00e1rio Carlos Ara\u00fajo Meireles<\/span><\/p>\n<p class=\"dicente_texto\" style=\"font-weight: inherit;font-style: inherit;color: #006600\"><span style=\"color: #464646\"><strong>Defesa: <\/strong>25\/02\/11<\/span><\/p>\n<p class=\"dicente_texto\" style=\"font-weight: inherit;font-style: inherit;color: #006600\"><span style=\"color: #464646\">___________________________________________________________________________<\/span><\/p>\n<p><span style=\"color: #464646\"><strong>Luciana de Souza Prestes<\/strong><\/span><\/p>\n<\/div>\n<p class=\"titulo_discertacoes\" style=\"font-weight: inherit;font-style: inherit;color: #395d24\"><span style=\"color: #464646\"><strong>T\u00edtulo:<\/strong>\u00a0<a style=\"color: #464646\" href=\"http:\/\/www2.ufpel.edu.br\/tede\/tde_busca\/arquivo.php?codArquivo=1053\" target=\"_blank\">Atividade antimicrobiana in vitro e antidiarr\u00e9ica em modelo experimental de extratos de folhas de plantas da fam\u00edlia Myrtacea<\/a><\/span><\/p>\n<p class=\"dicente_texto\" style=\"font-weight: inherit;font-style: inherit;color: #006600\"><span style=\"color: #464646\"><strong>Orientador:<\/strong>\u00a0Prof. Mario Carlos Ara\u00fajo Meireles<\/span><\/p>\n<p class=\"dicente_texto\" style=\"font-weight: inherit;font-style: inherit;color: #006600\"><span style=\"color: #464646\"><strong>Defesa: <\/strong>23\/02\/11<\/span><\/p>\n<p class=\"dicente_texto\" style=\"font-weight: inherit;font-style: inherit;color: #006600\"><span style=\"color: #464646\">___________________________________________________________________________<\/span><\/p>\n<p class=\"dicente_texto\" style=\"font-weight: inherit;font-style: inherit;color: #006600\"><span style=\"color: #464646\"><strong>Sandro de Vargas Schons<\/strong><\/span><\/p>\n<div class=\"discertacoes\">\n<p class=\"titulo_discertacoes\" style=\"font-weight: inherit;font-style: inherit;color: #395d24\"><span style=\"color: #464646\"><strong>T\u00edtulo:<\/strong> Plantas t\u00f3xicas para ruminantes e equ\u00eddeos na regi\u00e3o central de rond\u00f4nia<\/span><\/p>\n<p class=\"dicente_texto\" style=\"font-weight: inherit;font-style: inherit\"><span style=\"color: #464646\"><strong>Orientador:<\/strong> Ana Lucia Schild<\/span><\/p>\n<p class=\"dicente_texto\" style=\"font-weight: inherit;font-style: inherit\"><span style=\"color: #464646\"><strong>Defesa:<\/strong> 11\/10\/11<\/span><\/p>\n<p class=\"dicente_texto\" style=\"font-weight: inherit;font-style: inherit\"><span style=\"color: #464646\">___________________________________________________________________________<\/span><\/p>\n<p><span style=\"color: #464646\"><strong>Thomas Normanton Guim<\/strong><\/span><\/p>\n<\/div>\n<\/div>\n<div class=\"discertacoes\" style=\"color: #006600\">\n<p class=\"titulo_discertacoes\" style=\"font-weight: inherit;font-style: inherit;color: #395d24\"><span style=\"color: #464646\"><strong>T\u00edtulo:<\/strong>\u00a0<a style=\"color: #464646\" href=\"http:\/\/www2.ufpel.edu.br\/tede\/tde_busca\/arquivo.php?codArquivo=921\" target=\"_blank\">Determina\u00e7\u00e3o de fatores progn\u00f3sticos para tumores mam\u00e1rios caninos<\/a><\/span><\/p>\n<p class=\"dicente_texto\" style=\"font-weight: inherit;font-style: inherit;color: #006600\"><span style=\"color: #464646\"><strong>Orientador:<\/strong> Prof\u00aa. Cristina Gevehr Fernandes<\/span><\/p>\n<p class=\"dicente_texto\" style=\"font-weight: inherit;font-style: inherit;color: #006600\"><span style=\"color: #464646\"><strong>Defesa: <\/strong>11\/02\/11<\/span><\/p>\n<p class=\"dicente_texto\" style=\"font-weight: inherit;font-style: inherit;color: #006600\"><span style=\"color: #464646\">___________________________________________________________________________<\/span><\/p>\n<p class=\"dicente_texto\" style=\"font-weight: inherit;font-style: inherit;color: #006600\"><span style=\"color: #464646\"><strong style=\"color: #464646;font-style: inherit;line-height: 1.5\">Tiago Gallina Corr\u00eaa<\/strong><\/span><\/p>\n<\/div>\n<div class=\"discertacoes\" style=\"color: #006600\">\n<p class=\"titulo_discertacoes\" style=\"font-weight: inherit;font-style: inherit;color: #395d24\"><span style=\"color: #464646\"><strong>T\u00edtulo:<\/strong>\u00a0<a style=\"color: #464646\" href=\"http:\/\/www2.ufpel.edu.br\/tede\/tde_busca\/arquivo.php?codArquivo=919\" target=\"_blank\">Efeito dos probi\u00f3ticos Bacillus cereus var. Toyoi, Saccharomyces boulardii e Saccharomyces cerevisiae em ovinos infectados por nemat\u00f3deos gastrintestinais<\/a><\/span><\/p>\n<p class=\"dicente_texto\" style=\"font-weight: inherit;font-style: inherit;color: #006600\"><span style=\"color: #464646\"><strong>Orientador:<\/strong> Prof\u00aa. Maria Elisabeth Aires Berne<\/span><\/p>\n<p class=\"dicente_texto\" style=\"font-weight: inherit;font-style: inherit;color: #006600\"><span style=\"color: #464646\"><strong>Defesa: <\/strong>28\/02\/11<\/span><\/p>\n<p class=\"dicente_texto\" style=\"font-weight: inherit;font-style: inherit;color: #006600\"><span style=\"color: #464646\">___________________________________________________________________________<\/span><\/p>\n<\/div>\n","protected":false},"excerpt":{"rendered":"<p>\u00a0 Teses 2011 &nbsp; ___________________________________________________________________________ Eduardo Negri Mueller T\u00edtulo:\u00a0Microclima do canal auditivo de c\u00e3es e efeito do Rosmarinus officinalis L. e do Triticum vulgare no tratamento da otite externa experimental Orientador:\u00a0Prof\u00aa. M\u00e1rcia de Oliveira Nobre Defesa: 16\/11\/11 ___________________________________________________________________________ Fabiana Moreira T\u00edtulo:\u00a0Leptina em f\u00eameas su\u00ednas: rela\u00e7\u00e3o com o status reprodutivo e causas de descarte Orientador: Prof. [&hellip;]<\/p>\n","protected":false},"author":391,"featured_media":0,"parent":426,"menu_order":53,"comment_status":"closed","ping_status":"closed","template":"","meta":{"footnotes":""},"class_list":["post-439","page","type-page","status-publish","hentry"],"_links":{"self":[{"href":"https:\/\/wp.ufpel.edu.br\/ppgveterinaria\/wp-json\/wp\/v2\/pages\/439","targetHints":{"allow":["GET"]}}],"collection":[{"href":"https:\/\/wp.ufpel.edu.br\/ppgveterinaria\/wp-json\/wp\/v2\/pages"}],"about":[{"href":"https:\/\/wp.ufpel.edu.br\/ppgveterinaria\/wp-json\/wp\/v2\/types\/page"}],"author":[{"embeddable":true,"href":"https:\/\/wp.ufpel.edu.br\/ppgveterinaria\/wp-json\/wp\/v2\/users\/391"}],"replies":[{"embeddable":true,"href":"https:\/\/wp.ufpel.edu.br\/ppgveterinaria\/wp-json\/wp\/v2\/comments?post=439"}],"version-history":[{"count":11,"href":"https:\/\/wp.ufpel.edu.br\/ppgveterinaria\/wp-json\/wp\/v2\/pages\/439\/revisions"}],"predecessor-version":[{"id":2440,"href":"https:\/\/wp.ufpel.edu.br\/ppgveterinaria\/wp-json\/wp\/v2\/pages\/439\/revisions\/2440"}],"up":[{"embeddable":true,"href":"https:\/\/wp.ufpel.edu.br\/ppgveterinaria\/wp-json\/wp\/v2\/pages\/426"}],"wp:attachment":[{"href":"https:\/\/wp.ufpel.edu.br\/ppgveterinaria\/wp-json\/wp\/v2\/media?parent=439"}],"curies":[{"name":"wp","href":"https:\/\/api.w.org\/{rel}","templated":true}]}}