{"id":434,"date":"2014-07-15T13:32:21","date_gmt":"2014-07-15T16:32:21","guid":{"rendered":"https:\/\/wp.ufpel.edu.br\/ppgveterinaria\/?page_id=434"},"modified":"2016-04-07T17:34:10","modified_gmt":"2016-04-07T20:34:10","slug":"2010-2","status":"publish","type":"page","link":"https:\/\/wp.ufpel.edu.br\/ppgveterinaria\/dissertacoesteses\/teses\/2010-2\/","title":{"rendered":"2010"},"content":{"rendered":"<div class=\"discertacoes\" style=\"color: #006600\">\n<p><span style=\"color: #464646\">\u00a0<\/span><\/p>\n<ul>\n<li><span style=\"color: #464646\"><strong>Teses 2010<\/strong><\/span><\/li>\n<\/ul>\n<p>&nbsp;<\/p>\n<p><span style=\"color: #464646\">___________________________________________________________________________<\/span><\/p>\n<p class=\"titulo_discertacoes\" style=\"font-weight: inherit;font-style: inherit\"><span style=\"color: #464646\"><strong>Helen Silveira Coimbra<\/strong><\/span><\/p>\n<p class=\"titulo_discertacoes\" style=\"font-weight: inherit;font-style: inherit\"><span style=\"color: #464646\"><strong>T\u00edtulo:<\/strong>\u00a0<a style=\"color: #464646\" href=\"http:\/\/www2.ufpel.edu.br\/tede\/tde_busca\/arquivo.php?codArquivo=718\" target=\"_blank\">Ocorr\u00eancia cl\u00ednica da erlichiose monoc\u00edtica equina e pesquisa de formas jovens de tremat\u00f3deos em heleobia spp (mollusca: hydrobiidae), em terras baixas da encosta do sudeste, rs.<\/a><\/span><\/p>\n<p class=\"dicente_texto\" style=\"font-weight: inherit;font-style: inherit;color: #006600\"><span style=\"color: #464646\"><strong>Orientador:<\/strong>\u00a0Prof. M\u00e1rio Carlos Ara\u00fajo Meireles<\/span><\/p>\n<p class=\"dicente_texto\" style=\"font-weight: inherit;font-style: inherit;color: #006600\"><span style=\"color: #464646\"><strong>Defesa: <\/strong>25\/02\/10<\/span><\/p>\n<p class=\"dicente_texto\" style=\"font-weight: inherit;font-style: inherit;color: #006600\"><span style=\"color: #464646\">___________________________________________________________________________<\/span><\/p>\n<p class=\"titulo_discertacoes\" style=\"font-weight: inherit;font-style: inherit;color: #395d24\"><span style=\"color: #464646\"><strong>Tatiana de \u00c1vila Antunes<\/strong><\/span><\/p>\n<p class=\"titulo_discertacoes\" style=\"font-weight: inherit;font-style: inherit;color: #395d24\"><span style=\"color: #464646\"><strong>T\u00edtulo:\u00a0<\/strong><a style=\"color: #464646\" href=\"http:\/\/www2.ufpel.edu.br\/tede\/tde_busca\/arquivo.php?codArquivo=719\" target=\"_blank\">Avalia\u00e7\u00e3o da capacidade imunog\u00eanica de c\u00e9lulas leveduriformes de Sporothrix schenckii inativadas em modelo murino<\/a><\/span><\/p>\n<p class=\"dicente_texto\" style=\"font-weight: inherit;font-style: inherit;color: #006600\"><span style=\"color: #464646\"><strong>Orientador: <\/strong>Prof.<strong>\u00a0<\/strong> M\u00e1rio Carlos Ara\u00fajo Meireles<\/span><\/p>\n<\/div>\n<div class=\"discertacoes\" style=\"color: #006600\">\n<p class=\"titulo_discertacoes\" style=\"font-weight: inherit;font-style: inherit;color: #395d24\"><span style=\"color: #464646\"><strong>Defesa: <\/strong>10\/03\/10<\/span><\/p>\n<p class=\"titulo_discertacoes\" style=\"font-weight: inherit;font-style: inherit;color: #395d24\"><span style=\"color: #464646\">___________________________________________________________________________<\/span><\/p>\n<\/div>\n","protected":false},"excerpt":{"rendered":"<p>\u00a0 Teses 2010 &nbsp; ___________________________________________________________________________ Helen Silveira Coimbra T\u00edtulo:\u00a0Ocorr\u00eancia cl\u00ednica da erlichiose monoc\u00edtica equina e pesquisa de formas jovens de tremat\u00f3deos em heleobia spp (mollusca: hydrobiidae), em terras baixas da encosta do sudeste, rs. Orientador:\u00a0Prof. M\u00e1rio Carlos Ara\u00fajo Meireles Defesa: 25\/02\/10 ___________________________________________________________________________ Tatiana de \u00c1vila Antunes T\u00edtulo:\u00a0Avalia\u00e7\u00e3o da capacidade imunog\u00eanica de c\u00e9lulas leveduriformes de Sporothrix [&hellip;]<\/p>\n","protected":false},"author":391,"featured_media":0,"parent":426,"menu_order":54,"comment_status":"closed","ping_status":"closed","template":"","meta":{"footnotes":""},"class_list":["post-434","page","type-page","status-publish","hentry"],"_links":{"self":[{"href":"https:\/\/wp.ufpel.edu.br\/ppgveterinaria\/wp-json\/wp\/v2\/pages\/434","targetHints":{"allow":["GET"]}}],"collection":[{"href":"https:\/\/wp.ufpel.edu.br\/ppgveterinaria\/wp-json\/wp\/v2\/pages"}],"about":[{"href":"https:\/\/wp.ufpel.edu.br\/ppgveterinaria\/wp-json\/wp\/v2\/types\/page"}],"author":[{"embeddable":true,"href":"https:\/\/wp.ufpel.edu.br\/ppgveterinaria\/wp-json\/wp\/v2\/users\/391"}],"replies":[{"embeddable":true,"href":"https:\/\/wp.ufpel.edu.br\/ppgveterinaria\/wp-json\/wp\/v2\/comments?post=434"}],"version-history":[{"count":15,"href":"https:\/\/wp.ufpel.edu.br\/ppgveterinaria\/wp-json\/wp\/v2\/pages\/434\/revisions"}],"predecessor-version":[{"id":2442,"href":"https:\/\/wp.ufpel.edu.br\/ppgveterinaria\/wp-json\/wp\/v2\/pages\/434\/revisions\/2442"}],"up":[{"embeddable":true,"href":"https:\/\/wp.ufpel.edu.br\/ppgveterinaria\/wp-json\/wp\/v2\/pages\/426"}],"wp:attachment":[{"href":"https:\/\/wp.ufpel.edu.br\/ppgveterinaria\/wp-json\/wp\/v2\/media?parent=434"}],"curies":[{"name":"wp","href":"https:\/\/api.w.org\/{rel}","templated":true}]}}