{"id":428,"date":"2014-07-15T13:26:19","date_gmt":"2014-07-15T16:26:19","guid":{"rendered":"https:\/\/wp.ufpel.edu.br\/ppgveterinaria\/?page_id=428"},"modified":"2016-04-07T17:34:58","modified_gmt":"2016-04-07T20:34:58","slug":"2009-2","status":"publish","type":"page","link":"https:\/\/wp.ufpel.edu.br\/ppgveterinaria\/dissertacoesteses\/teses\/2009-2\/","title":{"rendered":"2009"},"content":{"rendered":"<div class=\"discertacoes\" style=\"color: #006600\">\n<p>&nbsp;<\/p>\n<ul>\n<li><span style=\"color: #464646\"><strong>Teses 2009<\/strong><\/span><\/li>\n<\/ul>\n<p>&nbsp;<\/p>\n<p><span style=\"color: #464646\">___________________________________________________________________________<\/span><\/p>\n<p class=\"titulo_discertacoes\" style=\"font-weight: inherit;font-style: inherit;color: #395d24\"><span style=\"color: #464646\"><strong>Eduardo Schmitt<\/strong><\/span><\/p>\n<p class=\"titulo_discertacoes\" style=\"font-weight: inherit;font-style: inherit\"><span style=\"color: #464646\"><strong>T\u00edtulo:<\/strong>\u00a0<a style=\"color: #464646\" href=\"http:\/\/www2.ufpel.edu.br\/tede\/tde_busca\/arquivo.php?codArquivo=721\" target=\"_blank\">Influ\u00eancia da hipocalcemia subcl\u00ednica no metabolismo energ\u00e9tico de ruminantes<\/a><\/span><\/p>\n<p class=\"dicente_texto\" style=\"font-weight: inherit;font-style: inherit;color: #006600\"><span style=\"color: #464646\"><strong>Orientador:<\/strong>\u00a0Prof. Marcio Nunes Corr\u00eaa<\/span><\/p>\n<p class=\"dicente_texto\" style=\"font-weight: inherit;font-style: inherit;color: #006600\"><span style=\"color: #464646\"><strong>Defesa: <\/strong>12\/11\/09<\/span><\/p>\n<p class=\"dicente_texto\" style=\"font-weight: inherit;font-style: inherit;color: #006600\"><span style=\"color: #464646\">___________________________________________________________________________<\/span><\/p>\n<p class=\"dicente_texto\" style=\"font-weight: inherit;font-style: inherit;color: #006600\"><span style=\"color: #464646\"><strong>Fabiane Borelli Grecco<\/strong><\/span><\/p>\n<p class=\"dicente_texto\" style=\"font-weight: inherit;font-style: inherit;color: #006600\"><span style=\"color: #464646\"><strong>T\u00edtulo:<\/strong>\u00a0<a style=\"color: #464646\" href=\"http:\/\/www2.ufpel.edu.br\/tede\/tde_busca\/arquivo.php?codArquivo=599\" target=\"_blank\">Intoxica\u00e7\u00e3o por Senecio spp. : padr\u00f5es morfol\u00f3gicos hep\u00e1ti-cos em bovinos e resist\u00eancia adquirida em ovinos<\/a><\/span><\/p>\n<p class=\"dicente_texto\" style=\"font-weight: inherit;font-style: inherit;color: #006600\"><span style=\"color: #464646\"><strong>Orientador:<\/strong> M\u00e9dica Veterin\u00e1ria Ana l\u00facia Pereira Schild<\/span><\/p>\n<p class=\"dicente_texto\" style=\"font-weight: inherit;font-style: inherit;color: #006600\"><span style=\"color: #464646\"><strong>Defesa:<\/strong> 08\/06\/09<\/span><\/p>\n<p class=\"dicente_texto\" style=\"font-weight: inherit;font-style: inherit;color: #006600\"><span style=\"color: #464646\">___________________________________________________________________________<\/span><\/p>\n<p class=\"dicente_texto\" style=\"font-weight: inherit;font-style: inherit;color: #006600\"><span style=\"color: #464646\"><strong>Milton Begeres de Almeida<\/strong><\/span><\/p>\n<p class=\"titulo_discertacoes\" style=\"font-weight: inherit;font-style: inherit\"><span style=\"color: #464646\"><strong>T\u00edtulo:<\/strong> M\u00e9todos de indu\u00e7\u00e3o de avers\u00e3o a Baccharis coridifolia (mio-mio) em ovinos e bovinos<\/span><\/p>\n<p class=\"dicente_texto\" style=\"font-weight: inherit;font-style: inherit;color: #006600\"><span style=\"color: #464646\"><strong>Orientador:<\/strong> Ana Lucia Schild<\/span><\/p>\n<p class=\"dicente_texto\" style=\"font-weight: inherit;font-style: inherit;color: #006600\"><span style=\"color: #464646\"><strong>Defesa: <\/strong>03\/03\/09<\/span><\/p>\n<p class=\"dicente_texto\" style=\"font-weight: inherit;font-style: inherit;color: #006600\"><span style=\"color: #464646\">___________________________________________________________________________<\/span><\/p>\n<p class=\"titulo_discertacoes\" style=\"font-weight: inherit;font-style: inherit;color: #395d24\"><span style=\"color: #464646\"><strong>Talita Bandeira Roos<\/strong><\/span><\/p>\n<p class=\"titulo_discertacoes\" style=\"font-weight: inherit;font-style: inherit;color: #395d24\"><span style=\"color: #464646\"><strong>T\u00edtulo:<\/strong>\u00a0<a style=\"color: #464646\" href=\"http:\/\/www2.ufpel.edu.br\/tede\/tde_busca\/arquivo.php?codArquivo=720\" target=\"_blank\">Efeito imunomodulador de Bacillus cereus var. Toyoi e Saccharomyces boulardii em animais vacinados contra Herpesv\u00edrus Bovino tipo 5Talita Bandeira Roos<\/a><\/span><\/p>\n<p class=\"dicente_texto\" style=\"font-weight: inherit;font-style: inherit;color: #006600\"><span style=\"color: #464646\"><strong>Orientador:<\/strong>\u00a0Prof. F\u00e1bio Pereira Leivas Leite<\/span><\/p>\n<p class=\"dicente_texto\" style=\"font-weight: inherit;font-style: inherit;color: #006600\"><span style=\"color: #464646\"><strong>Defesa: <\/strong>09\/11\/09<\/span><\/p>\n<p class=\"dicente_texto\" style=\"font-weight: inherit;font-style: inherit;color: #006600\"><span style=\"color: #464646\">___________________________________________________________________________<\/span><\/p>\n<\/div>\n<div class=\"discertacoes\" style=\"color: #006600\"><span style=\"color: #464646\">\u00a0<\/span><\/div>\n","protected":false},"excerpt":{"rendered":"<p>&nbsp; Teses 2009 &nbsp; ___________________________________________________________________________ Eduardo Schmitt T\u00edtulo:\u00a0Influ\u00eancia da hipocalcemia subcl\u00ednica no metabolismo energ\u00e9tico de ruminantes Orientador:\u00a0Prof. Marcio Nunes Corr\u00eaa Defesa: 12\/11\/09 ___________________________________________________________________________ Fabiane Borelli Grecco T\u00edtulo:\u00a0Intoxica\u00e7\u00e3o por Senecio spp. : padr\u00f5es morfol\u00f3gicos hep\u00e1ti-cos em bovinos e resist\u00eancia adquirida em ovinos Orientador: M\u00e9dica Veterin\u00e1ria Ana l\u00facia Pereira Schild Defesa: 08\/06\/09 ___________________________________________________________________________ Milton Begeres de Almeida [&hellip;]<\/p>\n","protected":false},"author":391,"featured_media":0,"parent":426,"menu_order":55,"comment_status":"closed","ping_status":"closed","template":"","meta":{"footnotes":""},"class_list":["post-428","page","type-page","status-publish","hentry"],"_links":{"self":[{"href":"https:\/\/wp.ufpel.edu.br\/ppgveterinaria\/wp-json\/wp\/v2\/pages\/428","targetHints":{"allow":["GET"]}}],"collection":[{"href":"https:\/\/wp.ufpel.edu.br\/ppgveterinaria\/wp-json\/wp\/v2\/pages"}],"about":[{"href":"https:\/\/wp.ufpel.edu.br\/ppgveterinaria\/wp-json\/wp\/v2\/types\/page"}],"author":[{"embeddable":true,"href":"https:\/\/wp.ufpel.edu.br\/ppgveterinaria\/wp-json\/wp\/v2\/users\/391"}],"replies":[{"embeddable":true,"href":"https:\/\/wp.ufpel.edu.br\/ppgveterinaria\/wp-json\/wp\/v2\/comments?post=428"}],"version-history":[{"count":13,"href":"https:\/\/wp.ufpel.edu.br\/ppgveterinaria\/wp-json\/wp\/v2\/pages\/428\/revisions"}],"predecessor-version":[{"id":2443,"href":"https:\/\/wp.ufpel.edu.br\/ppgveterinaria\/wp-json\/wp\/v2\/pages\/428\/revisions\/2443"}],"up":[{"embeddable":true,"href":"https:\/\/wp.ufpel.edu.br\/ppgveterinaria\/wp-json\/wp\/v2\/pages\/426"}],"wp:attachment":[{"href":"https:\/\/wp.ufpel.edu.br\/ppgveterinaria\/wp-json\/wp\/v2\/media?parent=428"}],"curies":[{"name":"wp","href":"https:\/\/api.w.org\/{rel}","templated":true}]}}