{"id":4204,"date":"2019-08-26T16:07:09","date_gmt":"2019-08-26T19:07:09","guid":{"rendered":"https:\/\/wp.ufpel.edu.br\/ppgveterinaria\/?page_id=4204"},"modified":"2025-07-11T12:30:34","modified_gmt":"2025-07-11T15:30:34","slug":"2019-2","status":"publish","type":"page","link":"https:\/\/wp.ufpel.edu.br\/ppgveterinaria\/dissertacoesteses\/teses\/2019-2\/","title":{"rendered":"2019"},"content":{"rendered":"<p>&nbsp;<\/p>\n<ul>\n<li><span style=\"color: #464646;\"><strong>Teses 2019<\/strong><\/span><\/li>\n<\/ul>\n<p>&nbsp;<\/p>\n<p><span style=\"color: #464646;\">__________________________________________________________________________<\/span><\/p>\n<p><span style=\"color: #464646;\"><strong>Ana Carolina Barreto Coelho\u00a0\u00a0\u00a0\u00a0<\/strong><\/span><\/p>\n<p><span style=\"color: #464646;\"><strong>T\u00edtulo:\u00a0<\/strong><a style=\"color: #464646;\" href=\"https:\/\/wp.ufpel.edu.br\/ppgveterinaria\/files\/2019\/10\/Ana-Carolina-Barreto-Coelho.pdf\" target=\"_blank\" rel=\"noopener noreferrer\">Neoplasias diagnosticadas em caninos na regi\u00e3o sul do Rio Grande do Sul entre 2000-2017: correla\u00e7\u00e3o histoqu\u00edmica, imuno-histoqu\u00edmica e varia\u00e7\u00f5es gen\u00e9ticas<\/a><\/span><\/p>\n<p><span style=\"color: #464646;\"><strong>Orientador:\u00a0<\/strong>Ana Lucia Pereira Schild<\/span><\/p>\n<p><span style=\"color: #464646;\"><strong>Data da Defesa:<\/strong>\u00a022\/02\/2019<\/span><\/p>\n<p><span style=\"color: #464646;\">__________________________________________________________________________<\/span><\/p>\n<p><span style=\"color: #464646;\"><strong>Andreia Nobre Anciuti\u00a0\u00a0\u00a0\u00a0\u00a0\u00a0<\/strong><\/span><\/p>\n<p><span style=\"color: #464646;\"><strong>T\u00edtulo:\u00a0<\/strong><a style=\"color: #464646;\" href=\"https:\/\/wp.ufpel.edu.br\/ppgveterinaria\/files\/2019\/10\/Andreia-Nobre-Anciuti.pdf\" target=\"_blank\" rel=\"noopener noreferrer\">Biomodelos e simuladores: da pesquisa ao ensino<\/a><\/span><\/p>\n<p><span style=\"color: #464646;\"><strong>Orientador:<\/strong>\u00a0Carine Dahl Corcini<\/span><\/p>\n<p><span style=\"color: #464646;\"><strong>Data da Defesa:<\/strong>\u00a011\/04\/2019<\/span><\/p>\n<p><span style=\"color: #464646;\">__________________________________________________________________________<\/span><\/p>\n<p><span style=\"color: #464646;\"><strong>Antonio Amaral Barbosa\u00a0\u00a0\u00a0\u00a0\u00a0\u00a0\u00a0\u00a0\u00a0\u00a0\u00a0\u00a0<\/strong><\/span><\/p>\n<p><span style=\"color: #464646;\"><strong>T\u00edtulo:\u00a0<\/strong><a style=\"color: #464646;\" href=\"https:\/\/wp.ufpel.edu.br\/ppgveterinaria\/files\/2019\/10\/Ant\u00f4nio-Amaral-Barbosa.pdf\" target=\"_blank\" rel=\"noopener noreferrer\">Afec\u00e7\u00f5es podais em bovinos: diagn\u00f3stico, profilaxia e patogenia<\/a><\/span><\/p>\n<p><span style=\"color: #464646;\"><strong>Orientador:\u00a0<\/strong>Marcio Nunes Corr\u00eaa<\/span><\/p>\n<p><span style=\"color: #464646;\"><strong>Data da Defesa:\u00a0<\/strong>18\/02\/2019<\/span><\/p>\n<p><span style=\"color: #464646;\">__________________________________________________________________________<\/span><\/p>\n<p><span style=\"color: #464646;\"><strong>Bianca Lemos dos Santos\u00a0\u00a0\u00a0\u00a0\u00a0\u00a0\u00a0\u00a0\u00a0\u00a0\u00a0<\/strong><\/span><\/p>\n<p><span style=\"color: #464646;\"><strong>T\u00edtulo: <\/strong><a style=\"color: #464646;\" href=\"https:\/\/wp.ufpel.edu.br\/ppgveterinaria\/files\/2022\/11\/Bianca-Lemos-dos-Santos.pdf\" target=\"_blank\" rel=\"noopener\">Epidemiologia da raiva e das clostridioses no sul do Rio Grande do Sul<\/a><\/span><\/p>\n<p><span style=\"color: #464646;\"><strong>Orientador:<\/strong>\u00a0Ana Lucia Pereira Schild<\/span><\/p>\n<p><span style=\"color: #464646;\"><strong>Data da Defesa:<\/strong>\u00a028\/02\/2019<\/span><\/p>\n<p><span style=\"color: #464646;\">__________________________________________________________________________<\/span><\/p>\n<p><span style=\"color: #464646;\"><strong>Fernanda Voigt Mota\u00a0\u00a0\u00a0<\/strong><\/span><\/p>\n<p><span style=\"color: #464646;\"><strong>T\u00edtulo: <\/strong>Atividade antibacteriana do extrato hidroalco\u00f3lico de <em>Schinus terebinthifolius<\/em> Raddi frente a <em>Staphylococcus<\/em> spp. resistentes \u00e0 oxacilina e provenientes de mastite bovina (em corre\u00e7\u00e3o)<\/span><\/p>\n<p><span style=\"color: #464646;\"><strong>Orientador:\u00a0<\/strong>Marlete Brum Cleff<\/span><\/p>\n<p><span style=\"color: #464646;\"><strong>Data da Defesa:\u00a0<\/strong>21\/02\/2019<\/span><\/p>\n<p><span style=\"color: #464646;\">__________________________________________________________________________<\/span><\/p>\n<p><span style=\"font-style: inherit; font-weight: inherit; color: #464646;\"><strong>Izani Bonel Acosta\u00a0\u00a0\u00a0\u00a0\u00a0\u00a0<\/strong><\/span><\/p>\n<p><span style=\"color: #464646;\"><strong>T\u00edtulo: <\/strong><a style=\"color: #464646;\" href=\"https:\/\/wp.ufpel.edu.br\/ppgveterinaria\/files\/2021\/05\/Izani-Bonel-Acosta.pdf\" target=\"_blank\" rel=\"noopener\">A\u00e7\u00facares e amidas na criopreserva\u00e7\u00e3o esperm\u00e1tica do <em>Prochilodus lineatus<\/em><\/a><\/span><\/p>\n<p><span style=\"font-style: inherit; font-weight: inherit; color: #464646;\"><strong style=\"font-style: inherit;\">Orientador:<\/strong>\u00a0Antonio Sergio Varela Junior<\/span><\/p>\n<p><span style=\"color: #464646;\"><strong>Data da Defesa:\u00a0<\/strong>20\/12\/2019<\/span><\/p>\n<p><span style=\"color: #464646;\">____________________________________________________________<\/span><\/p>\n<p><span style=\"color: #464646;\"><strong>Jo\u00e3o Alveiro Alvarado Rincon\u00a0\u00a0<\/strong><\/span><\/p>\n<p><span style=\"color: #464646;\"><strong>T\u00edtulo:\u00a0<\/strong><a style=\"color: #464646;\" href=\"https:\/\/wp.ufpel.edu.br\/ppgveterinaria\/files\/2019\/10\/Joao-Alveiro-Alvarado-Rincon.pdf\" target=\"_blank\" rel=\"noopener noreferrer\">Marcadores inflamat\u00f3rios, matura\u00e7\u00e3o oocit\u00e1ria e desenvolvimento embrion\u00e1rio inicial em bovinos<\/a><\/span><\/p>\n<p><span style=\"color: #464646;\"><strong>Orientador:\u00a0<\/strong>Marcio Nunes Corr\u00eaa<\/span><\/p>\n<p><span style=\"color: #464646;\"><strong>Data da Defesa:\u00a0<\/strong>26\/02\/2019<\/span><\/p>\n<p><span style=\"color: #464646;\">__________________________________________________________________________<\/span><\/p>\n<p><span style=\"color: #464646;\"><strong>Karina Affeldt Guterres\u00a0\u00a0\u00a0\u00a0\u00a0\u00a0\u00a0\u00a0\u00a0\u00a0\u00a0\u00a0\u00a0\u00a0<\/strong><\/span><\/p>\n<p style=\"text-align: justify;\"><span style=\"color: #464646;\"><strong>T\u00edtulo: <\/strong><a style=\"color: #464646;\" href=\"https:\/\/wp.ufpel.edu.br\/ppgveterinaria\/files\/2021\/05\/Karina-Affeldt-Guterres.pdf\" target=\"_blank\" rel=\"noopener\">Perfil de resist\u00eancia de <em>Pseudomonas<\/em> spp. isoladas de c\u00e3es e a\u00e7\u00e3o antibacteriana e toxicidade de \u00f3leos essenciais de plantas da fam\u00edlia Lamiaceae<\/a><\/span><\/p>\n<p style=\"text-align: justify;\"><span style=\"color: #464646;\"><strong>Orientador:\u00a0<\/strong>Marlete Brum Cleff<\/span><\/p>\n<p><span style=\"color: #464646;\"><strong>Data da Defesa:<\/strong>\u00a027\/02\/2019<\/span><\/p>\n<p><span style=\"color: #464646;\">__________________________________________________________________________<\/span><\/p>\n<p><span style=\"color: #464646;\"><strong>Luciana de Araujo Borba\u00a0\u00a0\u00a0\u00a0\u00a0\u00a0\u00a0\u00a0\u00a0\u00a0\u00a0<\/strong><\/span><\/p>\n<p><span style=\"color: #464646;\"><strong>T\u00edtulo:\u00a0<\/strong><span style=\"color: #464646;\"><a style=\"color: #464646;\" href=\"https:\/\/wp.ufpel.edu.br\/ppgveterinaria\/files\/2020\/01\/Luciana-de-Araujo-Borba.pdf\" target=\"_blank\" rel=\"noopener noreferrer\">Marcadores bioqu\u00edmicos como preditores de sepse e sobreviv\u00eancia em potros nascidos de \u00e9guas com placentite<\/a><\/span><\/span><\/p>\n<p><span style=\"color: #464646;\"><strong>Orientador:<\/strong>\u00a0Bruna da Rosa Curcio<\/span><\/p>\n<p><span style=\"color: #464646;\"><strong>Data da Defesa:<\/strong>\u00a026\/02\/2019<\/span><\/p>\n<p><span style=\"color: #464646;\">__________________________________________________________________________<\/span><\/p>\n<p><span style=\"color: #464646;\"><strong>Michele Berselli<\/strong><\/span><\/p>\n<p><span style=\"color: #464646;\"><strong>T\u00edtulo: <\/strong><a style=\"color: #464646;\" href=\"https:\/\/wp.ufpel.edu.br\/ppgveterinaria\/files\/2021\/05\/Michele-Berselli.pdf\" target=\"_blank\" rel=\"noopener\">Avalia\u00e7\u00e3o da Resposta Inflamat\u00f3ria em Carcinomas Mam\u00e1rios de Gatas<\/a><\/span><\/p>\n<p><span style=\"color: #464646;\"><strong>Orientador:<\/strong>\u00a0Cristina Gevehr Fernandes<\/span><\/p>\n<p><span style=\"color: #464646;\"><strong>Data da Defesa:\u00a0<\/strong>20\/12\/2019<\/span><\/p>\n<p><span style=\"color: #464646;\">____________________________________________________________<\/span><\/p>\n<p><span style=\"color: #464646;\"><strong>Nat\u00e1lia Avila de Castro<\/strong><\/span><\/p>\n<p><span style=\"color: #464646;\"><strong>T\u00edtulo:\u00a0<\/strong><a style=\"color: #464646;\" href=\"https:\/\/wp.ufpel.edu.br\/ppgveterinaria\/files\/2019\/10\/Nat\u00e1lia-Avila-de-Castro.pdf\" target=\"_blank\" rel=\"noopener noreferrer\">A\u00e7\u00f5es da Prostaglandina F2\u03b1 e Paraoxonase-1 na ovula\u00e7\u00e3o e prenhez de bovinos<\/a><\/span><\/p>\n<p><span style=\"color: #464646;\"><strong>Orientador:\u00a0<\/strong>Augusto Schneider<\/span><\/p>\n<p><span style=\"color: #464646;\"><strong>Data da Defesa:\u00a0<\/strong>27\/02\/2019<\/span><\/p>\n<p><span style=\"color: #464646;\">__________________________________________________________________________<\/span><\/p>\n<p><span style=\"color: #464646;\"><strong>Rafael Herbstrith Krusser\u00a0\u00a0\u00a0\u00a0\u00a0\u00a0\u00a0\u00a0\u00a0\u00a0<\/strong><\/span><\/p>\n<p><span style=\"color: #464646;\"><strong>T\u00edtulo: <\/strong><a href=\"https:\/\/wp.ufpel.edu.br\/ppgveterinaria\/files\/2025\/07\/Rafael-Herbstrith-Krusser-Resumo.pdf\" target=\"_blank\" rel=\"noopener\">Estrat\u00e9gias para o aumento da produ\u00e7\u00e3o de leite em vacas, atrav\u00e9s da suplementa\u00e7\u00e3o de f\u00f3sforo org\u00e2nico, cianocobalamina e de uma associa\u00e7\u00e3o fitoter\u00e1pica<\/a><\/span><\/p>\n<p><span style=\"color: #464646;\"><strong>Orientador:\u00a0<\/strong>Marcio Nunes Corr\u00eaa<\/span><\/p>\n<p><span style=\"color: #464646;\"><strong>Data da Defesa:\u00a0<\/strong>18\/02\/2019<\/span><\/p>\n<p><span style=\"color: #464646;\">__________________________________________________________________________<\/span><\/p>\n<p><span style=\"color: #464646;\"><strong>Raulene Rodrigues Lobo\u00a0\u00a0\u00a0\u00a0\u00a0\u00a0\u00a0\u00a0\u00a0\u00a0\u00a0\u00a0<\/strong><\/span><\/p>\n<p><span style=\"color: #464646;\"><strong>T\u00edtulo: <\/strong><a href=\"https:\/\/wp.ufpel.edu.br\/ppgveterinaria\/files\/2023\/12\/Raulene-Rodrigues-Lobo.pdf\" target=\"_blank\" rel=\"noopener\">Os impactos da suplementa\u00e7\u00e3o artificial na sanidade das abelhas<em> Apis mellifera<\/em><\/a><\/span><\/p>\n<p><span style=\"color: #464646;\"><strong>Orientador:\u00a0<\/strong>Gilberto D\u2019Avila Vargas<\/span><\/p>\n<p><span style=\"color: #464646;\"><strong>Data da Defesa: <\/strong>27\/08\/2019<\/span><\/p>\n<p><span style=\"color: #464646;\">__________________________________________________________________________<\/span><\/p>\n<p><span style=\"color: #464646;\"><strong>Sabrina de Oliveira Capella\u00a0\u00a0\u00a0\u00a0\u00a0\u00a0<\/strong><\/span><\/p>\n<p><span style=\"color: #464646;\"><strong>T\u00edtulo:<\/strong> <a style=\"color: #464646;\" href=\"https:\/\/wp.ufpel.edu.br\/ppgveterinaria\/files\/2019\/10\/Sabrina-de-Oliveira-Capella-Resumo.pdf\" target=\"_blank\" rel=\"noopener noreferrer\">Potencial terap\u00eautico de formula\u00e7\u00f5es no tratamento de feridas cut\u00e2neas<\/a><\/span><\/p>\n<p><span style=\"color: #464646;\"><strong>Orientador:\u00a0<\/strong>M\u00e1rcia de Oliveira Nobre<\/span><\/p>\n<p><span style=\"color: #464646;\"><strong>Data da Defesa:<\/strong>\u00a020\/02\/2019<\/span><\/p>\n<p><span style=\"color: #464646;\">__________________________________________________________________________<\/span><\/p>\n<p><span style=\"color: #464646;\"><strong>Sergio Farias Vargas J\u00fanior\u00a0\u00a0\u00a0\u00a0\u00a0\u00a0\u00a0<\/strong><\/span><\/p>\n<p><span style=\"color: #464646;\"><strong>T\u00edtulo:\u00a0<\/strong><a style=\"color: #464646;\" href=\"https:\/\/wp.ufpel.edu.br\/ppgveterinaria\/files\/2019\/10\/Sergio-Farias-Vargas-J\u00fanior.pdf\" target=\"_blank\" rel=\"noopener noreferrer\">Abordagens para reverter casos de infertilidade em vacas leiteiras: Insemina\u00e7\u00e3o artificial intrafolicular e exposi\u00e7\u00e3o prolongada a estr\u00f3genos<\/a><\/span><\/p>\n<p><span style=\"color: #464646;\"><strong>Orientador:\u00a0<\/strong>Thomaz Lucia J\u00fanior<\/span><\/p>\n<p><span style=\"color: #464646;\"><strong>Data da Defesa:\u00a0<\/strong>11\/02\/2019<\/span><\/p>\n<p><span style=\"color: #464646;\">__________________________________________________________________________<\/span><\/p>\n<p><span style=\"color: #464646;\"><strong>Stefanie Bressan Waller\u00a0\u00a0\u00a0\u00a0\u00a0\u00a0\u00a0\u00a0\u00a0\u00a0\u00a0\u00a0<\/strong><\/span><\/p>\n<p><span style=\"color: #464646;\"><strong>T\u00edtulo:\u00a0<\/strong><a style=\"color: #464646;\" href=\"https:\/\/wp.ufpel.edu.br\/ppgveterinaria\/files\/2019\/10\/Stefanie-Bressan-Waller.pdf\" target=\"_blank\" rel=\"noopener noreferrer\">Uso promissor do \u00f3leo essencial de <em>Rosmarinus officinalis<\/em> L. e <em>Origanum majorana<\/em> L. na esporotricose cut\u00e2nea experimental por <em>Sporothrix brasiliensis<\/em> resistente ao itraconazol, e susceptibilidade de isolados aos \u00f3leos vegetais<\/a><\/span><\/p>\n<p><span style=\"color: #464646;\"><strong>Orientador:\u00a0<\/strong>M\u00e1rio Carlos Ara\u00fajo Meireles<\/span><\/p>\n<p><span style=\"color: #464646;\"><strong>Data da Defesa:<\/strong>\u00a021\/02\/2019<\/span><\/p>\n<p><span style=\"color: #464646;\">__________________________________________________________________________<\/span><\/p>\n<p><span style=\"color: #464646;\"><strong>Stela Mari Meneghello Gheller\u00a0\u00a0\u00a0\u00a0\u00a0\u00a0\u00a0\u00a0\u00a0\u00a0\u00a0\u00a0\u00a0<\/strong><\/span><\/p>\n<p><span style=\"color: #464646;\"><strong>T\u00edtulo:\u00a0<\/strong><a style=\"color: #464646;\" href=\"https:\/\/wp.ufpel.edu.br\/ppgveterinaria\/files\/2019\/08\/Stela-Mari-Meneghello-Gheller.pdf\" target=\"_blank\" rel=\"noopener noreferrer\">Criopreserva\u00e7\u00e3o de s\u00eamen de jundi\u00e1 amaz\u00f4nico (<em>Leiarius marmoratus<\/em>) e refrigera\u00e7\u00e3o de s\u00eamen equino<\/a><\/span><\/p>\n<p><span style=\"color: #464646;\"><strong>Orientador: <\/strong>Antonio Sergio Varela Junior<\/span><\/p>\n<p><span style=\"color: #464646;\"><strong>Data da Defesa:\u00a0<\/strong>18\/02\/2019<\/span><\/p>\n<p><span style=\"color: #464646;\">__________________________________________________________________________<\/span><\/p>\n<p><strong>\u00a0 \u00a0<\/strong><\/p>\n","protected":false},"excerpt":{"rendered":"<p>&nbsp; Teses 2019 &nbsp; __________________________________________________________________________ Ana Carolina Barreto Coelho\u00a0\u00a0\u00a0\u00a0 T\u00edtulo:\u00a0Neoplasias diagnosticadas em caninos na regi\u00e3o sul do Rio Grande do Sul entre 2000-2017: correla\u00e7\u00e3o histoqu\u00edmica, imuno-histoqu\u00edmica e varia\u00e7\u00f5es gen\u00e9ticas Orientador:\u00a0Ana Lucia Pereira Schild Data da Defesa:\u00a022\/02\/2019 __________________________________________________________________________ Andreia Nobre Anciuti\u00a0\u00a0\u00a0\u00a0\u00a0\u00a0 T\u00edtulo:\u00a0Biomodelos e simuladores: da pesquisa ao ensino Orientador:\u00a0Carine Dahl Corcini Data da Defesa:\u00a011\/04\/2019 __________________________________________________________________________ Antonio [&hellip;]<\/p>\n","protected":false},"author":391,"featured_media":0,"parent":426,"menu_order":-5,"comment_status":"closed","ping_status":"closed","template":"","meta":{"footnotes":""},"class_list":["post-4204","page","type-page","status-publish","hentry"],"_links":{"self":[{"href":"https:\/\/wp.ufpel.edu.br\/ppgveterinaria\/wp-json\/wp\/v2\/pages\/4204","targetHints":{"allow":["GET"]}}],"collection":[{"href":"https:\/\/wp.ufpel.edu.br\/ppgveterinaria\/wp-json\/wp\/v2\/pages"}],"about":[{"href":"https:\/\/wp.ufpel.edu.br\/ppgveterinaria\/wp-json\/wp\/v2\/types\/page"}],"author":[{"embeddable":true,"href":"https:\/\/wp.ufpel.edu.br\/ppgveterinaria\/wp-json\/wp\/v2\/users\/391"}],"replies":[{"embeddable":true,"href":"https:\/\/wp.ufpel.edu.br\/ppgveterinaria\/wp-json\/wp\/v2\/comments?post=4204"}],"version-history":[{"count":19,"href":"https:\/\/wp.ufpel.edu.br\/ppgveterinaria\/wp-json\/wp\/v2\/pages\/4204\/revisions"}],"predecessor-version":[{"id":7335,"href":"https:\/\/wp.ufpel.edu.br\/ppgveterinaria\/wp-json\/wp\/v2\/pages\/4204\/revisions\/7335"}],"up":[{"embeddable":true,"href":"https:\/\/wp.ufpel.edu.br\/ppgveterinaria\/wp-json\/wp\/v2\/pages\/426"}],"wp:attachment":[{"href":"https:\/\/wp.ufpel.edu.br\/ppgveterinaria\/wp-json\/wp\/v2\/media?parent=4204"}],"curies":[{"name":"wp","href":"https:\/\/api.w.org\/{rel}","templated":true}]}}