{"id":4200,"date":"2019-08-26T16:05:28","date_gmt":"2019-08-26T19:05:28","guid":{"rendered":"https:\/\/wp.ufpel.edu.br\/ppgveterinaria\/?page_id=4200"},"modified":"2022-12-30T10:14:08","modified_gmt":"2022-12-30T13:14:08","slug":"2019-2","status":"publish","type":"page","link":"https:\/\/wp.ufpel.edu.br\/ppgveterinaria\/dissertacoesteses\/dissertacoes\/2019-2\/","title":{"rendered":"2019"},"content":{"rendered":"<p>&nbsp;<\/p>\n<ul>\n<li><span style=\"color: #464646;\"><strong>Disserta\u00e7\u00f5es 2019<\/strong><\/span><\/li>\n<\/ul>\n<p>&nbsp;<\/p>\n<p><span style=\"color: #464646;\">__________________________________________________________________________<\/span><\/p>\n<p><span style=\"color: #464646;\"><strong>Alice Silveira Becker<\/strong><\/span><\/p>\n<p><span style=\"color: #464646;\"><strong>T\u00edtulo: <\/strong><a style=\"color: #464646;\" href=\"https:\/\/wp.ufpel.edu.br\/ppgveterinaria\/files\/2020\/09\/Alice-Silveira-Becker.pdf\" target=\"_blank\" rel=\"noopener noreferrer\">Detec\u00e7\u00e3o molecular de <em>Alphaherpesvirus felideo<\/em> 1 e <em>Calicivirus felino<\/em> em gatos dom\u00e9sticos<\/a><\/span><\/p>\n<p><span style=\"color: #464646;\"><strong>Orientador:<\/strong> Silvia de Oliveira H\u00fcbner<\/span><\/p>\n<p><span style=\"color: #464646;\"><strong>Data da Defesa: <\/strong>20\/12\/2019<\/span><\/p>\n<p><span style=\"color: #464646;\">__________________________________________________________________________<\/span><\/p>\n<p><span style=\"color: #464646;\"><strong>Aur\u00e9lio Luciano Costa<\/strong><\/span><\/p>\n<p><span style=\"color: #464646;\"><strong>T\u00edtulo: <\/strong><a style=\"color: #464646;\" href=\"https:\/\/wp.ufpel.edu.br\/ppgveterinaria\/files\/2020\/01\/Aur\u00e9lio-Luciano-Costa-Resumo.pdf\" target=\"_blank\" rel=\"noopener noreferrer\">Utiliza\u00e7\u00e3o de formas farmac\u00eauticas t\u00f3picas contendo extratos vegetais no tratamento de otite externa experimentalmente induzida em modelo murino<\/a><\/span><\/p>\n<p><span style=\"color: #464646;\"><strong>Orientador:<\/strong>\u00a0M\u00e1rcia de Oliveira Nobre<\/span><\/p>\n<p><span style=\"color: #464646;\"><strong>Data da Defesa:\u00a0<\/strong>19\/02\/2019<\/span><\/p>\n<p><span style=\"color: #464646;\">__________________________________________________________________________<\/span><\/p>\n<p><span style=\"color: #464646;\"><strong>Bruna Daniela dos Santos Valle\u00a0\u00a0\u00a0\u00a0\u00a0\u00a0\u00a0\u00a0\u00a0\u00a0\u00a0<\/strong><\/span><\/p>\n<p><span style=\"color: #464646;\"><strong>T\u00edtulo: <\/strong><a style=\"color: #464646;\" href=\"https:\/\/wp.ufpel.edu.br\/ppgveterinaria\/files\/2022\/12\/Bruna-Daniela-dos-Santos-Valle.pdf\" target=\"_blank\" rel=\"noopener\">Altera\u00e7\u00f5es anatomopatol\u00f3gicas renais em c\u00e3es e gatos<\/a><\/span><\/p>\n<p><span style=\"color: #464646;\"><strong>Orientador:<\/strong>\u00a0Fabiane Borelli Grecco<\/span><\/p>\n<p><span style=\"color: #464646;\"><strong>Data da Defesa:\u00a0<\/strong>25\/02\/2019<\/span><\/p>\n<p><span style=\"color: #464646;\">__________________________________________________________________________<\/span><\/p>\n<p><span style=\"color: #464646;\"><strong>Camila Amaral D\u2019Avila\u00a0\u00a0\u00a0\u00a0\u00a0\u00a0<\/strong><\/span><\/p>\n<p><span style=\"color: #464646;\"><strong>T\u00edtulo:\u00a0<\/strong><a style=\"color: #464646;\" href=\"https:\/\/wp.ufpel.edu.br\/ppgveterinaria\/files\/2019\/09\/Camila-Amaral-DAvila.pdf\" target=\"_blank\" rel=\"noopener noreferrer\">Efeito da prostaglandina e anti-inflamat\u00f3rio n\u00e3o esteroidal no processo ovulat\u00f3rio em bovinos<\/a><\/span><\/p>\n<p><span style=\"color: #464646;\"><strong>Orientador:<\/strong>\u00a0Thomaz Lucia J\u00fanior<\/span><\/p>\n<p><span style=\"color: #464646;\"><strong>Data da Defesa:\u00a0<\/strong>22\/02\/2019<\/span><\/p>\n<p><span style=\"color: #464646;\">__________________________________________________________________________<\/span><\/p>\n<p><span style=\"color: #464646;\"><strong>Camila Ribeiro Carvalho de Brito\u00a0\u00a0\u00a0\u00a0\u00a0\u00a0\u00a0\u00a0\u00a0\u00a0\u00a0<\/strong><\/span><\/p>\n<p><span style=\"color: #464646;\"><strong>T\u00edtulo: <\/strong><a style=\"color: #464646;\" href=\"https:\/\/wp.ufpel.edu.br\/ppgveterinaria\/files\/2021\/05\/Camila-Ribeiro-Carvalho-de-Brito.pdf\" target=\"_blank\" rel=\"noopener\">Big data as a source for tracking boar stud productivity and effect of extender centrifugation and sonication on sperm parameters of freeze-thaw boar semen<\/a><\/span><\/p>\n<p><span style=\"color: #464646;\"><strong>Orientador:<\/strong>\u00a0Carine Dahl Corcini<\/span><\/p>\n<p><span style=\"color: #464646;\"><strong>Data da Defesa:\u00a0<\/strong>21\/02\/2019<\/span><\/p>\n<p><span style=\"color: #464646;\">__________________________________________________________________________<\/span><\/p>\n<p><span style=\"color: #464646;\"><strong>Carla Augusta Sassi da Costa Garcia<\/strong><\/span><\/p>\n<p><span style=\"color: #464646;\"><strong>T\u00edtulo:\u00a0<\/strong><a style=\"color: #464646;\" href=\"https:\/\/wp.ufpel.edu.br\/ppgveterinaria\/files\/2020\/01\/Carla-Augusta-Sassi-da-Costa-Garcia.pdf\" target=\"_blank\" rel=\"noopener noreferrer\">Frequ\u00eancia card\u00edaca, lactacidemia e gasto energ\u00e9tico de equinos da ra\u00e7a Crioula em provas credenciadoras ao Freio de Ouro<\/a><\/span><\/p>\n<p><span style=\"color: #464646;\"><strong>Orientador:<\/strong>\u00a0Marcio Nunes Corr\u00eaa<\/span><\/p>\n<p><span style=\"color: #464646;\"><strong>Data da Defesa:\u00a0<\/strong>06\/05\/2019<\/span><\/p>\n<p><span style=\"color: #464646;\">__________________________________________________________________________<\/span><\/p>\n<p><span style=\"color: #464646;\"><strong>Edenara Anast\u00e1cio da Silva<\/strong><\/span><\/p>\n<p><span style=\"color: #464646;\"><strong>T\u00edtulo: <\/strong><a style=\"color: #464646;\" href=\"https:\/\/wp.ufpel.edu.br\/ppgveterinaria\/files\/2022\/05\/Edenara-Anastacio-da-Silva-Resumo.pdf\" target=\"_blank\" rel=\"noopener\">Nanopart\u00edculas de lipoprote\u00edna de baixa densidade na criopreserva\u00e7\u00e3o do s\u00eamen canino<\/a><\/span><\/p>\n<p><span style=\"color: #464646;\"><strong>Orientador:<\/strong>\u00a0Antonio Sergio Varela Junior<\/span><\/p>\n<p><span style=\"color: #464646;\"><strong>Data da Defesa:\u00a0<\/strong>07\/03\/2019<\/span><\/p>\n<p><span style=\"color: #464646;\">__________________________________________________________________________<\/span><\/p>\n<p><span style=\"color: #464646;\"><strong>Fernanda Timbo D\u2019el Rey Dantas\u00a0\u00a0\u00a0\u00a0\u00a0\u00a0<\/strong><\/span><\/p>\n<p><span style=\"color: #464646;\"><strong>T\u00edtulo: <\/strong><a style=\"color: #464646;\" href=\"https:\/\/wp.ufpel.edu.br\/ppgveterinaria\/files\/2020\/09\/Fernanda-Timbo-Del-Rey-Dantas.pdf\" target=\"_blank\" rel=\"noopener noreferrer\">Estrat\u00e9gias de diagn\u00f3stico e tratamento da gesta\u00e7\u00e3o de risco em \u00e9guas<\/a><\/span><\/p>\n<p><span style=\"color: #464646;\"><strong>Orientador:<\/strong>\u00a0Bruna da Rosa Curcio<\/span><\/p>\n<p><span style=\"color: #464646;\"><strong>Data da Defesa:\u00a0<\/strong>26\/02\/2019<\/span><\/p>\n<p><span style=\"color: #464646;\">__________________________________________________________________________<\/span><\/p>\n<p><span style=\"color: #464646;\"><strong>Haide Valeska Scheid\u00a0\u00a0\u00a0\u00a0\u00a0\u00a0\u00a0\u00a0\u00a0\u00a0\u00a0<\/strong><\/span><\/p>\n<p><span style=\"color: #464646;\"><strong>T\u00edtulo: <\/strong><a style=\"color: #464646;\" href=\"https:\/\/wp.ufpel.edu.br\/ppgveterinaria\/files\/2020\/12\/Haide-Valeska-Scheid.pdf\" target=\"_blank\" rel=\"noopener noreferrer\">Doen\u00e7as de felinos dom\u00e9sticos diagnosticadas no Laborat\u00f3rio Regional de Diagn\u00f3stico da UFPel<\/a><\/span><\/p>\n<p><span style=\"color: #464646;\"><strong>Orientador:<\/strong>\u00a0Eliza Simone Vi\u00e9gas Sallis<\/span><\/p>\n<p><span style=\"color: #464646;\"><strong>Data da Defesa:\u00a0<\/strong>27\/02\/2019<\/span><\/p>\n<p><span style=\"color: #464646;\">__________________________________________________________________________<\/span><\/p>\n<p><span style=\"color: #464646;\"><strong>Helen Cabaldi Franz\u00a0\u00a0\u00a0\u00a0\u00a0\u00a0<\/strong><\/span><\/p>\n<p><span style=\"color: #464646;\"><strong>T\u00edtulo:\u00a0<\/strong><a style=\"color: #464646;\" href=\"https:\/\/wp.ufpel.edu.br\/ppgveterinaria\/files\/2019\/08\/Helen-Cabaldi-Franz.pdf\" target=\"_blank\" rel=\"noopener noreferrer\">Avalia\u00e7\u00e3o do efeito imunomodulador de <em>Bacillus toyonensis<\/em> em c\u00e3es vacinados contra Parvov\u00edrus<\/a><\/span><\/p>\n<p><span style=\"color: #464646;\"><strong>Orientador:<\/strong>\u00a0F\u00e1bio Pereira Leivas Leite<\/span><\/p>\n<p><span style=\"color: #464646;\"><strong>Data da Defesa:\u00a0<\/strong>18\/02\/2019<\/span><\/p>\n<p><span style=\"color: #464646;\">__________________________________________________________________________<\/span><\/p>\n<p><span style=\"color: #464646;\"><strong>Helena Pi\u00fama Gon\u00e7alves\u00a0\u00a0\u00a0\u00a0\u00a0\u00a0\u00a0\u00a0\u00a0\u00a0\u00a0<\/strong><\/span><\/p>\n<p><span style=\"color: #464646;\"><strong>T\u00edtulo:\u00a0<\/strong><a style=\"color: #464646;\" href=\"https:\/\/wp.ufpel.edu.br\/ppgveterinaria\/files\/2019\/08\/Helena-Pi\u00fama-Gon\u00e7alves.pdf\" target=\"_blank\" rel=\"noopener noreferrer\">Determina\u00e7\u00e3o da atividade citot\u00f3xica <em>in vitro<\/em> de compostos fitoqu\u00edmicos e associa\u00e7\u00f5es em c\u00e9lulas MDBK e de melanoma (B16F10)<\/a><\/span><\/p>\n<p><span style=\"color: #464646;\"><strong>Orientador:<\/strong>\u00a0Marlete Brum Cleff<\/span><\/p>\n<p><span style=\"color: #464646;\"><strong>Data da Defesa:\u00a0<\/strong>28\/02\/2019<\/span><\/p>\n<p><span style=\"color: #464646;\">__________________________________________________________________________<\/span><\/p>\n<p><span style=\"color: #464646;\"><strong>Jana\u00edna Fadrique da Silva\u00a0\u00a0\u00a0\u00a0\u00a0\u00a0<\/strong><\/span><\/p>\n<p><span style=\"color: #464646;\"><strong>T\u00edtulo:\u00a0<\/strong><a style=\"color: #464646;\" href=\"https:\/\/wp.ufpel.edu.br\/ppgveterinaria\/files\/2020\/01\/Jana\u00edna-Fadrique-da-Silva.pdf\" target=\"_blank\" rel=\"noopener noreferrer\">Avalia\u00e7\u00e3o da soropreval\u00eancia e fatores de risco para leptospirose em rebanhos bovinos leiteiros de diferentes mesorregi\u00f5es do Rio Grande do Sul<\/a><\/span><\/p>\n<p><span style=\"color: #464646;\"><strong>Orientador:<\/strong>\u00a0Odir Antonio Dellagostin<\/span><\/p>\n<p><span style=\"color: #464646;\"><strong>Data da Defesa:\u00a0<\/strong>28\/02\/2019<\/span><\/p>\n<p><span style=\"color: #464646;\">__________________________________________________________________________<\/span><\/p>\n<p><span style=\"color: #464646;\"><strong>Joanna Vargas Zillig Echenique\u00a0\u00a0\u00a0\u00a0\u00a0\u00a0\u00a0\u00a0\u00a0\u00a0\u00a0<\/strong><\/span><\/p>\n<p><span style=\"color: #464646;\"><strong>T\u00edtulo:\u00a0<\/strong><a style=\"color: #464646;\" href=\"https:\/\/wp.ufpel.edu.br\/ppgveterinaria\/files\/2019\/09\/Joanna-Vargas-Zillig-Echenique-Resumo.pdf\" target=\"_blank\" rel=\"noopener noreferrer\">Doen\u00e7as de aves silvestres na regi\u00e3o sul do Rio Grande do Sul<\/a><\/span><\/p>\n<p><span style=\"color: #464646;\"><strong>Orientador:<\/strong>\u00a0Ana Lucia Pereira Schild<\/span><\/p>\n<p><span style=\"color: #464646;\"><strong>Data da Defesa:\u00a0<\/strong>22\/02\/2019<\/span><\/p>\n<p><span style=\"color: #464646;\">__________________________________________________________________________<\/span><\/p>\n<p><span style=\"color: #464646;\"><strong>Jos\u00e9 Victor Vieira Isola<\/strong><\/span><\/p>\n<p><span style=\"color: #464646;\"><strong>T\u00edtulo:\u00a0<\/strong><a style=\"color: #464646;\" href=\"https:\/\/wp.ufpel.edu.br\/ppgveterinaria\/files\/2020\/01\/Jos\u00e9-Victor-Vieira-Isola.pdf\" target=\"_blank\" rel=\"noopener noreferrer\">Ovarian aging in growth hormone receptor knockout mice supplemented with 17\u03b1-Estradiol<\/a><\/span><\/p>\n<p><span style=\"color: #464646;\"><strong>Orientador:<\/strong>\u00a0Augusto Schneider<\/span><\/p>\n<p><span style=\"color: #464646;\"><strong>Data da Defesa:\u00a0<\/strong>08\/03\/2019<\/span><\/p>\n<p><span style=\"color: #464646;\">__________________________________________________________________________<\/span><\/p>\n<p><span style=\"color: #464646;\"><strong>Julia Rosin da Silva\u00a0\u00a0\u00a0\u00a0\u00a0\u00a0<\/strong><\/span><\/p>\n<p><span style=\"color: #464646;\"><strong>T\u00edtulo:\u00a0<\/strong><a style=\"color: #464646;\" href=\"https:\/\/wp.ufpel.edu.br\/ppgveterinaria\/files\/2019\/09\/Julia-Rosin-da-Silva.pdf\" target=\"_blank\" rel=\"noopener noreferrer\">Caracteriza\u00e7\u00e3o fenot\u00edpica de <em>Staphylococcus aureus<\/em> isolados de alimentos de origem animal e de outras fontes relacionadas<\/a><\/span><\/p>\n<p><span style=\"color: #464646;\"><strong>Orientador:<\/strong>\u00a0Cl\u00e1udio Dias Timm<\/span><\/p>\n<p><span style=\"color: #464646;\"><strong>Data da Defesa:\u00a0<\/strong>12\/02\/2019<\/span><\/p>\n<p><span style=\"color: #464646;\">__________________________________________________________________________<\/span><\/p>\n<p><span style=\"color: #464646;\"><strong>La\u00eds Santos de Freitas<\/strong><\/span><\/p>\n<p><span style=\"color: #464646;\"><strong>T\u00edtulo: <\/strong><a style=\"color: #464646;\" href=\"https:\/\/wp.ufpel.edu.br\/ppgveterinaria\/files\/2019\/10\/La\u00eds-Santos-de-Freitas.pdf\" target=\"_blank\" rel=\"noopener noreferrer\">Levantamento sorol\u00f3gico da leptospirose su\u00edna em animais abatidos em um frigor\u00edfico da cidade de Pelotas\/RS<\/a><\/span><\/p>\n<p><span style=\"color: #464646;\"><strong>Orientador:<\/strong>\u00a0\u00c9verton Fagonde da Silva<\/span><\/p>\n<p><span style=\"color: #464646;\"><strong>Data da Defesa:\u00a0<\/strong>22\/02\/2019<\/span><\/p>\n<p><span style=\"color: #464646;\">__________________________________________________________________________<\/span><\/p>\n<p><span style=\"color: #464646;\"><strong>Lucas Schneider<\/strong><\/span><\/p>\n<p><span style=\"color: #464646;\"><strong>T\u00edtulo: <\/strong><a style=\"color: #464646;\" href=\"https:\/\/wp.ufpel.edu.br\/ppgveterinaria\/files\/2022\/12\/Lucas-Schneider.pdf\" target=\"_blank\" rel=\"noopener\">Carcinoma de c\u00e9lulas escamosas cut\u00e2neo em c\u00e3es<\/a><\/span><\/p>\n<p><span style=\"color: #464646;\"><strong>Orientador:<\/strong>\u00a0Fabiane Borelli Grecco<\/span><\/p>\n<p><span style=\"color: #464646;\"><strong>Data da Defesa:\u00a0<\/strong>06\/06\/2019<\/span><\/p>\n<p><span style=\"color: #464646;\">__________________________________________________________________________<\/span><\/p>\n<p><span style=\"color: #464646;\"><strong>Mariana Andrade Mousquer<\/strong><\/span><\/p>\n<p><span style=\"color: #464646;\"><strong>T\u00edtulo:\u00a0<\/strong><a style=\"color: #464646;\" href=\"https:\/\/wp.ufpel.edu.br\/ppgveterinaria\/files\/2019\/09\/Mariana-Andrade-Mousquer.pdf\" target=\"_blank\" rel=\"noopener noreferrer\">Curva glicoinsulin\u00eamica em \u00e9guas durante a gesta\u00e7\u00e3o e sua rela\u00e7\u00e3o com o peso e altura dos neonatos<\/a><\/span><\/p>\n<p><span style=\"color: #464646;\"><strong>Orientador:<\/strong>\u00a0Carlos Eduardo Wayne Nogueira<\/span><\/p>\n<p><span style=\"color: #464646;\"><strong>Data da Defesa:\u00a0<\/strong>15\/01\/2019<\/span><\/p>\n<p><span style=\"color: #464646;\">__________________________________________________________________________<\/span><\/p>\n<p><span style=\"color: #464646;\"><strong>Patr\u00edcia Carvalho Gindri<\/strong><\/span><\/p>\n<p><span style=\"color: #464646;\"><strong>T\u00edtulo:\u00a0<\/strong><a style=\"color: #464646;\" href=\"https:\/\/wp.ufpel.edu.br\/ppgveterinaria\/files\/2019\/10\/Patr\u00edcia-Carvalho-Gindri.pdf\" target=\"_blank\" rel=\"noopener noreferrer\">Efeito da aplica\u00e7\u00e3o intrafolicular de lipopolissacar\u00eddeo sobre o desenvolvimento folicular e momento da ovula\u00e7\u00e3o em f\u00eameas bovinas<\/a><\/span><\/p>\n<p><span style=\"color: #464646;\"><strong>Orientador:<\/strong>\u00a0Augusto Schneider<\/span><\/p>\n<p><span style=\"color: #464646;\"><strong>Data da Defesa:\u00a0<\/strong>25\/02\/2019<\/span><\/p>\n<p><span style=\"color: #464646;\">__________________________________________________________________________<\/span><\/p>\n<p><span style=\"color: #464646;\"><strong>Patr\u00edcia Silveira Vargas<\/strong><\/span><\/p>\n<p><span style=\"color: #464646;\"><strong>T\u00edtulo:\u00a0<\/strong><a style=\"color: #464646;\" href=\"https:\/\/wp.ufpel.edu.br\/ppgveterinaria\/files\/2019\/08\/Patr\u00edcia-Silveira-Vargas.pdf\" target=\"_blank\" rel=\"noopener noreferrer\">An\u00e1lise anatomopatol\u00f3gica de les\u00f5es encontradas em \u00fateros de cadelas (<em>Canis l\u00fapus familiaris<\/em>) e mulheres (<em>Homo sapiens<\/em>)<\/a><\/span><\/p>\n<p><span style=\"color: #464646;\"><strong>Orientador:<\/strong>\u00a0Eliza Simone Vi\u00e9gas Sallis<\/span><\/p>\n<p><span style=\"color: #464646;\"><strong>Data da Defesa:\u00a0<\/strong>26\/02\/2019<\/span><\/p>\n<p><span style=\"color: #464646;\">__________________________________________________________________________<\/span><\/p>\n<p><span style=\"color: #464646;\"><strong>Risciela Salardi Alves de Brito<\/strong><\/span><\/p>\n<p><span style=\"color: #464646;\"><strong>T\u00edtulo:\u00a0<\/strong><a style=\"color: #464646;\" href=\"https:\/\/wp.ufpel.edu.br\/ppgveterinaria\/files\/2019\/09\/Risciela-Salardi-Alves-de-Brito-Resumo.pdf\" target=\"_blank\" rel=\"noopener noreferrer\">Avalia\u00e7\u00e3o do potencial terap\u00eautico de formula\u00e7\u00f5es otol\u00f3gicas com extratos vegetais no tratamento da otite externa canina<\/a><\/span><\/p>\n<p><span style=\"color: #464646;\"><strong>Orientador:<\/strong>\u00a0M\u00e1rcia de Oliveira Nobre<\/span><\/p>\n<p><span style=\"color: #464646;\"><strong>Data da Defesa:\u00a0<\/strong>19\/02\/2019<\/span><\/p>\n<p><span style=\"color: #464646;\">__________________________________________________________________________<\/span><\/p>\n<p><span style=\"color: #464646;\"><strong>Taina dos Santos Alberti<\/strong><\/span><\/p>\n<p><span style=\"color: #464646;\"><strong>T\u00edtulo:\u00a0<\/strong><a style=\"color: #464646;\" href=\"https:\/\/wp.ufpel.edu.br\/ppgveterinaria\/files\/2019\/08\/Taina-dos-Santos-Alberti.pdf\" target=\"_blank\" rel=\"noopener noreferrer\">Ocorr\u00eancia de tuberculose e actinobacilose em bovinos no sul do Rio Grande do Sul, no per\u00edodo de 2000 a 2015<\/a><\/span><\/p>\n<p><span style=\"color: #464646;\"><strong>Orientador:<\/strong>\u00a0Eliza Simone Vi\u00e9gas Sallis<\/span><\/p>\n<p><span style=\"color: #464646;\"><strong>Data da Defesa:\u00a0<\/strong>25\/02\/2019<\/span><\/p>\n<p><span style=\"color: #464646;\">__________________________________________________________________________<\/span><\/p>\n<p><span style=\"color: #464646;\"><strong>Tham\u00edris Pereira de Moraes<\/strong><\/span><\/p>\n<p><span style=\"color: #464646;\"><strong>T\u00edtulo:\u00a0<\/strong><a style=\"color: #464646;\" href=\"https:\/\/wp.ufpel.edu.br\/ppgveterinaria\/files\/2019\/10\/Tham\u00edris-Pereira-de-Moraes.pdf\" target=\"_blank\" rel=\"noopener noreferrer\">Similaridade gen\u00e9tica entre cepas de micro-organismos patog\u00eanicos isolados de leitarias e de aves silvestres capturadas nestes estabelecimentos<\/a><\/span><\/p>\n<p><span style=\"color: #464646;\"><strong>Orientador:<\/strong>\u00a0Cl\u00e1udio Dias Timm<\/span><\/p>\n<p><span style=\"color: #464646;\"><strong>Data da Defesa:\u00a0<\/strong>19\/02\/2019<\/span><\/p>\n<p><span style=\"color: #464646;\">__________________________________________________________________________<\/span><\/p>\n<p><span style=\"color: #464646;\"><strong>\u00a0 \u00a0 \u00a0<\/strong><\/span><\/p>\n","protected":false},"excerpt":{"rendered":"<p>&nbsp; Disserta\u00e7\u00f5es 2019 &nbsp; __________________________________________________________________________ Alice Silveira Becker T\u00edtulo: Detec\u00e7\u00e3o molecular de Alphaherpesvirus felideo 1 e Calicivirus felino em gatos dom\u00e9sticos Orientador: Silvia de Oliveira H\u00fcbner Data da Defesa: 20\/12\/2019 __________________________________________________________________________ Aur\u00e9lio Luciano Costa T\u00edtulo: Utiliza\u00e7\u00e3o de formas farmac\u00eauticas t\u00f3picas contendo extratos vegetais no tratamento de otite externa experimentalmente induzida em modelo murino Orientador:\u00a0M\u00e1rcia de [&hellip;]<\/p>\n","protected":false},"author":391,"featured_media":0,"parent":152,"menu_order":-5,"comment_status":"closed","ping_status":"closed","template":"","meta":{"footnotes":""},"class_list":["post-4200","page","type-page","status-publish","hentry"],"_links":{"self":[{"href":"https:\/\/wp.ufpel.edu.br\/ppgveterinaria\/wp-json\/wp\/v2\/pages\/4200","targetHints":{"allow":["GET"]}}],"collection":[{"href":"https:\/\/wp.ufpel.edu.br\/ppgveterinaria\/wp-json\/wp\/v2\/pages"}],"about":[{"href":"https:\/\/wp.ufpel.edu.br\/ppgveterinaria\/wp-json\/wp\/v2\/types\/page"}],"author":[{"embeddable":true,"href":"https:\/\/wp.ufpel.edu.br\/ppgveterinaria\/wp-json\/wp\/v2\/users\/391"}],"replies":[{"embeddable":true,"href":"https:\/\/wp.ufpel.edu.br\/ppgveterinaria\/wp-json\/wp\/v2\/comments?post=4200"}],"version-history":[{"count":34,"href":"https:\/\/wp.ufpel.edu.br\/ppgveterinaria\/wp-json\/wp\/v2\/pages\/4200\/revisions"}],"predecessor-version":[{"id":6190,"href":"https:\/\/wp.ufpel.edu.br\/ppgveterinaria\/wp-json\/wp\/v2\/pages\/4200\/revisions\/6190"}],"up":[{"embeddable":true,"href":"https:\/\/wp.ufpel.edu.br\/ppgveterinaria\/wp-json\/wp\/v2\/pages\/152"}],"wp:attachment":[{"href":"https:\/\/wp.ufpel.edu.br\/ppgveterinaria\/wp-json\/wp\/v2\/media?parent=4200"}],"curies":[{"name":"wp","href":"https:\/\/api.w.org\/{rel}","templated":true}]}}