{"id":4111,"date":"2019-07-16T19:12:54","date_gmt":"2019-07-16T22:12:54","guid":{"rendered":"https:\/\/wp.ufpel.edu.br\/ppgveterinaria\/?page_id=4111"},"modified":"2025-06-20T12:07:43","modified_gmt":"2025-06-20T15:07:43","slug":"regimento","status":"publish","type":"page","link":"https:\/\/wp.ufpel.edu.br\/ppgveterinaria\/docs\/regimento\/","title":{"rendered":"Regimento PPGV"},"content":{"rendered":"<p>&nbsp;<\/p>\n<p style=\"text-align: justify;\"><span style=\"color: #464646; font-family: georgia, palatino, serif; font-size: 12pt;\">O Regimento do Programa de P\u00f3s-Gradua\u00e7\u00e3o em Veterin\u00e1ria da Universidade Federal de Pelotas \u00e9 o documento que orienta todo o funcionamento dos cursos de mestrado e de doutorado. O documento \u00e9 composto por cap\u00edtulos que dissertam sobre os objetivos e as finalidades do Programa, a administra\u00e7\u00e3o, o corpo docente, os orientadores e coorientadores, a admiss\u00e3o ao Programa, as matr\u00edculas, a organiza\u00e7\u00e3o did\u00e1tica, as disserta\u00e7\u00f5es, qualifica\u00e7\u00f5es e teses, e as disposi\u00e7\u00f5es gerais e transit\u00f3rias.<\/span><\/p>\n<p>&nbsp;<\/p>\n<ul>\n<li style=\"text-align: justify;\"><span style=\"color: #464646; font-family: georgia, palatino, serif; font-size: 12pt;\"><a style=\"color: #464646;\" href=\"https:\/\/wp.ufpel.edu.br\/ppgveterinaria\/files\/2014\/07\/REGIMENTO_-PPGV_2014.pdf\" target=\"_blank\" rel=\"noopener noreferrer\">Regimento PPGV<\/a> &#8211; at\u00e9 2020<\/span><\/li>\n<li style=\"text-align: justify;\"><span style=\"color: #464646; font-family: georgia, palatino, serif; font-size: 12pt;\"><a style=\"color: #464646;\" href=\"https:\/\/wp.ufpel.edu.br\/ppgveterinaria\/files\/2020\/12\/Regimento_PPGV_dez_2020.pdf\" target=\"_blank\" rel=\"noopener noreferrer\">Regimento PPGV <\/a>&#8211; a partir de 2021<\/span><\/li>\n<li><span style=\"color: #464646; font-family: georgia, palatino, serif; font-size: 12pt;\">Regimento PPGV &#8211; Novo (em aprova\u00e7\u00e3o)<\/span><\/li>\n<\/ul>\n<p>&nbsp;<\/p>\n<p><span style=\"font-family: georgia, palatino, serif; font-size: 12pt; color: #464646;\">Regimento PRPPG-UFPel<\/span><\/p>\n<ul>\n<li><span style=\"font-family: georgia, palatino, serif; font-size: 12pt; color: #464646;\"><a style=\"color: #464646;\" href=\"https:\/\/wp.ufpel.edu.br\/prppg\/files\/2013\/08\/afa304d693.doc\">Regimento PRPPG<\/a> &#8211; at\u00e9 2024\u00a0<\/span><\/li>\n<li><span style=\"font-family: georgia, palatino, serif; font-size: 12pt; color: #464646;\"><a style=\"color: #464646;\" href=\"https:\/\/wp.ufpel.edu.br\/prppg\/files\/2025\/02\/Resolucao-no89-2024.-Novo-Regimento-da-Pos-Graduacao.pdf\" target=\"_blank\" rel=\"noopener\">Resolu\u00e7\u00e3o n\u00ba 89-2024 &#8211; Novo Regimento PG<\/a>\u00a0&#8211; a partir de 2025<\/span><\/li>\n<\/ul>\n","protected":false},"excerpt":{"rendered":"<p>&nbsp; O Regimento do Programa de P\u00f3s-Gradua\u00e7\u00e3o em Veterin\u00e1ria da Universidade Federal de Pelotas \u00e9 o documento que orienta todo o funcionamento dos cursos de mestrado e de doutorado. O documento \u00e9 composto por cap\u00edtulos que dissertam sobre os objetivos e as finalidades do Programa, a administra\u00e7\u00e3o, o corpo docente, os orientadores e coorientadores, a [&hellip;]<\/p>\n","protected":false},"author":391,"featured_media":0,"parent":4143,"menu_order":3,"comment_status":"closed","ping_status":"closed","template":"","meta":{"footnotes":""},"class_list":["post-4111","page","type-page","status-publish","hentry"],"_links":{"self":[{"href":"https:\/\/wp.ufpel.edu.br\/ppgveterinaria\/wp-json\/wp\/v2\/pages\/4111","targetHints":{"allow":["GET"]}}],"collection":[{"href":"https:\/\/wp.ufpel.edu.br\/ppgveterinaria\/wp-json\/wp\/v2\/pages"}],"about":[{"href":"https:\/\/wp.ufpel.edu.br\/ppgveterinaria\/wp-json\/wp\/v2\/types\/page"}],"author":[{"embeddable":true,"href":"https:\/\/wp.ufpel.edu.br\/ppgveterinaria\/wp-json\/wp\/v2\/users\/391"}],"replies":[{"embeddable":true,"href":"https:\/\/wp.ufpel.edu.br\/ppgveterinaria\/wp-json\/wp\/v2\/comments?post=4111"}],"version-history":[{"count":17,"href":"https:\/\/wp.ufpel.edu.br\/ppgveterinaria\/wp-json\/wp\/v2\/pages\/4111\/revisions"}],"predecessor-version":[{"id":7309,"href":"https:\/\/wp.ufpel.edu.br\/ppgveterinaria\/wp-json\/wp\/v2\/pages\/4111\/revisions\/7309"}],"up":[{"embeddable":true,"href":"https:\/\/wp.ufpel.edu.br\/ppgveterinaria\/wp-json\/wp\/v2\/pages\/4143"}],"wp:attachment":[{"href":"https:\/\/wp.ufpel.edu.br\/ppgveterinaria\/wp-json\/wp\/v2\/media?parent=4111"}],"curies":[{"name":"wp","href":"https:\/\/api.w.org\/{rel}","templated":true}]}}