{"id":4016,"date":"2019-06-05T16:41:16","date_gmt":"2019-06-05T19:41:16","guid":{"rendered":"https:\/\/wp.ufpel.edu.br\/ppgveterinaria\/?page_id=4016"},"modified":"2020-01-10T09:39:31","modified_gmt":"2020-01-10T12:39:31","slug":"2019-2","status":"publish","type":"page","link":"https:\/\/wp.ufpel.edu.br\/ppgveterinaria\/editais\/pos-doutorado\/2019-2\/","title":{"rendered":"2019"},"content":{"rendered":"<p>&nbsp;<\/p>\n<ul>\n<li><span style=\"color: #464646\"><a style=\"color: #464646\" href=\"https:\/\/wp.ufpel.edu.br\/ppgveterinaria\/files\/2019\/06\/Edital-PNPD-2019-Julho.pdf\" target=\"_blank\" rel=\"noopener noreferrer\">Edital PNPD &#8211; Ingresso em julho de 2019<\/a><\/span><\/li>\n<li><span style=\"color: #464646\"><a style=\"color: #464646\" href=\"https:\/\/wp.ufpel.edu.br\/ppgveterinaria\/files\/2019\/06\/Edital-PNPD-2019-Julho-Retifica\u00e7\u00e3o.pdf\" target=\"_blank\" rel=\"noopener noreferrer\">Edital PNPD &#8211; Ingresso em julho de 2019 &#8211; Retifica\u00e7\u00e3o<\/a><\/span><\/li>\n<li><span style=\"color: #464646\"><a style=\"color: #464646\" href=\"https:\/\/wp.ufpel.edu.br\/ppgveterinaria\/files\/2019\/06\/Edital-PNPD-2019-Julho-Retifica\u00e7\u00e3o-2-Nova-J.pdf\" target=\"_blank\" rel=\"noopener noreferrer\">Edital PNPD &#8211; Ingresso em julho de 2019 &#8211; 2\u00aa Retifica\u00e7\u00e3o<\/a><\/span><\/li>\n<li><span style=\"color: #464646\"><a style=\"color: #464646\" href=\"https:\/\/wp.ufpel.edu.br\/ppgveterinaria\/files\/2019\/06\/Planilha-Orientadores-Site.xlsx\" target=\"_blank\" rel=\"noopener noreferrer\">Planilha de Avalia\u00e7\u00e3o &#8211; Curr\u00edculo Proponente<\/a><\/span><\/li>\n<li><span style=\"color: #464646\"><a style=\"color: #464646\" href=\"https:\/\/wp.ufpel.edu.br\/ppgveterinaria\/files\/2019\/06\/Planilha-Bolsistas-Site.xlsx\" target=\"_blank\" rel=\"noopener noreferrer\">Planilha de Avalia\u00e7\u00e3o &#8211; Curr\u00edculo Bolsista<\/a><\/span><\/li>\n<li><span style=\"color: #464646\"><a style=\"color: #464646\" href=\"https:\/\/wp.ufpel.edu.br\/ppgveterinaria\/pt\/2019\/06\/27\/edital-pnpd-julho-2019-inscricoes-homologadas\/\" target=\"_blank\" rel=\"noopener noreferrer\">Inscri\u00e7\u00f5es Homologadas<\/a><\/span><\/li>\n<li><span style=\"color: #464646\"><a style=\"color: #464646\" href=\"https:\/\/wp.ufpel.edu.br\/ppgveterinaria\/pt\/2019\/07\/03\/edital-pnpd-julho-2019-resultado\/\" target=\"_blank\" rel=\"noopener noreferrer\">Resultado<\/a><\/span><\/li>\n<\/ul>\n<p>&nbsp;<\/p>\n<ul>\n<li><span style=\"color: #464646\"><a style=\"color: #464646\" href=\"https:\/\/wp.ufpel.edu.br\/ppgveterinaria\/files\/2019\/06\/Edital-PNPD-2019-Agosto.pdf\" target=\"_blank\" rel=\"noopener noreferrer\">Edital PNPD &#8211; Ingresso em agosto de 2019<\/a><\/span><\/li>\n<li><span style=\"color: #464646\"><a style=\"color: #464646\" href=\"https:\/\/wp.ufpel.edu.br\/ppgveterinaria\/files\/2019\/06\/Edital-PNPD-2019-Agosto-Retifica\u00e7\u00e3o-Nova-A.pdf\" target=\"_blank\" rel=\"noopener noreferrer\">Edital PNPD &#8211; Ingresso em agosto de 2019 &#8211; Retifica\u00e7\u00e3o<\/a><\/span><\/li>\n<li><span style=\"color: #464646\"><a style=\"color: #464646\" href=\"https:\/\/wp.ufpel.edu.br\/ppgveterinaria\/files\/2019\/06\/Edital-PNPD-2019-Agosto-Retifica\u00e7\u00e3o-Nova-2A.pdf\" target=\"_blank\" rel=\"noopener noreferrer\">Edital PNPD &#8211; Ingresso em agosto de 2019 &#8211; 2\u00aa Retifica\u00e7\u00e3o<\/a><\/span><\/li>\n<li><span style=\"color: #464646\"><a style=\"color: #464646\" href=\"https:\/\/wp.ufpel.edu.br\/ppgveterinaria\/files\/2019\/06\/Planilha-Orientadores-Site.xlsx\" target=\"_blank\" rel=\"noopener noreferrer\">Planilha de Avalia\u00e7\u00e3o &#8211; Curr\u00edculo Proponente<\/a><\/span><\/li>\n<li><span style=\"color: #464646\"><a style=\"color: #464646\" href=\"https:\/\/wp.ufpel.edu.br\/ppgveterinaria\/files\/2019\/06\/Planilha-Bolsistas-Site.xlsx\" target=\"_blank\" rel=\"noopener noreferrer\">Planilha de Avalia\u00e7\u00e3o &#8211; Curr\u00edculo Bolsista<\/a><\/span><\/li>\n<li><span style=\"color: #464646\"><a style=\"color: #464646\" href=\"https:\/\/wp.ufpel.edu.br\/ppgveterinaria\/pt\/2019\/07\/18\/edital-pnpd-agosto-2019-inscricoes-homologadas\/\" target=\"_blank\" rel=\"noopener noreferrer\">Inscri\u00e7\u00f5es Homologadas<\/a><\/span><\/li>\n<li><span style=\"color: #464646\"><a style=\"color: #464646\" href=\"https:\/\/wp.ufpel.edu.br\/ppgveterinaria\/pt\/2019\/07\/29\/edital-pnpd-agosto-2019-resultado\/\" target=\"_blank\" rel=\"noopener noreferrer\">Resultado<\/a><\/span><\/li>\n<\/ul>\n","protected":false},"excerpt":{"rendered":"<p>&nbsp; Edital PNPD &#8211; Ingresso em julho de 2019 Edital PNPD &#8211; Ingresso em julho de 2019 &#8211; Retifica\u00e7\u00e3o Edital PNPD &#8211; Ingresso em julho de 2019 &#8211; 2\u00aa Retifica\u00e7\u00e3o Planilha de Avalia\u00e7\u00e3o &#8211; Curr\u00edculo Proponente Planilha de Avalia\u00e7\u00e3o &#8211; Curr\u00edculo Bolsista Inscri\u00e7\u00f5es Homologadas Resultado &nbsp; Edital PNPD &#8211; Ingresso em agosto de 2019 Edital [&hellip;]<\/p>\n","protected":false},"author":391,"featured_media":0,"parent":3678,"menu_order":9,"comment_status":"closed","ping_status":"closed","template":"","meta":{"footnotes":""},"class_list":["post-4016","page","type-page","status-publish","hentry"],"_links":{"self":[{"href":"https:\/\/wp.ufpel.edu.br\/ppgveterinaria\/wp-json\/wp\/v2\/pages\/4016","targetHints":{"allow":["GET"]}}],"collection":[{"href":"https:\/\/wp.ufpel.edu.br\/ppgveterinaria\/wp-json\/wp\/v2\/pages"}],"about":[{"href":"https:\/\/wp.ufpel.edu.br\/ppgveterinaria\/wp-json\/wp\/v2\/types\/page"}],"author":[{"embeddable":true,"href":"https:\/\/wp.ufpel.edu.br\/ppgveterinaria\/wp-json\/wp\/v2\/users\/391"}],"replies":[{"embeddable":true,"href":"https:\/\/wp.ufpel.edu.br\/ppgveterinaria\/wp-json\/wp\/v2\/comments?post=4016"}],"version-history":[{"count":20,"href":"https:\/\/wp.ufpel.edu.br\/ppgveterinaria\/wp-json\/wp\/v2\/pages\/4016\/revisions"}],"predecessor-version":[{"id":4167,"href":"https:\/\/wp.ufpel.edu.br\/ppgveterinaria\/wp-json\/wp\/v2\/pages\/4016\/revisions\/4167"}],"up":[{"embeddable":true,"href":"https:\/\/wp.ufpel.edu.br\/ppgveterinaria\/wp-json\/wp\/v2\/pages\/3678"}],"wp:attachment":[{"href":"https:\/\/wp.ufpel.edu.br\/ppgveterinaria\/wp-json\/wp\/v2\/media?parent=4016"}],"curies":[{"name":"wp","href":"https:\/\/api.w.org\/{rel}","templated":true}]}}