{"id":3855,"date":"2019-02-19T16:42:40","date_gmt":"2019-02-19T19:42:40","guid":{"rendered":"https:\/\/wp.ufpel.edu.br\/ppgveterinaria\/?page_id=3855"},"modified":"2019-08-05T16:11:44","modified_gmt":"2019-08-05T19:11:44","slug":"2019-2","status":"publish","type":"page","link":"https:\/\/wp.ufpel.edu.br\/ppgveterinaria\/editais\/alunos-especiais\/2019-2\/","title":{"rendered":"2019"},"content":{"rendered":"<p>&nbsp;<\/p>\n<ul>\n<li><span style=\"color: #464646\"><a style=\"color: #464646\" href=\"https:\/\/wp.ufpel.edu.br\/ppgveterinaria\/files\/2014\/07\/Formul%C3%A1rio-Inscri%C3%A7%C3%A3o-Aluno-Especial.doc\" target=\"_blank\" rel=\"noopener noreferrer\">Formul\u00e1rio de Inscri\u00e7\u00e3o &#8211; Aluno Especial<\/a><\/span><\/li>\n<\/ul>\n<p>&nbsp;<\/p>\n<ul>\n<li><span style=\"color: #464646\"><a style=\"color: #464646\" href=\"https:\/\/wp.ufpel.edu.br\/ppgveterinaria\/files\/2019\/03\/SEI_UFPel-0444845-Edital-de-sele%C3%A7%C3%A3o-PRPPGI.pdf\" target=\"_blank\" rel=\"noopener noreferrer\">Edital Aluno Especial 2019-1<\/a> <\/span><\/li>\n<li><span style=\"color: #464646\"><a style=\"color: #464646\" href=\"https:\/\/wp.ufpel.edu.br\/ppgveterinaria\/files\/2019\/03\/Alunos-2019-1.pdf\" target=\"_blank\" rel=\"noopener noreferrer\">Alunos Especiais 2019-1<\/a><\/span><\/li>\n<li><span style=\"color: #464646\"><a style=\"color: #464646\" href=\"https:\/\/wp.ufpel.edu.br\/ppgveterinaria\/files\/2019\/03\/Formul\u00e1rio-Matr\u00edcula.docx\" target=\"_blank\" rel=\"noopener noreferrer\">Formul\u00e1rio de Matr\u00edcula<\/a><\/span><\/li>\n<\/ul>\n<p>&nbsp;<\/p>\n<ul>\n<li><span style=\"color: #464646\"><a style=\"color: #464646\" href=\"https:\/\/wp.ufpel.edu.br\/ppgveterinaria\/files\/2019\/07\/SEI_UFPel-0619466-Edital-de-sele\u00e7\u00e3o-PRPPGI.pdf\" target=\"_blank\" rel=\"noopener noreferrer\">Edital Aluno Especial 2019-2<\/a><\/span><\/li>\n<li><span style=\"color: #464646\"><a style=\"color: #464646\" href=\"https:\/\/wp.ufpel.edu.br\/ppgveterinaria\/pt\/2019\/08\/05\/alunos-especiais-2019-2\/\" target=\"_blank\" rel=\"noopener noreferrer\">Alunos Especiais 2019-2<\/a><\/span><\/li>\n<li><span style=\"color: #464646\"><a style=\"color: #464646\" href=\"https:\/\/wp.ufpel.edu.br\/ppgveterinaria\/files\/2019\/07\/Formul\u00e1rio-Matr\u00edcula.docx\" target=\"_blank\" rel=\"noopener noreferrer\">Formul\u00e1rio de Matr\u00edcula<\/a><\/span><\/li>\n<\/ul>\n","protected":false},"excerpt":{"rendered":"<p>&nbsp; Formul\u00e1rio de Inscri\u00e7\u00e3o &#8211; Aluno Especial &nbsp; Edital Aluno Especial 2019-1 Alunos Especiais 2019-1 Formul\u00e1rio de Matr\u00edcula &nbsp; Edital Aluno Especial 2019-2 Alunos Especiais 2019-2 Formul\u00e1rio de Matr\u00edcula<\/p>\n","protected":false},"author":391,"featured_media":0,"parent":3682,"menu_order":0,"comment_status":"closed","ping_status":"closed","template":"","meta":{"footnotes":""},"class_list":["post-3855","page","type-page","status-publish","hentry"],"_links":{"self":[{"href":"https:\/\/wp.ufpel.edu.br\/ppgveterinaria\/wp-json\/wp\/v2\/pages\/3855","targetHints":{"allow":["GET"]}}],"collection":[{"href":"https:\/\/wp.ufpel.edu.br\/ppgveterinaria\/wp-json\/wp\/v2\/pages"}],"about":[{"href":"https:\/\/wp.ufpel.edu.br\/ppgveterinaria\/wp-json\/wp\/v2\/types\/page"}],"author":[{"embeddable":true,"href":"https:\/\/wp.ufpel.edu.br\/ppgveterinaria\/wp-json\/wp\/v2\/users\/391"}],"replies":[{"embeddable":true,"href":"https:\/\/wp.ufpel.edu.br\/ppgveterinaria\/wp-json\/wp\/v2\/comments?post=3855"}],"version-history":[{"count":10,"href":"https:\/\/wp.ufpel.edu.br\/ppgveterinaria\/wp-json\/wp\/v2\/pages\/3855\/revisions"}],"predecessor-version":[{"id":4171,"href":"https:\/\/wp.ufpel.edu.br\/ppgveterinaria\/wp-json\/wp\/v2\/pages\/3855\/revisions\/4171"}],"up":[{"embeddable":true,"href":"https:\/\/wp.ufpel.edu.br\/ppgveterinaria\/wp-json\/wp\/v2\/pages\/3682"}],"wp:attachment":[{"href":"https:\/\/wp.ufpel.edu.br\/ppgveterinaria\/wp-json\/wp\/v2\/media?parent=3855"}],"curies":[{"name":"wp","href":"https:\/\/api.w.org\/{rel}","templated":true}]}}