{"id":3711,"date":"2018-10-22T17:14:38","date_gmt":"2018-10-22T20:14:38","guid":{"rendered":"https:\/\/wp.ufpel.edu.br\/ppgveterinaria\/?page_id=3711"},"modified":"2021-03-24T19:12:55","modified_gmt":"2021-03-24T22:12:55","slug":"2019-2","status":"publish","type":"page","link":"https:\/\/wp.ufpel.edu.br\/ppgveterinaria\/editais\/mestrado-e-doutorado\/2019-2\/","title":{"rendered":"2019"},"content":{"rendered":"<p>&nbsp;<\/p>\n<ul>\n<li><span style=\"color: #464646\"><a style=\"color: #464646\" href=\"https:\/\/wp.ufpel.edu.br\/ppgveterinaria\/files\/2019\/06\/SEI_UFPel-0565368-Edital-de-sele\u00e7\u00e3o-PRPPGI-Chamada-Extra.pdf\" target=\"_blank\" rel=\"noopener noreferrer\">Edital Doutorado &#8211; Ingresso em 2019 &#8211; Chamada Extra<\/a><\/span><\/li>\n<li><span style=\"color: #464646\"><a style=\"color: #464646\" href=\"https:\/\/wp.ufpel.edu.br\/ppgveterinaria\/files\/2019\/06\/Checklist-Inscri\u00e7\u00e3o-Sele\u00e7\u00e3o-2019-Chamada-Extra.docx\" target=\"_blank\" rel=\"noopener noreferrer\">Checklist &#8211; Chamada Extra<\/a><\/span><\/li>\n<li><span style=\"color: #464646\"><a style=\"color: #464646\" href=\"https:\/\/wp.ufpel.edu.br\/ppgveterinaria\/pt\/inscricoes-homologadas-chamada-extra-doutorado\/\" target=\"_blank\" rel=\"noopener noreferrer\">Inscri\u00e7\u00f5es homologadas<\/a><\/span><\/li>\n<li><span style=\"color: #464646\"><a style=\"color: #464646\" href=\"https:\/\/wp.ufpel.edu.br\/ppgveterinaria\/pt\/resultado-chamada-extra-doutorado\/\" target=\"_blank\" rel=\"noopener noreferrer\">Resultado<\/a><\/span><\/li>\n<\/ul>\n<p>&nbsp;<\/p>\n<ul>\n<li><a href=\"https:\/\/wp.ufpel.edu.br\/ppgveterinaria\/files\/2018\/12\/SEI_UFPel-0401190-Edital-de-sele%C3%A7%C3%A3o-PRPPGI.pdf\" target=\"_blank\" rel=\"noopener noreferrer\"><span style=\"color: #464646\">Edital Mestrado e Doutorado &#8211; Ingresso em\u00a02019<\/span><\/a><\/li>\n<li><span style=\"color: #464646\"><a style=\"color: #464646\" href=\"https:\/\/wp.ufpel.edu.br\/ppgveterinaria\/files\/2018\/12\/Formul\u00e1rio-de-Inscri\u00e7\u00e3o-Novo.docx\" target=\"_blank\" rel=\"noopener noreferrer\">Formul\u00e1rio &#8211; Inscri\u00e7\u00e3o<\/a><\/span><\/li>\n<li><span style=\"color: #464646\"><a style=\"color: #464646\" href=\"https:\/\/wp.ufpel.edu.br\/ppgveterinaria\/files\/2018\/12\/Planilha-Sele\u00e7\u00e3o-2019-Site.xlsx\" target=\"_blank\" rel=\"noopener noreferrer\">Planilha Avalia\u00e7\u00e3o do Curr\u00edculo &#8211; Mestrado e Doutorado<\/a><\/span><\/li>\n<li><span style=\"color: #464646\"><a style=\"color: #464646\" href=\"https:\/\/wp.ufpel.edu.br\/ppgveterinaria\/files\/2014\/07\/Declara%C3%A7%C3%A3o-de-Etnia-edit%C3%A1vel.docx\">Declara\u00e7\u00e3o de Etnia<\/a><\/span><\/li>\n<li><span style=\"color: #464646\"><a style=\"color: #464646\" href=\"https:\/\/wp.ufpel.edu.br\/ppgveterinaria\/files\/2018\/12\/Checklist-Inscri\u00e7\u00e3o-Sele\u00e7\u00e3o-2019.docx\" target=\"_blank\" rel=\"noopener noreferrer\">Checklist<\/a><\/span><\/li>\n<li><span style=\"color: #464646\"><a style=\"color: #464646\" href=\"https:\/\/wp.ufpel.edu.br\/ppgveterinaria\/pt\/selecao-2019-classificacao-final-e-matricula\/\" target=\"_blank\" rel=\"noopener noreferrer\">Resultado<\/a><\/span><\/li>\n<\/ul>\n","protected":false},"excerpt":{"rendered":"<p>&nbsp; Edital Doutorado &#8211; Ingresso em 2019 &#8211; Chamada Extra Checklist &#8211; Chamada Extra Inscri\u00e7\u00f5es homologadas Resultado &nbsp; Edital Mestrado e Doutorado &#8211; Ingresso em\u00a02019 Formul\u00e1rio &#8211; Inscri\u00e7\u00e3o Planilha Avalia\u00e7\u00e3o do Curr\u00edculo &#8211; Mestrado e Doutorado Declara\u00e7\u00e3o de Etnia Checklist Resultado<\/p>\n","protected":false},"author":391,"featured_media":0,"parent":3675,"menu_order":0,"comment_status":"closed","ping_status":"closed","template":"","meta":{"footnotes":""},"class_list":["post-3711","page","type-page","status-publish","hentry"],"_links":{"self":[{"href":"https:\/\/wp.ufpel.edu.br\/ppgveterinaria\/wp-json\/wp\/v2\/pages\/3711","targetHints":{"allow":["GET"]}}],"collection":[{"href":"https:\/\/wp.ufpel.edu.br\/ppgveterinaria\/wp-json\/wp\/v2\/pages"}],"about":[{"href":"https:\/\/wp.ufpel.edu.br\/ppgveterinaria\/wp-json\/wp\/v2\/types\/page"}],"author":[{"embeddable":true,"href":"https:\/\/wp.ufpel.edu.br\/ppgveterinaria\/wp-json\/wp\/v2\/users\/391"}],"replies":[{"embeddable":true,"href":"https:\/\/wp.ufpel.edu.br\/ppgveterinaria\/wp-json\/wp\/v2\/comments?post=3711"}],"version-history":[{"count":21,"href":"https:\/\/wp.ufpel.edu.br\/ppgveterinaria\/wp-json\/wp\/v2\/pages\/3711\/revisions"}],"predecessor-version":[{"id":5362,"href":"https:\/\/wp.ufpel.edu.br\/ppgveterinaria\/wp-json\/wp\/v2\/pages\/3711\/revisions\/5362"}],"up":[{"embeddable":true,"href":"https:\/\/wp.ufpel.edu.br\/ppgveterinaria\/wp-json\/wp\/v2\/pages\/3675"}],"wp:attachment":[{"href":"https:\/\/wp.ufpel.edu.br\/ppgveterinaria\/wp-json\/wp\/v2\/media?parent=3711"}],"curies":[{"name":"wp","href":"https:\/\/api.w.org\/{rel}","templated":true}]}}