{"id":3707,"date":"2018-10-22T17:10:04","date_gmt":"2018-10-22T20:10:04","guid":{"rendered":"https:\/\/wp.ufpel.edu.br\/ppgveterinaria\/?page_id=3707"},"modified":"2019-05-29T10:52:51","modified_gmt":"2019-05-29T13:52:51","slug":"2018-2","status":"publish","type":"page","link":"https:\/\/wp.ufpel.edu.br\/ppgveterinaria\/editais\/mestrado-e-doutorado\/2018-2\/","title":{"rendered":"2018"},"content":{"rendered":"<p>&nbsp;<\/p>\n<ul>\n<li><span style=\"color: #464646\"><a style=\"color: #464646\" href=\"https:\/\/wp.ufpel.edu.br\/ppgveterinaria\/files\/2017\/09\/Edital-Sele\u00e7\u00e3o-2018-Novo-P\u00e1gina.pdf\" target=\"_blank\" rel=\"noopener noreferrer\">Edital para exame de sele\u00e7\u00e3o Mestrado e Doutorado &#8211; Ingresso em\u00a02018<\/a><\/span><\/li>\n<li><span style=\"color: #464646\"><a style=\"color: #464646\" href=\"https:\/\/wp.ufpel.edu.br\/ppgveterinaria\/files\/2017\/10\/Edital-Sele\u00e7\u00e3o-2018-Retifica\u00e7\u00e3o.pdf\" target=\"_blank\" rel=\"noopener noreferrer\">Edital para exame de sele\u00e7\u00e3o Mestrado e Doutorado &#8211; Ingresso em\u00a02018 &#8211; Retifica\u00e7\u00e3o<\/a><\/span><\/li>\n<li><span style=\"color: #464646\"><a style=\"color: #464646\" href=\"https:\/\/wp.ufpel.edu.br\/ppgveterinaria\/files\/2014\/07\/Formul\u00e1rio-de-Inscri\u00e7\u00e3o-Novo.docx\" target=\"_blank\" rel=\"noopener noreferrer\">Formul\u00e1rio &#8211; Inscri\u00e7\u00e3o<\/a><\/span><\/li>\n<li><span style=\"color: #464646\"><a style=\"color: #464646\" href=\"https:\/\/wp.ufpel.edu.br\/ppgveterinaria\/files\/2014\/07\/Carta-de-Anu\u00eancia.docx\" target=\"_blank\" rel=\"noopener noreferrer\">Carta de Anu\u00eancia &#8211; Orientador<\/a><\/span><\/li>\n<li><span style=\"color: #464646\"><a style=\"color: #464646\" href=\"https:\/\/wp.ufpel.edu.br\/ppgveterinaria\/files\/2014\/07\/Planilha-Sele\u00e7\u00e3o-2018-Site.xlsx\" target=\"_blank\" rel=\"noopener noreferrer\">Planilha Avalia\u00e7\u00e3o do Curr\u00edculo &#8211; Mestrado e Doutorado<\/a><\/span><\/li>\n<li><span style=\"color: #464646\"><a style=\"color: #464646\" href=\"https:\/\/wp.ufpel.edu.br\/ppgveterinaria\/files\/2014\/07\/Declara\u00e7\u00e3o-de-Etnia-edit\u00e1vel.docx\">Declara\u00e7\u00e3o de Etnia<\/a><\/span><\/li>\n<li><span style=\"color: #464646\"><a style=\"color: #464646\" href=\"https:\/\/wp.ufpel.edu.br\/ppgveterinaria\/files\/2014\/07\/Checklist-Inscri\u00e7\u00e3o-Sele\u00e7\u00e3o-2018.docx\" target=\"_blank\" rel=\"noopener noreferrer\">Checklist (entregue no momento da inscri\u00e7\u00e3o)<\/a><\/span><\/li>\n<li><span style=\"color: #464646\"><a style=\"color: #464646\" href=\"https:\/\/wp.ufpel.edu.br\/ppgveterinaria\/pt\/2017\/12\/22\/selecao-2018-classificacao-final-apos-recursos\/\" target=\"_blank\" rel=\"noopener noreferrer\">Resultado<\/a><\/span><\/li>\n<\/ul>\n","protected":false},"excerpt":{"rendered":"<p>&nbsp; Edital para exame de sele\u00e7\u00e3o Mestrado e Doutorado &#8211; Ingresso em\u00a02018 Edital para exame de sele\u00e7\u00e3o Mestrado e Doutorado &#8211; Ingresso em\u00a02018 &#8211; Retifica\u00e7\u00e3o Formul\u00e1rio &#8211; Inscri\u00e7\u00e3o Carta de Anu\u00eancia &#8211; Orientador Planilha Avalia\u00e7\u00e3o do Curr\u00edculo &#8211; Mestrado e Doutorado Declara\u00e7\u00e3o de Etnia Checklist (entregue no momento da inscri\u00e7\u00e3o) Resultado<\/p>\n","protected":false},"author":391,"featured_media":0,"parent":3675,"menu_order":1,"comment_status":"closed","ping_status":"closed","template":"","meta":{"footnotes":""},"class_list":["post-3707","page","type-page","status-publish","hentry"],"_links":{"self":[{"href":"https:\/\/wp.ufpel.edu.br\/ppgveterinaria\/wp-json\/wp\/v2\/pages\/3707","targetHints":{"allow":["GET"]}}],"collection":[{"href":"https:\/\/wp.ufpel.edu.br\/ppgveterinaria\/wp-json\/wp\/v2\/pages"}],"about":[{"href":"https:\/\/wp.ufpel.edu.br\/ppgveterinaria\/wp-json\/wp\/v2\/types\/page"}],"author":[{"embeddable":true,"href":"https:\/\/wp.ufpel.edu.br\/ppgveterinaria\/wp-json\/wp\/v2\/users\/391"}],"replies":[{"embeddable":true,"href":"https:\/\/wp.ufpel.edu.br\/ppgveterinaria\/wp-json\/wp\/v2\/comments?post=3707"}],"version-history":[{"count":2,"href":"https:\/\/wp.ufpel.edu.br\/ppgveterinaria\/wp-json\/wp\/v2\/pages\/3707\/revisions"}],"predecessor-version":[{"id":4004,"href":"https:\/\/wp.ufpel.edu.br\/ppgveterinaria\/wp-json\/wp\/v2\/pages\/3707\/revisions\/4004"}],"up":[{"embeddable":true,"href":"https:\/\/wp.ufpel.edu.br\/ppgveterinaria\/wp-json\/wp\/v2\/pages\/3675"}],"wp:attachment":[{"href":"https:\/\/wp.ufpel.edu.br\/ppgveterinaria\/wp-json\/wp\/v2\/media?parent=3707"}],"curies":[{"name":"wp","href":"https:\/\/api.w.org\/{rel}","templated":true}]}}