{"id":3693,"date":"2018-10-22T16:54:49","date_gmt":"2018-10-22T19:54:49","guid":{"rendered":"https:\/\/wp.ufpel.edu.br\/ppgveterinaria\/?page_id=3693"},"modified":"2025-11-27T15:38:02","modified_gmt":"2025-11-27T18:38:02","slug":"sanduiche","status":"publish","type":"page","link":"https:\/\/wp.ufpel.edu.br\/ppgveterinaria\/editais\/sanduiche\/","title":{"rendered":"Sandu\u00edche"},"content":{"rendered":"<p>&nbsp;<\/p>\n<ul>\n<li><span style=\"color: #464646;\"><a style=\"color: #464646;\" href=\"https:\/\/wp.ufpel.edu.br\/ppgveterinaria\/files\/2025\/11\/Edital-PDSE-2026-2.pdf\" target=\"_blank\" rel=\"noopener\">Edital PPGV &#8211; PDSE\/CAPES &#8211; 2026-2<\/a>\u00a0<\/span>\n<ul>\n<li style=\"text-align: justify;\"><span style=\"color: #464646;\"><a style=\"color: #464646;\" href=\"https:\/\/wp.ufpel.edu.br\/ppgveterinaria\/files\/2025\/09\/Planilha-Curriculo-Site.xlsx\" target=\"_blank\" rel=\"noopener\">Planilha de Avalia\u00e7\u00e3o do Curr\u00edculo<\/a><\/span><\/li>\n<\/ul>\n<\/li>\n<\/ul>\n<p>&nbsp;<\/p>\n<ul>\n<li><span style=\"color: #464646;\"><a style=\"color: #464646;\" href=\"https:\/\/wp.ufpel.edu.br\/ppgveterinaria\/files\/2025\/09\/Edital-PDSE-2026-1-PPGV.pdf\" target=\"_blank\" rel=\"noopener\">Edital PPGV &#8211; PDSE\/CAPES &#8211; 2026-1<\/a>\u00a0<\/span>\n<ul>\n<li style=\"text-align: justify;\"><span style=\"color: #464646;\"><a style=\"color: #464646;\" href=\"https:\/\/wp.ufpel.edu.br\/ppgveterinaria\/files\/2025\/09\/Planilha-Curriculo-Site.xlsx\" target=\"_blank\" rel=\"noopener\">Planilha de Avalia\u00e7\u00e3o do Curr\u00edculo<\/a><\/span><\/li>\n<\/ul>\n<\/li>\n<\/ul>\n<p>&nbsp;<\/p>\n<ul>\n<li><span style=\"color: #464646;\"><a style=\"color: #464646;\" href=\"https:\/\/wp.ufpel.edu.br\/ppgveterinaria\/files\/2024\/11\/Edital-PDSE-PPGV.pdf\" target=\"_blank\" rel=\"noopener\">Edital PPGV &#8211; PDSE\/CAPES &#8211; 2025<\/a>\u00a0<\/span>\n<ul>\n<li style=\"text-align: justify;\"><span style=\"color: #464646;\"><a style=\"color: #464646;\" href=\"https:\/\/wp.ufpel.edu.br\/ppgveterinaria\/files\/2023\/11\/Planilha-Curriculo-Site.xlsx\" target=\"_blank\" rel=\"noopener\">Planilha de Avalia\u00e7\u00e3o do Curr\u00edculo<\/a><\/span><\/li>\n<\/ul>\n<\/li>\n<\/ul>\n<p>&nbsp;<\/p>\n<ul>\n<li><span style=\"color: #464646;\"><a href=\"https:\/\/wp.ufpel.edu.br\/ppgveterinaria\/files\/2024\/04\/Edital-PDSE-PPGV.pdf\" target=\"_blank\" rel=\"noopener\">Edital PPGV &#8211; PDSE\/CAPES &#8211; 2024-2<\/a>\u00a0<\/span>\n<ul>\n<li style=\"text-align: justify;\"><a href=\"https:\/\/wp.ufpel.edu.br\/ppgveterinaria\/files\/2023\/11\/Planilha-Curriculo-Site.xlsx\" target=\"_blank\" rel=\"noopener\"><span style=\"color: #464646;\">Planilha de Avalia\u00e7\u00e3o do Curr\u00edculo<\/span><\/a><\/li>\n<\/ul>\n<\/li>\n<\/ul>\n<p>&nbsp;<\/p>\n<ul>\n<li><span style=\"color: #464646;\"><a href=\"https:\/\/wp.ufpel.edu.br\/ppgveterinaria\/files\/2023\/11\/Edital-PDSE.pdf\" target=\"_blank\" rel=\"noopener\">Edital PPGV &#8211; PDSE\/CAPES &#8211; 2024<\/a>\u00a0<\/span>\n<ul>\n<li style=\"text-align: justify;\"><a href=\"https:\/\/wp.ufpel.edu.br\/ppgveterinaria\/files\/2023\/11\/Planilha-Curriculo-Site.xlsx\" target=\"_blank\" rel=\"noopener\"><span style=\"color: #464646;\">Planilha de Avalia\u00e7\u00e3o do Curr\u00edculo<\/span><\/a><\/li>\n<\/ul>\n<\/li>\n<\/ul>\n<p>&nbsp;<\/p>\n<ul>\n<li><span style=\"color: #464646;\"><a style=\"color: #464646;\" href=\"https:\/\/wp.ufpel.edu.br\/ppgveterinaria\/files\/2023\/02\/Edital-PDSE-PPGV.pdf\" target=\"_blank\" rel=\"noopener\">Edital PPGV &#8211; PDSE\/CAPES &#8211; 2023<\/a>\u00a0<\/span>\n<ul>\n<li style=\"text-align: justify;\"><span style=\"color: #464646;\"><a style=\"color: #464646;\" href=\"https:\/\/wp.ufpel.edu.br\/ppgveterinaria\/files\/2023\/02\/Planilha-Curriculo-Site.xlsx\" target=\"_blank\" rel=\"noopener\">Planilha de Avalia\u00e7\u00e3o do Curr\u00edculo<\/a><\/span><\/li>\n<\/ul>\n<\/li>\n<\/ul>\n<p>&nbsp;<\/p>\n<ul>\n<li><span style=\"color: #464646;\"><a style=\"color: #464646;\" href=\"https:\/\/wp.ufpel.edu.br\/ppgveterinaria\/files\/2022\/03\/SEI_UFPel-1617501-Edital-de-selecao-PRPPGI-PDSE-2022.pdf\" target=\"_blank\" rel=\"noopener\">Edital PPGV &#8211; PDSE\/CAPES &#8211; 2022<\/a><\/span><span style=\"color: #464646;\">\u00a0\u00a0<\/span>\n<ul>\n<li style=\"text-align: justify;\"><span style=\"color: #464646;\"><a style=\"color: #464646;\" href=\"https:\/\/wp.ufpel.edu.br\/ppgveterinaria\/files\/2022\/03\/Planilha-Curriculo-Site.xlsx\" target=\"_blank\" rel=\"noopener noreferrer\">Planilha de Avalia\u00e7\u00e3o do Curr\u00edculo<\/a><\/span><\/li>\n<\/ul>\n<\/li>\n<li><span style=\"color: #464646;\"><a style=\"color: #464646;\" href=\"https:\/\/wp.ufpel.edu.br\/ppgveterinaria\/files\/2022\/03\/SEI_UFPel-1629008-Edital-de-Retificacao-PRPPGI.pdf\" target=\"_blank\" rel=\"noopener\">Edital PPGV &#8211; PDSE\/CAPES &#8211; 2022<\/a><a style=\"color: #464646;\" href=\"https:\/\/wp.ufpel.edu.br\/ppgveterinaria\/files\/2022\/03\/SEI_UFPel-1617501-Edital-de-selecao-PRPPGI-PDSE-2022.pdf\" target=\"_blank\" rel=\"noopener\"> &#8211; Retifica\u00e7\u00e3o<\/a><\/span><\/li>\n<\/ul>\n<p>&nbsp;<\/p>\n<ul>\n<li><span style=\"color: #464646;\"><a style=\"color: #464646;\" href=\"https:\/\/wp.ufpel.edu.br\/ppgveterinaria\/files\/2020\/12\/SEI_UFPel-1150760-Edital-de-selecao-PRPPGI.pdf\" target=\"_blank\" rel=\"noopener noreferrer\">Edital PPGV &#8211; PDSE\/CAPES &#8211; 2020<\/a><\/span>\n<ul>\n<li><span style=\"color: #464646;\"><a style=\"color: #464646;\" href=\"https:\/\/wp.ufpel.edu.br\/ppgveterinaria\/files\/2020\/12\/Planilha-Curriculo-Site.xlsx\" target=\"_blank\" rel=\"noopener noreferrer\">Planilha de Avalia\u00e7\u00e3o do Curr\u00edculo<\/a><\/span><\/li>\n<\/ul>\n<\/li>\n<\/ul>\n<p>&nbsp;<\/p>\n<ul>\n<li><span style=\"color: #464646;\"><a style=\"color: #464646;\" href=\"https:\/\/wp.ufpel.edu.br\/ppgveterinaria\/files\/2019\/02\/Edital-PDSE-Capes-2019.pdf\" target=\"_blank\" rel=\"noopener noreferrer\">Edital PPGV &#8211; PDSE\/CAPES &#8211; 2019<\/a><\/span><\/li>\n<li><span style=\"color: #464646;\"><a style=\"color: #464646;\" href=\"https:\/\/wp.ufpel.edu.br\/ppgveterinaria\/files\/2019\/02\/Edital-PDSE-Capes-2019-2.pdf\" target=\"_blank\" rel=\"noopener noreferrer\">Edital PPGV &#8211; PDSE\/CAPES &#8211; 2019<\/a>\u00a0&#8211; Inscri\u00e7\u00f5es prorrogadas<\/span><\/li>\n<\/ul>\n<p>&nbsp;<\/p>\n<ul>\n<li><span style=\"color: #464646;\"><a style=\"color: #464646;\" href=\"https:\/\/wp.ufpel.edu.br\/ppgveterinaria\/files\/2018\/01\/Edital-PDSE-Capes-2018-1.pdf\" target=\"_blank\" rel=\"noopener noreferrer\">Edital PPGV &#8211; PDSE\/CAPES &#8211; 2018<\/a><\/span><\/li>\n<\/ul>\n<p>&nbsp;<\/p>\n<p>&nbsp;<\/p>\n","protected":false},"excerpt":{"rendered":"<p>&nbsp; Edital PPGV &#8211; PDSE\/CAPES &#8211; 2026-2\u00a0 Planilha de Avalia\u00e7\u00e3o do Curr\u00edculo &nbsp; Edital PPGV &#8211; PDSE\/CAPES &#8211; 2026-1\u00a0 Planilha de Avalia\u00e7\u00e3o do Curr\u00edculo &nbsp; Edital PPGV &#8211; PDSE\/CAPES &#8211; 2025\u00a0 Planilha de Avalia\u00e7\u00e3o do Curr\u00edculo &nbsp; Edital PPGV &#8211; PDSE\/CAPES &#8211; 2024-2\u00a0 Planilha de Avalia\u00e7\u00e3o do Curr\u00edculo &nbsp; Edital PPGV &#8211; PDSE\/CAPES &#8211; 2024\u00a0 [&hellip;]<\/p>\n","protected":false},"author":391,"featured_media":0,"parent":3671,"menu_order":4,"comment_status":"closed","ping_status":"closed","template":"","meta":{"footnotes":""},"class_list":["post-3693","page","type-page","status-publish","hentry"],"_links":{"self":[{"href":"https:\/\/wp.ufpel.edu.br\/ppgveterinaria\/wp-json\/wp\/v2\/pages\/3693","targetHints":{"allow":["GET"]}}],"collection":[{"href":"https:\/\/wp.ufpel.edu.br\/ppgveterinaria\/wp-json\/wp\/v2\/pages"}],"about":[{"href":"https:\/\/wp.ufpel.edu.br\/ppgveterinaria\/wp-json\/wp\/v2\/types\/page"}],"author":[{"embeddable":true,"href":"https:\/\/wp.ufpel.edu.br\/ppgveterinaria\/wp-json\/wp\/v2\/users\/391"}],"replies":[{"embeddable":true,"href":"https:\/\/wp.ufpel.edu.br\/ppgveterinaria\/wp-json\/wp\/v2\/comments?post=3693"}],"version-history":[{"count":4,"href":"https:\/\/wp.ufpel.edu.br\/ppgveterinaria\/wp-json\/wp\/v2\/pages\/3693\/revisions"}],"predecessor-version":[{"id":7513,"href":"https:\/\/wp.ufpel.edu.br\/ppgveterinaria\/wp-json\/wp\/v2\/pages\/3693\/revisions\/7513"}],"up":[{"embeddable":true,"href":"https:\/\/wp.ufpel.edu.br\/ppgveterinaria\/wp-json\/wp\/v2\/pages\/3671"}],"wp:attachment":[{"href":"https:\/\/wp.ufpel.edu.br\/ppgveterinaria\/wp-json\/wp\/v2\/media?parent=3693"}],"curies":[{"name":"wp","href":"https:\/\/api.w.org\/{rel}","templated":true}]}}