{"id":3493,"date":"2018-03-12T17:44:04","date_gmt":"2018-03-12T20:44:04","guid":{"rendered":"https:\/\/wp.ufpel.edu.br\/ppgveterinaria\/?page_id=3493"},"modified":"2023-10-26T16:32:50","modified_gmt":"2023-10-26T19:32:50","slug":"2018-2","status":"publish","type":"page","link":"https:\/\/wp.ufpel.edu.br\/ppgveterinaria\/dissertacoesteses\/teses\/2018-2\/","title":{"rendered":"2018"},"content":{"rendered":"<p>&nbsp;<\/p>\n<ul>\n<li><span style=\"color: #464646;\"><strong>Teses 2018<\/strong><\/span><\/li>\n<\/ul>\n<p>&nbsp;<\/p>\n<p><span style=\"color: #464646;\">__________________________________________________________________________<\/span><\/p>\n<p><span style=\"color: #464646;\"><strong>Carolina da Fonseca Sapin\u00a0\u00a0\u00a0\u00a0\u00a0\u00a0<\/strong><\/span><\/p>\n<p><span style=\"color: #464646;\"><strong><span style=\"font-style: inherit; font-weight: inherit;\"><strong style=\"font-style: inherit;\">T\u00edtulo:\u00a0<\/strong><\/span><\/strong><a style=\"color: #464646;\" href=\"https:\/\/wp.ufpel.edu.br\/ppgveterinaria\/files\/2019\/08\/Carolina-da-Fonseca-Sapin.pdf\" target=\"_blank\" rel=\"noopener noreferrer\"><span style=\"font-style: inherit; font-weight: inherit;\">Estudo cl\u00ednico-patol\u00f3gico de altera\u00e7\u00f5es encef\u00e1licas de c\u00e3es idosos<\/span><\/a><\/span><\/p>\n<p><span style=\"color: #464646;\"><strong>Orientador:<\/strong>\u00a0Fabiane Borelli Grecco<\/span><\/p>\n<p><span style=\"color: #464646;\"><strong>Data da Defesa:\u00a0<\/strong>28\/02\/2018<\/span><\/p>\n<p><span style=\"color: #464646;\">__________________________________________________________________________<\/span><\/p>\n<p><span style=\"color: #464646;\"><strong>Caroline Bohnen de Matos\u00a0\u00a0\u00a0\u00a0\u00a0\u00a0\u00a0<\/strong><\/span><\/p>\n<p><span style=\"color: #464646;\"><strong><span style=\"font-style: inherit; font-weight: inherit;\"><strong style=\"font-style: inherit;\">T\u00edtulo:\u00a0<\/strong><\/span><\/strong><a href=\"https:\/\/wp.ufpel.edu.br\/ppgveterinaria\/files\/2023\/10\/Caroline-Bohnen-de-Matos.pdf\" target=\"_blank\" rel=\"noopener\"><span style=\"font-style: inherit; font-weight: inherit;\">Utiliza\u00e7\u00e3o de extrato hidroetan\u00f3lico e \u00f3leo essencial de <em>Origanum vulgare<\/em> com associa\u00e7\u00f5es no tratamento da esporotricose experimental por <em>Sporothrix brasiliensis<\/em><\/span><\/a><\/span><\/p>\n<p><span style=\"color: #464646;\"><strong>Orientador:\u00a0<\/strong>Marlete Brum Cleff<\/span><\/p>\n<p><span style=\"color: #464646;\"><strong>Data da Defesa: <\/strong>23\/07\/2018<\/span><\/p>\n<p><span style=\"color: #464646;\">__________________________________________________________________________<\/span><\/p>\n<p><span style=\"color: #464646;\"><strong>Cristina Sangoi Haas\u00a0\u00a0\u00a0\u00a0\u00a0<\/strong><\/span><\/p>\n<p><span style=\"color: #464646;\"><strong>T\u00edtulo:<\/strong> <a style=\"color: #464646;\" href=\"https:\/\/wp.ufpel.edu.br\/ppgveterinaria\/files\/2019\/10\/Cristina-Sangoi-Haas.pdf\" target=\"_blank\" rel=\"noopener noreferrer\">Participa\u00e7\u00e3o das prote\u00ednas morfogen\u00e9ticas \u00f3sseas no crescimento folicular final, ovula\u00e7\u00e3o e fun\u00e7\u00e3o luteal<\/a><\/span><\/p>\n<p><span style=\"color: #464646;\"><strong>Orientador:<\/strong>\u00a0\u00a0Bernardo Garziera Gasperin<\/span><\/p>\n<p><span style=\"color: #464646;\"><strong>Data da Defesa:\u00a0<\/strong>31\/08\/2018<\/span><\/p>\n<p><span style=\"color: #464646;\">__________________________________________________________________________<\/span><\/p>\n<p><span style=\"color: #464646;\"><strong>Eduardo Garcia Fontoura\u00a0\u00a0\u00a0\u00a0\u00a0\u00a0\u00a0\u00a0\u00a0\u00a0\u00a0<\/strong><\/span><\/p>\n<p><span style=\"color: #464646;\"><strong><span style=\"font-style: inherit; font-weight: inherit;\"><strong style=\"font-style: inherit;\">T\u00edtulo:\u00a0<\/strong><\/span><\/strong><a style=\"color: #464646;\" href=\"https:\/\/wp.ufpel.edu.br\/ppgveterinaria\/files\/2018\/10\/Eduardo-Garcia-Fontoura.pdf\" target=\"_blank\" rel=\"noopener noreferrer\"><span style=\"font-style: inherit; font-weight: inherit;\">Caracteriza\u00e7\u00e3o toxicol\u00f3gica e funcional do extrato aquoso de <em>Waltheria douradinha<\/em><\/span><\/a><\/span><\/p>\n<p><span style=\"color: #464646;\"><strong>Orientador:\u00a0<\/strong>M\u00e1rcia de Oliveira Nobre<\/span><\/p>\n<p><span style=\"color: #464646;\"><strong>Data da Defesa:\u00a0<\/strong>21\/02\/2018<\/span><\/p>\n<p><span style=\"color: #464646;\">__________________________________________________________________________<\/span><\/p>\n<p><span style=\"color: #464646;\"><strong>Fernanda Maria Pazinato<\/strong><\/span><\/p>\n<p><span style=\"color: #464646;\"><strong><span style=\"font-style: inherit; font-weight: inherit;\"><strong style=\"font-style: inherit;\">T\u00edtulo: <\/strong><\/span><\/strong><a style=\"color: #464646;\" href=\"https:\/\/wp.ufpel.edu.br\/ppgveterinaria\/files\/2020\/01\/Fernanda-Maria-Pazinato.pdf\" target=\"_blank\" rel=\"noopener noreferrer\"><span style=\"font-style: inherit; font-weight: inherit;\">Identifica\u00e7\u00e3o de receptores hormonais na placenta e avalia\u00e7\u00e3o do efeito da hormonioterapia em \u00e9guas com placentite<\/span><\/a><\/span><\/p>\n<p><span style=\"color: #464646;\"><strong>Orientador: <\/strong>Carlos Eduardo Wayne Nogueira<\/span><\/p>\n<p><span style=\"color: #464646;\"><strong>Data da Defesa: <\/strong>10\/12\/2018<\/span><\/p>\n<p><span style=\"color: #464646;\">__________________________________________________________________________<\/span><\/p>\n<p><span style=\"color: #464646;\"><strong>Fernando Caetano de Oliveira<\/strong><\/span><\/p>\n<p><span style=\"color: #464646;\"><strong><span style=\"font-style: inherit; font-weight: inherit;\"><strong style=\"font-style: inherit;\">T\u00edtulo:\u00a0<\/strong><\/span><\/strong><a style=\"color: #464646;\" href=\"https:\/\/wp.ufpel.edu.br\/ppgveterinaria\/files\/2018\/05\/Fernando-Caetano-de-Oliveira.pdf\" target=\"_blank\" rel=\"noopener noreferrer\"><span style=\"font-style: inherit; font-weight: inherit;\">Mediadores inflamat\u00f3rios e estradiol: regula\u00e7\u00e3o e efeitos sobre o trato reprodutivo de ruminantes<\/span><\/a><\/span><\/p>\n<p><span style=\"color: #464646;\"><strong>Orientador:\u00a0<\/strong>Thomaz Lucia J\u00fanior<\/span><\/p>\n<p><span style=\"color: #464646;\"><strong>Data da Defesa:\u00a0<\/strong>21\/02\/2018<\/span><\/p>\n<p><span style=\"color: #464646;\">__________________________________________________________________________<\/span><\/p>\n<p><span style=\"color: #464646;\"><strong>Gilmar Batista Machado\u00a0\u00a0\u00a0\u00a0\u00a0\u00a0\u00a0\u00a0\u00a0\u00a0\u00a0\u00a0\u00a0<\/strong><\/span><\/p>\n<p><span style=\"color: #464646;\"><strong><span style=\"font-style: inherit; font-weight: inherit;\"><strong style=\"font-style: inherit;\">T\u00edtulo:\u00a0<\/strong><\/span><\/strong><a style=\"color: #464646;\" href=\"https:\/\/wp.ufpel.edu.br\/ppgveterinaria\/files\/2018\/05\/Gilmar-Batista-Machado.pdf\" target=\"_blank\" rel=\"noopener noreferrer\"><span style=\"font-style: inherit; font-weight: inherit;\">Leptospirose humana e animal: estudos transversais na regi\u00e3o sul do Rio Grande do Sul<\/span><\/a><\/span><\/p>\n<p><span style=\"color: #464646;\"><strong>Orientador:\u00a0<\/strong>\u00c9verton Fagonde da Silva<\/span><\/p>\n<p><span style=\"color: #464646;\"><strong>Data da Defesa:\u00a0<\/strong>26\/02\/2018<\/span><\/p>\n<p><span style=\"color: #464646;\">__________________________________________________________________________<\/span><\/p>\n<p><span style=\"color: #464646;\"><strong>Gustavo Forlani Soares \u00a0<\/strong><\/span><\/p>\n<p><span style=\"color: #464646;\"><strong>T\u00edtulo:\u00a0<\/strong><a style=\"color: #464646;\" href=\"https:\/\/wp.ufpel.edu.br\/ppgveterinaria\/files\/2020\/01\/Gustavo-Forlani-Soares.pdf\" target=\"_blank\" rel=\"noopener noreferrer\">Avalia\u00e7\u00e3o do uso de timomodulina em gatos naturalmente infectados com esporotricose cut\u00e2nea disseminada<\/a><\/span><\/p>\n<p><span style=\"color: #464646;\"><strong>Orientador: <\/strong>M\u00e1rcia de Oliveira Nobre<\/span><\/p>\n<p><span style=\"color: #464646;\"><strong>Data da Defesa: <\/strong>18\/12\/2018<\/span><\/p>\n<p><span style=\"color: #464646;\">__________________________________________________________________________<\/span><\/p>\n<p><span style=\"color: #464646;\"><strong>Janaina Viana da Rosa\u00a0<\/strong><\/span><\/p>\n<p><span style=\"color: #464646;\"><strong><span style=\"font-style: inherit; font-weight: inherit;\"><strong style=\"font-style: inherit;\">T\u00edtulo:\u00a0<\/strong><\/span><\/strong><a style=\"color: #464646;\" href=\"https:\/\/wp.ufpel.edu.br\/ppgveterinaria\/files\/2018\/05\/Janaina-Viana-da-Rosa.pdf\" target=\"_blank\" rel=\"noopener noreferrer\"><span style=\"font-style: inherit; font-weight: inherit;\">Forma\u00e7\u00e3o de biofilme por <\/span><span style=\"font-style: inherit; font-weight: inherit;\"><em>Vibrio parahaemolyticus<\/em> isolados de pescados e resist\u00eancia a sanitizantes<\/span><\/a><\/span><\/p>\n<p><span style=\"color: #464646;\"><strong>Orientador:\u00a0<\/strong>Cl\u00e1udio Dias Timm<\/span><\/p>\n<p><span style=\"color: #464646;\"><strong>Data da Defesa:\u00a0<\/strong>22\/02\/2018<\/span><\/p>\n<p><span style=\"color: #464646;\">__________________________________________________________________________<\/span><\/p>\n<p><span style=\"color: #464646;\"><strong>Josiara Furtado Mendes Red\u00fc\u00a0<\/strong><\/span><\/p>\n<p><span style=\"color: #464646;\"><strong><span style=\"font-style: inherit; font-weight: inherit;\"><strong style=\"font-style: inherit;\">T\u00edtulo:\u00a0<\/strong><\/span><\/strong><a style=\"color: #464646;\" href=\"https:\/\/wp.ufpel.edu.br\/ppgveterinaria\/files\/2018\/10\/Josiara-Furtado-Mendes-Red\u00fc.pdf\" target=\"_blank\" rel=\"noopener noreferrer\"><span style=\"font-style: inherit; font-weight: inherit;\">Investiga\u00e7\u00e3o sorol\u00f3gica e molecular da presen\u00e7a de <em>Paracoccidioides<\/em> spp. em tr\u00eas mesorregi\u00f5es do Rio Grande do Sul<\/span><\/a><\/span><\/p>\n<p><span style=\"color: #464646;\"><strong>Orientador:\u00a0<\/strong>M\u00e1rio Carlos Ara\u00fajo Meireles<\/span><\/p>\n<p><span style=\"color: #464646;\"><strong>Data da Defesa:\u00a0<\/strong>20\/02\/2018<\/span><\/p>\n<p><span style=\"color: #464646;\">__________________________________________________________________________<\/span><\/p>\n<p><span style=\"color: #464646;\"><strong>Leonardo Mortagua de Castro\u00a0<\/strong><\/span><\/p>\n<p><span style=\"color: #464646;\"><strong><span style=\"font-style: inherit; font-weight: inherit;\"><strong style=\"font-style: inherit;\">T\u00edtulo:\u00a0<\/strong><\/span><\/strong><a style=\"color: #464646;\" href=\"https:\/\/wp.ufpel.edu.br\/ppgveterinaria\/files\/2020\/04\/Leonardo-Mortagua-de-Castro.pdf\" target=\"_blank\" rel=\"noopener noreferrer\"><span style=\"font-style: inherit; font-weight: inherit;\">Atividades <\/span><span style=\"font-style: inherit; font-weight: inherit;\"><em>in vitro<\/em> dos \u00f3leos essenciais de <em>Cuminum cyminum<\/em>, Anethum graveolens e <em>Thymus vulgaris<\/em> sobre <em>Haemonchus contortus<\/em><\/span><\/a><\/span><\/p>\n<p><span style=\"color: #464646;\"><strong>Orientador:\u00a0<\/strong>Maria Elisabeth Aires Berne<\/span><\/p>\n<p><span style=\"color: #464646;\"><strong>Data da Defesa: <\/strong>16\/08\/2018<\/span><\/p>\n<p><span style=\"color: #464646;\">__________________________________________________________________________<\/span><\/p>\n<p><span style=\"color: #464646;\"><strong>Luciana Araujo Lins\u00a0\u00a0\u00a0\u00a0\u00a0\u00a0\u00a0<\/strong><\/span><\/p>\n<p><span style=\"color: #464646;\"><strong><span style=\"font-style: inherit; font-weight: inherit;\"><strong style=\"font-style: inherit;\">T\u00edtulo:\u00a0<\/strong><\/span><\/strong><a style=\"color: #464646;\" href=\"https:\/\/wp.ufpel.edu.br\/ppgveterinaria\/files\/2018\/10\/Luciana-Araujo-Lins.pdf\" target=\"_blank\" rel=\"noopener noreferrer\"><span style=\"font-style: inherit; font-weight: inherit;\">Aspectos morfovasculares e express\u00e3o de VEGF na placenta da \u00e9gua<\/span><\/a><\/span><\/p>\n<p><span style=\"color: #464646;\"><strong>Orientador:\u00a0<\/strong>Carlos Eduardo Wayne Nogueira<\/span><\/p>\n<p><span style=\"color: #464646;\"><strong>Data da Defesa:\u00a0<\/strong>07\/02\/2018<\/span><\/p>\n<p><span style=\"color: #464646;\">__________________________________________________________________________<\/span><\/p>\n<p><span style=\"color: #464646;\"><strong>Maria Teresa Duarte Nogueira<\/strong><\/span><\/p>\n<p><span style=\"color: #464646;\"><strong><span style=\"font-style: inherit; font-weight: inherit;\"><strong style=\"font-style: inherit;\">T\u00edtulo:\u00a0<\/strong><\/span><\/strong><a style=\"color: #464646;\" href=\"https:\/\/wp.ufpel.edu.br\/ppgveterinaria\/files\/2021\/05\/Maria-Teresa-Duarte-Nogueira-Resumo.pdf\" target=\"_blank\" rel=\"noopener noreferrer\"><span style=\"font-style: inherit; font-weight: inherit;\">A terapia assistida por animais com crian\u00e7as que apresentam transtorno do espectro autista<\/span><\/a><\/span><\/p>\n<p><span style=\"color: #464646;\"><strong>Orientador:\u00a0<\/strong>M\u00e1rcia de Oliveira Nobre<\/span><\/p>\n<p><span style=\"color: #464646;\"><strong>Data da Defesa:\u00a0<\/strong>23\/02\/2018<\/span><\/p>\n<p><span style=\"color: #464646;\">__________________________________________________________________________<\/span><\/p>\n<p><span style=\"color: #464646;\"><strong>Paulo Ricardo Centeno Rodrigues\u00a0\u00a0\u00a0\u00a0\u00a0\u00a0\u00a0\u00a0\u00a0<\/strong><\/span><\/p>\n<p><span style=\"color: #464646;\"><strong><span style=\"font-style: inherit; font-weight: inherit;\"><strong style=\"font-style: inherit;\">T\u00edtulo:\u00a0<\/strong><\/span><\/strong><a style=\"color: #464646;\" href=\"https:\/\/wp.ufpel.edu.br\/ppgveterinaria\/files\/2020\/04\/Paulo-Ricardo-Centeno-Rodrigues.pdf\" target=\"_blank\" rel=\"noopener noreferrer\"><span style=\"font-style: inherit; font-weight: inherit;\">Clonagem e express\u00e3o do gene da glicoprote\u00edna D do herpesv\u00edrus equ\u00eddeo tipo 1 em <\/span><span style=\"font-style: inherit; font-weight: inherit;\"><em>Pichia pastoris<\/em> e avalia\u00e7\u00e3o de sua imunogenicidade<\/span><\/a><\/span><\/p>\n<p><span style=\"color: #464646;\"><strong>Orientador:\u00a0<\/strong>F\u00e1bio Pereira Leivas Leite<\/span><\/p>\n<p><span style=\"color: #464646;\"><strong>Data da Defesa: <\/strong>31\/08\/2018<\/span><\/p>\n<p><span style=\"color: #464646;\">__________________________________________________________________________<\/span><\/p>\n<p><span style=\"color: #464646;\"><strong>Pedro Augusto Silva Silveira\u00a0\u00a0\u00a0\u00a0<\/strong><\/span><\/p>\n<p><span style=\"color: #464646;\"><strong><span style=\"font-style: inherit; font-weight: inherit;\"><strong style=\"font-style: inherit;\">T\u00edtulo:\u00a0<\/strong><\/span><\/strong><a style=\"color: #464646;\" href=\"https:\/\/wp.ufpel.edu.br\/ppgveterinaria\/files\/2019\/03\/Pedro-Augusto-Silva-Silveira.pdf\" target=\"_blank\" rel=\"noopener noreferrer\"><span style=\"font-style: inherit; font-weight: inherit;\">Associa\u00e7\u00f5es de muta\u00e7\u00f5es gen\u00e9ticas com a fertilidade, produ\u00e7\u00e3o de leite, metabolismo e sa\u00fade de vacas leiteiras<\/span><\/a><\/span><\/p>\n<p><span style=\"color: #464646;\"><strong>Orientador:\u00a0<\/strong>Augusto Schneider<\/span><\/p>\n<p><span style=\"color: #464646;\"><strong>Data da Defesa:\u00a0<\/strong>26\/02\/2018<\/span><\/p>\n<p><span style=\"color: #464646;\">__________________________________________________________________________<\/span><\/p>\n<p><span style=\"color: #464646;\"><strong>Simone de F\u00e1tima Rauber W\u00fcrfel\u00a0\u00a0\u00a0\u00a0\u00a0\u00a0\u00a0\u00a0\u00a0<\/strong><\/span><\/p>\n<p><span style=\"color: #464646;\"><strong><span style=\"font-style: inherit; font-weight: inherit;\"><strong style=\"font-style: inherit;\">T\u00edtulo:\u00a0<\/strong><\/span><\/strong><a style=\"color: #464646;\" href=\"https:\/\/wp.ufpel.edu.br\/ppgveterinaria\/files\/2019\/03\/Simone-de-F\u00e1tima-Rauber-W\u00fcrfel.pdf\" target=\"_blank\" rel=\"noopener noreferrer\"><span style=\"font-style: inherit; font-weight: inherit;\">Caracteriza\u00e7\u00e3o gen\u00f4mica e epidemiologia molecular de <\/span><span style=\"font-style: inherit; font-weight: inherit;\"><em>Campylobacter<\/em> termof\u00edlicos isolados de produtos c\u00e1rneos de frango comercializados no sul do Brasil<\/span><\/a><\/span><\/p>\n<p><span style=\"color: #464646;\"><strong>Orientador:\u00a0<\/strong>Odir Antonio Dellagostin<\/span><\/p>\n<p><span style=\"color: #464646;\"><strong>Data da Defesa: <\/strong>23\/08\/2018<\/span><\/p>\n<p><span style=\"color: #464646;\">__________________________________________________________________________<\/span><\/p>\n","protected":false},"excerpt":{"rendered":"<p>&nbsp; Teses 2018 &nbsp; __________________________________________________________________________ Carolina da Fonseca Sapin\u00a0\u00a0\u00a0\u00a0\u00a0\u00a0 T\u00edtulo:\u00a0Estudo cl\u00ednico-patol\u00f3gico de altera\u00e7\u00f5es encef\u00e1licas de c\u00e3es idosos Orientador:\u00a0Fabiane Borelli Grecco Data da Defesa:\u00a028\/02\/2018 __________________________________________________________________________ Caroline Bohnen de Matos\u00a0\u00a0\u00a0\u00a0\u00a0\u00a0\u00a0 T\u00edtulo:\u00a0Utiliza\u00e7\u00e3o de extrato hidroetan\u00f3lico e \u00f3leo essencial de Origanum vulgare com associa\u00e7\u00f5es no tratamento da esporotricose experimental por Sporothrix brasiliensis Orientador:\u00a0Marlete Brum Cleff Data da Defesa: 23\/07\/2018 [&hellip;]<\/p>\n","protected":false},"author":391,"featured_media":0,"parent":426,"menu_order":-4,"comment_status":"closed","ping_status":"closed","template":"","meta":{"footnotes":""},"class_list":["post-3493","page","type-page","status-publish","hentry"],"_links":{"self":[{"href":"https:\/\/wp.ufpel.edu.br\/ppgveterinaria\/wp-json\/wp\/v2\/pages\/3493","targetHints":{"allow":["GET"]}}],"collection":[{"href":"https:\/\/wp.ufpel.edu.br\/ppgveterinaria\/wp-json\/wp\/v2\/pages"}],"about":[{"href":"https:\/\/wp.ufpel.edu.br\/ppgveterinaria\/wp-json\/wp\/v2\/types\/page"}],"author":[{"embeddable":true,"href":"https:\/\/wp.ufpel.edu.br\/ppgveterinaria\/wp-json\/wp\/v2\/users\/391"}],"replies":[{"embeddable":true,"href":"https:\/\/wp.ufpel.edu.br\/ppgveterinaria\/wp-json\/wp\/v2\/comments?post=3493"}],"version-history":[{"count":21,"href":"https:\/\/wp.ufpel.edu.br\/ppgveterinaria\/wp-json\/wp\/v2\/pages\/3493\/revisions"}],"predecessor-version":[{"id":6588,"href":"https:\/\/wp.ufpel.edu.br\/ppgveterinaria\/wp-json\/wp\/v2\/pages\/3493\/revisions\/6588"}],"up":[{"embeddable":true,"href":"https:\/\/wp.ufpel.edu.br\/ppgveterinaria\/wp-json\/wp\/v2\/pages\/426"}],"wp:attachment":[{"href":"https:\/\/wp.ufpel.edu.br\/ppgveterinaria\/wp-json\/wp\/v2\/media?parent=3493"}],"curies":[{"name":"wp","href":"https:\/\/api.w.org\/{rel}","templated":true}]}}