{"id":3491,"date":"2018-03-12T17:43:58","date_gmt":"2018-03-12T20:43:58","guid":{"rendered":"https:\/\/wp.ufpel.edu.br\/ppgveterinaria\/?page_id=3491"},"modified":"2020-04-29T10:27:25","modified_gmt":"2020-04-29T13:27:25","slug":"2018-2","status":"publish","type":"page","link":"https:\/\/wp.ufpel.edu.br\/ppgveterinaria\/dissertacoesteses\/dissertacoes\/2018-2\/","title":{"rendered":"2018"},"content":{"rendered":"<p>&nbsp;<\/p>\n<ul>\n<li><span style=\"color: #464646\"><strong>Disserta\u00e7\u00f5es 2018<\/strong><\/span><\/li>\n<\/ul>\n<p>&nbsp;<\/p>\n<p><span style=\"color: #464646\">__________________________________________________________________________<\/span><\/p>\n<p><span style=\"color: #464646\"><strong>Bruna Mion\u00a0\u00a0\u00a0\u00a0\u00a0\u00a0\u00a0\u00a0\u00a0\u00a0\u00a0<\/strong><\/span><\/p>\n<p><span style=\"color: #464646\"><strong>T\u00edtulo:\u00a0<\/strong><a style=\"color: #464646\" href=\"https:\/\/wp.ufpel.edu.br\/ppgveterinaria\/files\/2018\/10\/Bruna-Mion.pdf\" target=\"_blank\" rel=\"noopener noreferrer\">Rela\u00e7\u00e3o entre o di\u00e2metro folicular, momento da ovula\u00e7\u00e3o e taxa de prenhez de bovinos submetidos a protocolo de IATF convencional ou em blocos<\/a><\/span><\/p>\n<p><span style=\"color: #464646\"><strong>Orientador:<\/strong>\u00a0Augusto Schneider<\/span><\/p>\n<p><span style=\"color: #464646\"><strong>Data da Defesa:\u00a0<\/strong>23\/02\/2018<\/span><\/p>\n<p><span style=\"color: #464646\">__________________________________________________________________________<\/span><\/p>\n<p><span style=\"color: #464646\"><strong>Ceres Cristina Tempel Nakasu\u00a0\u00a0\u00a0\u00a0\u00a0\u00a0<\/strong><\/span><\/p>\n<p><span style=\"color: #464646\"><strong>T\u00edtulo:\u00a0<\/strong><a style=\"color: #464646\" href=\"https:\/\/wp.ufpel.edu.br\/ppgveterinaria\/files\/2020\/04\/Ceres-Cristina-Tempel-Nakasu.pdf\" target=\"_blank\" rel=\"noopener noreferrer\">Esporotricose: aspectos cl\u00ednicos e terap\u00eauticos, correla\u00e7\u00e3o com\u00a0retroviroses e susceptibilidade a compostos qu\u00edmicos<\/a><\/span><\/p>\n<p><span style=\"color: #464646\"><strong>Orientador:<\/strong>\u00a0Marlete Brum Cleff<\/span><\/p>\n<p><span style=\"color: #464646\"><strong>Data da Defesa:\u00a0<\/strong>23\/02\/2018<\/span><\/p>\n<p><span style=\"color: #464646\">__________________________________________________________________________<\/span><\/p>\n<p><span style=\"color: #464646\"><strong>Greyce Silveira Mello\u00a0\u00a0\u00a0\u00a0\u00a0\u00a0\u00a0\u00a0\u00a0\u00a0\u00a0<\/strong><\/span><\/p>\n<p><span style=\"color: #464646\"><strong>T\u00edtulo:\u00a0<\/strong><a style=\"color: #464646\" href=\"https:\/\/wp.ufpel.edu.br\/ppgveterinaria\/files\/2018\/10\/Greyce-Silveira-Mello.pdf\" target=\"_blank\" rel=\"noopener noreferrer\">Atividade antimicrobiana dos \u00f3leos essencias de <em>Origanum vulgare<\/em> e <em>Ocimum basilicum<\/em> frente a <em>Vibrio parahaemolyticus<\/em> e <em>Vibrio vulnificus<\/em> e sua aplica\u00e7\u00e3o em fil\u00e9s de <em>Mugil platanus<\/em><\/a><\/span><\/p>\n<p><span style=\"color: #464646\"><strong>Orientador:<\/strong>\u00a0Cl\u00e1udio Dias Timm<\/span><\/p>\n<p><span style=\"color: #464646\"><strong>Data da Defesa:\u00a0<\/strong>23\/02\/2018<\/span><\/p>\n<p><span style=\"color: #464646\">__________________________________________________________________________<\/span><\/p>\n<p><span style=\"color: #464646\"><strong>Jenniffer Hauschildt Dias\u00a0\u00a0\u00a0\u00a0\u00a0\u00a0\u00a0\u00a0\u00a0\u00a0\u00a0<\/strong><\/span><\/p>\n<p><span style=\"color: #464646\"><strong>T\u00edtulo:\u00a0<\/strong><a style=\"color: #464646\" href=\"https:\/\/wp.ufpel.edu.br\/ppgveterinaria\/files\/2018\/10\/Jenniffer-Hauschildt-Dias.pdf\" target=\"_blank\" rel=\"noopener noreferrer\">Viabilidade do uso de associa\u00e7\u00e3o gonadotr\u00f3pica para indu\u00e7\u00e3o de ciclicidade em ovelhas fora da esta\u00e7\u00e3o reprodutiva<\/a><\/span><\/p>\n<p><span style=\"color: #464646\"><strong>Orientador:<\/strong>\u00a0Carine Dahl Corcini<\/span><\/p>\n<p><span style=\"color: #464646\"><strong>Data da Defesa:\u00a0<\/strong>22\/02\/2018<\/span><\/p>\n<p><span style=\"color: #464646\">__________________________________________________________________________<\/span><\/p>\n<p><span style=\"color: #464646\"><strong>Jorge Squeff Filho\u00a0\u00a0\u00a0\u00a0\u00a0\u00a0<\/strong><\/span><\/p>\n<p><span style=\"color: #464646\"><strong>T\u00edtulo:\u00a0<\/strong><a style=\"color: #464646\" href=\"https:\/\/wp.ufpel.edu.br\/ppgveterinaria\/files\/2018\/05\/Jorge-Squeff-Filho.pdf\" target=\"_blank\" rel=\"noopener noreferrer\">Adi\u00e7\u00e3o de quercetina e progesterona ao s\u00eamen equino<\/a><\/span><\/p>\n<p><span style=\"color: #464646\"><strong>Orientador:<\/strong>\u00a0Antonio Sergio Varela Junior<\/span><\/p>\n<p><span style=\"color: #464646\"><strong>Data da Defesa:\u00a0<\/strong>26\/02\/2018<\/span><\/p>\n<p><span style=\"color: #464646\">__________________________________________________________________________<\/span><\/p>\n<p><span style=\"color: #464646\"><strong>Maria Eduarda Bicca Dode\u00a0\u00a0\u00a0\u00a0\u00a0\u00a0\u00a0\u00a0\u00a0\u00a0\u00a0<\/strong><\/span><\/p>\n<p><span style=\"color: #464646\"><strong>T\u00edtulo:\u00a0<\/strong><a style=\"color: #464646\" href=\"https:\/\/wp.ufpel.edu.br\/ppgveterinaria\/files\/2019\/09\/Maria-Eduarda-Bicca-Dode.pdf\" target=\"_blank\" rel=\"noopener noreferrer\">Efeito da adi\u00e7\u00e3o de serina no diluente de resfriamento nos par\u00e2metros de\u00a0cin\u00e9tica esperm\u00e1tica de caninos<\/a><\/span><\/p>\n<p><span style=\"color: #464646\"><strong>Orientador:<\/strong>\u00a0Antonio Sergio Varela Junior<\/span><\/p>\n<p><span style=\"color: #464646\"><strong>Data da Defesa:\u00a0<\/strong>27\/02\/2018<\/span><\/p>\n<p><span style=\"color: #464646\">__________________________________________________________________________<\/span><\/p>\n<p><span style=\"color: #464646\"><strong>Matheus Gomes Lopes\u00a0\u00a0\u00a0\u00a0\u00a0\u00a0\u00a0\u00a0\u00a0\u00a0\u00a0<\/strong><\/span><\/p>\n<p><span style=\"color: #464646\"><strong>T\u00edtulo:\u00a0<\/strong><a style=\"color: #464646\" href=\"https:\/\/wp.ufpel.edu.br\/ppgveterinaria\/files\/2018\/05\/Matheus-Gomes-Lopes.pdf\" target=\"_blank\" rel=\"noopener noreferrer\">Resposta imune humoral e desempenho produtivo em novilhas de corte suplementadas com sal mineral e metionina protegida da degrada\u00e7\u00e3o ruminal<\/a><\/span><\/p>\n<p><span style=\"color: #464646\"><strong>Orientador:<\/strong>\u00a0Geferson Fischer<\/span><\/p>\n<p><span style=\"color: #464646\"><strong>Data da Defesa:\u00a0<\/strong>22\/02\/2018<\/span><\/p>\n<p><span style=\"color: #464646\">__________________________________________________________________________<\/span><\/p>\n<p><span style=\"color: #464646\"><strong>Norton Luis Souza Gatti\u00a0\u00a0\u00a0\u00a0\u00a0\u00a0<\/strong><\/span><\/p>\n<p><span style=\"color: #464646\"><strong>T\u00edtulo:\u00a0<\/strong><a style=\"color: #464646\" href=\"https:\/\/wp.ufpel.edu.br\/ppgveterinaria\/files\/2019\/08\/Norton-Luis-Souza-Gatti.pdf\" target=\"_blank\" rel=\"noopener noreferrer\">Dimetilformamida na criopreserva\u00e7\u00e3o seminal de galos<\/a><\/span><\/p>\n<p><span style=\"color: #464646\"><strong>Orientador:<\/strong>\u00a0Antonio Sergio Varela Junior<\/span><\/p>\n<p><span style=\"color: #464646\"><strong>Data da Defesa:\u00a0<\/strong>27\/02\/2018<\/span><\/p>\n<p><span style=\"color: #464646\">__________________________________________________________________________<\/span><\/p>\n<p><span style=\"color: #464646\"><strong>Thiago Simon Pes\u00a0\u00a0\u00a0\u00a0\u00a0\u00a0\u00a0\u00a0\u00a0\u00a0\u00a0<\/strong><\/span><\/p>\n<p><span style=\"color: #464646\"><strong>T\u00edtulo:\u00a0<\/strong><a style=\"color: #464646\" href=\"https:\/\/wp.ufpel.edu.br\/ppgveterinaria\/files\/2019\/03\/Thiago-Simon-Pes.pdf\" target=\"_blank\" rel=\"noopener noreferrer\">Avalia\u00e7\u00e3o do bem estar de equinos, submetidos a confinamento em feira equestre, atrav\u00e9s da utiliza\u00e7\u00e3o de etograma<\/a><\/span><\/p>\n<p><span style=\"color: #464646\"><strong>Orientador:<\/strong>\u00a0Carlos Eduardo Wayne Nogueira<\/span><\/p>\n<p><span style=\"color: #464646\"><strong>Data da Defesa:\u00a0<\/strong>07\/02\/2018<\/span><\/p>\n<p><span style=\"color: #464646\">__________________________________________________________________________<\/span><\/p>\n<p><span style=\"color: #464646\"><strong>Vit\u00f3ria Gasperin Guazzelli Costa\u00a0\u00a0\u00a0\u00a0\u00a0\u00a0<\/strong><\/span><\/p>\n<p><span style=\"color: #464646\"><strong>T\u00edtulo:\u00a0<\/strong><a style=\"color: #464646\" href=\"https:\/\/wp.ufpel.edu.br\/ppgveterinaria\/files\/2018\/10\/Vit\u00f3ria-Gasperin-Guazzelli-Costa.pdf\" target=\"_blank\" rel=\"noopener noreferrer\">Marcadores inflamat\u00f3rios e de estresse em ovinos submetidos a diferentes manejos reprodutivos<\/a><\/span><\/p>\n<p><span style=\"color: #464646\"><strong>Orientador:<\/strong>\u00a0Bernardo Garziera Gasperin<\/span><\/p>\n<p><span style=\"color: #464646\"><strong>Data da Defesa:\u00a0<\/strong>23\/02\/2018<\/span><\/p>\n<p><span style=\"color: #464646\">__________________________________________________________________________<\/span><\/p>\n<p><span style=\"color: #464646\"><strong>Vit\u00f3ria M\u00fcller\u00a0\u00a0\u00a0\u00a0\u00a0\u00a0\u00a0\u00a0\u00a0\u00a0\u00a0<\/strong><\/span><\/p>\n<p><span style=\"color: #464646\"><strong>T\u00edtulo:\u00a0<\/strong><a style=\"color: #464646\" href=\"https:\/\/wp.ufpel.edu.br\/ppgveterinaria\/files\/2019\/03\/Vit\u00f3ria-M\u00fcller.pdf\" target=\"_blank\" rel=\"noopener noreferrer\">Fun\u00e7\u00e3o tireoidiana em potros nascidos de \u00e9guas com placentite ascendente induzida experimentalmente<\/a><\/span><\/p>\n<p><span style=\"color: #464646\"><strong>Orientador:<\/strong>\u00a0Carlos Eduardo Wayne Nogueira<\/span><\/p>\n<p><span style=\"color: #464646\"><strong>Data da Defesa:\u00a0<\/strong>26\/02\/2018<\/span><\/p>\n<p><span style=\"color: #464646\">__________________________________________________________________________<\/span><\/p>\n","protected":false},"excerpt":{"rendered":"<p>&nbsp; Disserta\u00e7\u00f5es 2018 &nbsp; __________________________________________________________________________ Bruna Mion\u00a0\u00a0\u00a0\u00a0\u00a0\u00a0\u00a0\u00a0\u00a0\u00a0\u00a0 T\u00edtulo:\u00a0Rela\u00e7\u00e3o entre o di\u00e2metro folicular, momento da ovula\u00e7\u00e3o e taxa de prenhez de bovinos submetidos a protocolo de IATF convencional ou em blocos Orientador:\u00a0Augusto Schneider Data da Defesa:\u00a023\/02\/2018 __________________________________________________________________________ Ceres Cristina Tempel Nakasu\u00a0\u00a0\u00a0\u00a0\u00a0\u00a0 T\u00edtulo:\u00a0Esporotricose: aspectos cl\u00ednicos e terap\u00eauticos, correla\u00e7\u00e3o com\u00a0retroviroses e susceptibilidade a compostos qu\u00edmicos Orientador:\u00a0Marlete Brum Cleff [&hellip;]<\/p>\n","protected":false},"author":391,"featured_media":0,"parent":152,"menu_order":-4,"comment_status":"closed","ping_status":"closed","template":"","meta":{"footnotes":""},"class_list":["post-3491","page","type-page","status-publish","hentry"],"_links":{"self":[{"href":"https:\/\/wp.ufpel.edu.br\/ppgveterinaria\/wp-json\/wp\/v2\/pages\/3491","targetHints":{"allow":["GET"]}}],"collection":[{"href":"https:\/\/wp.ufpel.edu.br\/ppgveterinaria\/wp-json\/wp\/v2\/pages"}],"about":[{"href":"https:\/\/wp.ufpel.edu.br\/ppgveterinaria\/wp-json\/wp\/v2\/types\/page"}],"author":[{"embeddable":true,"href":"https:\/\/wp.ufpel.edu.br\/ppgveterinaria\/wp-json\/wp\/v2\/users\/391"}],"replies":[{"embeddable":true,"href":"https:\/\/wp.ufpel.edu.br\/ppgveterinaria\/wp-json\/wp\/v2\/comments?post=3491"}],"version-history":[{"count":12,"href":"https:\/\/wp.ufpel.edu.br\/ppgveterinaria\/wp-json\/wp\/v2\/pages\/3491\/revisions"}],"predecessor-version":[{"id":4761,"href":"https:\/\/wp.ufpel.edu.br\/ppgveterinaria\/wp-json\/wp\/v2\/pages\/3491\/revisions\/4761"}],"up":[{"embeddable":true,"href":"https:\/\/wp.ufpel.edu.br\/ppgveterinaria\/wp-json\/wp\/v2\/pages\/152"}],"wp:attachment":[{"href":"https:\/\/wp.ufpel.edu.br\/ppgveterinaria\/wp-json\/wp\/v2\/media?parent=3491"}],"curies":[{"name":"wp","href":"https:\/\/api.w.org\/{rel}","templated":true}]}}